{"id":2915,"date":"2023-08-23T16:20:49","date_gmt":"2023-08-23T14:20:49","guid":{"rendered":"https:\/\/miritglas.com\/det-gamle-arkivet\/"},"modified":"2023-09-19T08:10:33","modified_gmt":"2023-09-19T06:10:33","slug":"det-gamle-arkivet","status":"publish","type":"page","link":"https:\/\/miritglas.com\/no\/det-gamle-arkivet\/","title":{"rendered":"Det gamle arkivet"},"content":{"rendered":"\t\t<div data-elementor-type=\"wp-page\" data-elementor-id=\"2915\" class=\"elementor elementor-2915 elementor-1340\" data-elementor-post-type=\"page\">\n\t\t\t\t<div class=\"elementor-element elementor-element-158e4cd e-flex e-con-boxed e-con e-parent\" data-id=\"158e4cd\" data-element_type=\"container\" data-e-type=\"container\">\n\t\t\t\t\t<div class=\"e-con-inner\">\n\t\t<div class=\"elementor-element elementor-element-2de5a10 e-flex e-con-boxed e-con e-parent\" data-id=\"2de5a10\" data-element_type=\"container\" data-e-type=\"container\">\n\t\t\t\t\t<div class=\"e-con-inner\">\n\t\t\t\t<div class=\"elementor-element elementor-element-42525ef elementor-widget elementor-widget-text-editor\" data-id=\"42525ef\" data-element_type=\"widget\" data-e-type=\"widget\" data-widget_type=\"text-editor.default\">\n\t\t\t\t<div class=\"elementor-widget-container\">\n\t\t\t\t\t\t\t\t\t<h2>V\u00e5r historie<\/h2>\n<p>Her, i det gamle arkivet v\u00e5rt, kan du lese om historien bak Mirit Glas. Klikk p\u00e5 bildene for \u00e5 vise de gamle tidsskriftene.<\/p>\n<p>Mirit Glas er fortsatt en av Nordens ledende glassprodusenter, og hvis du er interessert i \u00e5 vite mer om hvordan vi kan skreddersy l\u00f8sninger for deg, er du mer enn velkommen til \u00e5 kontakte oss.<\/p>\n\t\t\t\t\t\t\t\t<\/div>\n\t\t\t\t<\/div>\n\t\t\t\t<div class=\"elementor-element elementor-element-7950e1c elementor-widget elementor-widget-button\" data-id=\"7950e1c\" data-element_type=\"widget\" data-e-type=\"widget\" data-widget_type=\"button.default\">\n\t\t\t\t<div class=\"elementor-widget-container\">\n\t\t\t\t\t\t\t\t\t<div class=\"elementor-button-wrapper\">\n\t\t\t\t\t<a class=\"elementor-button elementor-button-link elementor-size-md\" href=\"https:\/\/miritglas.com\/no\/kontakt-oss\/\">\n\t\t\t\t\t\t<span class=\"elementor-button-content-wrapper\">\n\t\t\t\t\t\t\t\t\t<span class=\"elementor-button-text\">Kontakt oss i dag<\/span>\n\t\t\t\t\t<\/span>\n\t\t\t\t\t<\/a>\n\t\t\t\t<\/div>\n\t\t\t\t\t\t\t\t<\/div>\n\t\t\t\t<\/div>\n\t\t\t\t\t<\/div>\n\t\t\t\t<\/div>\n\t\t\t\t\t<\/div>\n\t\t\t\t<\/div>\n\t\t<div class=\"elementor-element elementor-element-681e277 e-flex e-con-boxed e-con e-parent\" data-id=\"681e277\" data-element_type=\"container\" data-e-type=\"container\" data-settings=\"{&quot;background_background&quot;:&quot;classic&quot;}\">\n\t\t\t\t\t<div class=\"e-con-inner\">\n\t\t<div class=\"elementor-element elementor-element-4093190 e-con-full e-flex e-con e-parent\" data-id=\"4093190\" data-element_type=\"container\" data-e-type=\"container\">\n\t\t\t\t<div class=\"elementor-element elementor-element-d7b272a elementor-widget elementor-widget-text-editor\" data-id=\"d7b272a\" data-element_type=\"widget\" data-e-type=\"widget\" data-widget_type=\"text-editor.default\">\n\t\t\t\t<div class=\"elementor-widget-container\">\n\t\t\t\t\t\t\t\t\t<h3><strong>I MIRIT-prosessen utsettes glasset for sv\u00e6rt kraftige p\u00e5virkninger<\/strong><\/h3>\r\nF\u00f8rst oppvarming til n\u00e6r glassets kritiske temperatur og deretter trykkluftavkj\u00f8ling som \u201dlynfryser\u201d glasset.\r\n\r\nDermed \u201dgjennomveves\u201d glasset av en rekke sterke spenninger \u2013 det blir forspent \u2013 noe som \u00f8ker glassets bruddstyrke med 3-10 ganger det opprinnelige. At glasset har gjennomg\u00e5tt MIRIT-prosessen kan kontrolleres ved \u00e5 se p\u00e5 det i polarisert lys, slik at spenningsnettet blir synlig \u2026\t\t\t\t\t\t\t\t<\/div>\n\t\t\t\t<\/div>\n\t\t\t\t<\/div>\n\t\t<div class=\"elementor-element elementor-element-ad694ab e-con-full e-flex e-con e-parent\" data-id=\"ad694ab\" data-element_type=\"container\" data-e-type=\"container\">\n\t\t\t\t<div class=\"elementor-element elementor-element-2aada4b elementor-widget elementor-widget-image\" data-id=\"2aada4b\" data-element_type=\"widget\" data-e-type=\"widget\" data-widget_type=\"image.default\">\n\t\t\t\t<div class=\"elementor-widget-container\">\n\t\t\t\t\t\t\t\t\t\t\t\t\t\t\t\t<a href=\"https:\/\/miritglas.com\/wp-content\/uploads\/2023\/08\/brochure-Mirit.pdf\">\n\t\t\t\t\t\t\t<img fetchpriority=\"high\" decoding=\"async\" width=\"210\" height=\"300\" src=\"https:\/\/miritglas.com\/wp-content\/uploads\/2023\/08\/arkiv-1-210x300.jpg\" class=\"attachment-medium size-medium wp-image-1353\" alt=\"\" srcset=\"https:\/\/miritglas.com\/wp-content\/uploads\/2023\/08\/arkiv-1-210x300.jpg 210w, https:\/\/miritglas.com\/wp-content\/uploads\/2023\/08\/arkiv-1.jpg 717w\" sizes=\"(max-width: 210px) 100vw, 210px\" title=\"\">\t\t\t\t\t\t\t\t<\/a>\n\t\t\t\t\t\t\t\t\t\t\t\t\t\t\t<\/div>\n\t\t\t\t<\/div>\n\t\t\t\t<\/div>\n\t\t\t\t\t<\/div>\n\t\t\t\t<\/div>\n\t\t<div class=\"elementor-element elementor-element-8711f66 e-flex e-con-boxed e-con e-parent\" data-id=\"8711f66\" data-element_type=\"container\" data-e-type=\"container\">\n\t\t\t\t\t<div class=\"e-con-inner\">\n\t\t<div class=\"elementor-element elementor-element-b65aa59 e-con-full e-flex e-con e-parent\" data-id=\"b65aa59\" data-element_type=\"container\" data-e-type=\"container\">\n\t\t\t\t<div class=\"elementor-element elementor-element-64d394a elementor-widget elementor-widget-text-editor\" data-id=\"64d394a\" data-element_type=\"widget\" data-e-type=\"widget\" data-widget_type=\"text-editor.default\">\n\t\t\t\t<div class=\"elementor-widget-container\">\n\t\t\t\t\t\t\t\t\t<h3><strong>Danmarks f\u00f8rste glassherderi<\/strong><\/h3>\n<p>Bes\u00f8k p\u00e5 en liten industribedrift som kan st\u00e5 som et flott symbol p\u00e5 \u00f8nskene for dansk industri og dens menn i 1955. Hvordan vanlig glass omdannes og herdes ved hjelp av elektrisk varme og kald luft\u2026<\/p>\n\t\t\t\t\t\t\t\t<\/div>\n\t\t\t\t<\/div>\n\t\t\t\t<\/div>\n\t\t<div class=\"elementor-element elementor-element-b251e8c e-con-full e-flex e-con e-parent\" data-id=\"b251e8c\" data-element_type=\"container\" data-e-type=\"container\">\n\t\t\t\t<div class=\"elementor-element elementor-element-857284a elementor-widget elementor-widget-image\" data-id=\"857284a\" data-element_type=\"widget\" data-e-type=\"widget\" data-widget_type=\"image.default\">\n\t\t\t\t<div class=\"elementor-widget-container\">\n\t\t\t\t\t\t\t\t\t\t\t\t\t\t\t\t<a href=\"https:\/\/miritglas.com\/wp-content\/uploads\/2023\/08\/2_Dansk_Teknisk_Tidsskrift_1955-1.pdf\">\n\t\t\t\t\t\t\t<img decoding=\"async\" width=\"210\" height=\"300\" src=\"https:\/\/miritglas.com\/wp-content\/uploads\/2023\/08\/arkiv-2-210x300.jpg\" class=\"attachment-medium size-medium wp-image-1360\" alt=\"\" srcset=\"https:\/\/miritglas.com\/wp-content\/uploads\/2023\/08\/arkiv-2-210x300.jpg 210w, https:\/\/miritglas.com\/wp-content\/uploads\/2023\/08\/arkiv-2.jpg 717w\" sizes=\"(max-width: 210px) 100vw, 210px\" title=\"\">\t\t\t\t\t\t\t\t<\/a>\n\t\t\t\t\t\t\t\t\t\t\t\t\t\t\t<\/div>\n\t\t\t\t<\/div>\n\t\t\t\t<\/div>\n\t\t\t\t\t<\/div>\n\t\t\t\t<\/div>\n\t\t<div class=\"elementor-element elementor-element-da2a4f3 e-flex e-con-boxed e-con e-parent\" data-id=\"da2a4f3\" data-element_type=\"container\" data-e-type=\"container\" data-settings=\"{&quot;background_background&quot;:&quot;classic&quot;}\">\n\t\t\t\t\t<div class=\"e-con-inner\">\n\t\t<div class=\"elementor-element elementor-element-20ca59a e-con-full e-flex e-con e-parent\" data-id=\"20ca59a\" data-element_type=\"container\" data-e-type=\"container\">\n\t\t\t\t<div class=\"elementor-element elementor-element-e1c42be elementor-widget elementor-widget-text-editor\" data-id=\"e1c42be\" data-element_type=\"widget\" data-e-type=\"widget\" data-widget_type=\"text-editor.default\">\n\t\t\t\t<div class=\"elementor-widget-container\">\n\t\t\t\t\t\t\t\t\t<h3><strong>MIRIT GLAS<\/strong><\/h3>\n<p>I v\u00e5rt fagblad for september 1955 nevnes Danmarks f\u00f8rste glassherderi, som under beskjedne forhold er etablert i H\u00e5ndv\u00e6rkerbyen i Valby av siv.ing. Annard Michelsen. N\u00e5r fabrikken omtales neste gang, er det fordi den etter flytting til egne lokaler i Herlev ett \u00e5r tidligere, har \u00f8kt kapasiteten betydelig\u2026<\/p>\n\t\t\t\t\t\t\t\t<\/div>\n\t\t\t\t<\/div>\n\t\t\t\t<\/div>\n\t\t<div class=\"elementor-element elementor-element-5ffd533 e-con-full e-flex e-con e-parent\" data-id=\"5ffd533\" data-element_type=\"container\" data-e-type=\"container\">\n\t\t\t\t<div class=\"elementor-element elementor-element-f3908a9 elementor-widget elementor-widget-image\" data-id=\"f3908a9\" data-element_type=\"widget\" data-e-type=\"widget\" data-widget_type=\"image.default\">\n\t\t\t\t<div class=\"elementor-widget-container\">\n\t\t\t\t\t\t\t\t\t\t\t\t\t\t\t\t<a href=\"https:\/\/miritglas.com\/wp-content\/uploads\/2023\/08\/2_Glarmestersvenden_1958-1.pdf\">\n\t\t\t\t\t\t\t<img decoding=\"async\" width=\"210\" height=\"300\" src=\"https:\/\/miritglas.com\/wp-content\/uploads\/2023\/08\/arkiv-3-210x300.jpg\" class=\"attachment-medium size-medium wp-image-1364\" alt=\"\" srcset=\"https:\/\/miritglas.com\/wp-content\/uploads\/2023\/08\/arkiv-3-210x300.jpg 210w, https:\/\/miritglas.com\/wp-content\/uploads\/2023\/08\/arkiv-3.jpg 717w\" sizes=\"(max-width: 210px) 100vw, 210px\" title=\"\">\t\t\t\t\t\t\t\t<\/a>\n\t\t\t\t\t\t\t\t\t\t\t\t\t\t\t<\/div>\n\t\t\t\t<\/div>\n\t\t\t\t<\/div>\n\t\t\t\t\t<\/div>\n\t\t\t\t<\/div>\n\t\t\t\t<\/div>\n\t\t","protected":false},"excerpt":{"rendered":"<p>V\u00e5r historie Her, i det gamle arkivet v\u00e5rt, kan du lese om historien bak Mirit Glas. Klikk p\u00e5 bildene for \u00e5 vise de gamle tidsskriftene. Mirit Glas er fortsatt en av Nordens ledende glassprodusenter, og hvis du er interessert i \u00e5 vite mer om hvordan vi kan skreddersy l\u00f8sninger for deg, er du mer enn [&hellip;]<\/p>\n","protected":false},"author":1,"featured_media":0,"parent":0,"menu_order":0,"comment_status":"closed","ping_status":"closed","template":"","meta":{"_acf_changed":false,"footnotes":""},"class_list":["post-2915","page","type-page","status-publish","hentry"],"acf":[],"_links":{"self":[{"href":"https:\/\/miritglas.com\/no\/wp-json\/wp\/v2\/pages\/2915","targetHints":{"allow":["GET"]}}],"collection":[{"href":"https:\/\/miritglas.com\/no\/wp-json\/wp\/v2\/pages"}],"about":[{"href":"https:\/\/miritglas.com\/no\/wp-json\/wp\/v2\/types\/page"}],"author":[{"embeddable":true,"href":"https:\/\/miritglas.com\/no\/wp-json\/wp\/v2\/users\/1"}],"replies":[{"embeddable":true,"href":"https:\/\/miritglas.com\/no\/wp-json\/wp\/v2\/comments?post=2915"}],"version-history":[{"count":4,"href":"https:\/\/miritglas.com\/no\/wp-json\/wp\/v2\/pages\/2915\/revisions"}],"predecessor-version":[{"id":3348,"href":"https:\/\/miritglas.com\/no\/wp-json\/wp\/v2\/pages\/2915\/revisions\/3348"}],"wp:attachment":[{"href":"https:\/\/miritglas.com\/no\/wp-json\/wp\/v2\/media?parent=2915"}],"curies":[{"name":"wp","href":"https:\/\/api.w.org\/{rel}","templated":true}]}}