{"id":2911,"date":"2023-08-22T16:41:42","date_gmt":"2023-08-22T14:41:42","guid":{"rendered":"https:\/\/miritglas.com\/iso-9001-sertifisering\/"},"modified":"2024-02-20T10:18:13","modified_gmt":"2024-02-20T09:18:13","slug":"iso-9001-sertifisering","status":"publish","type":"page","link":"https:\/\/miritglas.com\/no\/iso-9001-sertifisering\/","title":{"rendered":"ISO 9001-sertifisering"},"content":{"rendered":"\t\t<div data-elementor-type=\"wp-page\" data-elementor-id=\"2911\" class=\"elementor elementor-2911 elementor-990\" data-elementor-post-type=\"page\">\n\t\t\t\t<div class=\"elementor-element elementor-element-3dd3e960 e-flex e-con-boxed e-con e-parent\" data-id=\"3dd3e960\" data-element_type=\"container\" data-e-type=\"container\">\n\t\t\t\t\t<div class=\"e-con-inner\">\n\t\t<div class=\"elementor-element elementor-element-5318f1fa e-con-full e-flex e-con e-child\" data-id=\"5318f1fa\" data-element_type=\"container\" data-e-type=\"container\">\n\t\t\t\t<div class=\"elementor-element elementor-element-397027eb elementor-widget elementor-widget-text-editor\" data-id=\"397027eb\" data-element_type=\"widget\" data-e-type=\"widget\" data-widget_type=\"text-editor.default\">\n\t\t\t\t<div class=\"elementor-widget-container\">\n\t\t\t\t\t\t\t\t\t<h2>Mirit Glas er ISO 9001:2015-sertifisert<\/h2>\n<p><strong>Vi lever opp til n\u00e5tidens standarder, vi kan levere de riktige glassene som gj\u00f8r kundene v\u00e5re konkurransedyktige.<\/strong><\/p>\n<p>Dagens moderne verden krever fokus p\u00e5 kvalitet og kvalitetsstyring. Derfor har Mirit Glas tatt skrittet til \u00e5 bli ISO 9001:2015-sertifisert.<\/p>\n<p>Kundene v\u00e5re \u00f8nsker l\u00f8sninger som er spesielt tilpasset deres behov, og her kan Mirit Glas gj\u00f8re en forskjell.<\/p>\n<p>N\u00e5r konsulentene v\u00e5re snakker med kundene, opplever de ofte at kundene har behov for spesialglass. Vi s\u00f8rger da for \u00e5 avklare n\u00f8yaktig i hvilke situasjoner glasset skal brukes. M\u00e5 glasset kunne t\u00e5le store temperaturforskjeller? M\u00e5 det kunne t\u00e5le sterke kjemikalier? Skal det b\u00f8yes eller skj\u00e6rers til i en spesiell fasong?<\/p>\n<p>N\u00e5r en bestilling er sv\u00e6rt forskjellig fra en annen, er det sv\u00e6rt viktig \u00e5 fokusere p\u00e5 kvalitetsstyring. Det hjelper v\u00e5r ISO-sertifisering oss \u00e5 gj\u00f8re.<\/p>\n\t\t\t\t\t\t\t\t<\/div>\n\t\t\t\t<\/div>\n\t\t\t\t<div class=\"elementor-element elementor-element-4a8fc65 elementor-widget elementor-widget-text-editor\" data-id=\"4a8fc65\" data-element_type=\"widget\" data-e-type=\"widget\" data-widget_type=\"text-editor.default\">\n\t\t\t\t<div class=\"elementor-widget-container\">\n\t\t\t\t\t\t\t\t\t<h3>N\u00f8yaktige spesifikasjoner<\/h3>\n<p>F\u00f8rst og fremst fokuserer konsulentene v\u00e5re, i n\u00e6rt samarbeid med kunden, p\u00e5 \u00e5 avklare n\u00f8yaktig hva slags glass kunden har behov for \u2013 det vil si hvilke dimensjoner og egenskaper glasset skal ha. Mange ganger krever dette en grundig dialog, for et glass er ikke alltid bare er et glass. Noen ganger m\u00e5 et seglas samtidig v\u00e6re en varmerute for \u00e5 forhindre dugg. Andre glass krever n\u00f8yaktig bearbeiding for \u00e5 passe inn i kundens l\u00f8sning. Stadig flere glass m\u00e5 ogs\u00e5 leveres med et sertifikat som dokumenterer hva glasset kan t\u00e5le.<\/p>\n<p>Kvalitetssikringen v\u00e5r handler ogs\u00e5 om produksjonen. For n\u00e5r konsulentenes dialog med kundene er ferdig, tar produksjonen over for \u00e5 fremstille glasset. Det skal som oftest enten skj\u00e6res ut, <a href=\"https:\/\/miritglas.com\/no\/produkter\/herdet-glass\/\">herdes<\/a>, <a href=\"https:\/\/miritglas.com\/no\/produkter\/laminert-glass\/\">lamineres<\/a>, <a href=\"https:\/\/miritglas.com\/no\/produkter\/buet-glass\/\">b\u00f8yes<\/a> eller bearbeides p\u00e5 mer enn en m\u00e5te. I produksjonen arbeider vi med b\u00e5de store bestillinger hvor mange glass skal bearbeides helt likt, og med sm\u00e5 bestillinger hvor glass typisk skal bearbeides etter helt spesielle krav til form og holdbarhet.<\/p>\n\t\t\t\t\t\t\t\t<\/div>\n\t\t\t\t<\/div>\n\t\t\t\t<div class=\"elementor-element elementor-element-132d6c0 elementor-widget elementor-widget-image\" data-id=\"132d6c0\" data-element_type=\"widget\" data-e-type=\"widget\" data-widget_type=\"image.default\">\n\t\t\t\t<div class=\"elementor-widget-container\">\n\t\t\t\t\t\t\t\t\t\t\t\t\t\t\t<img fetchpriority=\"high\" decoding=\"async\" width=\"800\" height=\"450\" src=\"https:\/\/miritglas.com\/wp-content\/uploads\/2023\/08\/keld-ISO-web-1024x576.jpg\" class=\"attachment-large size-large wp-image-1015\" alt=\"\" srcset=\"https:\/\/miritglas.com\/wp-content\/uploads\/2023\/08\/keld-ISO-web-1024x576.jpg 1024w, https:\/\/miritglas.com\/wp-content\/uploads\/2023\/08\/keld-ISO-web-300x169.jpg 300w, https:\/\/miritglas.com\/wp-content\/uploads\/2023\/08\/keld-ISO-web-768x432.jpg 768w, https:\/\/miritglas.com\/wp-content\/uploads\/2023\/08\/keld-ISO-web-1536x864.jpg 1536w, https:\/\/miritglas.com\/wp-content\/uploads\/2023\/08\/keld-ISO-web-2048x1152.jpg 2048w\" sizes=\"(max-width: 800px) 100vw, 800px\" title=\"\">\t\t\t\t\t\t\t\t\t\t\t\t\t\t\t<\/div>\n\t\t\t\t<\/div>\n\t\t\t\t<div class=\"elementor-element elementor-element-052117f elementor-widget elementor-widget-text-editor\" data-id=\"052117f\" data-element_type=\"widget\" data-e-type=\"widget\" data-widget_type=\"text-editor.default\">\n\t\t\t\t<div class=\"elementor-widget-container\">\n\t\t\t\t\t\t\t\t\t<h3>Kvalitet p\u00e5 alle niv\u00e5er<\/h3>\n<p>Med ISO 9001:2015-sertifiseringen kan vi dokumentere \u2013 b\u00e5de overfor kundene og oss selv \u2013 at vi har kontroll over kvaliteten, b\u00e5de i produksjon og salg. Sertifiseringen viser at vi har kontroll over v\u00e5re prosesser og rutiner, og at vi kan levere glass i den kvaliteten kundene v\u00e5re \u00f8nsker. Uansett om det er behov for glass som er kjemisk herdet, granet, b\u00f8yet eller laminert, har vi kvalitetssikret prosessene v\u00e5re slik at vi kan levere glass til v\u00e5re kunder, som i likhet med oss operer i en moderne verden hvor vi m\u00e5 v\u00e6re smidige og tilpasse produksjonen etter aktuelle behov.<\/p>\n\t\t\t\t\t\t\t\t<\/div>\n\t\t\t\t<\/div>\n\t\t\t\t<div class=\"elementor-element elementor-element-431481d9 elementor-widget elementor-widget-button\" data-id=\"431481d9\" data-element_type=\"widget\" data-e-type=\"widget\" data-widget_type=\"button.default\">\n\t\t\t\t<div class=\"elementor-widget-container\">\n\t\t\t\t\t\t\t\t\t<div class=\"elementor-button-wrapper\">\n\t\t\t\t\t<a class=\"elementor-button elementor-button-link elementor-size-md\" href=\"https:\/\/miritglas.com\/no\/kontakt-oss\/\">\n\t\t\t\t\t\t<span class=\"elementor-button-content-wrapper\">\n\t\t\t\t\t\t\t\t\t<span class=\"elementor-button-text\">Kontakt oss i dag<\/span>\n\t\t\t\t\t<\/span>\n\t\t\t\t\t<\/a>\n\t\t\t\t<\/div>\n\t\t\t\t\t\t\t\t<\/div>\n\t\t\t\t<\/div>\n\t\t\t\t<\/div>\n\t\t<div class=\"elementor-element elementor-element-228a44f8 e-con-full e-flex e-con e-child\" data-id=\"228a44f8\" data-element_type=\"container\" data-e-type=\"container\">\n\t\t\t\t<div class=\"elementor-element elementor-element-3a6727de elementor-absolute elementor-widget elementor-widget-global elementor-global-634 elementor-widget-image\" data-id=\"3a6727de\" data-element_type=\"widget\" data-e-type=\"widget\" data-settings=\"{&quot;_position&quot;:&quot;absolute&quot;}\" data-widget_type=\"image.default\">\n\t\t\t\t<div class=\"elementor-widget-container\">\n\t\t\t\t\t\t\t\t\t\t\t\t\t\t\t<img decoding=\"async\" width=\"230\" height=\"230\" src=\"https:\/\/miritglas.com\/wp-content\/uploads\/2023\/08\/logo-icon.png\" class=\"attachment-medium size-medium wp-image-168\" alt=\"Mirit glas logo.\" srcset=\"https:\/\/miritglas.com\/wp-content\/uploads\/2023\/08\/logo-icon.png 230w, https:\/\/miritglas.com\/wp-content\/uploads\/2023\/08\/logo-icon-150x150.png 150w\" sizes=\"(max-width: 230px) 100vw, 230px\" title=\"\">\t\t\t\t\t\t\t\t\t\t\t\t\t\t\t<\/div>\n\t\t\t\t<\/div>\n\t\t\t\t<div class=\"elementor-element elementor-element-63d7eef elementor-widget elementor-widget-image\" data-id=\"63d7eef\" data-element_type=\"widget\" data-e-type=\"widget\" data-widget_type=\"image.default\">\n\t\t\t\t<div class=\"elementor-widget-container\">\n\t\t\t\t\t\t\t\t\t\t\t\t\t\t\t<img decoding=\"async\" width=\"768\" height=\"576\" src=\"https:\/\/miritglas.com\/wp-content\/uploads\/2023\/08\/miriam-jens-iso-certicifikat-768x576.jpeg\" class=\"attachment-medium_large size-medium_large wp-image-1000\" alt=\"\" srcset=\"https:\/\/miritglas.com\/wp-content\/uploads\/2023\/08\/miriam-jens-iso-certicifikat-768x576.jpeg 768w, https:\/\/miritglas.com\/wp-content\/uploads\/2023\/08\/miriam-jens-iso-certicifikat-300x225.jpeg 300w, https:\/\/miritglas.com\/wp-content\/uploads\/2023\/08\/miriam-jens-iso-certicifikat-1024x768.jpeg 1024w, https:\/\/miritglas.com\/wp-content\/uploads\/2023\/08\/miriam-jens-iso-certicifikat-1536x1152.jpeg 1536w, https:\/\/miritglas.com\/wp-content\/uploads\/2023\/08\/miriam-jens-iso-certicifikat.jpeg 2016w\" sizes=\"(max-width: 768px) 100vw, 768px\" title=\"\">\t\t\t\t\t\t\t\t\t\t\t\t\t\t\t<\/div>\n\t\t\t\t<\/div>\n\t\t<div class=\"elementor-element elementor-element-3ccc7952 e-flex e-con-boxed e-con e-child\" data-id=\"3ccc7952\" data-element_type=\"container\" data-e-type=\"container\" data-settings=\"{&quot;background_background&quot;:&quot;classic&quot;}\">\n\t\t\t\t\t<div class=\"e-con-inner\">\n\t\t\t\t<div class=\"elementor-element elementor-element-4d67d598 elementor-widget elementor-widget-text-editor\" data-id=\"4d67d598\" data-element_type=\"widget\" data-e-type=\"widget\" data-widget_type=\"text-editor.default\">\n\t\t\t\t<div class=\"elementor-widget-container\">\n\t\t\t\t\t\t\t\t\t<h4>Kundene v\u00e5re m\u00e5 kunne stole p\u00e5 oss<\/h4>\n<p>Direkt\u00f8r Jens Milbrat har sammen med teknisk assistent Miriam Hartmann jobbet hardt gjennom hele 2020 for \u00e5 f\u00e5 Mirit Glas ISO 9001:015-sertifisert. Fruktene av dette arbeidet skal komme kundene v\u00e5re til gode. ISO-sertifiseringen sikrer at vi fortsetter med \u00e5 forbedre rutinene og prosedyrene v\u00e5re slik at vi kan opprettholde leveringssikkerhet og kvalitet.<\/p>\n<p>\u201dSertifiseringen sikrer at vi kontinuerlig forbedrer oss. Vi har et \u00f8nske om \u00e5 v\u00e6re en p\u00e5litelig partner for v\u00e5re kunder. Vi m\u00e5 levere til avtalt tid og i avtalt kvalitet. Samtidig kan vi med v\u00e5r ISO-sertifisering n\u00e5 ogs\u00e5 levere til en rekke kunder som krever at leverand\u00f8rene deres er ISO-sertifiserte,\u201d forklarer direkt\u00f8r Jens Milbrat.<\/p>\n<p>Som spesialisert glassleverand\u00f8r til n\u00e6ringslivet, m\u00e5 Mirit kunne levere glassl\u00f8sningene som utgj\u00f8r en forskjell for kundene. Arbeidet med ISO-sertifiseringen betyr at Mirit Glas n\u00e5 har f\u00e5tt enda st\u00f8rre oversikt over produksjonen og kan arbeide enda mer rasjonelt i tiden fremover.<\/p>\n<p>Helt konkret handler det blant annet om \u00e5 validere den voksende maskinparken, slik at vi kan sikre at v\u00e5re CNC-styrte maskiner og roboter fortsetter \u00e5 kunne levere glassprodukter av ensartet h\u00f8y kvalitet. Sammen med oversikten over hele prosessen v\u00e5r fra salg til produksjon, gj\u00f8r dette oss til en p\u00e5litelig og stabil partner.<\/p>\n<p>Sertifiseringen er sammen med den nylige\u00a0<a href=\"https:\/\/miritglas.com\/no\/produkter\/godkjennelse-som-matkontaktmaterialer\/\">F\u00f8devare Kontakt Materiale (FKM)-godkjennelsen<\/a>, et ledd i v\u00e5r innsats for \u00e5 kunne levere produktene, dokumentasjonen og kvaliteten kundene krever.<\/p>\n\t\t\t\t\t\t\t\t<\/div>\n\t\t\t\t<\/div>\n\t\t\t\t<div class=\"elementor-element elementor-element-efa1a0b elementor-widget elementor-widget-image\" data-id=\"efa1a0b\" data-element_type=\"widget\" data-e-type=\"widget\" data-widget_type=\"image.default\">\n\t\t\t\t<div class=\"elementor-widget-container\">\n\t\t\t\t\t\t\t\t\t\t\t\t<figure class=\"wp-caption\">\n\t\t\t\t\t\t\t\t\t\t\t<a href=\"https:\/\/miritglas.com\/wp-content\/uploads\/2023\/12\/2023-Certificate-ISO-9001-ENG-Mirit-Glas-AS-2.jpg\" data-elementor-open-lightbox=\"yes\" data-e-action-hash=\"#elementor-action%3Aaction%3Dlightbox%26settings%3DeyJpZCI6NDE3NSwidXJsIjoiaHR0cHM6XC9cL21pcml0Z2xhcy5jb21cL3dwLWNvbnRlbnRcL3VwbG9hZHNcLzIwMjNcLzEyXC8yMDIzLUNlcnRpZmljYXRlLUlTTy05MDAxLUVORy1NaXJpdC1HbGFzLUFTLTIuanBnIn0%3D\">\n\t\t\t\t\t\t\t<img loading=\"lazy\" decoding=\"async\" width=\"212\" height=\"300\" src=\"https:\/\/miritglas.com\/wp-content\/uploads\/2023\/12\/2023-Certificate-ISO-9001-ENG-Mirit-Glas-AS-2-212x300.jpg\" class=\"attachment-medium size-medium wp-image-4175\" alt=\"Mirit Glas A\/S dansk ISO 9001-2015-certifikat\" srcset=\"https:\/\/miritglas.com\/wp-content\/uploads\/2023\/12\/2023-Certificate-ISO-9001-ENG-Mirit-Glas-AS-2-212x300.jpg 212w, https:\/\/miritglas.com\/wp-content\/uploads\/2023\/12\/2023-Certificate-ISO-9001-ENG-Mirit-Glas-AS-2-724x1024.jpg 724w, https:\/\/miritglas.com\/wp-content\/uploads\/2023\/12\/2023-Certificate-ISO-9001-ENG-Mirit-Glas-AS-2-768x1087.jpg 768w, https:\/\/miritglas.com\/wp-content\/uploads\/2023\/12\/2023-Certificate-ISO-9001-ENG-Mirit-Glas-AS-2-1085x1536.jpg 1085w, https:\/\/miritglas.com\/wp-content\/uploads\/2023\/12\/2023-Certificate-ISO-9001-ENG-Mirit-Glas-AS-2-1447x2048.jpg 1447w, https:\/\/miritglas.com\/wp-content\/uploads\/2023\/12\/2023-Certificate-ISO-9001-ENG-Mirit-Glas-AS-2.jpg 1809w\" sizes=\"(max-width: 212px) 100vw, 212px\" title=\"\">\t\t\t\t\t\t\t\t<\/a>\n\t\t\t\t\t\t\t\t\t\t\t<figcaption class=\"widget-image-caption wp-caption-text\">Klikk for st\u00f8rre bilde. <\/figcaption>\n\t\t\t\t\t\t\t\t\t\t<\/figure>\n\t\t\t\t\t\t\t\t\t<\/div>\n\t\t\t\t<\/div>\n\t\t\t\t\t<\/div>\n\t\t\t\t<\/div>\n\t\t\t\t<\/div>\n\t\t\t\t\t<\/div>\n\t\t\t\t<\/div>\n\t\t<div class=\"elementor-element elementor-element-2c59809e e-flex e-con-boxed e-con e-parent\" data-id=\"2c59809e\" data-element_type=\"container\" data-e-type=\"container\" data-settings=\"{&quot;background_background&quot;:&quot;classic&quot;}\">\n\t\t\t\t\t<div class=\"e-con-inner\">\n\t\t<div class=\"elementor-element elementor-element-3d001d75 e-flex e-con-boxed e-con e-child\" data-id=\"3d001d75\" data-element_type=\"container\" data-e-type=\"container\">\n\t\t\t\t\t<div class=\"e-con-inner\">\n\t\t\t\t<div class=\"elementor-element elementor-element-0bb14a5 elementor-widget elementor-widget-image\" data-id=\"0bb14a5\" data-element_type=\"widget\" data-e-type=\"widget\" data-widget_type=\"image.default\">\n\t\t\t\t<div class=\"elementor-widget-container\">\n\t\t\t\t\t\t\t\t\t\t\t\t\t\t\t<img loading=\"lazy\" decoding=\"async\" width=\"1536\" height=\"807\" src=\"https:\/\/miritglas.com\/wp-content\/uploads\/2023\/08\/mirit-iso-i-glas-1536x807.jpeg\" class=\"attachment-1536x1536 size-1536x1536 wp-image-1022\" alt=\"Mirit Glas er ISO 9001:2015-certificeret\" srcset=\"https:\/\/miritglas.com\/wp-content\/uploads\/2023\/08\/mirit-iso-i-glas-1536x807.jpeg 1536w, https:\/\/miritglas.com\/wp-content\/uploads\/2023\/08\/mirit-iso-i-glas-300x158.jpeg 300w, https:\/\/miritglas.com\/wp-content\/uploads\/2023\/08\/mirit-iso-i-glas-1024x538.jpeg 1024w, https:\/\/miritglas.com\/wp-content\/uploads\/2023\/08\/mirit-iso-i-glas-768x403.jpeg 768w, https:\/\/miritglas.com\/wp-content\/uploads\/2023\/08\/mirit-iso-i-glas-2048x1076.jpeg 2048w\" sizes=\"(max-width: 1536px) 100vw, 1536px\" title=\"\">\t\t\t\t\t\t\t\t\t\t\t\t\t\t\t<\/div>\n\t\t\t\t<\/div>\n\t\t\t\t<div class=\"elementor-element elementor-element-2fb8132b elementor-widget elementor-widget-text-editor\" data-id=\"2fb8132b\" data-element_type=\"widget\" data-e-type=\"widget\" data-widget_type=\"text-editor.default\">\n\t\t\t\t<div class=\"elementor-widget-container\">\n\t\t\t\t\t\t\t\t\t<h3>Hvordan forbedringene kommer kundene til gode<\/h3>\n<p>Som en allsidig og spesialisert leverand\u00f8r av glassl\u00f8sninger er ISO-sertifisering et naturlig steg for Mirit Glas. Den skal sikre at vi fortsatt leverer v\u00e5re kunder den beste kvaliteten \u2013 b\u00e5de n\u00e5r det gjelder bearbeiding, men ogs\u00e5 n\u00e5r det gjelder leveringshastighet og leveringssikkerhet.<\/p>\n<p>Sammen med sertifiseringsspesialisten Intertek har Mirit Glas kartlagt rutiner og prosedyrer for \u00e5 sikre at vi fortsatt kan ha fokus p\u00e5 kvalitet ved levering av glass til v\u00e5re kunder.<\/p>\n<p>I praksis betyr dette at vi fra f\u00f8rste dialog med kundene til de endelige glassene leveres, har oversikt over prosessen.<\/p>\n<p><strong>Vi h\u00e5ndterer standarder og hasteleveranser<\/strong><\/p>\n<p>N\u00e5r en kunde skal ha levert <a href=\"https:\/\/miritglas.com\/no\/produkter\/seglass\/\">seglas<\/a> som oppfyller en DIN-norm eller en ISO-standard, s\u00e5 er alle i hele kjeden vet hvordan en slik ordre m\u00e5 utf\u00f8res.<\/p>\n<p>Derfor har vi mulighet til \u00e5 gi hasteordre dersom uhellet er ute og en bedrift er tvunget til \u00e5 holde en produksjon stanset inntil de f\u00e5r et spesielt skueglass som er sentralt i produksjonen.<\/p>\n<p>Oversikten gj\u00f8r ogs\u00e5 at vi i produksjonen s\u00f8ml\u00f8st kan bytte fra \u00e5 lage <a href=\"https:\/\/miritglas.com\/no\/produkter\/seglass\/\">seglass<\/a> til \u00e5 levere<a href=\"https:\/\/miritglas.com\/no\/produkter\/sikkerhetsglass\/\"> sikkerhetsglass<\/a> til livb\u00e5ter eller en <a href=\"https:\/\/miritglas.com\/no\/produkter\/kjemisk-herdet-glass\/\">kjemisk herdet glass<\/a> som skal brukes til infostands eller andre digitale skiltingl\u00f8sninger hos v\u00e5re kunder.<\/p>\n<p>V\u00e5re konsulenter s\u00f8rger for at vi f\u00e5r de n\u00f8dvendige spesifikasjonene, og i produksjonen gj\u00f8r valideringen av v\u00e5rt maskineri, sammen med de etablerte rutinene, at vi rasjonelt kan produsere og levere glass til alle typer forretningsl\u00f8sninger.<\/p>\n\t\t\t\t\t\t\t\t<\/div>\n\t\t\t\t<\/div>\n\t\t\t\t\t<\/div>\n\t\t\t\t<\/div>\n\t\t\t\t\t<\/div>\n\t\t\t\t<\/div>\n\t\t\t\t<\/div>\n\t\t","protected":false},"excerpt":{"rendered":"<p>Mirit Glas er ISO 9001:2015-sertifisert Vi lever opp til n\u00e5tidens standarder, vi kan levere de riktige glassene som gj\u00f8r kundene v\u00e5re konkurransedyktige. Dagens moderne verden krever fokus p\u00e5 kvalitet og kvalitetsstyring. Derfor har Mirit Glas tatt skrittet til \u00e5 bli ISO 9001:2015-sertifisert. Kundene v\u00e5re \u00f8nsker l\u00f8sninger som er spesielt tilpasset deres behov, og her kan [&hellip;]<\/p>\n","protected":false},"author":1,"featured_media":1022,"parent":0,"menu_order":0,"comment_status":"closed","ping_status":"closed","template":"","meta":{"_acf_changed":false,"footnotes":""},"class_list":["post-2911","page","type-page","status-publish","has-post-thumbnail","hentry"],"acf":[],"_links":{"self":[{"href":"https:\/\/miritglas.com\/no\/wp-json\/wp\/v2\/pages\/2911","targetHints":{"allow":["GET"]}}],"collection":[{"href":"https:\/\/miritglas.com\/no\/wp-json\/wp\/v2\/pages"}],"about":[{"href":"https:\/\/miritglas.com\/no\/wp-json\/wp\/v2\/types\/page"}],"author":[{"embeddable":true,"href":"https:\/\/miritglas.com\/no\/wp-json\/wp\/v2\/users\/1"}],"replies":[{"embeddable":true,"href":"https:\/\/miritglas.com\/no\/wp-json\/wp\/v2\/comments?post=2911"}],"version-history":[{"count":9,"href":"https:\/\/miritglas.com\/no\/wp-json\/wp\/v2\/pages\/2911\/revisions"}],"predecessor-version":[{"id":4459,"href":"https:\/\/miritglas.com\/no\/wp-json\/wp\/v2\/pages\/2911\/revisions\/4459"}],"wp:featuredmedia":[{"embeddable":true,"href":"https:\/\/miritglas.com\/no\/wp-json\/wp\/v2\/media\/1022"}],"wp:attachment":[{"href":"https:\/\/miritglas.com\/no\/wp-json\/wp\/v2\/media?parent=2911"}],"curies":[{"name":"wp","href":"https:\/\/api.w.org\/{rel}","templated":true}]}}