{"id":2905,"date":"2023-08-22T16:31:23","date_gmt":"2023-08-22T14:31:23","guid":{"rendered":"https:\/\/miritglas.com\/hastende-levering\/"},"modified":"2023-09-19T14:36:07","modified_gmt":"2023-09-19T12:36:07","slug":"hastende-levering","status":"publish","type":"page","link":"https:\/\/miritglas.com\/no\/hastende-levering\/","title":{"rendered":"Hastende levering"},"content":{"rendered":"\t\t<div data-elementor-type=\"wp-page\" data-elementor-id=\"2905\" class=\"elementor elementor-2905 elementor-980\" data-elementor-post-type=\"page\">\n\t\t\t\t<div class=\"elementor-element elementor-element-31d985f2 e-flex e-con-boxed e-con e-parent\" data-id=\"31d985f2\" data-element_type=\"container\" data-e-type=\"container\">\n\t\t\t\t\t<div class=\"e-con-inner\">\n\t\t<div class=\"elementor-element elementor-element-2a5e2725 e-con-full e-flex e-con e-parent\" data-id=\"2a5e2725\" data-element_type=\"container\" data-e-type=\"container\">\n\t\t\t\t<div class=\"elementor-element elementor-element-6c4edc84 elementor-widget elementor-widget-text-editor\" data-id=\"6c4edc84\" data-element_type=\"widget\" data-e-type=\"widget\" data-widget_type=\"text-editor.default\">\n\t\t\t\t<div class=\"elementor-widget-container\">\n\t\t\t\t\t\t\t\t\t<h2>Hastende levering \u2013 n\u00e5r det skal g\u00e5 skikkelig kjapt<\/h2>\r\nVi opplever jevnlig at kundene v\u00e5re har et presserende behov for et spesielt glass \u2013 enten p\u00e5 grunn av sammenbrudd eller av andre grunner. Hos Mirit Glas er vi stolte av \u00e5 hjelpe v\u00e5re kunder, og kan derfor ogs\u00e5 tilby hastelevering hvis ett plutselig behov skulle oppst\u00e5 hos kundene v\u00e5re.\r\n\r\nP\u00e5 grunn av v\u00e5rt velassorterte r\u00e5varelager, mange \u00e5rs erfaring og v\u00e5rt fleksible produksjonsapparat, har vi mulighet for \u00e5 tilby hasteleveranser p\u00e5 mange typer oppgaver.\r\n\r\nDerfor har vi i mange \u00e5r v\u00e6rt en foretrukket leverand\u00f8r n\u00e5r det oppst\u00e5r ett akutt behov for en hastelevering.\t\t\t\t\t\t\t\t<\/div>\n\t\t\t\t<\/div>\n\t\t\t\t<div class=\"elementor-element elementor-element-1244bd94 elementor-widget elementor-widget-button\" data-id=\"1244bd94\" data-element_type=\"widget\" data-e-type=\"widget\" data-widget_type=\"button.default\">\n\t\t\t\t<div class=\"elementor-widget-container\">\n\t\t\t\t\t\t\t\t\t<div class=\"elementor-button-wrapper\">\n\t\t\t\t\t<a class=\"elementor-button elementor-button-link elementor-size-md\" href=\"https:\/\/miritglas.com\/no\/kontakt-oss\/\">\n\t\t\t\t\t\t<span class=\"elementor-button-content-wrapper\">\n\t\t\t\t\t\t\t\t\t<span class=\"elementor-button-text\">Kontakt oss i dag<\/span>\n\t\t\t\t\t<\/span>\n\t\t\t\t\t<\/a>\n\t\t\t\t<\/div>\n\t\t\t\t\t\t\t\t<\/div>\n\t\t\t\t<\/div>\n\t\t\t\t<\/div>\n\t\t<div class=\"elementor-element elementor-element-25ab9234 e-con-full e-flex e-con e-parent\" data-id=\"25ab9234\" data-element_type=\"container\" data-e-type=\"container\">\n\t\t\t\t<div class=\"elementor-element elementor-element-5ca076f6 elementor-absolute elementor-widget elementor-widget-global elementor-global-634 elementor-widget-image\" data-id=\"5ca076f6\" data-element_type=\"widget\" data-e-type=\"widget\" data-settings=\"{&quot;_position&quot;:&quot;absolute&quot;}\" data-widget_type=\"image.default\">\n\t\t\t\t<div class=\"elementor-widget-container\">\n\t\t\t\t\t\t\t\t\t\t\t\t\t\t\t<img fetchpriority=\"high\" decoding=\"async\" width=\"230\" height=\"230\" src=\"https:\/\/miritglas.com\/wp-content\/uploads\/2023\/08\/logo-icon.png\" class=\"attachment-medium size-medium wp-image-168\" alt=\"Mirit glas logo.\" srcset=\"https:\/\/miritglas.com\/wp-content\/uploads\/2023\/08\/logo-icon.png 230w, https:\/\/miritglas.com\/wp-content\/uploads\/2023\/08\/logo-icon-150x150.png 150w\" sizes=\"(max-width: 230px) 100vw, 230px\" title=\"\">\t\t\t\t\t\t\t\t\t\t\t\t\t\t\t<\/div>\n\t\t\t\t<\/div>\n\t\t<div class=\"elementor-element elementor-element-4f22b3d6 e-flex e-con-boxed e-con e-parent\" data-id=\"4f22b3d6\" data-element_type=\"container\" data-e-type=\"container\" data-settings=\"{&quot;background_background&quot;:&quot;classic&quot;}\">\n\t\t\t\t\t<div class=\"e-con-inner\">\n\t\t\t\t<div class=\"elementor-element elementor-element-4d8e619 elementor-widget elementor-widget-image\" data-id=\"4d8e619\" data-element_type=\"widget\" data-e-type=\"widget\" data-widget_type=\"image.default\">\n\t\t\t\t<div class=\"elementor-widget-container\">\n\t\t\t\t\t\t\t\t\t\t\t\t\t\t\t<img decoding=\"async\" width=\"300\" height=\"254\" src=\"https:\/\/miritglas.com\/wp-content\/uploads\/2023\/08\/mirit-haste-kanin-300x254.jpeg\" class=\"attachment-medium size-medium wp-image-984\" alt=\"Hastelevering glas | Glasproducentens ekspres-service for hurtig produktion og levering af specialglas efter ordre med kort varsel, designet til akutte projektbehov, kunder med deadlines eller hasteopgaver hvor standard leveringstid ikke er tilstr\u00e6kkelig.\" srcset=\"https:\/\/miritglas.com\/wp-content\/uploads\/2023\/08\/mirit-haste-kanin-300x254.jpeg 300w, https:\/\/miritglas.com\/wp-content\/uploads\/2023\/08\/mirit-haste-kanin.jpeg 709w\" sizes=\"(max-width: 300px) 100vw, 300px\" title=\"\">\t\t\t\t\t\t\t\t\t\t\t\t\t\t\t<\/div>\n\t\t\t\t<\/div>\n\t\t\t\t<div class=\"elementor-element elementor-element-46ecd19d elementor-widget elementor-widget-text-editor\" data-id=\"46ecd19d\" data-element_type=\"widget\" data-e-type=\"widget\" data-widget_type=\"text-editor.default\">\n\t\t\t\t<div class=\"elementor-widget-container\">\n\t\t\t\t\t\t\t\t\t<p>Hurtig glass kaller vi det n\u00e5r ting m\u00e5 g\u00e5 fort. Kontakt oss s\u00e5 hjelper vi deg med rask levering av glass.<\/p>\n\t\t\t\t\t\t\t\t<\/div>\n\t\t\t\t<\/div>\n\t\t\t\t\t<\/div>\n\t\t\t\t<\/div>\n\t\t\t\t<\/div>\n\t\t\t\t\t<\/div>\n\t\t\t\t<\/div>\n\t\t\t\t<\/div>\n\t\t","protected":false},"excerpt":{"rendered":"<p>Hastende levering \u2013 n\u00e5r det skal g\u00e5 skikkelig kjapt Vi opplever jevnlig at kundene v\u00e5re har et presserende behov for et spesielt glass \u2013 enten p\u00e5 grunn av sammenbrudd eller av andre grunner. Hos Mirit Glas er vi stolte av \u00e5 hjelpe v\u00e5re kunder, og kan derfor ogs\u00e5 tilby hastelevering hvis ett plutselig behov skulle [&hellip;]<\/p>\n","protected":false},"author":1,"featured_media":984,"parent":0,"menu_order":0,"comment_status":"closed","ping_status":"closed","template":"","meta":{"_acf_changed":false,"footnotes":""},"class_list":["post-2905","page","type-page","status-publish","has-post-thumbnail","hentry"],"acf":[],"_links":{"self":[{"href":"https:\/\/miritglas.com\/no\/wp-json\/wp\/v2\/pages\/2905","targetHints":{"allow":["GET"]}}],"collection":[{"href":"https:\/\/miritglas.com\/no\/wp-json\/wp\/v2\/pages"}],"about":[{"href":"https:\/\/miritglas.com\/no\/wp-json\/wp\/v2\/types\/page"}],"author":[{"embeddable":true,"href":"https:\/\/miritglas.com\/no\/wp-json\/wp\/v2\/users\/1"}],"replies":[{"embeddable":true,"href":"https:\/\/miritglas.com\/no\/wp-json\/wp\/v2\/comments?post=2905"}],"version-history":[{"count":6,"href":"https:\/\/miritglas.com\/no\/wp-json\/wp\/v2\/pages\/2905\/revisions"}],"predecessor-version":[{"id":3445,"href":"https:\/\/miritglas.com\/no\/wp-json\/wp\/v2\/pages\/2905\/revisions\/3445"}],"wp:featuredmedia":[{"embeddable":true,"href":"https:\/\/miritglas.com\/no\/wp-json\/wp\/v2\/media\/984"}],"wp:attachment":[{"href":"https:\/\/miritglas.com\/no\/wp-json\/wp\/v2\/media?parent=2905"}],"curies":[{"name":"wp","href":"https:\/\/api.w.org\/{rel}","templated":true}]}}