{"id":2901,"date":"2023-08-22T14:56:45","date_gmt":"2023-08-22T12:56:45","guid":{"rendered":"https:\/\/miritglas.com\/om-mirit\/"},"modified":"2023-09-19T08:10:32","modified_gmt":"2023-09-19T06:10:32","slug":"om-mirit","status":"publish","type":"page","link":"https:\/\/miritglas.com\/no\/om-mirit\/","title":{"rendered":"Om Mirit"},"content":{"rendered":"\t\t<div data-elementor-type=\"wp-page\" data-elementor-id=\"2901\" class=\"elementor elementor-2901 elementor-889\" data-elementor-post-type=\"page\">\n\t\t\t\t<div class=\"elementor-element elementor-element-107b2d3 e-flex e-con-boxed e-con e-parent\" data-id=\"107b2d3\" data-element_type=\"container\" data-e-type=\"container\">\n\t\t\t\t\t<div class=\"e-con-inner\">\n\t\t<div class=\"elementor-element elementor-element-5c0d2dc8 e-con-full e-flex e-con e-parent\" data-id=\"5c0d2dc8\" data-element_type=\"container\" data-e-type=\"container\">\n\t\t\t\t<div class=\"elementor-element elementor-element-7b22229e elementor-widget elementor-widget-text-editor\" data-id=\"7b22229e\" data-element_type=\"widget\" data-e-type=\"widget\" data-widget_type=\"text-editor.default\">\n\t\t\t\t<div class=\"elementor-widget-container\">\n\t\t\t\t\t\t\t\t\t<h2>Vi \u00f8nsker \u00e5 v\u00e6re det profesjonelle markedets foretrukne leverand\u00f8r av individuelle glassl\u00f8sninger.<\/h2>\r\nMirit Glas er mer enn en tradisjonell produksjonsbedrift: Vi er et service- og handelsselskap som produserer p\u00e5 bestilling og som leverer b\u00e5de store serier og ned til sm\u00e5 enkelte stykker.\r\n\r\nVi tilbyr et bredt spekter av glassprodukter, hvor alle produseres p\u00e5 bestilling. Samtidig har vi ogs\u00e5 et av Danmarks mest velassorterte r\u00e5varelagre.\r\n\r\nVi ser l\u00f8sningene til v\u00e5re kunder, fordi vi setter oss inn i deres spesifikke behov. Med solid kunnskap om materialet glass, engasjement og kunnskap om markedet, er vi en innovativ og kreativ sparringspartner som, sammen med v\u00e5re kunder, finner de beste l\u00f8sningene. Skulle det skje at vi ikke kan fremstille en bestemt oppgave, kjenner vi noen som kan. Derfor g\u00e5r v\u00e5re kunder aldri forgjeves.\t\t\t\t\t\t\t\t<\/div>\n\t\t\t\t<\/div>\n\t\t\t\t<div class=\"elementor-element elementor-element-33b68f42 elementor-widget elementor-widget-button\" data-id=\"33b68f42\" data-element_type=\"widget\" data-e-type=\"widget\" data-widget_type=\"button.default\">\n\t\t\t\t<div class=\"elementor-widget-container\">\n\t\t\t\t\t\t\t\t\t<div class=\"elementor-button-wrapper\">\n\t\t\t\t\t<a class=\"elementor-button elementor-button-link elementor-size-md\" href=\"https:\/\/miritglas.com\/no\/kontakt-oss\/\">\n\t\t\t\t\t\t<span class=\"elementor-button-content-wrapper\">\n\t\t\t\t\t\t\t\t\t<span class=\"elementor-button-text\">Kontakt oss i dag<\/span>\n\t\t\t\t\t<\/span>\n\t\t\t\t\t<\/a>\n\t\t\t\t<\/div>\n\t\t\t\t\t\t\t\t<\/div>\n\t\t\t\t<\/div>\n\t\t\t\t<\/div>\n\t\t<div class=\"elementor-element elementor-element-50c2d220 e-con-full e-flex e-con e-parent\" data-id=\"50c2d220\" data-element_type=\"container\" data-e-type=\"container\">\n\t\t\t\t<div class=\"elementor-element elementor-element-5dca73bd elementor-absolute elementor-widget elementor-widget-global elementor-global-634 elementor-widget-image\" data-id=\"5dca73bd\" data-element_type=\"widget\" data-e-type=\"widget\" data-settings=\"{&quot;_position&quot;:&quot;absolute&quot;}\" data-widget_type=\"image.default\">\n\t\t\t\t<div class=\"elementor-widget-container\">\n\t\t\t\t\t\t\t\t\t\t\t\t\t\t\t<img fetchpriority=\"high\" decoding=\"async\" width=\"230\" height=\"230\" src=\"https:\/\/miritglas.com\/wp-content\/uploads\/2023\/08\/logo-icon.png\" class=\"attachment-medium size-medium wp-image-168\" alt=\"Mirit glas logo.\" srcset=\"https:\/\/miritglas.com\/wp-content\/uploads\/2023\/08\/logo-icon.png 230w, https:\/\/miritglas.com\/wp-content\/uploads\/2023\/08\/logo-icon-150x150.png 150w\" sizes=\"(max-width: 230px) 100vw, 230px\" title=\"\">\t\t\t\t\t\t\t\t\t\t\t\t\t\t\t<\/div>\n\t\t\t\t<\/div>\n\t\t\t\t<div class=\"elementor-element elementor-element-b45dc29 elementor-widget elementor-widget-video\" data-id=\"b45dc29\" data-element_type=\"widget\" data-e-type=\"widget\" data-settings=\"{&quot;youtube_url&quot;:&quot;https:\\\/\\\/www.youtube.com\\\/watch?v=nERL-dPnT0U&quot;,&quot;yt_privacy&quot;:&quot;yes&quot;,&quot;lazy_load&quot;:&quot;yes&quot;,&quot;show_image_overlay&quot;:&quot;yes&quot;,&quot;image_overlay&quot;:{&quot;url&quot;:&quot;https:\\\/\\\/miritglas.com\\\/wp-content\\\/uploads\\\/2023\\\/08\\\/VIDEO-Mirit-Glas-\\u2013-Skandinaviens-foretrukne-glasleverandoer.jpg&quot;,&quot;id&quot;:891,&quot;size&quot;:&quot;&quot;,&quot;alt&quot;:&quot;&quot;,&quot;source&quot;:&quot;library&quot;},&quot;video_type&quot;:&quot;youtube&quot;,&quot;controls&quot;:&quot;yes&quot;}\" data-widget_type=\"video.default\">\n\t\t\t\t<div class=\"elementor-widget-container\">\n\t\t\t\t\t\t\t<div class=\"elementor-wrapper elementor-open-inline\">\n\t\t\t<div class=\"elementor-video\"><\/div>\t\t\t\t<div class=\"elementor-custom-embed-image-overlay\" style=\"background-image: url(https:\/\/miritglas.com\/wp-content\/uploads\/2023\/08\/VIDEO-Mirit-Glas-\u2013-Skandinaviens-foretrukne-glasleverandoer.jpg);\">\n\t\t\t\t\t\t\t\t\t\t\t\t\t\t\t\t<div class=\"elementor-custom-embed-play\" role=\"button\" aria-label=\"Start video\" tabindex=\"0\">\n\t\t\t\t\t\t\t<svg aria-hidden=\"true\" class=\"e-font-icon-svg e-eicon-play\" viewBox=\"0 0 1000 1000\" xmlns=\"http:\/\/www.w3.org\/2000\/svg\"><path d=\"M838 162C746 71 633 25 500 25 371 25 258 71 163 162 71 254 25 367 25 500 25 633 71 746 163 837 254 929 367 979 500 979 633 979 746 933 838 837 929 746 975 633 975 500 975 367 929 254 838 162M808 192C892 279 933 379 933 500 933 621 892 725 808 808 725 892 621 938 500 938 379 938 279 896 196 808 113 725 67 621 67 500 67 379 108 279 196 192 279 108 383 62 500 62 621 62 721 108 808 192M438 392V642L642 517 438 392Z\"><\/path><\/svg>\t\t\t\t\t\t<\/div>\n\t\t\t\t\t\t\t\t\t<\/div>\n\t\t\t\t\t<\/div>\n\t\t\t\t\t\t<\/div>\n\t\t\t\t<\/div>\n\t\t\t\t<\/div>\n\t\t\t\t\t<\/div>\n\t\t\t\t<\/div>\n\t\t<div class=\"elementor-element elementor-element-28e195ed e-flex e-con-boxed e-con e-parent\" data-id=\"28e195ed\" data-element_type=\"container\" data-e-type=\"container\" data-settings=\"{&quot;background_background&quot;:&quot;classic&quot;}\">\n\t\t\t\t\t<div class=\"e-con-inner\">\n\t\t<div class=\"elementor-element elementor-element-a04c800 e-flex e-con-boxed e-con e-parent\" data-id=\"a04c800\" data-element_type=\"container\" data-e-type=\"container\">\n\t\t\t\t\t<div class=\"e-con-inner\">\n\t\t\t\t<div class=\"elementor-element elementor-element-1f29247 elementor-widget elementor-widget-text-editor\" data-id=\"1f29247\" data-element_type=\"widget\" data-e-type=\"widget\" data-widget_type=\"text-editor.default\">\n\t\t\t\t<div class=\"elementor-widget-container\">\n\t\t\t\t\t\t\t\t\t<p><strong>Fleksibilitet<\/strong><br \/>\nSom en produsent som leverer p\u00e5 bestilling til hele det skandinaviske markedet, vet vi at fleksibilitet er viktig. Dette gjelder b\u00e5de for bestillingens utforming og leveransetid, vi er ikke bundet til faste standarder, men sammen med v\u00e5re kunder kommer vi frem til den beste l\u00f8sning.<\/p>\n<p>V\u00e5re CNC-maskiner har kapasitet til \u00e5 produsere store serier, men ogs\u00e5 st\u00f8rrelser og mengder som er for sm\u00e5 for tradisjonelle bedrifter i glassbearbeidning.<br \/>\nI tillegg er en del av v\u00e5re produksjonsanlegg holdt av for hasteleveranser.<\/p>\n<p><strong>Leveringssikkerhet<\/strong><br \/>\nVi holder det vi lover. Vi leverer avtalt l\u00f8sning til avtalt pris og til avtalt tid. Mirits mange \u00e5rs erfaring i hasteleveranser, gj\u00f8r selskapet er gjennomsyret med viljen til \u00e5 levere i tide.<\/p>\n<p><strong>Gjennom tre generasjoner<\/strong><br \/>\nMirit Glas er et 100% privateid selskap, og var\u00a0<a href=\"http:\/\/miritglas.com\/no\/det-gamle-arkiv\">Danmarks f\u00f8rste glassherderi som ble etablert i 1952<\/a>. I dag har vi hovedkontor i K\u00f8benhavn og produksjon i S\u00f8r-Jylland.<\/p>\n<p>I v\u00e5r produksjon bruker vi helautomatiske CNC-maskiner. Men alltid med respekt for h\u00e5ndverket. Vi kjenner glassets fysiologi og bruksomr\u00e5der. Det er tradisjon for h\u00e5ndverk, de kompetansene og erfaringene gjennom tre generasjoner som har gitt Mirit Glas sitt rykte som den foretrukne leverand\u00f8ren av individuelle glassl\u00f8sninger for det profesjonelle markedet.<\/p>\n\t\t\t\t\t\t\t\t<\/div>\n\t\t\t\t<\/div>\n\t\t\t\t\t<\/div>\n\t\t\t\t<\/div>\n\t\t\t\t\t<\/div>\n\t\t\t\t<\/div>\n\t\t<div class=\"elementor-element elementor-element-2e2752a e-flex e-con-boxed e-con e-parent\" data-id=\"2e2752a\" data-element_type=\"container\" data-e-type=\"container\">\n\t\t\t\t\t<div class=\"e-con-inner\">\n\t\t<div class=\"elementor-element elementor-element-10b7059 e-con-full e-flex e-con e-parent\" data-id=\"10b7059\" data-element_type=\"container\" data-e-type=\"container\">\n\t\t\t\t<div class=\"elementor-element elementor-element-7793609 elementor-widget elementor-widget-text-editor\" data-id=\"7793609\" data-element_type=\"widget\" data-e-type=\"widget\" data-widget_type=\"text-editor.default\">\n\t\t\t\t<div class=\"elementor-widget-container\">\n\t\t\t\t\t\t\t\t\t<h3>Mirit Glas er ISO-sertifisert<\/h3>\n<p>Vi jobber kontinuerlig med \u00e5 forbedre v\u00e5re prosesser, verdier og prosedyrer. I forlengelsen av dette har <a href=\"https:\/\/miritglas.com\/no\/iso-9001-sertifisering\/\">Mirit Glas blitt ISO 9001-sertifisert<\/a>.<\/p>\n<p>ISO 9001 er en internasjonal standard for kvalitetsstyring. Den brukes til \u00e5 implementere, vedlikeholde og utvikle et kvalitetsstyringssystem for \u00e5 styre virksomheten og sikre at kvaliteten er i samsvar med de spesifiserte kravene.<\/p>\n<p>ISO 9001-sertifisering skal blant annet bidra til \u00e5 sikre effektiv styring og strukturert kundedialog, slik at vi kan yte den beste servicen til v\u00e5re kunder.<\/p>\n<p>Vil du vite mer om hva Mirit Glas kan gj\u00f8re for deg? S\u00e5 kontakt oss her.<\/p>\n\t\t\t\t\t\t\t\t<\/div>\n\t\t\t\t<\/div>\n\t\t\t\t<div class=\"elementor-element elementor-element-959d3fe elementor-widget elementor-widget-button\" data-id=\"959d3fe\" data-element_type=\"widget\" data-e-type=\"widget\" data-widget_type=\"button.default\">\n\t\t\t\t<div class=\"elementor-widget-container\">\n\t\t\t\t\t\t\t\t\t<div class=\"elementor-button-wrapper\">\n\t\t\t\t\t<a class=\"elementor-button elementor-button-link elementor-size-md\" href=\"https:\/\/miritglas.com\/no\/kontakt-oss\/\">\n\t\t\t\t\t\t<span class=\"elementor-button-content-wrapper\">\n\t\t\t\t\t\t\t\t\t<span class=\"elementor-button-text\">Kontakt oss i dag<\/span>\n\t\t\t\t\t<\/span>\n\t\t\t\t\t<\/a>\n\t\t\t\t<\/div>\n\t\t\t\t\t\t\t\t<\/div>\n\t\t\t\t<\/div>\n\t\t\t\t<\/div>\n\t\t<div class=\"elementor-element elementor-element-52111d6 e-con-full e-flex e-con e-parent\" data-id=\"52111d6\" data-element_type=\"container\" data-e-type=\"container\">\n\t\t\t\t<div class=\"elementor-element elementor-element-bef9070 elementor-widget elementor-widget-video\" data-id=\"bef9070\" data-element_type=\"widget\" data-e-type=\"widget\" data-settings=\"{&quot;youtube_url&quot;:&quot;https:\\\/\\\/www.youtube.com\\\/watch?v=nERL-dPnT0U&quot;,&quot;yt_privacy&quot;:&quot;yes&quot;,&quot;lazy_load&quot;:&quot;yes&quot;,&quot;show_image_overlay&quot;:&quot;yes&quot;,&quot;image_overlay&quot;:{&quot;url&quot;:&quot;https:\\\/\\\/miritglas.com\\\/wp-content\\\/uploads\\\/2023\\\/08\\\/VIDEO-Mirit-Glas-\\u2013-Skandinaviens-foretrukne-glasleverandoer.jpg&quot;,&quot;id&quot;:891,&quot;size&quot;:&quot;&quot;,&quot;alt&quot;:&quot;&quot;,&quot;source&quot;:&quot;library&quot;},&quot;video_type&quot;:&quot;youtube&quot;,&quot;controls&quot;:&quot;yes&quot;}\" data-widget_type=\"video.default\">\n\t\t\t\t<div class=\"elementor-widget-container\">\n\t\t\t\t\t\t\t<div class=\"elementor-wrapper elementor-open-inline\">\n\t\t\t<div class=\"elementor-video\"><\/div>\t\t\t\t<div class=\"elementor-custom-embed-image-overlay\" style=\"background-image: url(https:\/\/miritglas.com\/wp-content\/uploads\/2023\/08\/VIDEO-Mirit-Glas-\u2013-Skandinaviens-foretrukne-glasleverandoer.jpg);\">\n\t\t\t\t\t\t\t\t\t\t\t\t\t\t\t\t<div class=\"elementor-custom-embed-play\" role=\"button\" aria-label=\"Start video\" tabindex=\"0\">\n\t\t\t\t\t\t\t<svg aria-hidden=\"true\" class=\"e-font-icon-svg e-eicon-play\" viewBox=\"0 0 1000 1000\" xmlns=\"http:\/\/www.w3.org\/2000\/svg\"><path d=\"M838 162C746 71 633 25 500 25 371 25 258 71 163 162 71 254 25 367 25 500 25 633 71 746 163 837 254 929 367 979 500 979 633 979 746 933 838 837 929 746 975 633 975 500 975 367 929 254 838 162M808 192C892 279 933 379 933 500 933 621 892 725 808 808 725 892 621 938 500 938 379 938 279 896 196 808 113 725 67 621 67 500 67 379 108 279 196 192 279 108 383 62 500 62 621 62 721 108 808 192M438 392V642L642 517 438 392Z\"><\/path><\/svg>\t\t\t\t\t\t<\/div>\n\t\t\t\t\t\t\t\t\t<\/div>\n\t\t\t\t\t<\/div>\n\t\t\t\t\t\t<\/div>\n\t\t\t\t<\/div>\n\t\t\t\t<\/div>\n\t\t\t\t\t<\/div>\n\t\t\t\t<\/div>\n\t\t\t\t<\/div>\n\t\t","protected":false},"excerpt":{"rendered":"<p>Vi \u00f8nsker \u00e5 v\u00e6re det profesjonelle markedets foretrukne leverand\u00f8r av individuelle glassl\u00f8sninger. Mirit Glas er mer enn en tradisjonell produksjonsbedrift: Vi er et service- og handelsselskap som produserer p\u00e5 bestilling og som leverer b\u00e5de store serier og ned til sm\u00e5 enkelte stykker. Vi tilbyr et bredt spekter av glassprodukter, hvor alle produseres p\u00e5 bestilling. Samtidig [&hellip;]<\/p>\n","protected":false},"author":1,"featured_media":0,"parent":0,"menu_order":0,"comment_status":"closed","ping_status":"closed","template":"","meta":{"_acf_changed":false,"footnotes":""},"class_list":["post-2901","page","type-page","status-publish","hentry"],"acf":[],"_links":{"self":[{"href":"https:\/\/miritglas.com\/no\/wp-json\/wp\/v2\/pages\/2901","targetHints":{"allow":["GET"]}}],"collection":[{"href":"https:\/\/miritglas.com\/no\/wp-json\/wp\/v2\/pages"}],"about":[{"href":"https:\/\/miritglas.com\/no\/wp-json\/wp\/v2\/types\/page"}],"author":[{"embeddable":true,"href":"https:\/\/miritglas.com\/no\/wp-json\/wp\/v2\/users\/1"}],"replies":[{"embeddable":true,"href":"https:\/\/miritglas.com\/no\/wp-json\/wp\/v2\/comments?post=2901"}],"version-history":[{"count":3,"href":"https:\/\/miritglas.com\/no\/wp-json\/wp\/v2\/pages\/2901\/revisions"}],"predecessor-version":[{"id":3336,"href":"https:\/\/miritglas.com\/no\/wp-json\/wp\/v2\/pages\/2901\/revisions\/3336"}],"wp:attachment":[{"href":"https:\/\/miritglas.com\/no\/wp-json\/wp\/v2\/media?parent=2901"}],"curies":[{"name":"wp","href":"https:\/\/api.w.org\/{rel}","templated":true}]}}