{"id":2897,"date":"2024-08-11T15:38:38","date_gmt":"2024-08-11T13:38:38","guid":{"rendered":"https:\/\/miritglas.com\/produksjon\/"},"modified":"2024-04-08T12:12:02","modified_gmt":"2024-04-08T10:12:02","slug":"glassproduksjon","status":"publish","type":"page","link":"https:\/\/miritglas.com\/no\/glassproduksjon\/","title":{"rendered":"Produksjon"},"content":{"rendered":"\t\t<div data-elementor-type=\"wp-page\" data-elementor-id=\"2897\" class=\"elementor elementor-2897 elementor-847\" data-elementor-post-type=\"page\">\n\t\t\t\t<div class=\"elementor-element elementor-element-64ed7c2d e-flex e-con-boxed e-con e-parent\" data-id=\"64ed7c2d\" data-element_type=\"container\" data-e-type=\"container\">\n\t\t\t\t\t<div class=\"e-con-inner\">\n\t\t<div class=\"elementor-element elementor-element-53da2df1 e-con-full e-flex e-con e-child\" data-id=\"53da2df1\" data-element_type=\"container\" data-e-type=\"container\">\n\t\t\t\t<div class=\"elementor-element elementor-element-c733da8 elementor-widget elementor-widget-text-editor\" data-id=\"c733da8\" data-element_type=\"widget\" data-e-type=\"widget\" data-widget_type=\"text-editor.default\">\n\t\t\t\t<div class=\"elementor-widget-container\">\n\t\t\t\t\t\t\t\t\t<h2>GLASSPRODUKSJON<\/h2>\r\n<strong>Mirit Glas er spesialister innenfor glassproduksjon og bearbeiding av glass<\/strong>\r\nHos Mirit Glas er vi spesialister p\u00e5 glassproduksjon og bearbeiding av glass. Vi leverer b\u00e5de enkeltelementer med spesielle spesifikasjoner, og hele serier p\u00e5 flere tusen enheter. Fabrikken v\u00e5r har en arbeidsstokk og CNC-maskiner, som er enest\u00e5ende i Danmark.\t\t\t\t\t\t\t\t<\/div>\n\t\t\t\t<\/div>\n\t\t\t\t<div class=\"elementor-element elementor-element-380dc46a elementor-widget elementor-widget-button\" data-id=\"380dc46a\" data-element_type=\"widget\" data-e-type=\"widget\" data-widget_type=\"button.default\">\n\t\t\t\t<div class=\"elementor-widget-container\">\n\t\t\t\t\t\t\t\t\t<div class=\"elementor-button-wrapper\">\n\t\t\t\t\t<a class=\"elementor-button elementor-button-link elementor-size-md\" href=\"https:\/\/miritglas.com\/no\/kontakt-oss\/\">\n\t\t\t\t\t\t<span class=\"elementor-button-content-wrapper\">\n\t\t\t\t\t\t\t\t\t<span class=\"elementor-button-text\">Kontakt oss i dag<\/span>\n\t\t\t\t\t<\/span>\n\t\t\t\t\t<\/a>\n\t\t\t\t<\/div>\n\t\t\t\t\t\t\t\t<\/div>\n\t\t\t\t<\/div>\n\t\t\t\t<\/div>\n\t\t<div class=\"elementor-element elementor-element-464b207d e-con-full e-flex e-con e-child\" data-id=\"464b207d\" data-element_type=\"container\" data-e-type=\"container\">\n\t\t\t\t<div class=\"elementor-element elementor-element-20299609 elementor-absolute elementor-widget elementor-widget-global elementor-global-634 elementor-widget-image\" data-id=\"20299609\" data-element_type=\"widget\" data-e-type=\"widget\" data-settings=\"{&quot;_position&quot;:&quot;absolute&quot;}\" data-widget_type=\"image.default\">\n\t\t\t\t<div class=\"elementor-widget-container\">\n\t\t\t\t\t\t\t\t\t\t\t\t\t\t\t<img fetchpriority=\"high\" decoding=\"async\" width=\"230\" height=\"230\" src=\"https:\/\/miritglas.com\/wp-content\/uploads\/2023\/08\/logo-icon.png\" class=\"attachment-medium size-medium wp-image-168\" alt=\"Mirit glas logo.\" srcset=\"https:\/\/miritglas.com\/wp-content\/uploads\/2023\/08\/logo-icon.png 230w, https:\/\/miritglas.com\/wp-content\/uploads\/2023\/08\/logo-icon-150x150.png 150w\" sizes=\"(max-width: 230px) 100vw, 230px\" title=\"\">\t\t\t\t\t\t\t\t\t\t\t\t\t\t\t<\/div>\n\t\t\t\t<\/div>\n\t\t\t\t<div class=\"elementor-element elementor-element-4b55fe0 elementor-widget elementor-widget-video\" data-id=\"4b55fe0\" data-element_type=\"widget\" data-e-type=\"widget\" data-settings=\"{&quot;youtube_url&quot;:&quot;https:\\\/\\\/www.youtube.com\\\/watch?v=jijRh9D983Y&quot;,&quot;yt_privacy&quot;:&quot;yes&quot;,&quot;lazy_load&quot;:&quot;yes&quot;,&quot;show_image_overlay&quot;:&quot;yes&quot;,&quot;image_overlay&quot;:{&quot;url&quot;:&quot;https:\\\/\\\/miritglas.com\\\/wp-content\\\/uploads\\\/2023\\\/08\\\/mirit-video-produktion.jpeg&quot;,&quot;id&quot;:906,&quot;size&quot;:&quot;&quot;,&quot;alt&quot;:&quot;&quot;,&quot;source&quot;:&quot;library&quot;},&quot;video_type&quot;:&quot;youtube&quot;,&quot;controls&quot;:&quot;yes&quot;}\" data-widget_type=\"video.default\">\n\t\t\t\t<div class=\"elementor-widget-container\">\n\t\t\t\t\t\t\t<div class=\"elementor-wrapper elementor-open-inline\">\n\t\t\t<div class=\"elementor-video\"><\/div>\t\t\t\t<div class=\"elementor-custom-embed-image-overlay\" style=\"background-image: url(https:\/\/miritglas.com\/wp-content\/uploads\/2023\/08\/mirit-video-produktion.jpeg);\">\n\t\t\t\t\t\t\t\t\t\t\t\t\t\t\t\t<div class=\"elementor-custom-embed-play\" role=\"button\" aria-label=\"Start video\" tabindex=\"0\">\n\t\t\t\t\t\t\t<svg aria-hidden=\"true\" class=\"e-font-icon-svg e-eicon-play\" viewBox=\"0 0 1000 1000\" xmlns=\"http:\/\/www.w3.org\/2000\/svg\"><path d=\"M838 162C746 71 633 25 500 25 371 25 258 71 163 162 71 254 25 367 25 500 25 633 71 746 163 837 254 929 367 979 500 979 633 979 746 933 838 837 929 746 975 633 975 500 975 367 929 254 838 162M808 192C892 279 933 379 933 500 933 621 892 725 808 808 725 892 621 938 500 938 379 938 279 896 196 808 113 725 67 621 67 500 67 379 108 279 196 192 279 108 383 62 500 62 621 62 721 108 808 192M438 392V642L642 517 438 392Z\"><\/path><\/svg>\t\t\t\t\t\t<\/div>\n\t\t\t\t\t\t\t\t\t<\/div>\n\t\t\t\t\t<\/div>\n\t\t\t\t\t\t<\/div>\n\t\t\t\t<\/div>\n\t\t<div class=\"elementor-element elementor-element-65b3b053 e-flex e-con-boxed e-con e-child\" data-id=\"65b3b053\" data-element_type=\"container\" data-e-type=\"container\" data-settings=\"{&quot;background_background&quot;:&quot;classic&quot;}\">\n\t\t\t\t\t<div class=\"e-con-inner\">\n\t\t\t\t<div class=\"elementor-element elementor-element-5d21a812 elementor-widget elementor-widget-text-editor\" data-id=\"5d21a812\" data-element_type=\"widget\" data-e-type=\"widget\" data-widget_type=\"text-editor.default\">\n\t\t\t\t<div class=\"elementor-widget-container\">\n\t\t\t\t\t\t\t\t\t<p>Arbeidet v\u00e5rt kjennetegnes av solid faglig kunnskap kombinert med de nyeste tekniske muligheter. Vi kjenner glassets fysiologi og vi vet hva som skal til for at du \u2013 som kunde \u2013 f\u00e5r det optimale resultat. Uansett hvilken type glassproduksjon du har behov for, finner vi en l\u00f8sning.<\/p>\n<p>Vi tilbyr et bredt spekter av glassprodukter, hvor alle produseres p\u00e5 bestilling. Samtidig har vi ogs\u00e5 et av Danmarks mest velassorterte r\u00e5varelagre.<\/p>\n<p>Kontakt oss slik at vi kan finne de riktige l\u00f8sningene p\u00e5 glassproduksjon for deg.<\/p>\n\t\t\t\t\t\t\t\t<\/div>\n\t\t\t\t<\/div>\n\t\t\t\t\t<\/div>\n\t\t\t\t<\/div>\n\t\t\t\t<\/div>\n\t\t\t\t\t<\/div>\n\t\t\t\t<\/div>\n\t\t<div class=\"elementor-element elementor-element-63bbb5 e-flex e-con-boxed e-con e-parent\" data-id=\"63bbb5\" data-element_type=\"container\" data-e-type=\"container\" data-settings=\"{&quot;background_background&quot;:&quot;classic&quot;}\">\n\t\t\t\t\t<div class=\"e-con-inner\">\n\t\t<div class=\"elementor-element elementor-element-616e936 e-flex e-con-boxed e-con e-child\" data-id=\"616e936\" data-element_type=\"container\" data-e-type=\"container\">\n\t\t\t\t\t<div class=\"e-con-inner\">\n\t\t\t\t<div class=\"elementor-element elementor-element-7f7cd2cf elementor-widget elementor-widget-text-editor\" data-id=\"7f7cd2cf\" data-element_type=\"widget\" data-e-type=\"widget\" data-widget_type=\"text-editor.default\">\n\t\t\t\t<div class=\"elementor-widget-container\">\n\t\t\t\t\t\t\t\t\t<h3>Fremtidsklar produksjon<\/h3>\n<p>V\u00e5rt arbeid med glassproduksjon er preget av solid fagkunnskap kombinert med de nyeste tekniske mulighetene. Vi kjenner fysiologien til glasset og vi vet hva som trengs for at du \u2013 som kunde \u2013 skal f\u00e5 det optimale resultatet. Uansett behov, finner vi en l\u00f8sning.<\/p>\n<p>Vi leverer et bredt utvalg av glassprodukter, som alle produseres p\u00e5 bestilling. Samtidig har vi ogs\u00e5 et av Danmarks mest velassorterte r\u00e5varelager.<\/p>\n<p>Vil du vite mer om hva Mirit Glas kan gj\u00f8re for deg? Kontakt oss og f\u00e5 tilbud p\u00e5 glassproduksjon eller glassforedling.<\/p>\n\t\t\t\t\t\t\t\t<\/div>\n\t\t\t\t<\/div>\n\t\t\t\t<div class=\"elementor-element elementor-element-393ce2d elementor-widget elementor-widget-image\" data-id=\"393ce2d\" data-element_type=\"widget\" data-e-type=\"widget\" data-widget_type=\"image.default\">\n\t\t\t\t<div class=\"elementor-widget-container\">\n\t\t\t\t\t\t\t\t\t\t\t\t\t\t\t<img decoding=\"async\" width=\"1410\" height=\"792\" src=\"https:\/\/miritglas.com\/wp-content\/uploads\/2023\/08\/skaermbillede.png\" class=\"attachment-1536x1536 size-1536x1536 wp-image-2433\" alt=\"Mirit glas er glasproducent og kan det meste indenfor glasproduktion. Bearbejdning af glas er vores speciale og st\u00e5r klar til sp\u00e6ndende opgaver og nye udfordringer i vores fremtidsklare produktion\" srcset=\"https:\/\/miritglas.com\/wp-content\/uploads\/2023\/08\/skaermbillede.png 1410w, https:\/\/miritglas.com\/wp-content\/uploads\/2023\/08\/skaermbillede-300x169.png 300w, https:\/\/miritglas.com\/wp-content\/uploads\/2023\/08\/skaermbillede-1024x575.png 1024w, https:\/\/miritglas.com\/wp-content\/uploads\/2023\/08\/skaermbillede-768x431.png 768w\" sizes=\"(max-width: 1410px) 100vw, 1410px\" title=\"\">\t\t\t\t\t\t\t\t\t\t\t\t\t\t\t<\/div>\n\t\t\t\t<\/div>\n\t\t\t\t\t<\/div>\n\t\t\t\t<\/div>\n\t\t\t\t\t<\/div>\n\t\t\t\t<\/div>\n\t\t<div class=\"elementor-element elementor-element-247e4cba e-flex e-con-boxed e-con e-parent\" data-id=\"247e4cba\" data-element_type=\"container\" data-e-type=\"container\" data-settings=\"{&quot;background_background&quot;:&quot;classic&quot;}\">\n\t\t\t\t\t<div class=\"e-con-inner\">\n\t\t<div class=\"elementor-element elementor-element-7a9fcf82 e-con-full e-flex e-con e-child\" data-id=\"7a9fcf82\" data-element_type=\"container\" data-e-type=\"container\">\n\t\t\t\t<div class=\"elementor-element elementor-element-42d7b9fd elementor-widget elementor-widget-text-editor\" data-id=\"42d7b9fd\" data-element_type=\"widget\" data-e-type=\"widget\" data-widget_type=\"text-editor.default\">\n\t\t\t\t<div class=\"elementor-widget-container\">\n\t\t\t\t\t\t\t\t\t<h3>Eksempler p\u00e5 tilskj\u00e6ringsmuligheter og typer av bearbeiding<\/h3>\n<p><strong>Tilskj\u00e6ring varierer fra manuelle til CNC-styrte skj\u00e6ringer:<\/strong><\/p>\n\t\t\t\t\t\t\t\t<\/div>\n\t\t\t\t<\/div>\n\t\t\t\t<div class=\"elementor-element elementor-element-21d0d183 elementor-widget elementor-widget-text-editor\" data-id=\"21d0d183\" data-element_type=\"widget\" data-e-type=\"widget\" data-widget_type=\"text-editor.default\">\n\t\t\t\t<div class=\"elementor-widget-container\">\n\t\t\t\t\t\t\t\t\t<ul>\n<li>Skj\u00e6rehjul<\/li>\n<li>Diamantsag<\/li>\n<li>CNC-skj\u00e6rebord<\/li>\n<li>Vannstr\u00e5leskj\u00e6ring<\/li>\n<li>Varmesprengning<\/li>\n<\/ul>\n\t\t\t\t\t\t\t\t<\/div>\n\t\t\t\t<\/div>\n\t\t\t\t<div class=\"elementor-element elementor-element-50ff9248 elementor-widget elementor-widget-text-editor\" data-id=\"50ff9248\" data-element_type=\"widget\" data-e-type=\"widget\" data-widget_type=\"text-editor.default\">\n\t\t\t\t<div class=\"elementor-widget-container\">\n\t\t\t\t\t\t\t\t\t<p>Tilskj\u00e6ring spenner fra manuelle skj\u00e6ringer til CNC-styrte skj\u00e6ringer.<\/p>\n<p><strong>Bearbeiding:<\/strong><\/p>\n\t\t\t\t\t\t\t\t<\/div>\n\t\t\t\t<\/div>\n\t\t\t\t<div class=\"elementor-element elementor-element-da0418e elementor-widget elementor-widget-text-editor\" data-id=\"da0418e\" data-element_type=\"widget\" data-e-type=\"widget\" data-widget_type=\"text-editor.default\">\n\t\t\t\t<div class=\"elementor-widget-container\">\n\t\t\t\t\t\t\t\t\t<ul>\n<li>I fasong samt hull og hakk etter \u00f8nske<\/li>\n<li>Kanter (snitt, granerte, matte, polerte og fasettslipte)<\/li>\n<li>Sandbl\u00e5sing<\/li>\n<li>UV-liming<\/li>\n<li>Maling<\/li>\n<li>Silketrykk<\/li>\n<li><a href=\"https:\/\/miritglas.com\/no\/produkter\/herdet-glass\/\">Termisk herding<\/a><\/li>\n<li><a href=\"https:\/\/miritglas.com\/no\/produkter\/kjemisk-herdet-glass\/\">Kjemisk herding<\/a><\/li>\n<li><a href=\"https:\/\/miritglas.com\/no\/produkter\/buet-glass\/\">B\u00f8ying av glas<\/a><\/li>\n<li><a href=\"https:\/\/miritglas.com\/no\/produkter\/sikkerhetsglass\/\">Laminering<\/a><\/li>\n<li><a href=\"https:\/\/miritglas.com\/no\/produkter\/varmeruter\/\">Konstruksjon av varmeruter<\/a><\/li>\n<li><a href=\"https:\/\/miritglas.com\/no\/produkter\/buet-glass\/\">Buet glass<\/a><\/li>\n<li><a href=\"https:\/\/miritglas.com\/no\/produkter\/herdet-glass\/\">Buet herdet glas<\/a><\/li>\n<\/ul>\n\t\t\t\t\t\t\t\t<\/div>\n\t\t\t\t<\/div>\n\t\t\t\t<\/div>\n\t\t\t\t\t<\/div>\n\t\t\t\t<\/div>\n\t\t\t\t<\/div>\n\t\t","protected":false},"excerpt":{"rendered":"<p>GLASSPRODUKSJON Mirit Glas er spesialister innenfor glassproduksjon og bearbeiding av glass Hos Mirit Glas er vi spesialister p\u00e5 glassproduksjon og bearbeiding av glass. Vi leverer b\u00e5de enkeltelementer med spesielle spesifikasjoner, og hele serier p\u00e5 flere tusen enheter. Fabrikken v\u00e5r har en arbeidsstokk og CNC-maskiner, som er enest\u00e5ende i Danmark. Kontakt oss i dag https:\/\/www.youtube.com\/watch?v=jijRh9D983Y Arbeidet [&hellip;]<\/p>\n","protected":false},"author":1,"featured_media":2433,"parent":0,"menu_order":0,"comment_status":"closed","ping_status":"closed","template":"","meta":{"_acf_changed":false,"footnotes":""},"class_list":["post-2897","page","type-page","status-publish","has-post-thumbnail","hentry"],"acf":[],"_links":{"self":[{"href":"https:\/\/miritglas.com\/no\/wp-json\/wp\/v2\/pages\/2897","targetHints":{"allow":["GET"]}}],"collection":[{"href":"https:\/\/miritglas.com\/no\/wp-json\/wp\/v2\/pages"}],"about":[{"href":"https:\/\/miritglas.com\/no\/wp-json\/wp\/v2\/types\/page"}],"author":[{"embeddable":true,"href":"https:\/\/miritglas.com\/no\/wp-json\/wp\/v2\/users\/1"}],"replies":[{"embeddable":true,"href":"https:\/\/miritglas.com\/no\/wp-json\/wp\/v2\/comments?post=2897"}],"version-history":[{"count":5,"href":"https:\/\/miritglas.com\/no\/wp-json\/wp\/v2\/pages\/2897\/revisions"}],"predecessor-version":[{"id":4821,"href":"https:\/\/miritglas.com\/no\/wp-json\/wp\/v2\/pages\/2897\/revisions\/4821"}],"wp:featuredmedia":[{"embeddable":true,"href":"https:\/\/miritglas.com\/no\/wp-json\/wp\/v2\/media\/2433"}],"wp:attachment":[{"href":"https:\/\/miritglas.com\/no\/wp-json\/wp\/v2\/media?parent=2897"}],"curies":[{"name":"wp","href":"https:\/\/api.w.org\/{rel}","templated":true}]}}