{"id":2891,"date":"2023-08-10T13:12:27","date_gmt":"2023-08-10T11:12:27","guid":{"rendered":"https:\/\/miritglas.com\/raavarer\/"},"modified":"2025-02-26T12:08:44","modified_gmt":"2025-02-26T11:08:44","slug":"raavarer","status":"publish","type":"page","link":"https:\/\/miritglas.com\/no\/raavarer\/","title":{"rendered":"R\u00e5varer"},"content":{"rendered":"\t\t<div data-elementor-type=\"wp-page\" data-elementor-id=\"2891\" class=\"elementor elementor-2891 elementor-560\" data-elementor-post-type=\"page\">\n\t\t\t\t<div class=\"elementor-element elementor-element-5c11e32 e-flex e-con-boxed e-con e-parent\" data-id=\"5c11e32\" data-element_type=\"container\" data-e-type=\"container\">\n\t\t\t\t\t<div class=\"e-con-inner\">\n\t\t<div class=\"elementor-element elementor-element-1c02148 e-con-full e-flex e-con e-child\" data-id=\"1c02148\" data-element_type=\"container\" data-e-type=\"container\">\n\t\t\t\t<div class=\"elementor-element elementor-element-cff4f83 elementor-widget elementor-widget-text-editor\" data-id=\"cff4f83\" data-element_type=\"widget\" data-e-type=\"widget\" data-widget_type=\"text-editor.default\">\n\t\t\t\t<div class=\"elementor-widget-container\">\n\t\t\t\t\t\t\t\t\t<h2>Velassortert r\u00e5varelager og internasjonale underleverand\u00f8rer<\/h2>\n<p>Mirit Glas har et av landets mest velassorterte r\u00e5varelagre med et bredt utvalg av forskjellige glasstyper \u2013 og i tykkelser fra 0,1 mm til 40 mm. Vi har ogs\u00e5 <a href=\"https:\/\/miritglas.com\/no\/produkter\/glassror\/\">glassr\u00f8r<\/a> og glasstenger i mange forskjellige dimensjoner og i forskjellige glasstyper.<\/p>\n<p>Utover v\u00e5rt omfattende r\u00e5varelager, har vi et veletablert nettverk best\u00e5ende av internasjonale underleverand\u00f8rer og produsenter. De hjelper oss med \u00e5 skaffe det som vi ikke allerede har p\u00e5 lager.<\/p>\n\t\t\t\t\t\t\t\t<\/div>\n\t\t\t\t<\/div>\n\t\t\t\t<div class=\"elementor-element elementor-element-d19b35b elementor-widget elementor-widget-button\" data-id=\"d19b35b\" data-element_type=\"widget\" data-e-type=\"widget\" data-widget_type=\"button.default\">\n\t\t\t\t<div class=\"elementor-widget-container\">\n\t\t\t\t\t\t\t\t\t<div class=\"elementor-button-wrapper\">\n\t\t\t\t\t<a class=\"elementor-button elementor-button-link elementor-size-md\" href=\"https:\/\/miritglas.com\/no\/kontakt-oss\/\">\n\t\t\t\t\t\t<span class=\"elementor-button-content-wrapper\">\n\t\t\t\t\t\t\t\t\t<span class=\"elementor-button-text\">Kontakt oss i dag<\/span>\n\t\t\t\t\t<\/span>\n\t\t\t\t\t<\/a>\n\t\t\t\t<\/div>\n\t\t\t\t\t\t\t\t<\/div>\n\t\t\t\t<\/div>\n\t\t\t\t<\/div>\n\t\t<div class=\"elementor-element elementor-element-c9f1af1 e-con-full e-flex e-con e-child\" data-id=\"c9f1af1\" data-element_type=\"container\" data-e-type=\"container\">\n\t\t\t\t<div class=\"elementor-element elementor-element-634 elementor-absolute elementor-widget elementor-widget-global elementor-global-634 elementor-widget-image\" data-id=\"634\" data-element_type=\"widget\" data-e-type=\"widget\" data-settings=\"{&quot;_position&quot;:&quot;absolute&quot;}\" data-widget_type=\"image.default\">\n\t\t\t\t<div class=\"elementor-widget-container\">\n\t\t\t\t\t\t\t\t\t\t\t\t\t\t\t<img fetchpriority=\"high\" decoding=\"async\" width=\"230\" height=\"230\" src=\"https:\/\/miritglas.com\/wp-content\/uploads\/2023\/08\/logo-icon.png\" class=\"attachment-medium size-medium wp-image-168\" alt=\"Mirit glas logo.\" srcset=\"https:\/\/miritglas.com\/wp-content\/uploads\/2023\/08\/logo-icon.png 230w, https:\/\/miritglas.com\/wp-content\/uploads\/2023\/08\/logo-icon-150x150.png 150w\" sizes=\"(max-width: 230px) 100vw, 230px\" title=\"\">\t\t\t\t\t\t\t\t\t\t\t\t\t\t\t<\/div>\n\t\t\t\t<\/div>\n\t\t<div class=\"elementor-element elementor-element-a30e2ba e-flex e-con-boxed e-con e-child\" data-id=\"a30e2ba\" data-element_type=\"container\" data-e-type=\"container\" data-settings=\"{&quot;background_background&quot;:&quot;classic&quot;}\">\n\t\t\t\t\t<div class=\"e-con-inner\">\n\t\t\t\t<div class=\"elementor-element elementor-element-188e648 elementor-widget elementor-widget-text-editor\" data-id=\"188e648\" data-element_type=\"widget\" data-e-type=\"widget\" data-widget_type=\"text-editor.default\">\n\t\t\t\t<div class=\"elementor-widget-container\">\n\t\t\t\t\t\t\t\t\t<p>Kombinasjonen av de store r\u00e5varelagrene v\u00e5re, v\u00e5rt mange\u00e5rige samarbeid med dyktige underleverand\u00f8rer og v\u00e5re muligheter for \u00e5 tilby unike bearbeidninger, betyr at vi kan levere individuelle l\u00f8sninger p\u00e5 n\u00e6r sagt all slags typer oppgaver. Og kan vi ikke selv levere den riktige l\u00f8sningen, finner vi noen som kan det.<\/p>\n<p>Uansett hva du har behov for, g\u00e5r du aldri forgjeves.<\/p>\n<p>Les mer om v\u00e5re ulike former for bearbeiding <a href=\"https:\/\/miritglas.com\/no\/glassproduksjon\/\">her.<\/a><\/p>\n\t\t\t\t\t\t\t\t<\/div>\n\t\t\t\t<\/div>\n\t\t\t\t\t<\/div>\n\t\t\t\t<\/div>\n\t\t\t\t<\/div>\n\t\t\t\t\t<\/div>\n\t\t\t\t<\/div>\n\t\t<div class=\"elementor-element elementor-element-07f7f9b e-flex e-con-boxed e-con e-parent\" data-id=\"07f7f9b\" data-element_type=\"container\" data-e-type=\"container\" data-settings=\"{&quot;background_background&quot;:&quot;classic&quot;}\">\n\t\t\t\t\t<div class=\"e-con-inner\">\n\t\t<div class=\"elementor-element elementor-element-c2d4338 e-flex e-con-boxed e-con e-child\" data-id=\"c2d4338\" data-element_type=\"container\" data-e-type=\"container\">\n\t\t\t\t\t<div class=\"e-con-inner\">\n\t\t\t\t<div class=\"elementor-element elementor-element-3c90766 elementor-widget elementor-widget-text-editor\" data-id=\"3c90766\" data-element_type=\"widget\" data-e-type=\"widget\" data-widget_type=\"text-editor.default\">\n\t\t\t\t<div class=\"elementor-widget-container\">\n\t\t\t\t\t\t\t\t\t<h2>Eksempler p\u00e5 r\u00e5varelageret<\/h2>\n\t\t\t\t\t\t\t\t<\/div>\n\t\t\t\t<\/div>\n\t\t\t\t<div class=\"elementor-element elementor-element-4cd13f1 elementor-widget elementor-widget-text-editor\" data-id=\"4cd13f1\" data-element_type=\"widget\" data-e-type=\"widget\" data-widget_type=\"text-editor.default\">\n\t\t\t\t<div class=\"elementor-widget-container\">\n\t\t\t\t\t\t\t\t\t<ul>\n<li>Glasstykkelser fra 0,1 mm til 40 mm<\/li>\n<li><a href=\"https:\/\/miritglas.com\/no\/produkter\/floatglass\/\">Floatglass<\/a><\/li>\n<li>Varmebestandig glass<\/li>\n<li><a href=\"https:\/\/miritglas.com\/no\/produkter\/borosilikatglass\/\">Borosilikatglass<\/a><\/li>\n<li><a href=\"https:\/\/miritglas.com\/no\/produkter\/duran-glass\/\">Duran-glass<\/a><\/li>\n<li><a href=\"https:\/\/miritglas.com\/no\/produkter\/keramisk-glass\/\">Keramisk glass<\/a><\/li>\n<li><a href=\"https:\/\/miritglas.com\/no\/produkter\/kvartsglass\/\">Kvartsglass<\/a><\/li>\n<li>Farget glass (transparent)<\/li>\n<li>Sort glass<\/li>\n<li>Opalglas<\/li>\n<li><a href=\"https:\/\/miritglas.com\/no\/produkter\/jernfattig-glass\/\">Jernfattig glass<\/a><\/li>\n<li>Filterglass<\/li>\n<li><a href=\"https:\/\/miritglas.com\/no\/produkter\/germanium-glass\/\">Germanium<\/a><\/li>\n<li><a href=\"https:\/\/miritglas.com\/no\/produkter\/blyglass\/\">Blyglass<\/a><\/li>\n<li>Speil<\/li>\n<li>Ornamentglass<\/li>\n<li>Tr\u00e5dglass<\/li>\n<li>Coatet glass<\/li>\n<li>Etset glass\/matt glass<\/li>\n<li><a href=\"https:\/\/miritglas.com\/no\/produkter\/glassror\/\">Glassr\u00f8r<\/a><\/li>\n<li>Div. plastmaterialer (PC og PMMA)<\/li>\n<li><a href=\"https:\/\/miritglas.com\/no\/produkter\/laminert-glass\/\">Laminert glass<\/a><\/li>\n<li><a href=\"https:\/\/miritglas.com\/no\/produkter\/safirglass\/\">Safirglass<\/a><\/li>\n<\/ul>\n\t\t\t\t\t\t\t\t<\/div>\n\t\t\t\t<\/div>\n\t\t\t\t\t<\/div>\n\t\t\t\t<\/div>\n\t\t\t\t\t<\/div>\n\t\t\t\t<\/div>\n\t\t\t\t<\/div>\n\t\t","protected":false},"excerpt":{"rendered":"<p>Velassortert r\u00e5varelager og internasjonale underleverand\u00f8rer Mirit Glas har et av landets mest velassorterte r\u00e5varelagre med et bredt utvalg av forskjellige glasstyper \u2013 og i tykkelser fra 0,1 mm til 40 mm. Vi har ogs\u00e5 glassr\u00f8r og glasstenger i mange forskjellige dimensjoner og i forskjellige glasstyper. Utover v\u00e5rt omfattende r\u00e5varelager, har vi et veletablert nettverk best\u00e5ende [&hellip;]<\/p>\n","protected":false},"author":1,"featured_media":893,"parent":0,"menu_order":0,"comment_status":"closed","ping_status":"closed","template":"","meta":{"_acf_changed":false,"footnotes":""},"class_list":["post-2891","page","type-page","status-publish","has-post-thumbnail","hentry"],"acf":[],"_links":{"self":[{"href":"https:\/\/miritglas.com\/no\/wp-json\/wp\/v2\/pages\/2891","targetHints":{"allow":["GET"]}}],"collection":[{"href":"https:\/\/miritglas.com\/no\/wp-json\/wp\/v2\/pages"}],"about":[{"href":"https:\/\/miritglas.com\/no\/wp-json\/wp\/v2\/types\/page"}],"author":[{"embeddable":true,"href":"https:\/\/miritglas.com\/no\/wp-json\/wp\/v2\/users\/1"}],"replies":[{"embeddable":true,"href":"https:\/\/miritglas.com\/no\/wp-json\/wp\/v2\/comments?post=2891"}],"version-history":[{"count":4,"href":"https:\/\/miritglas.com\/no\/wp-json\/wp\/v2\/pages\/2891\/revisions"}],"predecessor-version":[{"id":5396,"href":"https:\/\/miritglas.com\/no\/wp-json\/wp\/v2\/pages\/2891\/revisions\/5396"}],"wp:featuredmedia":[{"embeddable":true,"href":"https:\/\/miritglas.com\/no\/wp-json\/wp\/v2\/media\/893"}],"wp:attachment":[{"href":"https:\/\/miritglas.com\/no\/wp-json\/wp\/v2\/media?parent=2891"}],"curies":[{"name":"wp","href":"https:\/\/api.w.org\/{rel}","templated":true}]}}