{"id":2552,"date":"2023-08-09T11:29:42","date_gmt":"2023-08-09T09:29:42","guid":{"rendered":"https:\/\/miritglas.com\/produkter\/tempered-glass\/"},"modified":"2025-09-10T12:59:07","modified_gmt":"2025-09-10T10:59:07","slug":"tempered-glass","status":"publish","type":"product","link":"https:\/\/miritglas.com\/en\/products\/tempered-glass\/","title":{"rendered":"Tempered glass"},"content":{"rendered":"\t\t<div data-elementor-type=\"wp-post\" data-elementor-id=\"2552\" class=\"elementor elementor-2552 elementor-296\" data-elementor-post-type=\"product\">\n\t\t\t\t<div class=\"elementor-element elementor-element-157dea9a e-flex e-con-boxed e-con e-parent\" data-id=\"157dea9a\" data-element_type=\"container\" data-e-type=\"container\">\n\t\t\t\t\t<div class=\"e-con-inner\">\n\t\t<div class=\"elementor-element elementor-element-42db1f6f e-con-full e-flex e-con e-child\" data-id=\"42db1f6f\" data-element_type=\"container\" data-e-type=\"container\">\n\t\t\t\t<div class=\"elementor-element elementor-element-6ace4526 elementor-widget elementor-widget-text-editor\" data-id=\"6ace4526\" data-element_type=\"widget\" data-e-type=\"widget\" data-widget_type=\"text-editor.default\">\n\t\t\t\t<div class=\"elementor-widget-container\">\n\t\t\t\t\t\t\t\t\t<h2>Tempered glass is a strong solution \u2013 When safety matters<\/h2><h4>Mirit Glas fabricates tempered glass for all purposes and supplies to various industries and companies using safety glass.<\/h4><p>Tempered glass can be used for many different purposes. The common denominator is a requirement for a glass solution requiring higher resistance to temperature and a greater strength than normal glass. In addition, the tempered glass fractures into harmless glass pieces in the rare occasions of breakage, as the glass will granulate in small dull granules.<\/p><p>Mirit Glas has the ability to toughen glass from 3 mm in thickness to 25 mm.<\/p><p>Contact Mirit Glas to get information about solutions opportunities and how we can help you.<\/p>\t\t\t\t\t\t\t\t<\/div>\n\t\t\t\t<\/div>\n\t\t\t\t<div class=\"elementor-element elementor-element-2541d899 elementor-widget elementor-widget-button\" data-id=\"2541d899\" data-element_type=\"widget\" data-e-type=\"widget\" data-widget_type=\"button.default\">\n\t\t\t\t<div class=\"elementor-widget-container\">\n\t\t\t\t\t\t\t\t\t<div class=\"elementor-button-wrapper\">\n\t\t\t\t\t<a class=\"elementor-button elementor-button-link elementor-size-md\" href=\"https:\/\/miritglas.com\/en\/contact-us\/\">\n\t\t\t\t\t\t<span class=\"elementor-button-content-wrapper\">\n\t\t\t\t\t\t\t\t\t<span class=\"elementor-button-text\">Contact us today<\/span>\n\t\t\t\t\t<\/span>\n\t\t\t\t\t<\/a>\n\t\t\t\t<\/div>\n\t\t\t\t\t\t\t\t<\/div>\n\t\t\t\t<\/div>\n\t\t\t\t<\/div>\n\t\t<div class=\"elementor-element elementor-element-503f5848 e-con-full e-flex e-con e-child\" data-id=\"503f5848\" data-element_type=\"container\" data-e-type=\"container\">\n\t\t\t\t<div class=\"elementor-element elementor-element-7ee86bd7 elementor-absolute elementor-widget elementor-widget-image\" data-id=\"7ee86bd7\" data-element_type=\"widget\" data-e-type=\"widget\" data-settings=\"{&quot;_position&quot;:&quot;absolute&quot;}\" data-widget_type=\"image.default\">\n\t\t\t\t<div class=\"elementor-widget-container\">\n\t\t\t\t\t\t\t\t\t\t\t\t\t\t\t<img fetchpriority=\"high\" decoding=\"async\" width=\"230\" height=\"230\" src=\"https:\/\/miritglas.com\/wp-content\/uploads\/2023\/08\/logo-icon.png\" class=\"attachment-medium size-medium wp-image-167\" alt=\"Mirit glas logo.\" srcset=\"https:\/\/miritglas.com\/wp-content\/uploads\/2023\/08\/logo-icon.png 230w, https:\/\/miritglas.com\/wp-content\/uploads\/2023\/08\/logo-icon-150x150.png 150w\" sizes=\"(max-width: 230px) 100vw, 230px\" title=\"\">\t\t\t\t\t\t\t\t\t\t\t\t\t\t\t<\/div>\n\t\t\t\t<\/div>\n\t\t<div class=\"elementor-element elementor-element-5c6b9610 e-flex e-con-boxed e-con e-child\" data-id=\"5c6b9610\" data-element_type=\"container\" data-e-type=\"container\" data-settings=\"{&quot;background_background&quot;:&quot;classic&quot;}\">\n\t\t\t\t\t<div class=\"e-con-inner\">\n\t\t\t\t<div class=\"elementor-element elementor-element-55ddfcbe elementor-widget elementor-widget-text-editor\" data-id=\"55ddfcbe\" data-element_type=\"widget\" data-e-type=\"widget\" data-widget_type=\"text-editor.default\">\n\t\t\t\t<div class=\"elementor-widget-container\">\n\t\t\t\t\t\t\t\t\t<h4>PROPERTIES OF THE GLASS<\/h4>\n<ul>\n<li>High resistance to pressure and impact<\/li>\n<li>Withstands temperature differences up to approx. 250 degrees<\/li>\n<li>Harmless shards of glass in case of breakage, as the glass granulates into small dull granules<\/li>\n<li>Often used for safety glass<\/li>\n<\/ul>\n\t\t\t\t\t\t\t\t<\/div>\n\t\t\t\t<\/div>\n\t\t\t\t\t<\/div>\n\t\t\t\t<\/div>\n\t\t\t\t<\/div>\n\t\t\t\t\t<\/div>\n\t\t\t\t<\/div>\n\t\t<div class=\"elementor-element elementor-element-a11f23 e-flex e-con-boxed e-con e-parent\" data-id=\"a11f23\" data-element_type=\"container\" data-e-type=\"container\" data-settings=\"{&quot;background_background&quot;:&quot;classic&quot;}\">\n\t\t\t\t\t<div class=\"e-con-inner\">\n\t\t<div class=\"elementor-element elementor-element-641bafa9 e-con-full e-flex e-con e-child\" data-id=\"641bafa9\" data-element_type=\"container\" data-e-type=\"container\">\n\t\t\t\t<div class=\"elementor-element elementor-element-6461834f elementor-widget elementor-widget-text-editor\" data-id=\"6461834f\" data-element_type=\"widget\" data-e-type=\"widget\" data-widget_type=\"text-editor.default\">\n\t\t\t\t<div class=\"elementor-widget-container\">\n\t\t\t\t\t\t\t\t\t<h3>High breaking strength<\/h3>\n<p>Mirit Glas was the\u00a0<a href=\"https:\/\/miritglas.com\/en\/the-old-archive\/\">first Danish company to manufacture tempered glass<\/a>\u00a0in Denmark, and we are still among the leading experts in the field. Today, Mirit Glas also offers, as the only company in the Nordic region,\u00a0<a href=\"https:\/\/miritglas.com\/en\/produkt\/chemically-tempered-glass\/\">chemically tempered glass<\/a>\u00a0from our own production facility<\/p>\n<p>Tempered glass has a strength many times stronger than ordinary glass, e.g. 5 mm tempered glass has the same breaking strength as 12 mm untreated glass. The glass is significantly more vulnerable to stretch than pressure,. As the glass is prestressed with compressive stresses in the surface, the critical point for tensile stresses is postponed, and thus requires greater pressure than normal glass to destroy the glass.<\/p>\n<h3>High security<\/h3>\n<p>Crushed tempered glass granulates it into small harmless pieces. Making it useable as a\u00a0<a href=\"https:\/\/miritglas.com\/en\/produkt\/safety-glass\/\">safety glass<\/a>\u00a0in places where crushing ordinary glass will pose a danger to persons. In addition, penetration or scattering of glass granules can be prevented by laminating 2 pieces of tempered glass together. After breaking, the laminate will hold the glass pieces together as one cohesive unit.<\/p>\n<h3>Glass with thermal resistance<\/h3>\n<p>The glass can withstand temperature differences up to approx. 250\u00b0C making it particularly suitable in cases where ordinary glass cracks due to unequal temperatures. Ordinary glass can only withstand temperature differences up to approx. 40 degrees.<br \/>\nMirit Glas also supplies glass types that can withstand even higher temperature differences than 250\u00b0C.<\/p>\n\t\t\t\t\t\t\t\t<\/div>\n\t\t\t\t<\/div>\n\t\t\t\t<\/div>\n\t\t<div class=\"elementor-element elementor-element-661b49f e-con-full e-flex e-con e-child\" data-id=\"661b49f\" data-element_type=\"container\" data-e-type=\"container\">\n\t\t\t\t<div class=\"elementor-element elementor-element-4ddae723 elementor-widget elementor-widget-image\" data-id=\"4ddae723\" data-element_type=\"widget\" data-e-type=\"widget\" data-widget_type=\"image.default\">\n\t\t\t\t<div class=\"elementor-widget-container\">\n\t\t\t\t\t\t\t\t\t\t\t\t\t\t\t<img decoding=\"async\" width=\"800\" height=\"572\" src=\"https:\/\/miritglas.com\/wp-content\/uploads\/2023\/08\/haerdet-glas-1024x732.jpg\" class=\"attachment-large size-large wp-image-2004\" alt=\"H\u00e6rdet glas p\u00e5 m\u00e5l og p\u00e5 bestilling.\" srcset=\"https:\/\/miritglas.com\/wp-content\/uploads\/2023\/08\/haerdet-glas-1024x732.jpg 1024w, https:\/\/miritglas.com\/wp-content\/uploads\/2023\/08\/haerdet-glas-300x214.jpg 300w, https:\/\/miritglas.com\/wp-content\/uploads\/2023\/08\/haerdet-glas-768x549.jpg 768w, https:\/\/miritglas.com\/wp-content\/uploads\/2023\/08\/haerdet-glas-1536x1097.jpg 1536w, https:\/\/miritglas.com\/wp-content\/uploads\/2023\/08\/haerdet-glas-2048x1463.jpg 2048w\" sizes=\"(max-width: 800px) 100vw, 800px\" title=\"\">\t\t\t\t\t\t\t\t\t\t\t\t\t\t\t<\/div>\n\t\t\t\t<\/div>\n\t\t\t\t<\/div>\n\t\t\t\t\t<\/div>\n\t\t\t\t<\/div>\n\t\t<div class=\"elementor-element elementor-element-9e87556 e-flex e-con-boxed e-con e-parent\" data-id=\"9e87556\" data-element_type=\"container\" data-e-type=\"container\">\n\t\t\t\t\t<div class=\"e-con-inner\">\n\t\t<div class=\"elementor-element elementor-element-589e8e5 e-con-full e-flex e-con e-child\" data-id=\"589e8e5\" data-element_type=\"container\" data-e-type=\"container\">\n\t\t\t\t<div class=\"elementor-element elementor-element-20bfb00 elementor-widget elementor-widget-image\" data-id=\"20bfb00\" data-element_type=\"widget\" data-e-type=\"widget\" data-widget_type=\"image.default\">\n\t\t\t\t<div class=\"elementor-widget-container\">\n\t\t\t\t\t\t\t\t\t\t\t\t\t\t\t<img decoding=\"async\" width=\"800\" height=\"571\" src=\"https:\/\/miritglas.com\/wp-content\/uploads\/2023\/08\/polariserings_apperat_til_haerdet_glas.jpg\" class=\"attachment-large size-large wp-image-3077\" alt=\"polariseringsapparat til h\u00e6rdet glas\" srcset=\"https:\/\/miritglas.com\/wp-content\/uploads\/2023\/08\/polariserings_apperat_til_haerdet_glas.jpg 1024w, https:\/\/miritglas.com\/wp-content\/uploads\/2023\/08\/polariserings_apperat_til_haerdet_glas-300x214.jpg 300w, https:\/\/miritglas.com\/wp-content\/uploads\/2023\/08\/polariserings_apperat_til_haerdet_glas-768x548.jpg 768w\" sizes=\"(max-width: 800px) 100vw, 800px\" title=\"\">\t\t\t\t\t\t\t\t\t\t\t\t\t\t\t<\/div>\n\t\t\t\t<\/div>\n\t\t\t\t<\/div>\n\t\t<div class=\"elementor-element elementor-element-0abf5ed e-con-full e-flex e-con e-child\" data-id=\"0abf5ed\" data-element_type=\"container\" data-e-type=\"container\">\n\t\t\t\t<div class=\"elementor-element elementor-element-7a1921d elementor-widget elementor-widget-text-editor\" data-id=\"7a1921d\" data-element_type=\"widget\" data-e-type=\"widget\" data-widget_type=\"text-editor.default\">\n\t\t\t\t<div class=\"elementor-widget-container\">\n\t\t\t\t\t\t\t\t\t<h3 class=\"p1\">The tempering process<\/h3><h4>All processing of the glass, such as cutting, hole drilling, cutting for fittings and edge machining, is done before the tempering process, as tempered glass cannot be processed further after being tempered.<\/h4><p>During the tempering process, the glass is exposed to very strong influences. First, the glass is heated to approx. 660 \u00b0 C and then rapid cooled with air. This cools the surface faster than the core, and permanent compressive stresses occur in the surface and tensile stresses in the glass core. That the glass is hardened can be seen by looking at it in polarized light, where you will discover dark, shady spots or lines stretching across its surface.<\/p><p>Contact us if you want to hear more about how this type of glass.<\/p>\t\t\t\t\t\t\t\t<\/div>\n\t\t\t\t<\/div>\n\t\t\t\t<div class=\"elementor-element elementor-element-4711746 elementor-widget elementor-widget-button\" data-id=\"4711746\" data-element_type=\"widget\" data-e-type=\"widget\" data-widget_type=\"button.default\">\n\t\t\t\t<div class=\"elementor-widget-container\">\n\t\t\t\t\t\t\t\t\t<div class=\"elementor-button-wrapper\">\n\t\t\t\t\t<a class=\"elementor-button elementor-button-link elementor-size-md\" href=\"https:\/\/miritglas.com\/en\/contact-us\/\">\n\t\t\t\t\t\t<span class=\"elementor-button-content-wrapper\">\n\t\t\t\t\t\t\t\t\t<span class=\"elementor-button-text\">Kontakt os i dag<\/span>\n\t\t\t\t\t<\/span>\n\t\t\t\t\t<\/a>\n\t\t\t\t<\/div>\n\t\t\t\t\t\t\t\t<\/div>\n\t\t\t\t<\/div>\n\t\t\t\t<\/div>\n\t\t\t\t\t<\/div>\n\t\t\t\t<\/div>\n\t\t\t\t<\/div>\n\t\t","protected":false},"featured_media":326,"template":"","class_list":["post-2552","product","type-product","status-publish","has-post-thumbnail","hentry"],"acf":[],"_links":{"self":[{"href":"https:\/\/miritglas.com\/en\/wp-json\/wp\/v2\/product\/2552","targetHints":{"allow":["GET"]}}],"collection":[{"href":"https:\/\/miritglas.com\/en\/wp-json\/wp\/v2\/product"}],"about":[{"href":"https:\/\/miritglas.com\/en\/wp-json\/wp\/v2\/types\/product"}],"version-history":[{"count":7,"href":"https:\/\/miritglas.com\/en\/wp-json\/wp\/v2\/product\/2552\/revisions"}],"predecessor-version":[{"id":6070,"href":"https:\/\/miritglas.com\/en\/wp-json\/wp\/v2\/product\/2552\/revisions\/6070"}],"wp:featuredmedia":[{"embeddable":true,"href":"https:\/\/miritglas.com\/en\/wp-json\/wp\/v2\/media\/326"}],"wp:attachment":[{"href":"https:\/\/miritglas.com\/en\/wp-json\/wp\/v2\/media?parent=2552"}],"curies":[{"name":"wp","href":"https:\/\/api.w.org\/{rel}","templated":true}]}}