{"id":5098,"date":"2024-08-20T10:39:29","date_gmt":"2024-08-20T08:39:29","guid":{"rendered":"https:\/\/miritglas.com\/?post_type=product&#038;p=5098"},"modified":"2025-12-02T14:56:44","modified_gmt":"2025-12-02T13:56:44","slug":"dubrit","status":"publish","type":"product","link":"https:\/\/miritglas.com\/da\/produkter\/dubrit\/","title":{"rendered":"Dubrit"},"content":{"rendered":"\t\t<div data-elementor-type=\"wp-post\" data-elementor-id=\"5098\" class=\"elementor elementor-5098\" data-elementor-post-type=\"product\">\n\t\t\t\t<div class=\"elementor-element elementor-element-37e0864a e-flex e-con-boxed e-con e-parent\" data-id=\"37e0864a\" data-element_type=\"container\" data-e-type=\"container\">\n\t\t\t\t\t<div class=\"e-con-inner\">\n\t\t<div class=\"elementor-element elementor-element-7f3bdc3a e-con-full e-flex e-con e-child\" data-id=\"7f3bdc3a\" data-element_type=\"container\" data-e-type=\"container\">\n\t\t\t\t<div class=\"elementor-element elementor-element-1099c826 elementor-widget elementor-widget-text-editor\" data-id=\"1099c826\" data-element_type=\"widget\" data-e-type=\"widget\" data-widget_type=\"text-editor.default\">\n\t\t\t\t<div class=\"elementor-widget-container\">\n\t\t\t\t\t\t\t\t\t<h2>Dubrit \u2013 Specialfremstillede Skibsruder<\/h2><p>\u00a0<\/p><p>Gennem mere end 40 \u00e5r har Mirit Glas fremstillet ko\u00f8jer og andre skibsruder under vores eget varem\u00e6rke, Dubrit.<\/p><p>Dubrit-ruderne er fremstillet af <a href=\"https:\/\/miritglas.com\/da\/produkter\/haerdet-glas\/\">h\u00e6rdet glas<\/a> og designet til at modst\u00e5 de barske forhold p\u00e5 havet. Vi er ogs\u00e5 certificeret efter den maritime ISO-standard 614:2012, hvilket betyder, at vores skibsruder er produceret til at opfylde strenge internationale sikkerheds- og kvalitetskrav.<\/p><p>Hos Mirit Glas fremstiller vi is\u00e6r mindre skibsruder til erhvervsfart\u00f8jer.<\/p><p>Vi kan fremstille ruderne i tykkelser fra 6 mm til 25 mm for at im\u00f8dekomme de krav, der stilles til ruderne.<\/p><p>Dubrit-skibsruder er ideelle til erhvervsfart\u00f8jer, herunder fiskerb\u00e5de, fragtskibe og offshore-unders\u00f8gelsesfart\u00f8jer. Med en lang tradition for fremstilling af mindre ruder og ko\u00f8jer har Mirit Glas kunnet servicere mange fart\u00f8jer med ruder, der er bygget til at t\u00e5le havets pr\u00f8velser og sikre maksimal sikkerhed og klarhed under alle forhold.<\/p>\t\t\t\t\t\t\t\t<\/div>\n\t\t\t\t<\/div>\n\t\t\t\t<div class=\"elementor-element elementor-element-34416c0 elementor-widget elementor-widget-button\" data-id=\"34416c0\" data-element_type=\"widget\" data-e-type=\"widget\" data-widget_type=\"button.default\">\n\t\t\t\t<div class=\"elementor-widget-container\">\n\t\t\t\t\t\t\t\t\t<div class=\"elementor-button-wrapper\">\n\t\t\t\t\t<a class=\"elementor-button elementor-button-link elementor-size-md\" href=\"https:\/\/miritglas.com\/da\/kontakt-os\/\">\n\t\t\t\t\t\t<span class=\"elementor-button-content-wrapper\">\n\t\t\t\t\t\t\t\t\t<span class=\"elementor-button-text\">Kontakt os i dag<\/span>\n\t\t\t\t\t<\/span>\n\t\t\t\t\t<\/a>\n\t\t\t\t<\/div>\n\t\t\t\t\t\t\t\t<\/div>\n\t\t\t\t<\/div>\n\t\t\t\t<\/div>\n\t\t<div class=\"elementor-element elementor-element-6e485db8 e-con-full e-flex e-con e-child\" data-id=\"6e485db8\" data-element_type=\"container\" data-e-type=\"container\">\n\t\t\t\t<div class=\"elementor-element elementor-element-1338bbc2 elementor-absolute elementor-widget elementor-widget-image\" data-id=\"1338bbc2\" data-element_type=\"widget\" data-e-type=\"widget\" data-settings=\"{&quot;_position&quot;:&quot;absolute&quot;}\" data-widget_type=\"image.default\">\n\t\t\t\t<div class=\"elementor-widget-container\">\n\t\t\t\t\t\t\t\t\t\t\t\t\t\t\t<img fetchpriority=\"high\" decoding=\"async\" width=\"230\" height=\"230\" src=\"https:\/\/miritglas.com\/wp-content\/uploads\/2023\/08\/logo-icon.png\" class=\"attachment-medium size-medium wp-image-166\" alt=\"Mirit glas logo. Nordens foretrukne glasleverand\u00f8r \u2013 vi fremstiller efter individuelle behov\" srcset=\"https:\/\/miritglas.com\/wp-content\/uploads\/2023\/08\/logo-icon.png 230w, https:\/\/miritglas.com\/wp-content\/uploads\/2023\/08\/logo-icon-150x150.png 150w\" sizes=\"(max-width: 230px) 100vw, 230px\" title=\"\">\t\t\t\t\t\t\t\t\t\t\t\t\t\t\t<\/div>\n\t\t\t\t<\/div>\n\t\t\t\t<div class=\"elementor-element elementor-element-1298b185 elementor-widget elementor-widget-image\" data-id=\"1298b185\" data-element_type=\"widget\" data-e-type=\"widget\" data-widget_type=\"image.default\">\n\t\t\t\t<div class=\"elementor-widget-container\">\n\t\t\t\t\t\t\t\t\t\t\t\t\t\t\t<img decoding=\"async\" width=\"766\" height=\"1024\" src=\"https:\/\/miritglas.com\/wp-content\/uploads\/2024\/08\/20240109_143020-766x1024.jpg\" class=\"attachment-large size-large wp-image-5104\" alt=\"Dubrit til skibsruder som ko\u00f8jer. Dubrit skibsrude | H\u00e6rdet glas for skibsruder og ko\u00f8jer, med tykkelse 6\u201325 mm, designet til erhvervsfart\u00f8jer, certificeret efter maritime standarder, robust over for saltvand, st\u00f8d og tryk, med h\u00f8j optisk klarhed for udsyn til havet.\" srcset=\"https:\/\/miritglas.com\/wp-content\/uploads\/2024\/08\/20240109_143020-766x1024.jpg 766w, https:\/\/miritglas.com\/wp-content\/uploads\/2024\/08\/20240109_143020-224x300.jpg 224w, https:\/\/miritglas.com\/wp-content\/uploads\/2024\/08\/20240109_143020-768x1027.jpg 768w, https:\/\/miritglas.com\/wp-content\/uploads\/2024\/08\/20240109_143020-1149x1536.jpg 1149w, https:\/\/miritglas.com\/wp-content\/uploads\/2024\/08\/20240109_143020-1532x2048.jpg 1532w, https:\/\/miritglas.com\/wp-content\/uploads\/2024\/08\/20240109_143020.jpg 1915w\" sizes=\"(max-width: 766px) 100vw, 766px\" title=\"\">\t\t\t\t\t\t\t\t\t\t\t\t\t\t\t<\/div>\n\t\t\t\t<\/div>\n\t\t\t\t<\/div>\n\t\t\t\t\t<\/div>\n\t\t\t\t<\/div>\n\t\t\t\t<\/div>\n\t\t","protected":false},"featured_media":5104,"template":"","class_list":["post-5098","product","type-product","status-publish","has-post-thumbnail","hentry"],"acf":[],"_links":{"self":[{"href":"https:\/\/miritglas.com\/da\/wp-json\/wp\/v2\/product\/5098","targetHints":{"allow":["GET"]}}],"collection":[{"href":"https:\/\/miritglas.com\/da\/wp-json\/wp\/v2\/product"}],"about":[{"href":"https:\/\/miritglas.com\/da\/wp-json\/wp\/v2\/types\/product"}],"version-history":[{"count":4,"href":"https:\/\/miritglas.com\/da\/wp-json\/wp\/v2\/product\/5098\/revisions"}],"predecessor-version":[{"id":5111,"href":"https:\/\/miritglas.com\/da\/wp-json\/wp\/v2\/product\/5098\/revisions\/5111"}],"wp:featuredmedia":[{"embeddable":true,"href":"https:\/\/miritglas.com\/da\/wp-json\/wp\/v2\/media\/5104"}],"wp:attachment":[{"href":"https:\/\/miritglas.com\/da\/wp-json\/wp\/v2\/media?parent=5098"}],"curies":[{"name":"wp","href":"https:\/\/api.w.org\/{rel}","templated":true}]}}