{"id":3525,"date":"2025-11-10T12:18:48","date_gmt":"2025-11-10T11:18:48","guid":{"rendered":"https:\/\/miritglas.com\/?post_type=product&#038;p=3525"},"modified":"2025-12-05T12:57:53","modified_gmt":"2025-12-05T11:57:53","slug":"glasroer-og-glasstaenger","status":"publish","type":"product","link":"https:\/\/miritglas.com\/da\/produkter\/glasroer-og-glasstaenger\/","title":{"rendered":"Glasr\u00f8r og glasst\u00e6nger"},"content":{"rendered":"\t\t<div data-elementor-type=\"wp-post\" data-elementor-id=\"3525\" class=\"elementor elementor-3525\" data-elementor-post-type=\"product\">\n\t\t\t\t<div class=\"elementor-element elementor-element-37aa5de8 e-flex e-con-boxed e-con e-parent\" data-id=\"37aa5de8\" data-element_type=\"container\" data-e-type=\"container\">\n\t\t\t\t\t<div class=\"e-con-inner\">\n\t\t<div class=\"elementor-element elementor-element-4b454493 e-con-full e-flex e-con e-parent\" data-id=\"4b454493\" data-element_type=\"container\" data-e-type=\"container\">\n\t\t\t\t<div class=\"elementor-element elementor-element-4b8c37b2 elementor-widget elementor-widget-text-editor\" data-id=\"4b8c37b2\" data-element_type=\"widget\" data-e-type=\"widget\" data-widget_type=\"text-editor.default\">\n\t\t\t\t<div class=\"elementor-widget-container\">\n\t\t\t\t\t\t\t\t\t<h2>Glasr\u00f8r og glasst\u00e6nger til alle brancher<\/h2><p><strong>Mirit Glas har et af de st\u00f8rste og mest velassorterede lagre af glasr\u00f8r og glasst\u00e6nger i Norden, og vi bearbejder disse efter opgave<\/strong><\/p><p>Grundet vores alsidige udvalg, er Mirit Glas leverand\u00f8r af glasr\u00f8r til alt fra laboratorier og industri til designvirksomheder. Glassene benyttes is\u00e6r til industrielle processer, blandt andet til olie- og vandstandsglas i skibe, tanke, kompressorer m.m. Glasr\u00f8rene g\u00f8r det muligt at overv\u00e5ge processen og er derfor anvendelige i mange forskellige former for produktion.<\/p><p>Inden for design bruges glasr\u00f8r blandt andet til belysning \u2013 b\u00e5de til elektronisk belysning og til levende lys. Borosilikatglas t\u00e5ler h\u00f8j varme.<\/p><p>Kontakt os i dag for at h\u00f8re mere om glasr\u00f8r og -st\u00e6nger samt glassets anvendelsesmuligheder.<\/p>\t\t\t\t\t\t\t\t<\/div>\n\t\t\t\t<\/div>\n\t\t\t\t<div class=\"elementor-element elementor-element-477af47c elementor-widget elementor-widget-button\" data-id=\"477af47c\" data-element_type=\"widget\" data-e-type=\"widget\" data-widget_type=\"button.default\">\n\t\t\t\t<div class=\"elementor-widget-container\">\n\t\t\t\t\t\t\t\t\t<div class=\"elementor-button-wrapper\">\n\t\t\t\t\t<a class=\"elementor-button elementor-button-link elementor-size-md\" href=\"https:\/\/miritglas.com\/da\/kontakt-os\/\">\n\t\t\t\t\t\t<span class=\"elementor-button-content-wrapper\">\n\t\t\t\t\t\t\t\t\t<span class=\"elementor-button-text\">Kontakt os i dag<\/span>\n\t\t\t\t\t<\/span>\n\t\t\t\t\t<\/a>\n\t\t\t\t<\/div>\n\t\t\t\t\t\t\t\t<\/div>\n\t\t\t\t<\/div>\n\t\t\t\t<\/div>\n\t\t<div class=\"elementor-element elementor-element-576d5e18 e-con-full e-flex e-con e-parent\" data-id=\"576d5e18\" data-element_type=\"container\" data-e-type=\"container\">\n\t\t\t\t<div class=\"elementor-element elementor-element-6cdeb849 elementor-absolute elementor-widget elementor-widget-image\" data-id=\"6cdeb849\" data-element_type=\"widget\" data-e-type=\"widget\" data-settings=\"{&quot;_position&quot;:&quot;absolute&quot;}\" data-widget_type=\"image.default\">\n\t\t\t\t<div class=\"elementor-widget-container\">\n\t\t\t\t\t\t\t\t\t\t\t\t\t\t\t<img fetchpriority=\"high\" decoding=\"async\" width=\"230\" height=\"230\" src=\"https:\/\/miritglas.com\/wp-content\/uploads\/2023\/08\/logo-icon.png\" class=\"attachment-medium size-medium wp-image-166\" alt=\"Mirit glas logo. Nordens foretrukne glasleverand\u00f8r \u2013 vi fremstiller efter individuelle behov\" srcset=\"https:\/\/miritglas.com\/wp-content\/uploads\/2023\/08\/logo-icon.png 230w, https:\/\/miritglas.com\/wp-content\/uploads\/2023\/08\/logo-icon-150x150.png 150w\" sizes=\"(max-width: 230px) 100vw, 230px\" title=\"\">\t\t\t\t\t\t\t\t\t\t\t\t\t\t\t<\/div>\n\t\t\t\t<\/div>\n\t\t<div class=\"elementor-element elementor-element-44802d36 e-flex e-con-boxed e-con e-parent\" data-id=\"44802d36\" data-element_type=\"container\" data-e-type=\"container\" data-settings=\"{&quot;background_background&quot;:&quot;classic&quot;}\">\n\t\t\t\t\t<div class=\"e-con-inner\">\n\t\t\t\t<div class=\"elementor-element elementor-element-4979d15e elementor-widget elementor-widget-text-editor\" data-id=\"4979d15e\" data-element_type=\"widget\" data-e-type=\"widget\" data-widget_type=\"text-editor.default\">\n\t\t\t\t<div class=\"elementor-widget-container\">\n\t\t\t\t\t\t\t\t\t<h4>Kort og godt om vores glasr\u00f8r<\/h4>\n<ul>\n \t<li class=\"p1\">Kan benyttes til industrielle processer<\/li>\n \t<li class=\"p1\">Kan benyttes til elektronisk belysning og til levende lys<\/li>\n \t<li class=\"p1\">Kan varmbearbejdes, hvis s\u00e6rlig facon \u00f8nskes<\/li>\n \t<li class=\"p1\">Leveres efter individuelle behov, f.eks. med borede huller, udsk\u00e6ringer og s\u00e6rlige kantbearbejdninger<\/li>\n \t<li class=\"p1\">Hurtig levering p\u00e5 glasr\u00f8r fra \u00f83 mm \u2013 \u00f8400 mm<\/li>\n<\/ul>\t\t\t\t\t\t\t\t<\/div>\n\t\t\t\t<\/div>\n\t\t\t\t\t<\/div>\n\t\t\t\t<\/div>\n\t\t\t\t<\/div>\n\t\t\t\t\t<\/div>\n\t\t\t\t<\/div>\n\t\t<div class=\"elementor-element elementor-element-36c4c73c e-flex e-con-boxed e-con e-parent\" data-id=\"36c4c73c\" data-element_type=\"container\" data-e-type=\"container\" data-settings=\"{&quot;background_background&quot;:&quot;classic&quot;}\">\n\t\t\t\t\t<div class=\"e-con-inner\">\n\t\t<div class=\"elementor-element elementor-element-7d2d6e33 e-con-full e-flex e-con e-parent\" data-id=\"7d2d6e33\" data-element_type=\"container\" data-e-type=\"container\">\n\t\t\t\t<div class=\"elementor-element elementor-element-598bddca elementor-widget elementor-widget-text-editor\" data-id=\"598bddca\" data-element_type=\"widget\" data-e-type=\"widget\" data-widget_type=\"text-editor.default\">\n\t\t\t\t<div class=\"elementor-widget-container\">\n\t\t\t\t\t\t\t\t\t<h3>Glasr\u00f8rs tekniske egenskaber og funktioner<\/h3><p>P\u00e5 lager har vi som standard et bredt udvalg af st\u00f8rrelser og tykkelser i\u00a0<a href=\"https:\/\/miritglas.com\/dk\/produkt\/borosilikatglas\/\">borosilikatglas\u00a0<\/a>(ogs\u00e5 kendt som Pyrex, Tempax, Simax og Duran), hvilket g\u00f8r, at vi kan levere hurtigt, uden at det g\u00e5r udover kvaliteten. Borosilikatglas t\u00e5ler h\u00f8j varme.<\/p><p>Vi er lagerf\u00f8rende i glasr\u00f8r fra \u00f83 mm \u2013 \u00f8400 mm. Glasr\u00f8r og glasst\u00e6nger udf\u00f8rt i borosilikatglas har mange forskellige anvendelsesomr\u00e5der, da glasset er resistent over for kemikalier og temperaturforskelle.<\/p><p>Glasr\u00f8r i borosilikatglas er et st\u00e6rkt produkt, som har v\u00e6ret den industrielle standard inden for mange forskellige brancher. Hos Mirit Glas har vi stor erfaring med at producere og levere glasr\u00f8r i borosilikatglas i mange forskellige udformninger. Vores tekniske konsulenter hj\u00e6lper jer derfor gerne med at finde frem til netop det glasr\u00f8r, der passer ubetinget bedst til jeres aktuelle behov. Vi h\u00e5ber derfor, at I vil kontakte os, hvis I har sp\u00f8rgsm\u00e5l om glasr\u00f8r af enhver karakter \u2013 for med vores ekspertise i teknisk glas er vi blandt de bedste til at finde den rette l\u00f8sning for jer.<\/p><p>Glasr\u00f8r og glasst\u00e6nger findes ogs\u00e5 i\u00a0<a href=\"https:\/\/miritglas.com\/dk\/produkt\/kvartsglas\/\">kvarts-<\/a>\u00a0og\u00a0<a href=\"https:\/\/miritglas.com\/dk\/produkt\/floatglas\/\">natronkalkglas<\/a>\u00a0(almindeligt glas). Vi kan desuden tilbyde visse r\u00f8r i rektangul\u00e6re faconer. Glasr\u00f8r i kvartsglas er en af de mest v\u00e6rdifulde redskaber inden for moderne videnskab og industri. Grunden hertil er, at de glasr\u00f8r eller -st\u00e6nger, der er fremstillet i kvartsglas, har nogle helt uovertrufne egenskaber, Det g\u00e6lder blandt andet, hvad transmissionen af lys, kemisk renhed og varmebestandighed ang\u00e5r. Derfor bruges glasr\u00f8r i kvartsglas oftest i milj\u00f8er, hvor der arbejdes under h\u00f8je temperaturer eller i virksomheder, der arbejder med avanceret teknologi, hvor den kemiske renhed er essentiel, eller n\u00e5r UV-lys skal transmitteres. Til den type af form\u00e5l \u2013 og mange flere \u2013 har vi mulighed for at fremstille glasr\u00f8r, -st\u00e6nger og andre kr\u00e6vende glasprodukter i kvartsglas i de m\u00e5l og m\u00e6ngder, I har brug for.<\/p>\t\t\t\t\t\t\t\t<\/div>\n\t\t\t\t<\/div>\n\t\t\t\t<\/div>\n\t\t<div class=\"elementor-element elementor-element-1df91e00 e-con-full e-flex e-con e-parent\" data-id=\"1df91e00\" data-element_type=\"container\" data-e-type=\"container\">\n\t\t\t\t<div class=\"elementor-element elementor-element-2f0413c6 elementor-widget elementor-widget-image\" data-id=\"2f0413c6\" data-element_type=\"widget\" data-e-type=\"widget\" data-widget_type=\"image.default\">\n\t\t\t\t<div class=\"elementor-widget-container\">\n\t\t\t\t\t\t\t\t\t\t\t\t\t\t\t<img decoding=\"async\" width=\"768\" height=\"549\" src=\"https:\/\/miritglas.com\/wp-content\/uploads\/2023\/08\/glasror_og_stanger-768x549.webp\" class=\"attachment-medium_large size-medium_large wp-image-321\" alt=\"glasr\u00f8r og glasst\u00e6nger i alle st\u00f8rrelser og styrker. Glasr\u00f8r | Cylindrisk glasr\u00f8r i borosilikat\/kvarts\/natronkalk, diameter \u00f8 3\u2013400 mm, med mulighed for specialtilsk\u00e6ring, borede huller, kantbearbejdning eller udsk\u00e6ringer, velegnet til industrielle processer, laboratorie-apparater, belysning, UV- eller varmeeksponerede milj\u00f8er, glasst\u00e6nger og tekniske installationer. Mirit Glas leverer glasr\u00f8r og glasst\u00e6nger i borosilikat, kvartsglas og natronkalk, i diametre fra ca. \u00f8 3 mm til \u00f8 400 mm, med mulighed for specialtilsk\u00e6ring, boring, kantbearbejdning, huller eller udsk\u00e6ringer \u2013 med h\u00f8j kemisk og termisk resistens, velegnet til industrielle processer, lys- og belysningsanl\u00e6g, laboratorie- og procesudstyr samt kreative designl\u00f8sninger.\" srcset=\"https:\/\/miritglas.com\/wp-content\/uploads\/2023\/08\/glasror_og_stanger-768x549.webp 768w, https:\/\/miritglas.com\/wp-content\/uploads\/2023\/08\/glasror_og_stanger-300x214.webp 300w, https:\/\/miritglas.com\/wp-content\/uploads\/2023\/08\/glasror_og_stanger-1024x732.webp 1024w, https:\/\/miritglas.com\/wp-content\/uploads\/2023\/08\/glasror_og_stanger-1536x1098.webp 1536w, https:\/\/miritglas.com\/wp-content\/uploads\/2023\/08\/glasror_og_stanger-2048x1464.webp 2048w\" sizes=\"(max-width: 768px) 100vw, 768px\" title=\"\">\t\t\t\t\t\t\t\t\t\t\t\t\t\t\t<\/div>\n\t\t\t\t<\/div>\n\t\t<div class=\"elementor-element elementor-element-555130d2 e-flex e-con-boxed e-con e-parent\" data-id=\"555130d2\" data-element_type=\"container\" data-e-type=\"container\" data-settings=\"{&quot;background_background&quot;:&quot;classic&quot;}\">\n\t\t\t\t\t<div class=\"e-con-inner\">\n\t\t\t\t<div class=\"elementor-element elementor-element-55831590 elementor-widget elementor-widget-text-editor\" data-id=\"55831590\" data-element_type=\"widget\" data-e-type=\"widget\" data-widget_type=\"text-editor.default\">\n\t\t\t\t<div class=\"elementor-widget-container\">\n\t\t\t\t\t\t\t\t\t<h4>Specialtilpasning af glasr\u00f8r<\/h4><p>Vi leverer glasr\u00f8r og glasst\u00e6nger efter individuelle behov, f.eks. med borede huller, udsk\u00e6ringer og s\u00e6rlige kantbearbejdninger. R\u00f8r og st\u00e6nger kan varmbearbejdes, hvis s\u00e6rlig facon \u00f8nskes.<\/p><p>Mirit Glas leverer i hele Skandinavien og n\u00e5r det haster, tilbyder vi ogs\u00e5 levering samme dag. Vil du h\u00f8re mere om, hvordan vores glasr\u00f8r og glasst\u00e6nger kan v\u00e6re den rette l\u00f8sning for dig, er du velkommen til at kontakte os. S\u00e5 finder vi den rette l\u00f8sning til jeres behov.<\/p>\t\t\t\t\t\t\t\t<\/div>\n\t\t\t\t<\/div>\n\t\t\t\t\t<\/div>\n\t\t\t\t<\/div>\n\t\t\t\t<\/div>\n\t\t\t\t\t<\/div>\n\t\t\t\t<\/div>\n\t\t\t\t<\/div>\n\t\t","protected":false},"featured_media":321,"template":"","class_list":["post-3525","product","type-product","status-publish","has-post-thumbnail","hentry"],"acf":[],"_links":{"self":[{"href":"https:\/\/miritglas.com\/da\/wp-json\/wp\/v2\/product\/3525","targetHints":{"allow":["GET"]}}],"collection":[{"href":"https:\/\/miritglas.com\/da\/wp-json\/wp\/v2\/product"}],"about":[{"href":"https:\/\/miritglas.com\/da\/wp-json\/wp\/v2\/types\/product"}],"version-history":[{"count":5,"href":"https:\/\/miritglas.com\/da\/wp-json\/wp\/v2\/product\/3525\/revisions"}],"predecessor-version":[{"id":3532,"href":"https:\/\/miritglas.com\/da\/wp-json\/wp\/v2\/product\/3525\/revisions\/3532"}],"wp:featuredmedia":[{"embeddable":true,"href":"https:\/\/miritglas.com\/da\/wp-json\/wp\/v2\/media\/321"}],"wp:attachment":[{"href":"https:\/\/miritglas.com\/da\/wp-json\/wp\/v2\/media?parent=3525"}],"curies":[{"name":"wp","href":"https:\/\/api.w.org\/{rel}","templated":true}]}}