{"id":307,"date":"2023-08-09T11:31:00","date_gmt":"2023-08-09T09:31:00","guid":{"rendered":"https:\/\/miritglas.com\/?post_type=product&#038;p=307"},"modified":"2025-12-05T13:26:29","modified_gmt":"2025-12-05T12:26:29","slug":"beskyttelsesskaerm-mod-coronavirus-covid19","status":"publish","type":"product","link":"https:\/\/miritglas.com\/da\/produkter\/beskyttelsesskaerm-mod-coronavirus-covid19\/","title":{"rendered":"Virus-beskyttelsessk\u00e6rm"},"content":{"rendered":"\t\t<div data-elementor-type=\"wp-post\" data-elementor-id=\"307\" class=\"elementor elementor-307\" data-elementor-post-type=\"product\">\n\t\t\t\t<div class=\"elementor-element elementor-element-77fe8761 e-flex e-con-boxed e-con e-parent\" data-id=\"77fe8761\" data-element_type=\"container\" data-e-type=\"container\">\n\t\t\t\t\t<div class=\"e-con-inner\">\n\t\t<div class=\"elementor-element elementor-element-364e3d47 e-con-full e-flex e-con e-child\" data-id=\"364e3d47\" data-element_type=\"container\" data-e-type=\"container\">\n\t\t\t\t<div class=\"elementor-element elementor-element-58562fca elementor-widget elementor-widget-text-editor\" data-id=\"58562fca\" data-element_type=\"widget\" data-e-type=\"widget\" data-widget_type=\"text-editor.default\">\n\t\t\t\t<div class=\"elementor-widget-container\">\n\t\t\t\t\t\t\t\t\t<h2>Mangler din virksomhed afsk\u00e6rmning, der beskytter mod coronavirus (covid19)?<\/h2><p>P\u00e5 kontoret, klinikken, eller i receptionen har vi stadig brug for beskyttelse og afstand. Hos Mirit Glas har vi designet en elegant og langtidsholdbar beskyttelsessk\u00e6rm. Beskyttelsessk\u00e6rmen er specialdesignet og produceret til at reducere spredning af coronavirus (covid19). Den beskytter dig og dine medarbejdere, s\u00e5 I sikkert og trygt kan arbejde sammen p\u00e5 arbejdspladsen.<\/p><p>Beskyttelsessk\u00e6rmen placeres fritst\u00e5ende og kan derfor flyttes rundt efter behov. S\u00e6lges kun til CVR-registreret virksomheder.<\/p><p><strong>Vil du vide mere? Ring p\u00e5 +45 44 94 44 49 og snak med vores dygtige konsulenter.<\/strong><\/p>\t\t\t\t\t\t\t\t<\/div>\n\t\t\t\t<\/div>\n\t\t\t\t<div class=\"elementor-element elementor-element-7fab9775 elementor-widget elementor-widget-button\" data-id=\"7fab9775\" data-element_type=\"widget\" data-e-type=\"widget\" data-widget_type=\"button.default\">\n\t\t\t\t<div class=\"elementor-widget-container\">\n\t\t\t\t\t\t\t\t\t<div class=\"elementor-button-wrapper\">\n\t\t\t\t\t<a class=\"elementor-button elementor-button-link elementor-size-md\" href=\"https:\/\/miritglas.com\/da\/kontakt-os\/\">\n\t\t\t\t\t\t<span class=\"elementor-button-content-wrapper\">\n\t\t\t\t\t\t\t\t\t<span class=\"elementor-button-text\">Kontakt os i dag<\/span>\n\t\t\t\t\t<\/span>\n\t\t\t\t\t<\/a>\n\t\t\t\t<\/div>\n\t\t\t\t\t\t\t\t<\/div>\n\t\t\t\t<\/div>\n\t\t\t\t<\/div>\n\t\t<div class=\"elementor-element elementor-element-79526c49 e-con-full e-flex e-con e-child\" data-id=\"79526c49\" data-element_type=\"container\" data-e-type=\"container\">\n\t\t\t\t<div class=\"elementor-element elementor-element-398738c elementor-absolute elementor-widget elementor-widget-image\" data-id=\"398738c\" data-element_type=\"widget\" data-e-type=\"widget\" data-settings=\"{&quot;_position&quot;:&quot;absolute&quot;}\" data-widget_type=\"image.default\">\n\t\t\t\t<div class=\"elementor-widget-container\">\n\t\t\t\t\t\t\t\t\t\t\t\t\t\t\t<img fetchpriority=\"high\" decoding=\"async\" width=\"230\" height=\"230\" src=\"https:\/\/miritglas.com\/wp-content\/uploads\/2023\/08\/logo-icon.png\" class=\"attachment-medium size-medium wp-image-166\" alt=\"Mirit glas logo. Nordens foretrukne glasleverand\u00f8r \u2013 vi fremstiller efter individuelle behov\" srcset=\"https:\/\/miritglas.com\/wp-content\/uploads\/2023\/08\/logo-icon.png 230w, https:\/\/miritglas.com\/wp-content\/uploads\/2023\/08\/logo-icon-150x150.png 150w\" sizes=\"(max-width: 230px) 100vw, 230px\" title=\"\">\t\t\t\t\t\t\t\t\t\t\t\t\t\t\t<\/div>\n\t\t\t\t<\/div>\n\t\t\t\t<div class=\"elementor-element elementor-element-2bc226d6 elementor-widget elementor-widget-image\" data-id=\"2bc226d6\" data-element_type=\"widget\" data-e-type=\"widget\" data-widget_type=\"image.default\">\n\t\t\t\t<div class=\"elementor-widget-container\">\n\t\t\t\t\t\t\t\t\t\t\t\t\t\t\t<img decoding=\"async\" width=\"800\" height=\"800\" src=\"https:\/\/miritglas.com\/wp-content\/uploads\/2023\/08\/beskyttelsesskaerm_mirit_glas-1024x1024.jpg\" class=\"attachment-large size-large wp-image-2151\" alt=\"beskyttelsesskaerm mirit glas. Afsk\u00e6rmning til virksomheder. Virus-beskyttelsessk\u00e6rm\" srcset=\"https:\/\/miritglas.com\/wp-content\/uploads\/2023\/08\/beskyttelsesskaerm_mirit_glas-1024x1024.jpg 1024w, https:\/\/miritglas.com\/wp-content\/uploads\/2023\/08\/beskyttelsesskaerm_mirit_glas-300x300.jpg 300w, https:\/\/miritglas.com\/wp-content\/uploads\/2023\/08\/beskyttelsesskaerm_mirit_glas-150x150.jpg 150w, https:\/\/miritglas.com\/wp-content\/uploads\/2023\/08\/beskyttelsesskaerm_mirit_glas-768x768.jpg 768w, https:\/\/miritglas.com\/wp-content\/uploads\/2023\/08\/beskyttelsesskaerm_mirit_glas-1536x1536.jpg 1536w, https:\/\/miritglas.com\/wp-content\/uploads\/2023\/08\/beskyttelsesskaerm_mirit_glas-2048x2048.jpg 2048w\" sizes=\"(max-width: 800px) 100vw, 800px\" title=\"\">\t\t\t\t\t\t\t\t\t\t\t\t\t\t\t<\/div>\n\t\t\t\t<\/div>\n\t\t\t\t<\/div>\n\t\t\t\t\t<\/div>\n\t\t\t\t<\/div>\n\t\t<div class=\"elementor-element elementor-element-54e7ba9e e-flex e-con-boxed e-con e-parent\" data-id=\"54e7ba9e\" data-element_type=\"container\" data-e-type=\"container\" data-settings=\"{&quot;background_background&quot;:&quot;classic&quot;}\">\n\t\t\t\t\t<div class=\"e-con-inner\">\n\t\t<div class=\"elementor-element elementor-element-17ea667e e-con-full e-flex e-con e-child\" data-id=\"17ea667e\" data-element_type=\"container\" data-e-type=\"container\">\n\t\t\t\t<div class=\"elementor-element elementor-element-b5fa341 elementor-widget elementor-widget-video\" data-id=\"b5fa341\" data-element_type=\"widget\" data-e-type=\"widget\" data-settings=\"{&quot;youtube_url&quot;:&quot;https:\\\/\\\/www.youtube.com\\\/watch?v=cDrt_RyWBhQ&quot;,&quot;yt_privacy&quot;:&quot;yes&quot;,&quot;lazy_load&quot;:&quot;yes&quot;,&quot;show_image_overlay&quot;:&quot;yes&quot;,&quot;image_overlay&quot;:{&quot;url&quot;:&quot;https:\\\/\\\/miritglas.com\\\/wp-content\\\/uploads\\\/2023\\\/08\\\/cDrt_RyWBhQhd.jpg&quot;,&quot;id&quot;:2609,&quot;size&quot;:&quot;&quot;,&quot;alt&quot;:&quot;&quot;,&quot;source&quot;:&quot;library&quot;},&quot;video_type&quot;:&quot;youtube&quot;,&quot;controls&quot;:&quot;yes&quot;}\" data-widget_type=\"video.default\">\n\t\t\t\t<div class=\"elementor-widget-container\">\n\t\t\t\t\t\t\t<div class=\"elementor-wrapper elementor-open-inline\">\n\t\t\t<div class=\"elementor-video\"><\/div>\t\t\t\t<div class=\"elementor-custom-embed-image-overlay\" style=\"background-image: url(https:\/\/miritglas.com\/wp-content\/uploads\/2023\/08\/cDrt_RyWBhQhd.jpg);\">\n\t\t\t\t\t\t\t\t\t\t\t\t\t\t\t\t<div class=\"elementor-custom-embed-play\" role=\"button\" aria-label=\"Afspil video\" tabindex=\"0\">\n\t\t\t\t\t\t\t<svg aria-hidden=\"true\" class=\"e-font-icon-svg e-eicon-play\" viewBox=\"0 0 1000 1000\" xmlns=\"http:\/\/www.w3.org\/2000\/svg\"><path d=\"M838 162C746 71 633 25 500 25 371 25 258 71 163 162 71 254 25 367 25 500 25 633 71 746 163 837 254 929 367 979 500 979 633 979 746 933 838 837 929 746 975 633 975 500 975 367 929 254 838 162M808 192C892 279 933 379 933 500 933 621 892 725 808 808 725 892 621 938 500 938 379 938 279 896 196 808 113 725 67 621 67 500 67 379 108 279 196 192 279 108 383 62 500 62 621 62 721 108 808 192M438 392V642L642 517 438 392Z\"><\/path><\/svg>\t\t\t\t\t\t<\/div>\n\t\t\t\t\t\t\t\t\t<\/div>\n\t\t\t\t\t<\/div>\n\t\t\t\t\t\t<\/div>\n\t\t\t\t<\/div>\n\t\t<div class=\"elementor-element elementor-element-48b8dfdb e-flex e-con-boxed e-con e-child\" data-id=\"48b8dfdb\" data-element_type=\"container\" data-e-type=\"container\" data-settings=\"{&quot;background_background&quot;:&quot;classic&quot;}\">\n\t\t\t\t\t<div class=\"e-con-inner\">\n\t\t\t\t<div class=\"elementor-element elementor-element-6fca80b6 elementor-widget elementor-widget-text-editor\" data-id=\"6fca80b6\" data-element_type=\"widget\" data-e-type=\"widget\" data-widget_type=\"text-editor.default\">\n\t\t\t\t<div class=\"elementor-widget-container\">\n\t\t\t\t\t\t\t\t\t<h4>Glassets egenskaber:<\/h4><ul><li>2 stk. 3mm float glas (buet og lamineret sammen), s\u00e5 glasset bliver et sikkerhedsglas.<\/li><li>Standardst\u00f8rrelse: 900mm bred og 600mm h\u00f8j (Kan bestilles efter specialm\u00e5l).<\/li><li>V\u00e6gt 8,1kg<\/li><li>Til beskyttelsessk\u00e6rmen medf\u00f8lger der 2 l\u00f8se f\u00f8dder, som du nemt kan montere uden v\u00e6rkt\u00f8j. F\u00f8dderne er sk\u00e5ret i klart glas og fylder 15 cm p\u00e5 hver side af sk\u00e6rmen.<\/li><li>Glas holder sig p\u00e6n i lang tid og falmer ikke med tiden.<\/li><\/ul>\t\t\t\t\t\t\t\t<\/div>\n\t\t\t\t<\/div>\n\t\t\t\t\t<\/div>\n\t\t\t\t<\/div>\n\t\t\t\t<\/div>\n\t\t<div class=\"elementor-element elementor-element-67112565 e-con-full e-flex e-con e-child\" data-id=\"67112565\" data-element_type=\"container\" data-e-type=\"container\">\n\t\t\t\t<div class=\"elementor-element elementor-element-257fb41c elementor-widget elementor-widget-text-editor\" data-id=\"257fb41c\" data-element_type=\"widget\" data-e-type=\"widget\" data-widget_type=\"text-editor.default\">\n\t\t\t\t<div class=\"elementor-widget-container\">\n\t\t\t\t\t\t\t\t\t<h3><strong>Hvorfor skal man v\u00e6lge en beskyttelsessk\u00e6rm i glas?<\/strong><\/h3><p>Vores glasl\u00f8sning best\u00e5r af mere end 80% sand og andre genanvendelige r\u00e5stoffer, og er derfor en mere b\u00e6redygtig og langtidsholdbar l\u00f8sning. Som netop er en af de anbefalinger Sundhedsstyrelsen kommer med ift. valg af v\u00e6rnemidler mod Coronavirus (covid19).<\/p><p>Glas kan i mods\u00e6tning til plastl\u00f8sninger godt t\u00e5le sprit, st\u00e6rke reng\u00f8ringsmidler og UV-lys uden at tage skade. Det er derfor nemt at reng\u00f8re, uden at det bliver ridset og falmer med tiden. Plexiglas kan derimod godt blive falmet med tiden og f\u00e5r nemmere ridser, hvor der kan sidde bakterier, der er sv\u00e6re at fjerne. Glas er derfor en meget hygiejnisk l\u00f8sning, der holder i lang tid.<\/p><p>Klik p\u00e5 videoen for at se hvordan sk\u00e6rmen fungerer i praksis.<\/p>\t\t\t\t\t\t\t\t<\/div>\n\t\t\t\t<\/div>\n\t\t\t\t<div class=\"elementor-element elementor-element-310afe0f elementor-widget elementor-widget-button\" data-id=\"310afe0f\" data-element_type=\"widget\" data-e-type=\"widget\" data-widget_type=\"button.default\">\n\t\t\t\t<div class=\"elementor-widget-container\">\n\t\t\t\t\t\t\t\t\t<div class=\"elementor-button-wrapper\">\n\t\t\t\t\t<a class=\"elementor-button elementor-button-link elementor-size-md\" href=\"https:\/\/miritglas.com\/da\/kontakt-os\/\">\n\t\t\t\t\t\t<span class=\"elementor-button-content-wrapper\">\n\t\t\t\t\t\t\t\t\t<span class=\"elementor-button-text\">Kontakt os i dag<\/span>\n\t\t\t\t\t<\/span>\n\t\t\t\t\t<\/a>\n\t\t\t\t<\/div>\n\t\t\t\t\t\t\t\t<\/div>\n\t\t\t\t<\/div>\n\t\t\t\t<\/div>\n\t\t\t\t\t<\/div>\n\t\t\t\t<\/div>\n\t\t<div class=\"elementor-element elementor-element-7cbc8bf5 e-flex e-con-boxed e-con e-parent\" data-id=\"7cbc8bf5\" data-element_type=\"container\" data-e-type=\"container\" data-settings=\"{&quot;background_background&quot;:&quot;classic&quot;}\">\n\t\t\t\t\t<div class=\"e-con-inner\">\n\t\t<div class=\"elementor-element elementor-element-13fd2ef e-con-full e-flex e-con e-child\" data-id=\"13fd2ef\" data-element_type=\"container\" data-e-type=\"container\">\n\t\t\t\t<div class=\"elementor-element elementor-element-7e36f2c4 elementor-widget elementor-widget-text-editor\" data-id=\"7e36f2c4\" data-element_type=\"widget\" data-e-type=\"widget\" data-widget_type=\"text-editor.default\">\n\t\t\t\t<div class=\"elementor-widget-container\">\n\t\t\t\t\t\t\t\t\t<h3><strong>Sikker beskyttelsessk\u00e6rm til dine medarbejdere<\/strong><\/h3><p>Den elegante beskyttelsessk\u00e6rm i glas kan bruges alle steder p\u00e5 kontoret, og hvor det er n\u00f8dvendigt at beskytte ens medarbejdere mod coronavirus (covid19). Denne beskyttelsessk\u00e6rm beskytter ikke kun mod smittespredning og bakterier, men minder ogs\u00e5 ens medarbejdere om at holde afstand.<\/p><p>Beskyttelsessk\u00e6rmen udem\u00e6rker sig ved at en samtale let passerer igennem glaspladen, samtidig med at den direkte luftstr\u00f8m mellem kunde og ekspedient bremses. Ens medarbejdere vil derfor f\u00f8le sig mere sikker, hvis de f.eks. betjener mange kunder og borgere p\u00e5 en dag.<\/p><h3><strong>Lamineret sikkerhedsglas<\/strong><\/h3><p>Dette sikkerhedsglas er produceret med lamineret glas. Det er 2 stk. (3mm float glas), der er buet og lamineret sammen. Lamineret glas brydes normalt som almindeligt glas, men pga. laminatet bliver stykkerne ved med at h\u00e6nge sammen i stedet for at flyve til alle sider. Det er denne egenskab, der g\u00f8r lamineret glas til beskyttelsesglas.<\/p><h3><strong>Elegant og stilren beskyttelsessk\u00e6rm<\/strong><\/h3><p>Det buede glas p\u00e5 selve beskyttelsessk\u00e6rmen ser elegant og stilrent ud, og fungerer godt som en del af indretningen i et kontormilj\u00f8. Plexiglas kan hurtigt komme til at se malplaceret og billigt ud i nogle p\u00e6ne omgivelser, og bliver som n\u00e6vnt ogs\u00e5 hurtigt ridset ved j\u00e6vnlig reng\u00f8ring.<\/p><p>Det er en flot enkel\u00a0l\u00f8sning, der giver sikkerhed og tryghed, uden at d\u00e6mpe lyden, n\u00e5r at man kommunikerer med hinanden p\u00e5 hver sin side. Sikkerhed beh\u00f8ver n\u00f8dvendigvis ikke at v\u00e6re grimt, og derfor har det v\u00e6ret vigtigt for os at lave en elegant l\u00f8sning, som samtidig yder sikkerhed mod coronavirus (covid19).<\/p>\t\t\t\t\t\t\t\t<\/div>\n\t\t\t\t<\/div>\n\t\t\t\t<\/div>\n\t\t\t\t\t<\/div>\n\t\t\t\t<\/div>\n\t\t<div class=\"elementor-element elementor-element-7dcf577c e-flex e-con-boxed e-con e-parent\" data-id=\"7dcf577c\" data-element_type=\"container\" data-e-type=\"container\" data-settings=\"{&quot;background_background&quot;:&quot;classic&quot;}\">\n\t\t\t\t\t<div class=\"e-con-inner\">\n\t\t<div class=\"elementor-element elementor-element-4910d632 e-con-full e-flex e-con e-child\" data-id=\"4910d632\" data-element_type=\"container\" data-e-type=\"container\">\n\t\t\t\t<div class=\"elementor-element elementor-element-4692fb29 elementor-widget elementor-widget-text-editor\" data-id=\"4692fb29\" data-element_type=\"widget\" data-e-type=\"widget\" data-widget_type=\"text-editor.default\">\n\t\t\t\t<div class=\"elementor-widget-container\">\n\t\t\t\t\t\t\t\t\t<h3><strong>I bestyrelseslokalet, p\u00e5 klinikken eller i butikken\u2026<\/strong><\/h3><p>Mirit Glas beskyttelsessk\u00e6rm kan benyttes mange forskellige steder. Sk\u00e6rmen har et elegant og simpelt design, og kan sagtens st\u00e5 som et fast element p\u00e5 bordet i m\u00f8delokalet eller i receptionen foran receptionisten. F\u00f8dderne fylder 15 cm p\u00e5 hver side af sk\u00e6rmen, og optager derfor ikke s\u00e5 meget plads p\u00e5 borde eller p\u00e5 diske.<\/p><p>N\u00e5r beskyttelsessk\u00e6rmene skal stilles op, anbefales det at arbejdspladsen gennemg\u00e5r sine processer ift. specifikke kundeydelser. I hvilke situationer er der t\u00e6t kontakt mellem medarbejder og kunder? Og hvor foreg\u00e5r disse samtaler henne p\u00e5 arbejdspladsen?<\/p><p>Det anbefales, at alle indledende samtaler, kontakter m.v. foretages p\u00e5 afstand, og den uundg\u00e5elige t\u00e6tte kontakt reduceres i tid og omfang, samt afbrydes n\u00e5r der ikke l\u00e6ngere er behov.<\/p>\t\t\t\t\t\t\t\t<\/div>\n\t\t\t\t<\/div>\n\t\t\t\t<div class=\"elementor-element elementor-element-3737c342 elementor-widget elementor-widget-button\" data-id=\"3737c342\" data-element_type=\"widget\" data-e-type=\"widget\" data-widget_type=\"button.default\">\n\t\t\t\t<div class=\"elementor-widget-container\">\n\t\t\t\t\t\t\t\t\t<div class=\"elementor-button-wrapper\">\n\t\t\t\t\t<a class=\"elementor-button elementor-button-link elementor-size-md\" href=\"https:\/\/miritglas.com\/da\/kontakt-os\/\">\n\t\t\t\t\t\t<span class=\"elementor-button-content-wrapper\">\n\t\t\t\t\t\t\t\t\t<span class=\"elementor-button-text\">Kontakt os i dag<\/span>\n\t\t\t\t\t<\/span>\n\t\t\t\t\t<\/a>\n\t\t\t\t<\/div>\n\t\t\t\t\t\t\t\t<\/div>\n\t\t\t\t<\/div>\n\t\t\t\t<\/div>\n\t\t<div class=\"elementor-element elementor-element-ea429c4 e-con-full e-flex e-con e-child\" data-id=\"ea429c4\" data-element_type=\"container\" data-e-type=\"container\">\n\t\t\t\t<div class=\"elementor-element elementor-element-7ba2c4ad elementor-widget elementor-widget-image\" data-id=\"7ba2c4ad\" data-element_type=\"widget\" data-e-type=\"widget\" data-widget_type=\"image.default\">\n\t\t\t\t<div class=\"elementor-widget-container\">\n\t\t\t\t\t\t\t\t\t\t\t\t\t\t\t<img decoding=\"async\" width=\"800\" height=\"534\" src=\"https:\/\/miritglas.com\/wp-content\/uploads\/2023\/08\/beskyttelsesskaerm_mirit_glas_2-1024x683.jpg\" class=\"attachment-large size-large wp-image-2613\" alt=\"beskyttelsessk\u00e6rm fra mirit glas.\" srcset=\"https:\/\/miritglas.com\/wp-content\/uploads\/2023\/08\/beskyttelsesskaerm_mirit_glas_2-1024x683.jpg 1024w, https:\/\/miritglas.com\/wp-content\/uploads\/2023\/08\/beskyttelsesskaerm_mirit_glas_2-300x200.jpg 300w, https:\/\/miritglas.com\/wp-content\/uploads\/2023\/08\/beskyttelsesskaerm_mirit_glas_2-768x512.jpg 768w, https:\/\/miritglas.com\/wp-content\/uploads\/2023\/08\/beskyttelsesskaerm_mirit_glas_2.jpg 1500w\" sizes=\"(max-width: 800px) 100vw, 800px\" title=\"\">\t\t\t\t\t\t\t\t\t\t\t\t\t\t\t<\/div>\n\t\t\t\t<\/div>\n\t\t\t\t<\/div>\n\t\t\t\t\t<\/div>\n\t\t\t\t<\/div>\n\t\t<div class=\"elementor-element elementor-element-1df15d0d e-flex e-con-boxed e-con e-parent\" data-id=\"1df15d0d\" data-element_type=\"container\" data-e-type=\"container\">\n\t\t\t\t\t<div class=\"e-con-inner\">\n\t\t<div class=\"elementor-element elementor-element-156de116 e-con-full e-flex e-con e-child\" data-id=\"156de116\" data-element_type=\"container\" data-e-type=\"container\">\n\t\t\t\t<div class=\"elementor-element elementor-element-3ab2edc6 elementor-widget elementor-widget-text-editor\" data-id=\"3ab2edc6\" data-element_type=\"widget\" data-e-type=\"widget\" data-widget_type=\"text-editor.default\">\n\t\t\t\t<div class=\"elementor-widget-container\">\n\t\t\t\t\t\t\t\t\t<h3><strong>Dansk, moderne og familieejet<\/strong><\/h3><p>Mirit Glas er en 100 % privatejet virksomhed, og blev som\u00a0Danmarks f\u00f8rste glash\u00e6rderi etableret i 1952. I dag har vi hovedkontor i K\u00f8benhavn og produktion i S\u00f8nderjylland.<\/p><p>Vores erfaring er mange\u00e5rig og bred, og den g\u00f8r at vi er specialiserede i at udarbejde b\u00e5de sm\u00e5 og store l\u00f8sninger.\u00a0\u00a0Vi har brugt mange \u00e5r p\u00e5 at udvikle vores h\u00e5ndv\u00e6rk, og jo bedre kendskab vi har til h\u00e5ndv\u00e6rket, jo bedre muligheder har vi for at kunne r\u00e5dgive til produktudviklingen. Vi t\u00e6nker at alt kan lade sig g\u00f8re, da vi t\u00e6nker anderledes og er kreative. Det er ogs\u00e5 en af grundene til, at vi har designet en flot, enkel og moderne l\u00f8sning mod coronavirus (covid-19).<\/p><p>I vores produktion benytter vi fuldautomatiske CNC-styrede maskiner. Dog altid med respekt for h\u00e5ndv\u00e6rket. Vi kender glassets fysiologi og anvendelsesmuligheder. Det er den h\u00e5ndv\u00e6rksm\u00e6ssige tradition, de kompetencer og de erfaringer, der gennem tre generationer har givet Mirit Glas sit renomm\u00e9 som den foretrukne underleverand\u00f8r af individuelle glasl\u00f8sninger til det professionelle marked.<\/p><p>Denne beskyttelsessk\u00e6rm er fremstillet med minimering af smitte for \u00f8je. De f\u00f8rste sk\u00e6rme blev leveret til Haderslev kommune og har v\u00e6ret en succes med det samme.<\/p><h3><strong>Priser og levering<\/strong><\/h3><p>Vi leverer i hele landet, og beskyttelsessk\u00e6rmene kommer usamlet. F\u00f8rste gang man s\u00e6tter den op, er det en god id\u00e9 at v\u00e6re to personer, s\u00e5 de to f\u00f8dder kommer til at st\u00e5 i den rigtige vinkel.<\/p><p>Priser fra 2595,- ex. moms og levering.<\/p><p>Passer formatet ikke til din opgave, s\u00e5 kontakt os for yderligere information.<\/p><p>Vil du vide mere? Ring p\u00e5 +45 44 94 44 49 og snak med vores dygtige konsulenter.<\/p>\t\t\t\t\t\t\t\t<\/div>\n\t\t\t\t<\/div>\n\t\t\t\t<\/div>\n\t\t\t\t\t<\/div>\n\t\t\t\t<\/div>\n\t\t\t\t<\/div>\n\t\t","protected":false},"featured_media":309,"template":"","class_list":["post-307","product","type-product","status-publish","has-post-thumbnail","hentry"],"acf":[],"_links":{"self":[{"href":"https:\/\/miritglas.com\/da\/wp-json\/wp\/v2\/product\/307","targetHints":{"allow":["GET"]}}],"collection":[{"href":"https:\/\/miritglas.com\/da\/wp-json\/wp\/v2\/product"}],"about":[{"href":"https:\/\/miritglas.com\/da\/wp-json\/wp\/v2\/types\/product"}],"version-history":[{"count":22,"href":"https:\/\/miritglas.com\/da\/wp-json\/wp\/v2\/product\/307\/revisions"}],"predecessor-version":[{"id":5680,"href":"https:\/\/miritglas.com\/da\/wp-json\/wp\/v2\/product\/307\/revisions\/5680"}],"wp:featuredmedia":[{"embeddable":true,"href":"https:\/\/miritglas.com\/da\/wp-json\/wp\/v2\/media\/309"}],"wp:attachment":[{"href":"https:\/\/miritglas.com\/da\/wp-json\/wp\/v2\/media?parent=307"}],"curies":[{"name":"wp","href":"https:\/\/api.w.org\/{rel}","templated":true}]}}