{"id":306,"date":"2023-08-09T11:30:52","date_gmt":"2023-08-09T09:30:52","guid":{"rendered":"https:\/\/miritglas.com\/?post_type=product&#038;p=306"},"modified":"2025-12-05T13:25:34","modified_gmt":"2025-12-05T12:25:34","slug":"uv-glas","status":"publish","type":"product","link":"https:\/\/miritglas.com\/da\/produkter\/uv-glas\/","title":{"rendered":"UV-glas"},"content":{"rendered":"\t\t<div data-elementor-type=\"wp-post\" data-elementor-id=\"306\" class=\"elementor elementor-306\" data-elementor-post-type=\"product\">\n\t\t\t\t<div class=\"elementor-element elementor-element-273572c8 e-flex e-con-boxed e-con e-parent\" data-id=\"273572c8\" data-element_type=\"container\" data-e-type=\"container\">\n\t\t\t\t\t<div class=\"e-con-inner\">\n\t\t<div class=\"elementor-element elementor-element-1baaab5e e-con-full e-flex e-con e-parent\" data-id=\"1baaab5e\" data-element_type=\"container\" data-e-type=\"container\">\n\t\t\t\t<div class=\"elementor-element elementor-element-27823fa8 elementor-widget elementor-widget-text-editor\" data-id=\"27823fa8\" data-element_type=\"widget\" data-e-type=\"widget\" data-widget_type=\"text-editor.default\">\n\t\t\t\t<div class=\"elementor-widget-container\">\n\t\t\t\t\t\t\t\t\t<h2>UV-glas<\/h2><p>Ultraviolet lys (UV-lys) er b\u00e5de nyttigt og skadeligt. Derfor findes der b\u00e5de glas, som beskytter mod UV-lys og glas, der s\u00f8rger for at mest muligt UV-lys tr\u00e6nger igennem. Mirit Glas fremstiller glas til alle former for UV-lys-l\u00f8sninger.<\/p><p>Typisk n\u00e5r man vil beskytte sig mod UV-lys, benytter man en l\u00f8sning med<a href=\"https:\/\/miritglas.com\/da\/produkter\/lamineret-glas\/\">\u00a0lamineret glas<\/a>. Hvis man derimod \u00f8nsker at lave en l\u00f8sning, hvor der er brug for mest muligt ultravioletlys, benytter man\u00a0<a href=\"https:\/\/miritglas.com\/da\/produkter\/kvartsglas\/\">kvartsglas<\/a>, lavet af rent kvartssand.<\/p><p>N\u00e5r man taler om UV-lys er det oftest lys i spektret fra 100 til 400nm (nanometer). Der findes ogs\u00e5 ekstremt UV-lys, som ligger mellem 21 og 121 nm (nanometer).<\/p><p>Mirit Glas s\u00e6lger glas, der kan bruges i b\u00e5de enkle og mere avancerede UV-l\u00f8sninger.<\/p><p>Et eksempel p\u00e5 en l\u00f8sning, hvor Mirit Glas leverer glas kan v\u00e6re en UV-desinficerings-l\u00f8sning. Her bruges typisk kvartsglas til at beskytte UV-p\u00e6rerne i desinfektionskammeret. Mens lamineret glas, g\u00f8r det muligt at overv\u00e5ge processen udefra, fordi det blokerer, at de skadelige UV-str\u00e5ler skinner igennem og ud p\u00e5 de medarbejdere, der holder \u00f8je med systemet.<\/p><p>Vil du vide mere om hvad vi kan tilbyde? S\u00e5 kontakt Mirit Glas og f\u00e5 et tilbud p\u00e5 netop den type glas, der skal bruges i din UV-l\u00f8sning .<\/p>\t\t\t\t\t\t\t\t<\/div>\n\t\t\t\t<\/div>\n\t\t\t\t<div class=\"elementor-element elementor-element-64b62401 elementor-widget elementor-widget-button\" data-id=\"64b62401\" data-element_type=\"widget\" data-e-type=\"widget\" data-widget_type=\"button.default\">\n\t\t\t\t<div class=\"elementor-widget-container\">\n\t\t\t\t\t\t\t\t\t<div class=\"elementor-button-wrapper\">\n\t\t\t\t\t<a class=\"elementor-button elementor-button-link elementor-size-md\" href=\"https:\/\/miritglas.com\/da\/kontakt-os\/\">\n\t\t\t\t\t\t<span class=\"elementor-button-content-wrapper\">\n\t\t\t\t\t\t\t\t\t<span class=\"elementor-button-text\">Kontakt os i dag<\/span>\n\t\t\t\t\t<\/span>\n\t\t\t\t\t<\/a>\n\t\t\t\t<\/div>\n\t\t\t\t\t\t\t\t<\/div>\n\t\t\t\t<\/div>\n\t\t\t\t<\/div>\n\t\t<div class=\"elementor-element elementor-element-51349851 e-con-full e-flex e-con e-parent\" data-id=\"51349851\" data-element_type=\"container\" data-e-type=\"container\">\n\t\t\t\t<div class=\"elementor-element elementor-element-731a7780 elementor-absolute elementor-widget elementor-widget-image\" data-id=\"731a7780\" data-element_type=\"widget\" data-e-type=\"widget\" data-settings=\"{&quot;_position&quot;:&quot;absolute&quot;}\" data-widget_type=\"image.default\">\n\t\t\t\t<div class=\"elementor-widget-container\">\n\t\t\t\t\t\t\t\t\t\t\t\t\t\t\t<img fetchpriority=\"high\" decoding=\"async\" width=\"230\" height=\"230\" src=\"https:\/\/miritglas.com\/wp-content\/uploads\/2023\/08\/logo-icon.png\" class=\"attachment-medium size-medium wp-image-166\" alt=\"Mirit glas logo. Nordens foretrukne glasleverand\u00f8r \u2013 vi fremstiller efter individuelle behov\" srcset=\"https:\/\/miritglas.com\/wp-content\/uploads\/2023\/08\/logo-icon.png 230w, https:\/\/miritglas.com\/wp-content\/uploads\/2023\/08\/logo-icon-150x150.png 150w\" sizes=\"(max-width: 230px) 100vw, 230px\" title=\"\">\t\t\t\t\t\t\t\t\t\t\t\t\t\t\t<\/div>\n\t\t\t\t<\/div>\n\t\t\t\t<div class=\"elementor-element elementor-element-66876efc elementor-widget elementor-widget-image\" data-id=\"66876efc\" data-element_type=\"widget\" data-e-type=\"widget\" data-widget_type=\"image.default\">\n\t\t\t\t<div class=\"elementor-widget-container\">\n\t\t\t\t\t\t\t\t\t\t\t\t<figure class=\"wp-caption\">\n\t\t\t\t\t\t\t\t\t\t<img decoding=\"async\" src=\"https:\/\/miritglas.com\/wp-content\/uploads\/elementor\/thumbs\/uv-lys-some-qbhdh17a6pm01r8mv1qterm56pdwk21xcl8qtnae7k.jpeg\" title=\"UV-glas fra Mirit Glas\" alt=\"uv-glas. B\u00e5de til mest muligt uv-lys komme igennem eller til at holde mest muligt UV-lys inde UV glass can be specially designed either to allow the maximum amount of UV light to pass through or to block and contain UV light as effectively as possible. Depending on the application, UV glass offers tailored solutions for industries, laboratories, and specialized environments. When the goal is to let in as much UV radiation as possible, UV-transmitting glass is ideal for processes such as curing, sterilization, photolithography, or scientific experiments that rely on controlled UV exposure. On the other hand, UV-blocking glass is essential for safety and protection, ensuring that UV light stays contained where it is needed\u2014preventing harmful exposure to people or sensitive materials. This makes it valuable for use in research facilities, medical equipment, cleanrooms, and industrial production. With the right UV glass solution, businesses can achieve both maximum efficiency and reliable protection, tailored to their specific needs. UV-glas fra Mirit Glas med pr\u00e6cis UV-filtrering og h\u00f8j optisk klarhed, designet til brug i tekniske installationer og arkitektoniske l\u00f8sninger. Glasset beskytter mod skadelige UV-str\u00e5ler samtidig med, at det tillader synligt lys at passere, og produceres skr\u00e6ddersyet til applikationer som vinduer, d\u00e6kglas og filtermoduler. Special UV-filter glass created by Mirit Glas, offering clear visibility while blocking harmful ultraviolet rays. Engineered for technical installations and architectural uses, this glass serves as a protective yet transparent element in windows, filters, and cover modules. UV-glas | Specialfremstillet glas til UV-lys-applikationer, med optiske egenskaber der enten filtrerer ultraviolet str\u00e5ling eller tillader UV-transmission (100\u2013400 nm), velegnet til UV-desinfektion, UV-belysning, laboratorie- og industriudstyr, optiske systemer og specielle glasl\u00f8sninger med krav til UV-styring.\" loading=\"lazy\" \/>\t\t\t\t\t\t\t\t\t\t\t<figcaption class=\"widget-image-caption wp-caption-text\">UV-glas er et dobbelttydigt ord, som bruges b\u00e5de om glas, der beskytter mod UV-str\u00e5ler og om glas, der lader mest mulig UV-lys tr\u00e6nge igennem.<\/figcaption>\n\t\t\t\t\t\t\t\t\t\t<\/figure>\n\t\t\t\t\t\t\t\t\t<\/div>\n\t\t\t\t<\/div>\n\t\t\t\t<\/div>\n\t\t\t\t\t<\/div>\n\t\t\t\t<\/div>\n\t\t\t\t<\/div>\n\t\t","protected":false},"featured_media":2143,"template":"","class_list":["post-306","product","type-product","status-publish","has-post-thumbnail","hentry"],"acf":[],"_links":{"self":[{"href":"https:\/\/miritglas.com\/da\/wp-json\/wp\/v2\/product\/306","targetHints":{"allow":["GET"]}}],"collection":[{"href":"https:\/\/miritglas.com\/da\/wp-json\/wp\/v2\/product"}],"about":[{"href":"https:\/\/miritglas.com\/da\/wp-json\/wp\/v2\/types\/product"}],"version-history":[{"count":8,"href":"https:\/\/miritglas.com\/da\/wp-json\/wp\/v2\/product\/306\/revisions"}],"predecessor-version":[{"id":5676,"href":"https:\/\/miritglas.com\/da\/wp-json\/wp\/v2\/product\/306\/revisions\/5676"}],"wp:featuredmedia":[{"embeddable":true,"href":"https:\/\/miritglas.com\/da\/wp-json\/wp\/v2\/media\/2143"}],"wp:attachment":[{"href":"https:\/\/miritglas.com\/da\/wp-json\/wp\/v2\/media?parent=306"}],"curies":[{"name":"wp","href":"https:\/\/api.w.org\/{rel}","templated":true}]}}