{"id":305,"date":"2023-08-09T11:30:46","date_gmt":"2023-08-09T09:30:46","guid":{"rendered":"https:\/\/miritglas.com\/?post_type=product&#038;p=305"},"modified":"2025-12-05T13:24:46","modified_gmt":"2025-12-05T12:24:46","slug":"teknisk-glas","status":"publish","type":"product","link":"https:\/\/miritglas.com\/da\/produkter\/teknisk-glas\/","title":{"rendered":"Teknisk glas"},"content":{"rendered":"\t\t<div data-elementor-type=\"wp-post\" data-elementor-id=\"305\" class=\"elementor elementor-305\" data-elementor-post-type=\"product\">\n\t\t\t\t<div class=\"elementor-element elementor-element-77ba3917 e-flex e-con-boxed e-con e-parent\" data-id=\"77ba3917\" data-element_type=\"container\" data-e-type=\"container\">\n\t\t\t\t\t<div class=\"e-con-inner\">\n\t\t<div class=\"elementor-element elementor-element-6623cb2e e-con-full e-flex e-con e-child\" data-id=\"6623cb2e\" data-element_type=\"container\" data-e-type=\"container\">\n\t\t\t\t<div class=\"elementor-element elementor-element-7a1b334 elementor-widget elementor-widget-text-editor\" data-id=\"7a1b334\" data-element_type=\"widget\" data-e-type=\"widget\" data-widget_type=\"text-editor.default\">\n\t\t\t\t<div class=\"elementor-widget-container\">\n\t\t\t\t\t\t\t\t\t<h2>Teknisk glas er glas for mere end bare syns skyld<\/h2><p>Teknisk glas er glas med s\u00e6rlige egenskaber. Ved forarbejdning kan almindeligt glas f\u00e5 egenskaber, der enten har stor sikkerhedsm\u00e6ssig betydning eller som fungerer som fuldendelsen af en s\u00e6rlig anvendelse eller et design. Mirit Glas er s\u00e6rligt specialiserede i at lave sm\u00e5 og mindre tekniske glas. Ikke store vinduer, men for eksempel glas, der bruges i produkter og produktionsanl\u00e6g<\/p><p>N\u00e5r vi taler om tekniske glas, er det et bredt begreb, fordi man kan tilf\u00f8je glas nyttige egenskaber p\u00e5 mange m\u00e5der. Faktisk kan stort set alle glas vi laver hos Mirit Glas kaldes teknisk glas.<\/p><p>Der er glastyper, der i sig selv kan kaldes tekniske glas, fordi de har s\u00e6rlige egenskaber, for eksempel <a href=\"https:\/\/miritglas.com\/da\/produkter\/blyglas\/\">blyglas<\/a>, <a href=\"https:\/\/miritglas.com\/da\/produkter\/germanium-glas\/\">germanium glas<\/a>, <a href=\"https:\/\/miritglas.com\/da\/produkter\/kemisk-haerdet-glas\/\">kemisk h\u00e6rdet glas<\/a> eller <a href=\"https:\/\/miritglas.com\/da\/produkter\/safirglas\/\">safirglas<\/a><\/p><p>Et glas, der har en s\u00e6rlig facon eller trinslibning, som er m\u00e5lrettet et s\u00e6rligt form\u00e5l er ogs\u00e5 et teknisk glas.<\/p><p>I andre tilf\u00e6lde kan det v\u00e6re en coatning af glasset, som giver glasset nogle ekstra egenskaber. Coatninger kan have mange forskellige form\u00e5l fra dybt tekniske til fx ClearShield, der g\u00f8r glasset vandafvisende.<\/p><p>Nogle glas kan v\u00e6re en kombination af flere forskellige typer bearbejdninger.<\/p><p>Mirit Glas er specialiseret i teknisk forarbejdning af glas, og sammen med vores yderst velassorterede r\u00e5varelager af teknisk glas, betyder det, at vi altid kan finde en l\u00f8sning til vores kunder.<\/p><p>Kontakt Mirit Glas og vi finder det rette tekniske glas og den passende bearbejdning til jeres behov.<\/p>\t\t\t\t\t\t\t\t<\/div>\n\t\t\t\t<\/div>\n\t\t\t\t<div class=\"elementor-element elementor-element-56cefebb elementor-widget elementor-widget-button\" data-id=\"56cefebb\" data-element_type=\"widget\" data-e-type=\"widget\" data-widget_type=\"button.default\">\n\t\t\t\t<div class=\"elementor-widget-container\">\n\t\t\t\t\t\t\t\t\t<div class=\"elementor-button-wrapper\">\n\t\t\t\t\t<a class=\"elementor-button elementor-button-link elementor-size-md\" href=\"https:\/\/miritglas.com\/da\/kontakt-os\/\">\n\t\t\t\t\t\t<span class=\"elementor-button-content-wrapper\">\n\t\t\t\t\t\t\t\t\t<span class=\"elementor-button-text\">Kontakt os i dag<\/span>\n\t\t\t\t\t<\/span>\n\t\t\t\t\t<\/a>\n\t\t\t\t<\/div>\n\t\t\t\t\t\t\t\t<\/div>\n\t\t\t\t<\/div>\n\t\t\t\t<\/div>\n\t\t<div class=\"elementor-element elementor-element-7de951cb e-con-full e-flex e-con e-child\" data-id=\"7de951cb\" data-element_type=\"container\" data-e-type=\"container\">\n\t\t\t\t<div class=\"elementor-element elementor-element-1e038aba elementor-absolute elementor-widget elementor-widget-image\" data-id=\"1e038aba\" data-element_type=\"widget\" data-e-type=\"widget\" data-settings=\"{&quot;_position&quot;:&quot;absolute&quot;}\" data-widget_type=\"image.default\">\n\t\t\t\t<div class=\"elementor-widget-container\">\n\t\t\t\t\t\t\t\t\t\t\t\t\t\t\t<img fetchpriority=\"high\" decoding=\"async\" width=\"230\" height=\"230\" src=\"https:\/\/miritglas.com\/wp-content\/uploads\/2023\/08\/logo-icon.png\" class=\"attachment-medium size-medium wp-image-166\" alt=\"Mirit glas logo. Nordens foretrukne glasleverand\u00f8r \u2013 vi fremstiller efter individuelle behov\" srcset=\"https:\/\/miritglas.com\/wp-content\/uploads\/2023\/08\/logo-icon.png 230w, https:\/\/miritglas.com\/wp-content\/uploads\/2023\/08\/logo-icon-150x150.png 150w\" sizes=\"(max-width: 230px) 100vw, 230px\" title=\"\">\t\t\t\t\t\t\t\t\t\t\t\t\t\t\t<\/div>\n\t\t\t\t<\/div>\n\t\t\t\t<div class=\"elementor-element elementor-element-70b7c1fa elementor-widget elementor-widget-image\" data-id=\"70b7c1fa\" data-element_type=\"widget\" data-e-type=\"widget\" data-widget_type=\"image.default\">\n\t\t\t\t<div class=\"elementor-widget-container\">\n\t\t\t\t\t\t\t\t\t\t\t\t\t\t\t<img decoding=\"async\" width=\"576\" height=\"576\" src=\"https:\/\/miritglas.com\/wp-content\/uploads\/2023\/08\/tekniskglas-1.jpg\" class=\"attachment-large size-large wp-image-2135\" alt=\"teknisk glas er et s\u00e6rligt glas. Sikkerheden er i top. Glas til produkter, ikke produktion.\" srcset=\"https:\/\/miritglas.com\/wp-content\/uploads\/2023\/08\/tekniskglas-1.jpg 576w, https:\/\/miritglas.com\/wp-content\/uploads\/2023\/08\/tekniskglas-1-300x300.jpg 300w, https:\/\/miritglas.com\/wp-content\/uploads\/2023\/08\/tekniskglas-1-150x150.jpg 150w\" sizes=\"(max-width: 576px) 100vw, 576px\" title=\"\">\t\t\t\t\t\t\t\t\t\t\t\t\t\t\t<\/div>\n\t\t\t\t<\/div>\n\t\t\t\t<\/div>\n\t\t\t\t\t<\/div>\n\t\t\t\t<\/div>\n\t\t<div class=\"elementor-element elementor-element-3de65dd6 e-flex e-con-boxed e-con e-parent\" data-id=\"3de65dd6\" data-element_type=\"container\" data-e-type=\"container\" data-settings=\"{&quot;background_background&quot;:&quot;classic&quot;}\">\n\t\t\t\t\t<div class=\"e-con-inner\">\n\t\t<div class=\"elementor-element elementor-element-12760108 e-con-full e-flex e-con e-child\" data-id=\"12760108\" data-element_type=\"container\" data-e-type=\"container\">\n\t\t\t\t<div class=\"elementor-element elementor-element-44118dda elementor-widget elementor-widget-text-editor\" data-id=\"44118dda\" data-element_type=\"widget\" data-e-type=\"widget\" data-widget_type=\"text-editor.default\">\n\t\t\t\t<div class=\"elementor-widget-container\">\n\t\t\t\t\t\t\t\t\t<h3>Vi finder den rette l\u00f8sning til dig<\/h3><p>N\u00e5r vi hj\u00e6lper vores kunder med at finde den rigtige l\u00f8sning, vurderer vi ud fra brugsspecifikationen, hvilke egenskaber, der er behov for:<\/p><h4>Mekaniske og Optiske egenskaber ved teknisk glas<\/h4><p>Glassets styrke og fleksibilitet kan \u00f8ges ved h\u00e6rdning (se eventuelt h\u00e6rdet glas og kemisk h\u00e6rdet glas)<\/p><p>Transmission af b\u00f8lgel\u00e6ngder. Det kan b\u00e5de v\u00e6re blokering og fremh\u00e6velse. Herunder IR- og UV-b\u00f8lgel\u00e6ngder, anti-refleksglas, specialslebet glas eller glas til at d\u00e6mpe radioaktive str\u00e5ler som eksempelvis blyglas g\u00f8r.<\/p><h4>Kemiske og elektriske egenskaber<\/h4><p>Hvad glasset skal kunne t\u00e5le af f.eks. st\u00e6rke kemikalier.<\/p><p>De fleste glastyper kan anvendes som elektriske isolatorer, og med visse coatninger kan man dog ogs\u00e5 bruge glasset som elektrisk leder.<\/p>\t\t\t\t\t\t\t\t<\/div>\n\t\t\t\t<\/div>\n\t\t\t\t<\/div>\n\t\t\t\t\t<\/div>\n\t\t\t\t<\/div>\n\t\t<div class=\"elementor-element elementor-element-21990917 e-flex e-con-boxed e-con e-parent\" data-id=\"21990917\" data-element_type=\"container\" data-e-type=\"container\" data-settings=\"{&quot;background_background&quot;:&quot;classic&quot;}\">\n\t\t\t\t\t<div class=\"e-con-inner\">\n\t\t<div class=\"elementor-element elementor-element-67a3c39c e-con-full e-flex e-con e-child\" data-id=\"67a3c39c\" data-element_type=\"container\" data-e-type=\"container\">\n\t\t\t\t<div class=\"elementor-element elementor-element-23a1171f elementor-widget elementor-widget-text-editor\" data-id=\"23a1171f\" data-element_type=\"widget\" data-e-type=\"widget\" data-widget_type=\"text-editor.default\">\n\t\t\t\t<div class=\"elementor-widget-container\">\n\t\t\t\t\t\t\t\t\t<h3>Mange muligheder<\/h3><p>Der er mange muligheder indenfor teknisk glas. F.eks.:<\/p>\t\t\t\t\t\t\t\t<\/div>\n\t\t\t\t<\/div>\n\t\t\t\t<div class=\"elementor-element elementor-element-5bb4d02d elementor-widget elementor-widget-text-editor\" data-id=\"5bb4d02d\" data-element_type=\"widget\" data-e-type=\"widget\" data-widget_type=\"text-editor.default\">\n\t\t\t\t<div class=\"elementor-widget-container\">\n\t\t\t\t\t\t\t\t\t<ul><li><a href=\"https:\/\/miritglas.com\/da\/produkter\/kvartsglas\/\">Kvartsglas<\/a><\/li><li>Antirefleksglas med coatet overflade eller ultra-fin brudt overflade<\/li><li><a href=\"https:\/\/miritglas.com\/da\/raavarer\/\">Ultra tyndt\/tykt glas<\/a><\/li><li><a href=\"https:\/\/miritglas.com\/da\/produkter\/germanium-glas\/\">Germanium-glas<\/a><\/li><li><a href=\"https:\/\/miritglas.com\/da\/produkter\/displayglas\/\">Instrumentglas<\/a><\/li><li><a href=\"https:\/\/miritglas.com\/da\/raavarer\/\">Farvet glas<\/a><\/li><li><a href=\"https:\/\/miritglas.com\/da\/produkter\/displayglas\/\">Displayglas m.m.<\/a><\/li><\/ul>\t\t\t\t\t\t\t\t<\/div>\n\t\t\t\t<\/div>\n\t\t\t\t<div class=\"elementor-element elementor-element-425398db elementor-widget elementor-widget-text-editor\" data-id=\"425398db\" data-element_type=\"widget\" data-e-type=\"widget\" data-widget_type=\"text-editor.default\">\n\t\t\t\t<div class=\"elementor-widget-container\">\n\t\t\t\t\t\t\t\t\t<p>Disse glasr\u00e5vare-typer har Mirit Glas som fast hyldevare p\u00e5 vores lager. L\u00e6s mere om vores glasr\u00e5varer <a href=\"https:\/\/miritglas.com\/da\/raavarer\/\">her<\/a>.<\/p>\t\t\t\t\t\t\t\t<\/div>\n\t\t\t\t<\/div>\n\t\t\t\t<\/div>\n\t\t\t\t\t<\/div>\n\t\t\t\t<\/div>\n\t\t\t\t<\/div>\n\t\t","protected":false},"featured_media":337,"template":"","class_list":["post-305","product","type-product","status-publish","has-post-thumbnail","hentry"],"acf":[],"_links":{"self":[{"href":"https:\/\/miritglas.com\/da\/wp-json\/wp\/v2\/product\/305","targetHints":{"allow":["GET"]}}],"collection":[{"href":"https:\/\/miritglas.com\/da\/wp-json\/wp\/v2\/product"}],"about":[{"href":"https:\/\/miritglas.com\/da\/wp-json\/wp\/v2\/types\/product"}],"version-history":[{"count":23,"href":"https:\/\/miritglas.com\/da\/wp-json\/wp\/v2\/product\/305\/revisions"}],"predecessor-version":[{"id":5675,"href":"https:\/\/miritglas.com\/da\/wp-json\/wp\/v2\/product\/305\/revisions\/5675"}],"wp:featuredmedia":[{"embeddable":true,"href":"https:\/\/miritglas.com\/da\/wp-json\/wp\/v2\/media\/337"}],"wp:attachment":[{"href":"https:\/\/miritglas.com\/da\/wp-json\/wp\/v2\/media?parent=305"}],"curies":[{"name":"wp","href":"https:\/\/api.w.org\/{rel}","templated":true}]}}