{"id":303,"date":"2023-08-09T11:30:33","date_gmt":"2023-08-09T09:30:33","guid":{"rendered":"https:\/\/miritglas.com\/?post_type=product&#038;p=303"},"modified":"2025-12-05T13:23:02","modified_gmt":"2025-12-05T12:23:02","slug":"sikkerhedsglas","status":"publish","type":"product","link":"https:\/\/miritglas.com\/da\/produkter\/sikkerhedsglas\/","title":{"rendered":"Sikkerhedsglas"},"content":{"rendered":"\t\t<div data-elementor-type=\"wp-post\" data-elementor-id=\"303\" class=\"elementor elementor-303\" data-elementor-post-type=\"product\">\n\t\t\t\t<div class=\"elementor-element elementor-element-75ac5cb7 e-flex e-con-boxed e-con e-parent\" data-id=\"75ac5cb7\" data-element_type=\"container\" data-e-type=\"container\">\n\t\t\t\t\t<div class=\"e-con-inner\">\n\t\t<div class=\"elementor-element elementor-element-57e30329 e-con-full e-flex e-con e-parent\" data-id=\"57e30329\" data-element_type=\"container\" data-e-type=\"container\">\n\t\t\t\t<div class=\"elementor-element elementor-element-6434f432 elementor-widget elementor-widget-text-editor\" data-id=\"6434f432\" data-element_type=\"widget\" data-e-type=\"widget\" data-widget_type=\"text-editor.default\">\n\t\t\t\t<div class=\"elementor-widget-container\">\n\t\t\t\t\t\t\t\t\t<h2>Sikkerhedsglas \u2013 det h\u00e5rdf\u00f8re produkt, der bruges til beskyttelse af mennesker<\/h2><p>Mirit Glas leverer sikkerhedsglas og beskyttelsesglas til industrien i mange forskellige udformninger. Sikkerhedsglas b\u00f8r bruges alle steder, hvor mennesker ellers ville kunne komme til skade, hvis et glas skulle g\u00e5 itu. Sikkerhedsglas er alts\u00e5 det rette produkt til brug i f.eks. biler, maskiner, v\u00e6gge, d\u00f8re eller brusekabiner.<\/p><p>Det kan ogs\u00e5 bruges til forskellige former for afsk\u00e6rmning, hvor der bruges glas til beskyttelse. Derudover kan lamineret sikkerhedsglas ogs\u00e5 bruges til at holde u\u00f8nskede elementer ude, fordi det er s\u00e5 modstandsdygtigt og sv\u00e6rere at bryde igennem p\u00e5 grund af sikkerhedsglassets lagkonstruktion.<\/p>\t\t\t\t\t\t\t\t<\/div>\n\t\t\t\t<\/div>\n\t\t\t\t<div class=\"elementor-element elementor-element-4691a104 elementor-widget elementor-widget-button\" data-id=\"4691a104\" data-element_type=\"widget\" data-e-type=\"widget\" data-widget_type=\"button.default\">\n\t\t\t\t<div class=\"elementor-widget-container\">\n\t\t\t\t\t\t\t\t\t<div class=\"elementor-button-wrapper\">\n\t\t\t\t\t<a class=\"elementor-button elementor-button-link elementor-size-md\" href=\"https:\/\/miritglas.com\/da\/kontakt-os\/\">\n\t\t\t\t\t\t<span class=\"elementor-button-content-wrapper\">\n\t\t\t\t\t\t\t\t\t<span class=\"elementor-button-text\">Kontakt os i dag<\/span>\n\t\t\t\t\t<\/span>\n\t\t\t\t\t<\/a>\n\t\t\t\t<\/div>\n\t\t\t\t\t\t\t\t<\/div>\n\t\t\t\t<\/div>\n\t\t\t\t<\/div>\n\t\t<div class=\"elementor-element elementor-element-68c3adc1 e-con-full e-flex e-con e-parent\" data-id=\"68c3adc1\" data-element_type=\"container\" data-e-type=\"container\">\n\t\t\t\t<div class=\"elementor-element elementor-element-3a98f390 elementor-absolute elementor-widget elementor-widget-image\" data-id=\"3a98f390\" data-element_type=\"widget\" data-e-type=\"widget\" data-settings=\"{&quot;_position&quot;:&quot;absolute&quot;}\" data-widget_type=\"image.default\">\n\t\t\t\t<div class=\"elementor-widget-container\">\n\t\t\t\t\t\t\t\t\t\t\t\t\t\t\t<img fetchpriority=\"high\" decoding=\"async\" width=\"230\" height=\"230\" src=\"https:\/\/miritglas.com\/wp-content\/uploads\/2023\/08\/logo-icon.png\" class=\"attachment-medium size-medium wp-image-166\" alt=\"Mirit glas logo. Nordens foretrukne glasleverand\u00f8r \u2013 vi fremstiller efter individuelle behov\" srcset=\"https:\/\/miritglas.com\/wp-content\/uploads\/2023\/08\/logo-icon.png 230w, https:\/\/miritglas.com\/wp-content\/uploads\/2023\/08\/logo-icon-150x150.png 150w\" sizes=\"(max-width: 230px) 100vw, 230px\" title=\"\">\t\t\t\t\t\t\t\t\t\t\t\t\t\t\t<\/div>\n\t\t\t\t<\/div>\n\t\t<div class=\"elementor-element elementor-element-300d2e0e e-flex e-con-boxed e-con e-parent\" data-id=\"300d2e0e\" data-element_type=\"container\" data-e-type=\"container\" data-settings=\"{&quot;background_background&quot;:&quot;classic&quot;}\">\n\t\t\t\t\t<div class=\"e-con-inner\">\n\t\t\t\t<div class=\"elementor-element elementor-element-6d1a672 elementor-widget elementor-widget-text-editor\" data-id=\"6d1a672\" data-element_type=\"widget\" data-e-type=\"widget\" data-widget_type=\"text-editor.default\">\n\t\t\t\t<div class=\"elementor-widget-container\">\n\t\t\t\t\t\t\t\t\t<h4 class=\"p1\">EGENSKABER VED SIKKERHEDSGLAS<\/h4><ul><li class=\"p1\">Benyttes som beskyttelsesglas<\/li><li class=\"p1\">Nedsat risiko for personfare ved br\u00e6kage<\/li><li class=\"p1\">Meget modstandsdygtigt<\/li><li class=\"p1\">Kan benyttes til skudsikre glas<\/li><li class=\"p1\">Lydisolerende effekt<\/li><li class=\"p1\">Blokerer for 99 % af solens UV-str\u00e5ler<\/li><\/ul><h4>TRE\u00a0 TYPER SIKKERHEDSGLAS<\/h4><p>Sikkerhedsglas findes i tre udgaver; h\u00e6rdet glas, lamineret glas samt h\u00e6rdet lamineret glas. Du kan l\u00e6se mere om forskellene p\u00e5 de tre glastyper herunder.<\/p>\t\t\t\t\t\t\t\t<\/div>\n\t\t\t\t<\/div>\n\t\t\t\t\t<\/div>\n\t\t\t\t<\/div>\n\t\t\t\t<\/div>\n\t\t\t\t\t<\/div>\n\t\t\t\t<\/div>\n\t\t<div class=\"elementor-element elementor-element-58a2e3c4 e-flex e-con-boxed e-con e-parent\" data-id=\"58a2e3c4\" data-element_type=\"container\" data-e-type=\"container\" data-settings=\"{&quot;background_background&quot;:&quot;classic&quot;}\">\n\t\t\t\t\t<div class=\"e-con-inner\">\n\t\t<div class=\"elementor-element elementor-element-e80e9d9 e-con-full e-flex e-con e-parent\" data-id=\"e80e9d9\" data-element_type=\"container\" data-e-type=\"container\">\n\t\t\t\t<div class=\"elementor-element elementor-element-58bfe693 elementor-widget elementor-widget-image\" data-id=\"58bfe693\" data-element_type=\"widget\" data-e-type=\"widget\" data-widget_type=\"image.default\">\n\t\t\t\t<div class=\"elementor-widget-container\">\n\t\t\t\t\t\t\t\t\t\t\t\t\t\t\t<img decoding=\"async\" width=\"575\" height=\"604\" src=\"https:\/\/miritglas.com\/wp-content\/uploads\/2023\/08\/haerdet-sikkerhedsglas.png\" class=\"attachment-large size-large wp-image-2119\" alt=\"h\u00e6rdet sikkerhedsglas og beskyttelsesglas fra mirit glas - bruges ogs\u00e5 til skueglas. Mirit Glas | Leverand\u00f8r af teknisk industriglas, der fremstilles efter m\u00e5l med fokus p\u00e5 h\u00f8j temperaturbestandighed, kemisk resistens, pr\u00e6cision i sk\u00e6ring og tilpasning, og l\u00f8sninger i kvartsglas, borosilikatglas, h\u00e6rdet glas og safirglas til industri, laboratorier, marine og maskinapplikationer, vist i et visuelt banner med klare materialer, rene linjer og fokus p\u00e5 funktionalitet og specialfremstillede komponenter. Sikkerhedsglas | Lamineret eller h\u00e6rdet glas med h\u00f8j mekanisk styrke, designet til personsikkerhed ved brud, hvor glasfragmenter enten bliver til sm\u00e5 ufarlige stykker (h\u00e6rdet glas) eller holdes sammen af plastfolie mellem lagene (lamineret glas), b\u00e5de slag- og trykbestandigt, velegnet til d\u00f8re, vinduer, facader, glasv\u00e6gge, brusekabiner og byggeri hvor sikkerhed er vigtig.\" srcset=\"https:\/\/miritglas.com\/wp-content\/uploads\/2023\/08\/haerdet-sikkerhedsglas.png 575w, https:\/\/miritglas.com\/wp-content\/uploads\/2023\/08\/haerdet-sikkerhedsglas-286x300.png 286w\" sizes=\"(max-width: 575px) 100vw, 575px\" title=\"\">\t\t\t\t\t\t\t\t\t\t\t\t\t\t\t<\/div>\n\t\t\t\t<\/div>\n\t\t\t\t<\/div>\n\t\t<div class=\"elementor-element elementor-element-21f70f0e e-con-full e-flex e-con e-parent\" data-id=\"21f70f0e\" data-element_type=\"container\" data-e-type=\"container\">\n\t\t\t\t<div class=\"elementor-element elementor-element-77da72be elementor-widget elementor-widget-text-editor\" data-id=\"77da72be\" data-element_type=\"widget\" data-e-type=\"widget\" data-widget_type=\"text-editor.default\">\n\t\t\t\t<div class=\"elementor-widget-container\">\n\t\t\t\t\t\t\t\t\t<h3>H\u00e6rdet sikkerhedsglas<\/h3><p>Sikkerhedsglas og beskyttelsesglas kan blandt andet fremstilles som h\u00e6rdet glas. H\u00e6rdet glas er 4-6 gange st\u00e6rkere end almindeligt glas og granulerer i sm\u00e5 uskarpe stykker ved br\u00e6kage. Det er disse sm\u00e5 uskarpe granulater som g\u00f8r, at h\u00e6rdet glas bliver kategoriseret som et sikkerhedsglas. Knusning af almindeligt glas vil medf\u00f8re personfare, fordi det brydes i fragmenter, der er enormt skarpe.<\/p><p>Uh\u00e6rdet glas er v\u00e6sentligt mere s\u00e5rbart over for tr\u00e6k end tryk og revner oftest fra overfladen. Da h\u00e6rdet glas er forsp\u00e6ndt med tryksp\u00e6ndinger i overfladen, udskydes det kritiske punkt for tr\u00e6ksp\u00e6ndinger. Dermed skal der st\u00f8rre tryk til for at \u00f8del\u00e6gge glasset.<\/p><p><a href=\"https:\/\/miritglas.com\/da\/produkter\/haerdet-glas\/\">Du kan l\u00e6se mere om h\u00e6rdet glas her.<\/a><\/p><p>Kontakt os for at h\u00f8re mere om, hvordan sikkerhedsglas kan v\u00e6re en god l\u00f8sning for dig.<\/p>\t\t\t\t\t\t\t\t<\/div>\n\t\t\t\t<\/div>\n\t\t\t\t<div class=\"elementor-element elementor-element-34c40b66 elementor-widget elementor-widget-button\" data-id=\"34c40b66\" data-element_type=\"widget\" data-e-type=\"widget\" data-widget_type=\"button.default\">\n\t\t\t\t<div class=\"elementor-widget-container\">\n\t\t\t\t\t\t\t\t\t<div class=\"elementor-button-wrapper\">\n\t\t\t\t\t<a class=\"elementor-button elementor-button-link elementor-size-md\" href=\"https:\/\/miritglas.com\/da\/kontakt-os\/\">\n\t\t\t\t\t\t<span class=\"elementor-button-content-wrapper\">\n\t\t\t\t\t\t\t\t\t<span class=\"elementor-button-text\">Kontakt os i dag<\/span>\n\t\t\t\t\t<\/span>\n\t\t\t\t\t<\/a>\n\t\t\t\t<\/div>\n\t\t\t\t\t\t\t\t<\/div>\n\t\t\t\t<\/div>\n\t\t\t\t<\/div>\n\t\t\t\t\t<\/div>\n\t\t\t\t<\/div>\n\t\t<div class=\"elementor-element elementor-element-0d53ab5 e-flex e-con-boxed e-con e-parent\" data-id=\"0d53ab5\" data-element_type=\"container\" data-e-type=\"container\">\n\t\t\t\t\t<div class=\"e-con-inner\">\n\t\t<div class=\"elementor-element elementor-element-0303efe e-con-full e-flex e-con e-parent\" data-id=\"0303efe\" data-element_type=\"container\" data-e-type=\"container\">\n\t\t\t\t<div class=\"elementor-element elementor-element-b120457 elementor-widget elementor-widget-text-editor\" data-id=\"b120457\" data-element_type=\"widget\" data-e-type=\"widget\" data-widget_type=\"text-editor.default\">\n\t\t\t\t<div class=\"elementor-widget-container\">\n\t\t\t\t\t\t\t\t\t<h3>Lamineret sikkerhedsglas<\/h3><p>Sikkerhedsglas kan ogs\u00e5 produceres med lamineret glas. Lamineret glas brydes ligesom almindeligt glas \u2013 men p\u00e5 grund af laminatet bliver stykkerne ved med at h\u00e6nge sammen i stedet for at flyve til alle sider. Det er denne egenskab, der g\u00f8r lamineret glas til beskyttelsesglas.<\/p><p>Almindeligt lamineret glas best\u00e5r af to stykker glas med typisk 0,38 mm folie imellem. Og det er netop dette folie, der holder glasstykkerne samlet i et lamineret sikkerhedsglas, hvis det skulle g\u00e5 i stykker. Lamineret glas findes som standardtavler i forskellige tykkelser, men man kan ogs\u00e5 folielaminere to udsk\u00e5rne stykker glas sammen. Her er det muligt at l\u00e6gge flere folier mellem glassene og derved styrke glasset yderligere. Man kan \u00f8ge antallet af b\u00e5de glas og folier. Det er f.eks. denne metode, der bruges til at lave skudsikre glas. Laminatet, der bruges til almindeligt lamineret glas t\u00e5ler op til ca. 70\u00b0C. Endelig har lamineret glas en lydisolerende effekt samt blokerer for 99 % af solens UV-str\u00e5ler.<\/p><p>Kontakt Mirit Glas for mere information om forskellige former for sikkerhedsglas til beskyttelse.<\/p>\t\t\t\t\t\t\t\t<\/div>\n\t\t\t\t<\/div>\n\t\t\t\t<div class=\"elementor-element elementor-element-a062782 elementor-widget elementor-widget-button\" data-id=\"a062782\" data-element_type=\"widget\" data-e-type=\"widget\" data-widget_type=\"button.default\">\n\t\t\t\t<div class=\"elementor-widget-container\">\n\t\t\t\t\t\t\t\t\t<div class=\"elementor-button-wrapper\">\n\t\t\t\t\t<a class=\"elementor-button elementor-button-link elementor-size-md\" href=\"https:\/\/miritglas.com\/da\/kontakt-os\/\">\n\t\t\t\t\t\t<span class=\"elementor-button-content-wrapper\">\n\t\t\t\t\t\t\t\t\t<span class=\"elementor-button-text\">Kontakt os i dag<\/span>\n\t\t\t\t\t<\/span>\n\t\t\t\t\t<\/a>\n\t\t\t\t<\/div>\n\t\t\t\t\t\t\t\t<\/div>\n\t\t\t\t<\/div>\n\t\t\t\t<\/div>\n\t\t<div class=\"elementor-element elementor-element-a4e1436 e-con-full e-flex e-con e-parent\" data-id=\"a4e1436\" data-element_type=\"container\" data-e-type=\"container\">\n\t\t\t\t<div class=\"elementor-element elementor-element-d109e5a elementor-absolute elementor-widget elementor-widget-image\" data-id=\"d109e5a\" data-element_type=\"widget\" data-e-type=\"widget\" data-settings=\"{&quot;_position&quot;:&quot;absolute&quot;}\" data-widget_type=\"image.default\">\n\t\t\t\t<div class=\"elementor-widget-container\">\n\t\t\t\t\t\t\t\t\t\t\t\t\t\t\t<img fetchpriority=\"high\" decoding=\"async\" width=\"230\" height=\"230\" src=\"https:\/\/miritglas.com\/wp-content\/uploads\/2023\/08\/logo-icon.png\" class=\"attachment-medium size-medium wp-image-166\" alt=\"Mirit glas logo. Nordens foretrukne glasleverand\u00f8r \u2013 vi fremstiller efter individuelle behov\" srcset=\"https:\/\/miritglas.com\/wp-content\/uploads\/2023\/08\/logo-icon.png 230w, https:\/\/miritglas.com\/wp-content\/uploads\/2023\/08\/logo-icon-150x150.png 150w\" sizes=\"(max-width: 230px) 100vw, 230px\" title=\"\">\t\t\t\t\t\t\t\t\t\t\t\t\t\t\t<\/div>\n\t\t\t\t<\/div>\n\t\t<div class=\"elementor-element elementor-element-3eba4a9 e-flex e-con-boxed e-con e-parent\" data-id=\"3eba4a9\" data-element_type=\"container\" data-e-type=\"container\" data-settings=\"{&quot;background_background&quot;:&quot;classic&quot;}\">\n\t\t\t\t\t<div class=\"e-con-inner\">\n\t\t\t\t<div class=\"elementor-element elementor-element-4039a15 elementor-widget elementor-widget-text-editor\" data-id=\"4039a15\" data-element_type=\"widget\" data-e-type=\"widget\" data-widget_type=\"text-editor.default\">\n\t\t\t\t<div class=\"elementor-widget-container\">\n\t\t\t\t\t\t\t\t\t<h4 class=\"p1\">H\u00c6RDET LAMINERET SIKKERHEDSGLAS<\/h4><p>For at opn\u00e5 den st\u00e6rkeste l\u00f8sning af de forskellige muligheder, skal man kombinere de to typer sikkerhedsglas og lave et glas, der er b\u00e5de h\u00e6rdet og lamineret. Dette glas har nemlig alle de bedste egenskaber fra de to andre typer sikkerhedsglas: Selve glasset er styrket af h\u00e6rdningen, og laminatet sikrer, at glasset stadig h\u00e6nger sammen, s\u00e5fremt det g\u00e5r i stykker.<\/p>\t\t\t\t\t\t\t\t<\/div>\n\t\t\t\t<\/div>\n\t\t\t\t\t<\/div>\n\t\t\t\t<\/div>\n\t\t\t\t<\/div>\n\t\t\t\t\t<\/div>\n\t\t\t\t<\/div>\n\t\t\t\t<\/div>\n\t\t","protected":false},"featured_media":2119,"template":"","class_list":["post-303","product","type-product","status-publish","has-post-thumbnail","hentry"],"acf":[],"_links":{"self":[{"href":"https:\/\/miritglas.com\/da\/wp-json\/wp\/v2\/product\/303","targetHints":{"allow":["GET"]}}],"collection":[{"href":"https:\/\/miritglas.com\/da\/wp-json\/wp\/v2\/product"}],"about":[{"href":"https:\/\/miritglas.com\/da\/wp-json\/wp\/v2\/types\/product"}],"version-history":[{"count":6,"href":"https:\/\/miritglas.com\/da\/wp-json\/wp\/v2\/product\/303\/revisions"}],"predecessor-version":[{"id":6216,"href":"https:\/\/miritglas.com\/da\/wp-json\/wp\/v2\/product\/303\/revisions\/6216"}],"wp:featuredmedia":[{"embeddable":true,"href":"https:\/\/miritglas.com\/da\/wp-json\/wp\/v2\/media\/2119"}],"wp:attachment":[{"href":"https:\/\/miritglas.com\/da\/wp-json\/wp\/v2\/media?parent=303"}],"curies":[{"name":"wp","href":"https:\/\/api.w.org\/{rel}","templated":true}]}}