{"id":301,"date":"2023-08-09T11:30:22","date_gmt":"2023-08-09T09:30:22","guid":{"rendered":"https:\/\/miritglas.com\/?post_type=product&#038;p=301"},"modified":"2025-12-05T13:20:06","modified_gmt":"2025-12-05T12:20:06","slug":"lamineret-glas","status":"publish","type":"product","link":"https:\/\/miritglas.com\/da\/produkter\/lamineret-glas\/","title":{"rendered":"Lamineret Glas"},"content":{"rendered":"\t\t<div data-elementor-type=\"wp-post\" data-elementor-id=\"301\" class=\"elementor elementor-301\" data-elementor-post-type=\"product\">\n\t\t\t\t<div class=\"elementor-element elementor-element-6835307 e-flex e-con-boxed e-con e-parent\" data-id=\"6835307\" data-element_type=\"container\" data-e-type=\"container\">\n\t\t\t\t\t<div class=\"e-con-inner\">\n\t\t<div class=\"elementor-element elementor-element-42d6c30f e-con-full e-flex e-con e-child\" data-id=\"42d6c30f\" data-element_type=\"container\" data-e-type=\"container\">\n\t\t\t\t<div class=\"elementor-element elementor-element-5d887d41 elementor-widget elementor-widget-text-editor\" data-id=\"5d887d41\" data-element_type=\"widget\" data-e-type=\"widget\" data-widget_type=\"text-editor.default\">\n\t\t\t\t<div class=\"elementor-widget-container\">\n\t\t\t\t\t\t\t\t\t<h2>Lamineret glas har mange egenskaber<\/h2><p><strong>Lamineret glas bruges ofte til glasl\u00f8sninger, hvor glasset skal have ekstra egenskaber. Det kan v\u00e6re sikkerhedsglas i en produktion,\u00a0<a href=\"https:\/\/miritglas.com\/da\/produkter\/skueglas\/\">skueglas<\/a>, der skal have forskellige egenskaber p\u00e5 hver side af glasset eller glas, der har lydisolerende egenskaber.<\/strong><\/p><p>Mirit Glas fremstiller lamineret glas, som er tilpasset vore kunders behov og \u00f8nsker. Derfor leverer vi til mange forskellige professionelle l\u00f8sninger. Det kan v\u00e6re laminerede glas, der skal bruges som\u00a0<a href=\"https:\/\/miritglas.com\/da\/produkter\/sikkerhedsglas\/\">sikkerhedsgla<\/a>s i en produktion. Eller det kan v\u00e6re et lamineret glas med\u00a0<a href=\"https:\/\/miritglas.com\/da\/produkter\/el-varmeruder\/\">indlagt varme<\/a>, som g\u00f8r det muligt at overskue en proces med store temperaturforskelle.<\/p><p>Helt centralt er, at vi hos Mirit Glas kan fremstille lamineret glas, der er tilpasset kundens l\u00f8sning. Vi laver b\u00e5de glas til prototyper og i st\u00f8rre serieproduktioner. Vores kunder kommer fra en bred r\u00e6kke at brancher. Vi leverer til olieindustrien, skibsv\u00e6rfter, f\u00f8devarevirksomheder, medicovirksomheder, arkitekter og producenter af produktionsanl\u00e6g bare for at n\u00e6vne nogle. Vi leverer ogs\u00e5 til sm\u00e5 virksomheder, der skal bruge bare et enkelt glas eller to.<\/p><p>Vi er eksperter i lamineret glas til virksomheder. Kontakt os for en l\u00f8sning.<\/p>\t\t\t\t\t\t\t\t<\/div>\n\t\t\t\t<\/div>\n\t\t\t\t<div class=\"elementor-element elementor-element-4eeeac27 elementor-widget elementor-widget-button\" data-id=\"4eeeac27\" data-element_type=\"widget\" data-e-type=\"widget\" data-widget_type=\"button.default\">\n\t\t\t\t<div class=\"elementor-widget-container\">\n\t\t\t\t\t\t\t\t\t<div class=\"elementor-button-wrapper\">\n\t\t\t\t\t<a class=\"elementor-button elementor-button-link elementor-size-md\" href=\"https:\/\/miritglas.com\/da\/kontakt-os\/\">\n\t\t\t\t\t\t<span class=\"elementor-button-content-wrapper\">\n\t\t\t\t\t\t\t\t\t<span class=\"elementor-button-text\">Kontakt os i dag<\/span>\n\t\t\t\t\t<\/span>\n\t\t\t\t\t<\/a>\n\t\t\t\t<\/div>\n\t\t\t\t\t\t\t\t<\/div>\n\t\t\t\t<\/div>\n\t\t\t\t<\/div>\n\t\t<div class=\"elementor-element elementor-element-6dfdabce e-con-full e-flex e-con e-child\" data-id=\"6dfdabce\" data-element_type=\"container\" data-e-type=\"container\">\n\t\t\t\t<div class=\"elementor-element elementor-element-644476b5 elementor-absolute elementor-widget elementor-widget-image\" data-id=\"644476b5\" data-element_type=\"widget\" data-e-type=\"widget\" data-settings=\"{&quot;_position&quot;:&quot;absolute&quot;}\" data-widget_type=\"image.default\">\n\t\t\t\t<div class=\"elementor-widget-container\">\n\t\t\t\t\t\t\t\t\t\t\t\t\t\t\t<img fetchpriority=\"high\" decoding=\"async\" width=\"230\" height=\"230\" src=\"https:\/\/miritglas.com\/wp-content\/uploads\/2023\/08\/logo-icon.png\" class=\"attachment-medium size-medium wp-image-166\" alt=\"Mirit glas logo. Nordens foretrukne glasleverand\u00f8r \u2013 vi fremstiller efter individuelle behov\" srcset=\"https:\/\/miritglas.com\/wp-content\/uploads\/2023\/08\/logo-icon.png 230w, https:\/\/miritglas.com\/wp-content\/uploads\/2023\/08\/logo-icon-150x150.png 150w\" sizes=\"(max-width: 230px) 100vw, 230px\" title=\"\">\t\t\t\t\t\t\t\t\t\t\t\t\t\t\t<\/div>\n\t\t\t\t<\/div>\n\t\t\t\t<div class=\"elementor-element elementor-element-35d5e620 elementor-widget elementor-widget-image\" data-id=\"35d5e620\" data-element_type=\"widget\" data-e-type=\"widget\" data-widget_type=\"image.default\">\n\t\t\t\t<div class=\"elementor-widget-container\">\n\t\t\t\t\t\t\t\t\t\t\t\t<figure class=\"wp-caption\">\n\t\t\t\t\t\t\t\t\t\t<img decoding=\"async\" src=\"https:\/\/miritglas.com\/wp-content\/uploads\/elementor\/thumbs\/vakuumlaminering-6-4-qbhc4c6a4oy8kzz07hzlqjzhb3ecsjqizkk6slhmk0.jpg\" title=\"Lamineret glas. To glasplader lamineres sammen ved hj\u00e6lp af vakuum.\" alt=\"Lamineret glas. To glasplader lamineres sammen ved hj\u00e6lp af vakuum.\" loading=\"lazy\" \/>\t\t\t\t\t\t\t\t\t\t\t<figcaption class=\"widget-image-caption wp-caption-text\">Lamineret glas. To glasplader lamineres sammen ved hj\u00e6lp af vakuum.<\/figcaption>\n\t\t\t\t\t\t\t\t\t\t<\/figure>\n\t\t\t\t\t\t\t\t\t<\/div>\n\t\t\t\t<\/div>\n\t\t\t\t<\/div>\n\t\t\t\t\t<\/div>\n\t\t\t\t<\/div>\n\t\t<div class=\"elementor-element elementor-element-1c100d3 e-flex e-con-boxed e-con e-parent\" data-id=\"1c100d3\" data-element_type=\"container\" data-e-type=\"container\" data-settings=\"{&quot;background_background&quot;:&quot;classic&quot;}\">\n\t\t\t\t\t<div class=\"e-con-inner\">\n\t\t<div class=\"elementor-element elementor-element-d5fe95a e-con-full e-flex e-con e-child\" data-id=\"d5fe95a\" data-element_type=\"container\" data-e-type=\"container\">\n\t\t\t\t<div class=\"elementor-element elementor-element-5dae4267 elementor-widget elementor-widget-image\" data-id=\"5dae4267\" data-element_type=\"widget\" data-e-type=\"widget\" data-widget_type=\"image.default\">\n\t\t\t\t<div class=\"elementor-widget-container\">\n\t\t\t\t\t\t\t\t\t\t\t\t\t\t\t<img decoding=\"async\" src=\"https:\/\/miritglas.com\/wp-content\/uploads\/elementor\/thumbs\/mirit-lamineret-qbhc8n9ngcujsnpq1v11nyujbo5x2lu8kw7az93o1c.jpg\" title=\"Lamineret glas fra Mirit Glas\" alt=\"mirit glas fremstiller lamineret glas til beskyttelse og andet i erhverv og industri. Lamineret glas fra Mirit Glas best\u00e5ende af to eller flere glaslag bundet sammen med en PVB-film, som sikrer h\u00f8j sikkerhed, brudfasthed og lydreduktion. Glasset anvendes i facader, d\u00f8re, skillev\u00e6gge og vinduer, hvor styrke, sikkerhed og visuel klarhed er afg\u00f8rende. Safety laminated glass by Mirit Glas, constructed with multiple glass layers bonded by a PVB interlayer to enhance strength, reduce noise, and improve impact resistance. Suitable for facades, partitions, and windows where protection, clarity, and acoustic performance matter. Lamineret glas | Flerlags sikkerhedsglas best\u00e5ende af to eller flere glaslag forbundet med en robust plastfolie (f.eks. PVB\/EVA), designet til at holde glassk\u00e5r sammen ved brud, forbedre lydisolering, blokere UV-str\u00e5ling og give \u00f8get sikkerhed og strukturel styrke i d\u00f8re, vinduer, facader, glastage, glasv\u00e6gge og specialglas-l\u00f8sninger.\" loading=\"lazy\" \/>\t\t\t\t\t\t\t\t\t\t\t\t\t\t\t<\/div>\n\t\t\t\t<\/div>\n\t\t\t\t<\/div>\n\t\t<div class=\"elementor-element elementor-element-1032910c e-con-full e-flex e-con e-child\" data-id=\"1032910c\" data-element_type=\"container\" data-e-type=\"container\">\n\t\t\t\t<div class=\"elementor-element elementor-element-3132574f elementor-widget elementor-widget-text-editor\" data-id=\"3132574f\" data-element_type=\"widget\" data-e-type=\"widget\" data-widget_type=\"text-editor.default\">\n\t\t\t\t<div class=\"elementor-widget-container\">\n\t\t\t\t\t\t\t\t\t<h3>Hvad er lamineret glas?<\/h3><p>Lamineret glas best\u00e5r af to eller flere lag glas, som er lagt sammen med mellemlag af en folie.<\/p><p>Folien er er typisk 0,38 mm eller 0,76mm tyk, men de enkelte glas og folielag kan have varierende tykkelser afh\u00e6ngigt af kravene til den f\u00e6rdige glaskonstruktion, ligesom de enkelte glaslag kan v\u00e6re forskellige lige fra<a href=\"https:\/\/miritglas.com\/da\/produkter\/teknisk-glas\/\">\u00a0tekniske glas<\/a>\u00a0som\u00a0<a href=\"https:\/\/miritglas.com\/da\/produkter\/borosilikatglas\/\">borosilikat glas<\/a>\u00a0og\u00a0<a href=\"https:\/\/miritglas.com\/da\/produkter\/kemisk-haerdet-glas\/\">kemisk h\u00e6rdede glas<\/a>\u00a0til mere almindelige som floatglas og h\u00e6rdet glas. Det er ogs\u00e5 muligt at laminere buet glas.<\/p><p>Det er ogs\u00e5 muligt at l\u00e6gge farvede folier eller folier med struktur mellem glassene for at opn\u00e5 en effekt.<\/p><p>Fordelen ved lamineret glas er mange, hvis glasset g\u00e5r itu vil det h\u00e6nge sammen og derfor kan det kategoriseres som sikkerheds glas ogs\u00e5 selvom det ikke er h\u00e6rdet glas konstruktionen best\u00e5r af. Lamineret glas er generelt ogs\u00e5 meget UV h\u00e6mmende og kan derfor ogs\u00e5 bruges foran omr\u00e5der hvor man ikke \u00f8nsker UV lys.<\/p>\t\t\t\t\t\t\t\t<\/div>\n\t\t\t\t<\/div>\n\t\t\t\t<\/div>\n\t\t\t\t\t<\/div>\n\t\t\t\t<\/div>\n\t\t<div class=\"elementor-element elementor-element-3e797c7 e-flex e-con-boxed e-con e-parent\" data-id=\"3e797c7\" data-element_type=\"container\" data-e-type=\"container\">\n\t\t\t\t\t<div class=\"e-con-inner\">\n\t\t<div class=\"elementor-element elementor-element-3044963 e-con-full e-flex e-con e-child\" data-id=\"3044963\" data-element_type=\"container\" data-e-type=\"container\">\n\t\t\t\t<div class=\"elementor-element elementor-element-d72c9bb elementor-widget elementor-widget-text-editor\" data-id=\"d72c9bb\" data-element_type=\"widget\" data-e-type=\"widget\" data-widget_type=\"text-editor.default\">\n\t\t\t\t<div class=\"elementor-widget-container\">\n\t\t\t\t\t\t\t\t\t<h3>Glas med egenskaber<\/h3><p>Lamineret glas bruges ofte i\u00a0<a href=\"https:\/\/miritglas.com\/da\/produkter\/sikkerhedsglas\/\">sikkerhedsglas<\/a>, fordi n\u00e5r lamineret glas g\u00e5r i stykker, s\u00e5 holdes det sammen. Det kan man se i forruden p\u00e5 bilruder, hvor glasset hvis glasset g\u00e5r itu, s\u00e5 holdes det sammen af laminaten. I nogle tilf\u00e6lde laminerer man flere glas sammen, for at g\u00f8re glasset ekstra st\u00e6rkt. Faktisk er processen med at s\u00e6tte flere lag glas og i visse tilf\u00e6lde plast sammen, metoden man bruger n\u00e5r der skal laves skudsikre ruder.<\/p><h4>H\u00e5rde milj\u00f8er<\/h4><p>Lamineret glas bliver ofte brugt, n\u00e5r glasset skal buges under h\u00e5rde eller ekstreme forhold. Ruder til trucks er et eksempel. Det kan trucks eller arbejdsmaskiner, der arbejder under ekstremt k\u00f8lige forhold, som har brug for en\u00a0<a href=\"https:\/\/miritglas.com\/da\/produkter\/el-varmeruder\/\">opvarmet rude<\/a>\u00a0for at undg\u00e5 dug, samtidig med ruden er et sikkerhedsglas<br \/>Ogs\u00e5 i produktionssammenh\u00e6nge bliver lamineret glas ofte brugt som en l\u00f8sning. Det kan v\u00e6re hvis man \u00f8nsker at overv\u00e5ge en produktion, hvor glasset p\u00e5 den ene side for eksempel skal kunne beskytte mod kemikalier, mens lamineringen sikrer at glasset er st\u00e6rkt og ikke splintrer.<\/p><h4>Lamineret glas kan tilpasses<\/h4><p>I nogle situationer er et lige glas ikke nok. Vi kan ogs\u00e5 lever buet lamineret glas, som typisk bruge ved maskinafsk\u00e6rmninger og specielle ruder.<br \/>B\u00e5de almindelig h\u00e6rdet glas og kemisk h\u00e6rdet glas bliver ofte lamineret for give glasset ekstra egenskaber. Et eksempel er, at lamineret glas kan bruges, n\u00e5r man gerne vi kunne overv\u00e5ge UV-l\u00f8sninger uden at blive udsat for den skadelige UV-str\u00e5ling. Hvor\u00a0<a href=\"https:\/\/miritglas.com\/da\/produkter\/kvartsglas\/\">kvartsglas<\/a>\u00a0er perfekt til at lade UV-lys passere, s\u00e5 kan lamineret glas bortfiltrere UV-lyset.<br \/>Vi laver ogs\u00e5 meget tynde kemiske h\u00e6rdede glas, som hvis de lamineres sammen kan sikkerhedsgodkendes. Her er mulighederne mange, b\u00e5de som meget tynde sikre glas til monitorer som display glas, helt over til at laminere blyglas sammen s\u00e5 det bliver et sikkerheds glas, der kan sk\u00e6rme mod radioaktive str\u00e5ler<br \/>Lamineret glas er ikke kun for sikkerhed. Laminering kan ogs\u00e5 give toner og struktur til et glas. (se l\u00e6ngere oppe i teksten)<br \/>Sidst men ikke mindst s\u00e5 kan man ogs\u00e5 bruge laminering til at beskytte elektronik ved at laminere elektrisk beskyttende net ind mellem to eller flere stykker glas, og herved opn\u00e5r EMC beskyttelse<\/p><h4>Virusbeskyttelsessk\u00e6rm<\/h4><p>Hos Mirit Glas fremstiller vi ogs\u00e5 en virusbeskyttelsessk\u00e6rm i lamineret glas, der kan bruges i receptioner, hos guldsmede, tandl\u00e6ger og andre med n\u00e6r kundekontakt. Ideen er at sikre medarbejderne mod smitte, men samtidig via en elegant glasl\u00f8sning g\u00f8re det muligt for kunden og medarbejderen at se hinanden mens de taler. L\u00e6s mere om\u00a0<a href=\"https:\/\/miritglas.com\/da\/produkter\/beskyttelsesskaerm-mod-coronavirus-covid19\/\">virusbeskyttelsessk\u00e6rmen her<\/a>.<\/p>\t\t\t\t\t\t\t\t<\/div>\n\t\t\t\t<\/div>\n\t\t\t\t<\/div>\n\t\t\t\t\t<\/div>\n\t\t\t\t<\/div>\n\t\t\t\t<\/div>\n\t\t","protected":false},"featured_media":2097,"template":"","class_list":["post-301","product","type-product","status-publish","has-post-thumbnail","hentry"],"acf":[],"_links":{"self":[{"href":"https:\/\/miritglas.com\/da\/wp-json\/wp\/v2\/product\/301","targetHints":{"allow":["GET"]}}],"collection":[{"href":"https:\/\/miritglas.com\/da\/wp-json\/wp\/v2\/product"}],"about":[{"href":"https:\/\/miritglas.com\/da\/wp-json\/wp\/v2\/types\/product"}],"version-history":[{"count":11,"href":"https:\/\/miritglas.com\/da\/wp-json\/wp\/v2\/product\/301\/revisions"}],"predecessor-version":[{"id":5662,"href":"https:\/\/miritglas.com\/da\/wp-json\/wp\/v2\/product\/301\/revisions\/5662"}],"wp:featuredmedia":[{"embeddable":true,"href":"https:\/\/miritglas.com\/da\/wp-json\/wp\/v2\/media\/2097"}],"wp:attachment":[{"href":"https:\/\/miritglas.com\/da\/wp-json\/wp\/v2\/media?parent=301"}],"curies":[{"name":"wp","href":"https:\/\/api.w.org\/{rel}","templated":true}]}}