{"id":300,"date":"2023-08-09T11:30:16","date_gmt":"2023-08-09T09:30:16","guid":{"rendered":"https:\/\/miritglas.com\/?post_type=product&#038;p=300"},"modified":"2025-12-05T13:18:42","modified_gmt":"2025-12-05T12:18:42","slug":"kvartsglas","status":"publish","type":"product","link":"https:\/\/miritglas.com\/da\/produkter\/kvartsglas\/","title":{"rendered":"Kvartsglas"},"content":{"rendered":"\t\t<div data-elementor-type=\"wp-post\" data-elementor-id=\"300\" class=\"elementor elementor-300\" data-elementor-post-type=\"product\">\n\t\t\t\t<div class=\"elementor-element elementor-element-f4da18d e-flex e-con-boxed e-con e-parent\" data-id=\"f4da18d\" data-element_type=\"container\" data-e-type=\"container\">\n\t\t\t\t\t<div class=\"e-con-inner\">\n\t\t<div class=\"elementor-element elementor-element-6abd769e e-con-full e-flex e-con e-child\" data-id=\"6abd769e\" data-element_type=\"container\" data-e-type=\"container\">\n\t\t\t\t<div class=\"elementor-element elementor-element-74a3e9bf elementor-widget elementor-widget-text-editor\" data-id=\"74a3e9bf\" data-element_type=\"widget\" data-e-type=\"widget\" data-widget_type=\"text-editor.default\">\n\t\t\t\t<div class=\"elementor-widget-container\">\n\t\t\t\t\t\t\t\t\t<h2>Kvartsglas \u2013 et rent materiale med gode transmissionsegenskaber<\/h2><p>Hos Mirit Glas er vi leveringsdygtige i specialfremstillede kvartsglas til industrien. Vi tilbyder naturligt kvartsglas, syntetisk kvarts og satinkvarts.<\/p><p>Kvartsglas er et teknisk glasmateriale, der bruges i mange industrielle sammenh\u00e6nge. P\u00e5 grund af den unikke renhed af kvartsglas, den gode optiske transmissionsevne og resistens over for h\u00f8je temperaturer bruges det til alt lige fra vandrensning med UV-lys til lyslederkabler og <a target=\"_blank\" href=\"https:\/\/miritglas.com\/da\/produkter\/skueglas\/\" rel=\"noopener\">skueglas<\/a> inden for industri og videnskab.<\/p><p>Kontakt Mirit Glas, hvis du har sp\u00f8rgsm\u00e5l eller vil vide mere om, hvordan kvartsglas kan v\u00e6re l\u00f8sningen for jer.<\/p>\t\t\t\t\t\t\t\t<\/div>\n\t\t\t\t<\/div>\n\t\t\t\t<div class=\"elementor-element elementor-element-72dff4a8 elementor-widget elementor-widget-button\" data-id=\"72dff4a8\" data-element_type=\"widget\" data-e-type=\"widget\" data-widget_type=\"button.default\">\n\t\t\t\t<div class=\"elementor-widget-container\">\n\t\t\t\t\t\t\t\t\t<div class=\"elementor-button-wrapper\">\n\t\t\t\t\t<a class=\"elementor-button elementor-button-link elementor-size-md\" href=\"https:\/\/miritglas.com\/da\/kontakt-os\/\">\n\t\t\t\t\t\t<span class=\"elementor-button-content-wrapper\">\n\t\t\t\t\t\t\t\t\t<span class=\"elementor-button-text\">Kontakt os i dag<\/span>\n\t\t\t\t\t<\/span>\n\t\t\t\t\t<\/a>\n\t\t\t\t<\/div>\n\t\t\t\t\t\t\t\t<\/div>\n\t\t\t\t<\/div>\n\t\t\t\t<\/div>\n\t\t<div class=\"elementor-element elementor-element-5e671c34 e-con-full e-flex e-con e-child\" data-id=\"5e671c34\" data-element_type=\"container\" data-e-type=\"container\">\n\t\t\t\t<div class=\"elementor-element elementor-element-212cdd40 elementor-absolute elementor-widget elementor-widget-image\" data-id=\"212cdd40\" data-element_type=\"widget\" data-e-type=\"widget\" data-settings=\"{&quot;_position&quot;:&quot;absolute&quot;}\" data-widget_type=\"image.default\">\n\t\t\t\t<div class=\"elementor-widget-container\">\n\t\t\t\t\t\t\t\t\t\t\t\t\t\t\t<img fetchpriority=\"high\" decoding=\"async\" width=\"230\" height=\"230\" src=\"https:\/\/miritglas.com\/wp-content\/uploads\/2023\/08\/logo-icon.png\" class=\"attachment-medium size-medium wp-image-166\" alt=\"Mirit glas logo. Nordens foretrukne glasleverand\u00f8r \u2013 vi fremstiller efter individuelle behov\" srcset=\"https:\/\/miritglas.com\/wp-content\/uploads\/2023\/08\/logo-icon.png 230w, https:\/\/miritglas.com\/wp-content\/uploads\/2023\/08\/logo-icon-150x150.png 150w\" sizes=\"(max-width: 230px) 100vw, 230px\" title=\"\">\t\t\t\t\t\t\t\t\t\t\t\t\t\t\t<\/div>\n\t\t\t\t<\/div>\n\t\t\t\t<div class=\"elementor-element elementor-element-1093d92f elementor-widget elementor-widget-image\" data-id=\"1093d92f\" data-element_type=\"widget\" data-e-type=\"widget\" data-widget_type=\"image.default\">\n\t\t\t\t<div class=\"elementor-widget-container\">\n\t\t\t\t\t\t\t\t\t\t\t\t\t\t\t<img decoding=\"async\" width=\"800\" height=\"526\" src=\"https:\/\/miritglas.com\/wp-content\/uploads\/2023\/08\/kvartsglas-e1559814430302.jpeg\" class=\"attachment-large size-large wp-image-2082\" alt=\"kvartsglas e1559814430302 - transmission er n\u00f8gleordet for kvartsglas. Specialfremstillet for sin evne til at transmitterer. Fremstillet til industrien.\" srcset=\"https:\/\/miritglas.com\/wp-content\/uploads\/2023\/08\/kvartsglas-e1559814430302.jpeg 997w, https:\/\/miritglas.com\/wp-content\/uploads\/2023\/08\/kvartsglas-e1559814430302-300x197.jpeg 300w, https:\/\/miritglas.com\/wp-content\/uploads\/2023\/08\/kvartsglas-e1559814430302-768x505.jpeg 768w\" sizes=\"(max-width: 800px) 100vw, 800px\" title=\"\">\t\t\t\t\t\t\t\t\t\t\t\t\t\t\t<\/div>\n\t\t\t\t<\/div>\n\t\t\t\t<\/div>\n\t\t\t\t\t<\/div>\n\t\t\t\t<\/div>\n\t\t<div class=\"elementor-element elementor-element-5d9149d6 e-flex e-con-boxed e-con e-parent\" data-id=\"5d9149d6\" data-element_type=\"container\" data-e-type=\"container\" data-settings=\"{&quot;background_background&quot;:&quot;classic&quot;}\">\n\t\t\t\t\t<div class=\"e-con-inner\">\n\t\t<div class=\"elementor-element elementor-element-5c947068 e-con-full e-flex e-con e-child\" data-id=\"5c947068\" data-element_type=\"container\" data-e-type=\"container\">\n\t\t\t\t<div class=\"elementor-element elementor-element-7b6d60d5 elementor-widget elementor-widget-text-editor\" data-id=\"7b6d60d5\" data-element_type=\"widget\" data-e-type=\"widget\" data-widget_type=\"text-editor.default\">\n\t\t\t\t<div class=\"elementor-widget-container\">\n\t\t\t\t\t\t\t\t\t<h3>S\u00e6rlige egenskaber for kvartsglas<\/h3><p>Kvartsglas har en r\u00e6kke fantastiske egenskaber: Glasset t\u00e5ler temperaturer op til 1600 \u00b0C og har en h\u00f8j transmission fra UV-omr\u00e5det (ultraviolet lys) til IR-omr\u00e5det (infrar\u00f8dt lys). Glasset findes b\u00e5de som\u00a0<a href=\"https:\/\/miritglas.com\/da\/produkter\/kvartsglas\/\">tavler<\/a>\u00a0og som\u00a0<a href=\"https:\/\/miritglas.com\/da\/produkter\/glasroer\/\">glasr\u00f8r<\/a> og <a href=\"https:\/\/miritglas.com\/da\/produkter\/glasstaenger\/\">glasst\u00e6nger<\/a>.<\/p><p>Kvartsglas kan ikke h\u00e6rdes, da det har en ekstremt lav udvidelseskoefficient og derfor er resistent over for h\u00f8je temperaturforskelle. Leder du efter h\u00e6rdet glas, skal du derfor bruge dette\u00a0<a target=\"_blank\" href=\"https:\/\/miritglas.com\/da\/produkter\/haerdet-glas\/\" rel=\"noopener\">link<\/a><\/p><p>Kvartsglas kan deles op i tre hovedtyper:<\/p><ul><li>Fused quartz<\/li><li>Synthetic quartz<\/li><li>Fused silica satin<\/li><\/ul><p><strong>Fused quartz<\/strong>\u00a0er naturlig kvarts, som fremstilles af mere end 99 % kvartssand, der smeltes ved en meget h\u00f8j temperatur. Fused quartz er den mest anvendte type af kvartsglas, og kaldes derfor ogs\u00e5 almindeligt eller naturligt kvartsglas.<\/p><p><strong>Synthetic quartz<\/strong>\u00a0er, som navnet angiver, et \u201dsyntetisk\u201d glas. Glasset har de samme egenskaber som det naturlige (fused quartz). Det er blot endnu bedre i flere praktiske henseender. Syntetisk kvartsglas har en uovertruffen renhed og en endnu bedre transmission af lys i den lave ende af UV-spektret.<\/p><p><strong>Fused silica satin<\/strong>\u00a0kaldes ogs\u00e5 satinkvarts, fordi glassets ikke er transparent men mat. Satinkvarts findes hovedsageligt som r\u00f8r.<\/p>\t\t\t\t\t\t\t\t<\/div>\n\t\t\t\t<\/div>\n\t\t\t\t<div class=\"elementor-element elementor-element-4ac371fc elementor-widget elementor-widget-button\" data-id=\"4ac371fc\" data-element_type=\"widget\" data-e-type=\"widget\" data-widget_type=\"button.default\">\n\t\t\t\t<div class=\"elementor-widget-container\">\n\t\t\t\t\t\t\t\t\t<div class=\"elementor-button-wrapper\">\n\t\t\t\t\t<a class=\"elementor-button elementor-button-link elementor-size-md\" href=\"https:\/\/miritglas.com\/da\/kontakt-os\/\">\n\t\t\t\t\t\t<span class=\"elementor-button-content-wrapper\">\n\t\t\t\t\t\t\t\t\t<span class=\"elementor-button-text\">Kontakt os i dag<\/span>\n\t\t\t\t\t<\/span>\n\t\t\t\t\t<\/a>\n\t\t\t\t<\/div>\n\t\t\t\t\t\t\t\t<\/div>\n\t\t\t\t<\/div>\n\t\t\t\t<\/div>\n\t\t<div class=\"elementor-element elementor-element-4969ab7a e-con-full e-flex e-con e-child\" data-id=\"4969ab7a\" data-element_type=\"container\" data-e-type=\"container\">\n\t\t<div class=\"elementor-element elementor-element-177a1e13 e-flex e-con-boxed e-con e-child\" data-id=\"177a1e13\" data-element_type=\"container\" data-e-type=\"container\" data-settings=\"{&quot;background_background&quot;:&quot;classic&quot;}\">\n\t\t\t\t\t<div class=\"e-con-inner\">\n\t\t\t\t<div class=\"elementor-element elementor-element-8cdba39 elementor-widget elementor-widget-text-editor\" data-id=\"8cdba39\" data-element_type=\"widget\" data-e-type=\"widget\" data-widget_type=\"text-editor.default\">\n\t\t\t\t<div class=\"elementor-widget-container\">\n\t\t\t\t\t\t\t\t\t<h4>KORT OG GODT OM KVARTSGLAS<\/h4><ul><li>Kvartsglas t\u00e5ler en temperatur op til 1600 \u00b0C<\/li><li>Har en h\u00f8j transmission af lys fra UV-omr\u00e5det (ultraviolet lys) til IR-omr\u00e5det (infrar\u00f8dt lys). Leder du efter UV-beskyttende glas, skal du bruge <a target=\"_blank\" href=\"https:\/\/miritglas.com\/da\/produkter\/uv-glas\/\" rel=\"noopener\">UV-glas<\/a><\/li><li>L\u00f8sninger i kvartsglas kan leveres b\u00e5de som tavler og som glasr\u00f8r og glasst\u00e6nger.<\/li><li>Kan fremstilles i b\u00e5de mat og transparent kvalitet og finish<\/li><\/ul>\t\t\t\t\t\t\t\t<\/div>\n\t\t\t\t<\/div>\n\t\t\t\t\t<\/div>\n\t\t\t\t<\/div>\n\t\t\t\t<\/div>\n\t\t\t\t\t<\/div>\n\t\t\t\t<\/div>\n\t\t<div class=\"elementor-element elementor-element-66294fe5 e-flex e-con-boxed e-con e-parent\" data-id=\"66294fe5\" data-element_type=\"container\" data-e-type=\"container\">\n\t\t\t\t\t<div class=\"e-con-inner\">\n\t\t<div class=\"elementor-element elementor-element-4185a77c e-con-full e-flex e-con e-child\" data-id=\"4185a77c\" data-element_type=\"container\" data-e-type=\"container\">\n\t\t\t\t<div class=\"elementor-element elementor-element-10c403e3 elementor-widget elementor-widget-text-editor\" data-id=\"10c403e3\" data-element_type=\"widget\" data-e-type=\"widget\" data-widget_type=\"text-editor.default\">\n\t\t\t\t<div class=\"elementor-widget-container\">\n\t\t\t\t\t\t\t\t\t<h3>Det kan vi tilbyde jer inden for kvartsglas<\/h3><h4>Naturligt kvartsglas<\/h4><p>Hos Mirit Glas er vi lagerf\u00f8rende i tavler i 1-5 mm tykkelse samt visse <a href=\"https:\/\/miritglas.com\/da\/produkter\/glasroer\/\">glasr\u00f8r<\/a> og <a href=\"https:\/\/miritglas.com\/da\/produkter\/glasstaenger\/\">glasst\u00e6nger<\/a>. Tavletykkelser p\u00e5 over 5 mm er bestillingsvarer, da disse skal sk\u00e6res ud af blokke i den \u00f8nskede tykkelse, som det efterf\u00f8lgende er n\u00f8dvendigt at polere for at f\u00e5 en fuldst\u00e6ndigt klar overflade.<\/p><h4>Syntetisk kvarts<\/h4><p>Syntetisk kvarts er generelt en bestillingsvare p\u00e5 grund af r\u00e5varens pris. Vi har dog lidt r\u00f8r p\u00e5 lager.<\/p><h4>Satinkvarts<\/h4><p>Vi er lagerf\u00f8rende i udvalgte st\u00f8rrelser p\u00e5 r\u00f8r.<\/p><p>Vi kan ogs\u00e5 bearbejde kvarts p\u00e5 en r\u00e6kke m\u00e5der efter \u00f8nske:<\/p><ul><li>Facon, huller og hak<\/li><li>Kantbearbejdning<\/li><li>Sandbl\u00e6sning<\/li><li>UV-limning<\/li><li>Maling<\/li><li>Silketryk<\/li><li>B\u00f8jning \u2013 det er muligt at b\u00f8je glasset, men det kr\u00e6ver meget h\u00f8je temperaturer og er derfor en kompliceret proces.<\/li><\/ul><p>Det er, som sagt, ikke muligt at h\u00e6rde kvartsglas termisk, da det er resistent over for h\u00f8je temperaturforskelle. Glasset kan heller ikke h\u00e6rdes kemisk, da det ikke indeholder nok natrium (se eventuelt <a href=\"https:\/\/miritglas.com\/da\/produkter\/haerdet-glas\/\">h\u00e6rdet glas<\/a> og\u00a0<a href=\"https:\/\/miritglas.com\/da\/produkter\/kemisk-haerdet-glas\/\">kemisk h\u00e6rdet glas<\/a>).<\/p><p>Kontakt os endelig, hvis du har sp\u00f8rgsm\u00e5l eller behov for yderligere oplysninger om denne type glas.<\/p>\t\t\t\t\t\t\t\t<\/div>\n\t\t\t\t<\/div>\n\t\t\t\t<\/div>\n\t\t<div class=\"elementor-element elementor-element-7fe21853 e-con-full e-flex e-con e-child\" data-id=\"7fe21853\" data-element_type=\"container\" data-e-type=\"container\">\n\t\t\t\t<div class=\"elementor-element elementor-element-1205af8 elementor-widget elementor-widget-text-editor\" data-id=\"1205af8\" data-element_type=\"widget\" data-e-type=\"widget\" data-widget_type=\"text-editor.default\">\n\t\t\t\t<div class=\"elementor-widget-container\">\n\t\t\t\t\t\t\t\t\t<h3>Hvad er kvartsglas?<\/h3><p>Kvartsglas bliver fremstillet af kvarts, der er et bestandigt krystallinsk materiale best\u00e5ende af silicium- og iltatomer (siliciumdioxid). Silicium er, efter ilt, netop det materiale der er n\u00e6stst\u00f8rst forekomst af i jordskorpen.<\/p><p>Kvartsglas er et af de mest anvendelige og v\u00e6rdifulde materialer inden for videnskabens og industriens verden. En af de egenskaber, der g\u00f8r kvartsglas s\u00e6rligt attraktivt, er dets lave termiske udvidelseskoefficient. Det betyder, at kvartsglas er s\u00e6rdeles varmebestandigt og er derfor velegnet som skueglas i h\u00f8jtemperatursmilj\u00f8er.<\/p><p>Kvartsglas fremstilles af kvartssand, der har en uovertruffen kemisk renhed sammenlignet med andre lignende materialer. Kemisk renhed er essentiel inden for flere industrier, der arbejder med h\u00f8jteknologi. Derfor er kvartsglas v\u00e6rdifuldt for virksomheder, der har brug for det optimale materiale, hvad optisk transmission ang\u00e5r.<\/p><p>I kvartsglas er transmissionen af lys \u00e5ben i et meget st\u00f8rre spektrum end I andre typer af glas. Det g\u00f8r kvartsglasset oplagt til brug i processer, hvor der bruges UV-lys. Det kan for eksempel v\u00e6re gennem en UV-h\u00e6rdning af lim\/lak eller en desinficeringsproces, hvor man har brug for at beskytte sin lyskilde. Til disse form\u00e5l \u2013 og mange flere \u2013 har vi hos Mirit Glas mulighed for at fremstille produkter i kvartsglas i m\u00e5l og m\u00e6ngde, der modsvarer jeres behov.<\/p>\t\t\t\t\t\t\t\t<\/div>\n\t\t\t\t<\/div>\n\t\t\t\t<div class=\"elementor-element elementor-element-1ca29a9 elementor-widget elementor-widget-button\" data-id=\"1ca29a9\" data-element_type=\"widget\" data-e-type=\"widget\" data-widget_type=\"button.default\">\n\t\t\t\t<div class=\"elementor-widget-container\">\n\t\t\t\t\t\t\t\t\t<div class=\"elementor-button-wrapper\">\n\t\t\t\t\t<a class=\"elementor-button elementor-button-link elementor-size-md\" href=\"https:\/\/miritglas.com\/da\/kontakt-os\/\">\n\t\t\t\t\t\t<span class=\"elementor-button-content-wrapper\">\n\t\t\t\t\t\t\t\t\t<span class=\"elementor-button-text\">Kontakt os i dag<\/span>\n\t\t\t\t\t<\/span>\n\t\t\t\t\t<\/a>\n\t\t\t\t<\/div>\n\t\t\t\t\t\t\t\t<\/div>\n\t\t\t\t<\/div>\n\t\t\t\t<\/div>\n\t\t\t\t\t<\/div>\n\t\t\t\t<\/div>\n\t\t\t\t<\/div>\n\t\t","protected":false},"featured_media":329,"template":"","class_list":["post-300","product","type-product","status-publish","has-post-thumbnail","hentry"],"acf":[],"_links":{"self":[{"href":"https:\/\/miritglas.com\/da\/wp-json\/wp\/v2\/product\/300","targetHints":{"allow":["GET"]}}],"collection":[{"href":"https:\/\/miritglas.com\/da\/wp-json\/wp\/v2\/product"}],"about":[{"href":"https:\/\/miritglas.com\/da\/wp-json\/wp\/v2\/types\/product"}],"version-history":[{"count":21,"href":"https:\/\/miritglas.com\/da\/wp-json\/wp\/v2\/product\/300\/revisions"}],"predecessor-version":[{"id":6187,"href":"https:\/\/miritglas.com\/da\/wp-json\/wp\/v2\/product\/300\/revisions\/6187"}],"wp:featuredmedia":[{"embeddable":true,"href":"https:\/\/miritglas.com\/da\/wp-json\/wp\/v2\/media\/329"}],"wp:attachment":[{"href":"https:\/\/miritglas.com\/da\/wp-json\/wp\/v2\/media?parent=300"}],"curies":[{"name":"wp","href":"https:\/\/api.w.org\/{rel}","templated":true}]}}