{"id":297,"date":"2023-08-09T11:29:52","date_gmt":"2023-08-09T09:29:52","guid":{"rendered":"https:\/\/miritglas.com\/?post_type=product&#038;p=297"},"modified":"2025-12-05T13:13:59","modified_gmt":"2025-12-05T12:13:59","slug":"jernfattigt-glas","status":"publish","type":"product","link":"https:\/\/miritglas.com\/da\/produkter\/jernfattigt-glas\/","title":{"rendered":"Jernfattigt glas"},"content":{"rendered":"\t\t<div data-elementor-type=\"wp-post\" data-elementor-id=\"297\" class=\"elementor elementor-297\" data-elementor-post-type=\"product\">\n\t\t\t\t<div class=\"elementor-element elementor-element-eb15ef7 e-flex e-con-boxed e-con e-parent\" data-id=\"eb15ef7\" data-element_type=\"container\" data-e-type=\"container\">\n\t\t\t\t\t<div class=\"e-con-inner\">\n\t\t<div class=\"elementor-element elementor-element-7f436d e-con-full e-flex e-con e-child\" data-id=\"7f436d\" data-element_type=\"container\" data-e-type=\"container\">\n\t\t\t\t<div class=\"elementor-element elementor-element-2e421fef elementor-widget elementor-widget-text-editor\" data-id=\"2e421fef\" data-element_type=\"widget\" data-e-type=\"widget\" data-widget_type=\"text-editor.default\">\n\t\t\t\t<div class=\"elementor-widget-container\">\n\t\t\t\t\t\t\t\t\t<h2>Jernfattigt glas giver lidt mere transmission og er mere klart end almindeligt glas<\/h2><p>Jernfattigt glas har en h\u00f8jere lystransmission og UV-transmission end almindeligt glas, grundet et lavere jernindhold (jernoxid). Anvendelsen sp\u00e6nder vidt og glasset bruges i alt fra solarindustrien til designindustrien. Jernindholdet i almindeligt glas giver glasset en svag gr\u00f8n tone, som ses tydeligt n\u00e5r man ser p\u00e5 glasset fra siden. Jernfattigt glas er mere neutralt i farven.<\/p><p>Mirit Glas tilbyder\u00a0<a href=\"https:\/\/miritglas.com\/da\/produktion\">forskellige typer bearbejdninger af glas<\/a>. Er du interesseret i at h\u00f8re mere om den type glas og hvordan det kan v\u00e6re den rette l\u00f8sning for dig, er du velkommen til at kontakte os.<\/p>\t\t\t\t\t\t\t\t<\/div>\n\t\t\t\t<\/div>\n\t\t\t\t<div class=\"elementor-element elementor-element-131b825f elementor-widget elementor-widget-button\" data-id=\"131b825f\" data-element_type=\"widget\" data-e-type=\"widget\" data-widget_type=\"button.default\">\n\t\t\t\t<div class=\"elementor-widget-container\">\n\t\t\t\t\t\t\t\t\t<div class=\"elementor-button-wrapper\">\n\t\t\t\t\t<a class=\"elementor-button elementor-button-link elementor-size-md\" href=\"https:\/\/miritglas.com\/da\/kontakt-os\/\">\n\t\t\t\t\t\t<span class=\"elementor-button-content-wrapper\">\n\t\t\t\t\t\t\t\t\t<span class=\"elementor-button-text\">Kontakt os i dag<\/span>\n\t\t\t\t\t<\/span>\n\t\t\t\t\t<\/a>\n\t\t\t\t<\/div>\n\t\t\t\t\t\t\t\t<\/div>\n\t\t\t\t<\/div>\n\t\t\t\t<\/div>\n\t\t<div class=\"elementor-element elementor-element-11829f0e e-con-full e-flex e-con e-child\" data-id=\"11829f0e\" data-element_type=\"container\" data-e-type=\"container\">\n\t\t\t\t<div class=\"elementor-element elementor-element-7e6ac5c3 elementor-absolute elementor-widget elementor-widget-image\" data-id=\"7e6ac5c3\" data-element_type=\"widget\" data-e-type=\"widget\" data-settings=\"{&quot;_position&quot;:&quot;absolute&quot;}\" data-widget_type=\"image.default\">\n\t\t\t\t<div class=\"elementor-widget-container\">\n\t\t\t\t\t\t\t\t\t\t\t\t\t\t\t<img fetchpriority=\"high\" decoding=\"async\" width=\"230\" height=\"230\" src=\"https:\/\/miritglas.com\/wp-content\/uploads\/2023\/08\/logo-icon.png\" class=\"attachment-medium size-medium wp-image-166\" alt=\"Mirit glas logo. Nordens foretrukne glasleverand\u00f8r \u2013 vi fremstiller efter individuelle behov\" srcset=\"https:\/\/miritglas.com\/wp-content\/uploads\/2023\/08\/logo-icon.png 230w, https:\/\/miritglas.com\/wp-content\/uploads\/2023\/08\/logo-icon-150x150.png 150w\" sizes=\"(max-width: 230px) 100vw, 230px\" title=\"\">\t\t\t\t\t\t\t\t\t\t\t\t\t\t\t<\/div>\n\t\t\t\t<\/div>\n\t\t\t\t<div class=\"elementor-element elementor-element-4cd89e46 elementor-widget elementor-widget-video\" data-id=\"4cd89e46\" data-element_type=\"widget\" data-e-type=\"widget\" data-settings=\"{&quot;youtube_url&quot;:&quot;https:\\\/\\\/www.youtube.com\\\/watch?v=ML5daXPhmPQ&quot;,&quot;yt_privacy&quot;:&quot;yes&quot;,&quot;lazy_load&quot;:&quot;yes&quot;,&quot;show_image_overlay&quot;:&quot;yes&quot;,&quot;image_overlay&quot;:{&quot;url&quot;:&quot;https:\\\/\\\/miritglas.com\\\/wp-content\\\/uploads\\\/2023\\\/08\\\/ML5daXPhmPQ.jpeg&quot;,&quot;id&quot;:1831,&quot;size&quot;:&quot;&quot;,&quot;alt&quot;:&quot;&quot;,&quot;source&quot;:&quot;library&quot;},&quot;video_type&quot;:&quot;youtube&quot;,&quot;controls&quot;:&quot;yes&quot;}\" data-widget_type=\"video.default\">\n\t\t\t\t<div class=\"elementor-widget-container\">\n\t\t\t\t\t\t\t<div class=\"elementor-wrapper elementor-open-inline\">\n\t\t\t<div class=\"elementor-video\"><\/div>\t\t\t\t<div class=\"elementor-custom-embed-image-overlay\" style=\"background-image: url(https:\/\/miritglas.com\/wp-content\/uploads\/2023\/08\/ML5daXPhmPQ.jpeg);\">\n\t\t\t\t\t\t\t\t\t\t\t\t\t\t\t\t<div class=\"elementor-custom-embed-play\" role=\"button\" aria-label=\"Afspil video\" tabindex=\"0\">\n\t\t\t\t\t\t\t<svg aria-hidden=\"true\" class=\"e-font-icon-svg e-eicon-play\" viewBox=\"0 0 1000 1000\" xmlns=\"http:\/\/www.w3.org\/2000\/svg\"><path d=\"M838 162C746 71 633 25 500 25 371 25 258 71 163 162 71 254 25 367 25 500 25 633 71 746 163 837 254 929 367 979 500 979 633 979 746 933 838 837 929 746 975 633 975 500 975 367 929 254 838 162M808 192C892 279 933 379 933 500 933 621 892 725 808 808 725 892 621 938 500 938 379 938 279 896 196 808 113 725 67 621 67 500 67 379 108 279 196 192 279 108 383 62 500 62 621 62 721 108 808 192M438 392V642L642 517 438 392Z\"><\/path><\/svg>\t\t\t\t\t\t<\/div>\n\t\t\t\t\t\t\t\t\t<\/div>\n\t\t\t\t\t<\/div>\n\t\t\t\t\t\t<\/div>\n\t\t\t\t<\/div>\n\t\t\t\t<\/div>\n\t\t\t\t\t<\/div>\n\t\t\t\t<\/div>\n\t\t<div class=\"elementor-element elementor-element-57437843 e-flex e-con-boxed e-con e-parent\" data-id=\"57437843\" data-element_type=\"container\" data-e-type=\"container\" data-settings=\"{&quot;background_background&quot;:&quot;classic&quot;}\">\n\t\t\t\t\t<div class=\"e-con-inner\">\n\t\t<div class=\"elementor-element elementor-element-174dd610 e-con-full e-flex e-con e-child\" data-id=\"174dd610\" data-element_type=\"container\" data-e-type=\"container\">\n\t\t\t\t<div class=\"elementor-element elementor-element-2117422a elementor-widget elementor-widget-text-editor\" data-id=\"2117422a\" data-element_type=\"widget\" data-e-type=\"widget\" data-widget_type=\"text-editor.default\">\n\t\t\t\t<div class=\"elementor-widget-container\">\n\t\t\t\t\t\t\t\t\t<h3>Glassets egenskaber<\/h3><p><strong>Solarindustrien<\/strong>\u00a0bruger denne type glas til at opn\u00e5 en bedre lysgennemtr\u00e6ngning p\u00e5 solpaneler, da det lave jernindhold tillader en h\u00f8jere lystransmission.<br \/>I mods\u00e6tning til almindeligt glas, lukker jernfattigt glas desuden lidt UV-B str\u00e5ler ind (derfor bliver man ikke solbrun gennem almindeligt glas, men kan blive det gennem jernfattigt).<\/p><p><strong>Designindustrien<\/strong>\u00a0bruger glastypen, bl.a. fordi det er optimalt, n\u00e5r der skal trykkes farver p\u00e5 glas. Glasset er n\u00e6sten farveneutralt, s\u00e5 resultatet ender med den helt rigtige farvetone. Trykker man derimod fx hvid farve p\u00e5 almindeligt glas, f\u00e5r resultatet et svagt gr\u00f8nligt sk\u00e6r.<\/p><p>Jernfattigt glas produceres i tykkelser fra 2 til 19 mm. Den gr\u00f8nne farveforskel ses tydeligere, jo tykkere glasset er, og kigger man fra siden, er man ikke i tvivl. Nogle foretr\u00e6kker det gr\u00f8nlige sk\u00e6r, mens andre gerne vil undg\u00e5 det \u2013 Mirit Glas kan heldigvis tilbyde begge varianter.<\/p><h3>Optiwhite, Ultrawhite og Starphire<\/h3><p>K\u00e6rt barn har mange navne. Glasset bliver blandt andet ogs\u00e5 kaldt for Optiwhite glas, Diamant glas, Ekstra klart glas, Ultrawhite og Starphire. G\u00e6ldende for dem alle er det lavere jernindhold (Fe<sub>2<\/sub>0<sub>3<\/sub>), som giver et mere klart glas.<\/p>\t\t\t\t\t\t\t\t<\/div>\n\t\t\t\t<\/div>\n\t\t\t\t<\/div>\n\t\t<div class=\"elementor-element elementor-element-33ee20c6 e-con-full e-flex e-con e-child\" data-id=\"33ee20c6\" data-element_type=\"container\" data-e-type=\"container\">\n\t\t\t\t<div class=\"elementor-element elementor-element-5fd1d971 elementor-widget elementor-widget-image\" data-id=\"5fd1d971\" data-element_type=\"widget\" data-e-type=\"widget\" data-widget_type=\"image.default\">\n\t\t\t\t<div class=\"elementor-widget-container\">\n\t\t\t\t\t\t\t\t\t\t\t\t<figure class=\"wp-caption\">\n\t\t\t\t\t\t\t\t\t\t<img decoding=\"async\" width=\"779\" height=\"584\" src=\"https:\/\/miritglas.com\/wp-content\/uploads\/2023\/08\/almindeligt-floatglas.jpg\" class=\"attachment-large size-large wp-image-1938\" alt=\"Floatglas | Gennemsigtigt natron-kalk-silikatglas med glat og plan overflade, ensartet tykkelse og h\u00f8j optisk klarhed, basisglas der kan sk\u00e6res, h\u00e6rdes, lamineres, sandbl\u00e6ses eller formes efter m\u00e5l, egnet til vinduer, glasfacader, m\u00f8bler, interi\u00f8rglas, skillev\u00e6gge og byggeri.\" srcset=\"https:\/\/miritglas.com\/wp-content\/uploads\/2023\/08\/almindeligt-floatglas.jpg 779w, https:\/\/miritglas.com\/wp-content\/uploads\/2023\/08\/almindeligt-floatglas-300x225.jpg 300w, https:\/\/miritglas.com\/wp-content\/uploads\/2023\/08\/almindeligt-floatglas-768x576.jpg 768w\" sizes=\"(max-width: 779px) 100vw, 779px\" title=\"\">\t\t\t\t\t\t\t\t\t\t\t<figcaption class=\"widget-image-caption wp-caption-text\">Standard klart glas med perfekt flad overflade og alsidig bearbejdning\n<\/figcaption>\n\t\t\t\t\t\t\t\t\t\t<\/figure>\n\t\t\t\t\t\t\t\t\t<\/div>\n\t\t\t\t<\/div>\n\t\t\t\t<div class=\"elementor-element elementor-element-c0b95fd elementor-widget elementor-widget-image\" data-id=\"c0b95fd\" data-element_type=\"widget\" data-e-type=\"widget\" data-widget_type=\"image.default\">\n\t\t\t\t<div class=\"elementor-widget-container\">\n\t\t\t\t\t\t\t\t\t\t\t\t<figure class=\"wp-caption\">\n\t\t\t\t\t\t\t\t\t\t<img decoding=\"async\" width=\"779\" height=\"584\" src=\"https:\/\/miritglas.com\/wp-content\/uploads\/2023\/08\/jernfattigt-glas.jpeg\" class=\"attachment-large size-large wp-image-2023\" alt=\"jernfattigt glas sikrer transmission og klarhed. Jernfattigt glas produceret af Mirit Glas \u2013 glasmateriale med ekstremt lavt jernindhold, der giver h\u00f8j gennemskinnelighed og minimal gr\u00f8n farvetone. Velegnet til arkitektoniske konstruktioner, udstillingsvinduer, facadeglas og interi\u00f8r, hvor \u00e6stetik og klarhed er i fokus. Ultra-clear low-iron glass by Mirit Glas, engineered to minimize greenish tint and maximize transparency. Ideal for architectural facades, exhibition displays, and interior applications where pristine clarity and visual purity are essential. Jernfattigt glas | Lav-jern floatglas med meget lav jernoxid-koncentration, h\u00f8j lystransmission og neutral farvegengivelse uden den traditionelle gr\u00f8nne tone i kanten, ideelt til facader, glaspartier, montre, udstillinger, design, interi\u00f8rglas og andre l\u00f8sninger hvor maksimal klarhed og farven\u00f8jagtighed er \u00f8nsket.\" srcset=\"https:\/\/miritglas.com\/wp-content\/uploads\/2023\/08\/jernfattigt-glas.jpeg 779w, https:\/\/miritglas.com\/wp-content\/uploads\/2023\/08\/jernfattigt-glas-300x225.jpeg 300w, https:\/\/miritglas.com\/wp-content\/uploads\/2023\/08\/jernfattigt-glas-768x576.jpeg 768w\" sizes=\"(max-width: 779px) 100vw, 779px\" title=\"\">\t\t\t\t\t\t\t\t\t\t\t<figcaption class=\"widget-image-caption wp-caption-text\">Ekstra klart glas med minimal gr\u00f8n kant og optimal lysgennemgang\n<\/figcaption>\n\t\t\t\t\t\t\t\t\t\t<\/figure>\n\t\t\t\t\t\t\t\t\t<\/div>\n\t\t\t\t<\/div>\n\t\t\t\t<\/div>\n\t\t\t\t\t<\/div>\n\t\t\t\t<\/div>\n\t\t<div class=\"elementor-element elementor-element-378c2641 e-flex e-con-boxed e-con e-parent\" data-id=\"378c2641\" data-element_type=\"container\" data-e-type=\"container\" data-settings=\"{&quot;background_background&quot;:&quot;classic&quot;}\">\n\t\t\t\t\t<div class=\"e-con-inner\">\n\t\t<div class=\"elementor-element elementor-element-35561e05 e-con-full e-flex e-con e-child\" data-id=\"35561e05\" data-element_type=\"container\" data-e-type=\"container\">\n\t\t\t\t<div class=\"elementor-element elementor-element-6a10e037 elementor-widget elementor-widget-text-editor\" data-id=\"6a10e037\" data-element_type=\"widget\" data-e-type=\"widget\" data-widget_type=\"text-editor.default\">\n\t\t\t\t<div class=\"elementor-widget-container\">\n\t\t\t\t\t\t\t\t\t<h3>Mirit Glas kan bearbejde jernfattigt glas p\u00e5 en r\u00e6kke forskellige m\u00e5der:<\/h3>\t\t\t\t\t\t\t\t<\/div>\n\t\t\t\t<\/div>\n\t\t\t\t<div class=\"elementor-element elementor-element-1f7fa99b elementor-widget elementor-widget-text-editor\" data-id=\"1f7fa99b\" data-element_type=\"widget\" data-e-type=\"widget\" data-widget_type=\"text-editor.default\">\n\t\t\t\t<div class=\"elementor-widget-container\">\n\t\t\t\t\t\t\t\t\t<ul><li>Facon, huller og hak<\/li><li>Kantbearbejdning<\/li><li>Sandbl\u00e6sning<\/li><li>UV-limning<\/li><li>Maling<\/li><li>Silketryk<\/li><li><a href=\"https:\/\/miritglas.com\/da\/produkter\/haerdet-glas\/\">Termisk h\u00e6rdning<\/a><\/li><li><a href=\"https:\/\/miritglas.com\/da\/produkter\/kemisk-haerdet-glas\/\">Kemisk h\u00e6rdning<\/a><\/li><li><a href=\"https:\/\/miritglas.com\/da\/produkter\/buet-glas\/\">B\u00f8jning<\/a><\/li><li>Laminering<\/li><\/ul>\t\t\t\t\t\t\t\t<\/div>\n\t\t\t\t<\/div>\n\t\t\t\t<div class=\"elementor-element elementor-element-1b87c48a elementor-widget elementor-widget-text-editor\" data-id=\"1b87c48a\" data-element_type=\"widget\" data-e-type=\"widget\" data-widget_type=\"text-editor.default\">\n\t\t\t\t<div class=\"elementor-widget-container\">\n\t\t\t\t\t\t\t\t\t<p>Du er velkommen til at kontakte os for flere\u00a0informationer p\u00e5\u00a0<a href=\"mailto:post@mirit.dk\">post@mirit.dk<\/a> eller <a href=\"tel:+4544944449\">+45 44 94 44 49<\/a>.<\/p>\t\t\t\t\t\t\t\t<\/div>\n\t\t\t\t<\/div>\n\t\t\t\t<\/div>\n\t\t\t\t\t<\/div>\n\t\t\t\t<\/div>\n\t\t\t\t<\/div>\n\t\t","protected":false},"featured_media":2023,"template":"","class_list":["post-297","product","type-product","status-publish","has-post-thumbnail","hentry"],"acf":[],"_links":{"self":[{"href":"https:\/\/miritglas.com\/da\/wp-json\/wp\/v2\/product\/297","targetHints":{"allow":["GET"]}}],"collection":[{"href":"https:\/\/miritglas.com\/da\/wp-json\/wp\/v2\/product"}],"about":[{"href":"https:\/\/miritglas.com\/da\/wp-json\/wp\/v2\/types\/product"}],"version-history":[{"count":26,"href":"https:\/\/miritglas.com\/da\/wp-json\/wp\/v2\/product\/297\/revisions"}],"predecessor-version":[{"id":5650,"href":"https:\/\/miritglas.com\/da\/wp-json\/wp\/v2\/product\/297\/revisions\/5650"}],"wp:featuredmedia":[{"embeddable":true,"href":"https:\/\/miritglas.com\/da\/wp-json\/wp\/v2\/media\/2023"}],"wp:attachment":[{"href":"https:\/\/miritglas.com\/da\/wp-json\/wp\/v2\/media?parent=297"}],"curies":[{"name":"wp","href":"https:\/\/api.w.org\/{rel}","templated":true}]}}