{"id":296,"date":"2023-08-09T11:29:42","date_gmt":"2023-08-09T09:29:42","guid":{"rendered":"https:\/\/miritglas.com\/?post_type=product&#038;p=296"},"modified":"2025-12-05T13:05:03","modified_gmt":"2025-12-05T12:05:03","slug":"haerdet-glas","status":"publish","type":"product","link":"https:\/\/miritglas.com\/da\/produkter\/haerdet-glas\/","title":{"rendered":"H\u00e6rdet glas"},"content":{"rendered":"\t\t<div data-elementor-type=\"wp-post\" data-elementor-id=\"296\" class=\"elementor elementor-296\" data-elementor-post-type=\"product\">\n\t\t\t\t<div class=\"elementor-element elementor-element-157dea9a e-flex e-con-boxed e-con e-parent\" data-id=\"157dea9a\" data-element_type=\"container\" data-e-type=\"container\">\n\t\t\t\t\t<div class=\"e-con-inner\">\n\t\t<div class=\"elementor-element elementor-element-42db1f6f e-con-full e-flex e-con e-child\" data-id=\"42db1f6f\" data-element_type=\"container\" data-e-type=\"container\">\n\t\t\t\t<div class=\"elementor-element elementor-element-6ace4526 elementor-widget elementor-widget-text-editor\" data-id=\"6ace4526\" data-element_type=\"widget\" data-e-type=\"widget\" data-widget_type=\"text-editor.default\">\n\t\t\t\t<div class=\"elementor-widget-container\">\n\t\t\t\t\t\t\t\t\t<h2>H\u00e6rdet glas er en st\u00e6rk l\u00f8sning \u2013 for en sikkerheds skyld<\/h2><p>Mirit Glas producerer h\u00e6rdet glas til alle form\u00e5l og leverer bl.a. til industri og virksomheder, der benytter sikkerhedsglas.<br \/>H\u00e6rdet glas kan bruges til mange forskellige form\u00e5l. F\u00e6lles for dem er et krav om en glasl\u00f8sning, der har st\u00f8rre modstandsdygtighed overfor temperatur og tryk end ubehandlet glas. Desuden giver glasset ufarlige glassk\u00e5r ved brud, da glasset ved br\u00e6kage vil granulere i sm\u00e5 uskarpe granulater.<\/p><p>Mirit Glas kan h\u00e6rde glas fra 3 mm tykkelse til 25 mm tykkelse.<\/p><p>Kontakt Mirit Glas for at h\u00f8re n\u00e6rmere om muligheder, og hvordan det kan v\u00e6re en god l\u00f8sning for dig.<\/p>\t\t\t\t\t\t\t\t<\/div>\n\t\t\t\t<\/div>\n\t\t\t\t<div class=\"elementor-element elementor-element-2541d899 elementor-widget elementor-widget-button\" data-id=\"2541d899\" data-element_type=\"widget\" data-e-type=\"widget\" data-widget_type=\"button.default\">\n\t\t\t\t<div class=\"elementor-widget-container\">\n\t\t\t\t\t\t\t\t\t<div class=\"elementor-button-wrapper\">\n\t\t\t\t\t<a class=\"elementor-button elementor-button-link elementor-size-md\" href=\"https:\/\/miritglas.com\/da\/kontakt-os\/\">\n\t\t\t\t\t\t<span class=\"elementor-button-content-wrapper\">\n\t\t\t\t\t\t\t\t\t<span class=\"elementor-button-text\">Kontakt os i dag<\/span>\n\t\t\t\t\t<\/span>\n\t\t\t\t\t<\/a>\n\t\t\t\t<\/div>\n\t\t\t\t\t\t\t\t<\/div>\n\t\t\t\t<\/div>\n\t\t\t\t<\/div>\n\t\t<div class=\"elementor-element elementor-element-503f5848 e-con-full e-flex e-con e-child\" data-id=\"503f5848\" data-element_type=\"container\" data-e-type=\"container\">\n\t\t\t\t<div class=\"elementor-element elementor-element-7ee86bd7 elementor-absolute elementor-widget elementor-widget-image\" data-id=\"7ee86bd7\" data-element_type=\"widget\" data-e-type=\"widget\" data-settings=\"{&quot;_position&quot;:&quot;absolute&quot;}\" data-widget_type=\"image.default\">\n\t\t\t\t<div class=\"elementor-widget-container\">\n\t\t\t\t\t\t\t\t\t\t\t\t\t\t\t<img fetchpriority=\"high\" decoding=\"async\" width=\"230\" height=\"230\" src=\"https:\/\/miritglas.com\/wp-content\/uploads\/2023\/08\/logo-icon.png\" class=\"attachment-medium size-medium wp-image-166\" alt=\"Mirit glas logo. Nordens foretrukne glasleverand\u00f8r \u2013 vi fremstiller efter individuelle behov\" srcset=\"https:\/\/miritglas.com\/wp-content\/uploads\/2023\/08\/logo-icon.png 230w, https:\/\/miritglas.com\/wp-content\/uploads\/2023\/08\/logo-icon-150x150.png 150w\" sizes=\"(max-width: 230px) 100vw, 230px\" title=\"\">\t\t\t\t\t\t\t\t\t\t\t\t\t\t\t<\/div>\n\t\t\t\t<\/div>\n\t\t<div class=\"elementor-element elementor-element-5c6b9610 e-flex e-con-boxed e-con e-child\" data-id=\"5c6b9610\" data-element_type=\"container\" data-e-type=\"container\" data-settings=\"{&quot;background_background&quot;:&quot;classic&quot;}\">\n\t\t\t\t\t<div class=\"e-con-inner\">\n\t\t\t\t<div class=\"elementor-element elementor-element-55ddfcbe elementor-widget elementor-widget-text-editor\" data-id=\"55ddfcbe\" data-element_type=\"widget\" data-e-type=\"widget\" data-widget_type=\"text-editor.default\">\n\t\t\t\t<div class=\"elementor-widget-container\">\n\t\t\t\t\t\t\t\t\t<h4>GLASSETS EGENSKABER<\/h4><ul><li>H\u00f8j modstandsdygtighed overfor tryk<\/li><li>T\u00e5ler temperaturforskelle op til ca. 250 grader<\/li><li>Ufarlige glassk\u00e5r ved brud, da glasset granulerer i sm\u00e5 uskarpe granulater<\/li><li>Benyttes ofte til sikkerhedsglas<\/li><\/ul>\t\t\t\t\t\t\t\t<\/div>\n\t\t\t\t<\/div>\n\t\t\t\t\t<\/div>\n\t\t\t\t<\/div>\n\t\t\t\t<\/div>\n\t\t\t\t\t<\/div>\n\t\t\t\t<\/div>\n\t\t<div class=\"elementor-element elementor-element-a11f23 e-flex e-con-boxed e-con e-parent\" data-id=\"a11f23\" data-element_type=\"container\" data-e-type=\"container\" data-settings=\"{&quot;background_background&quot;:&quot;classic&quot;}\">\n\t\t\t\t\t<div class=\"e-con-inner\">\n\t\t<div class=\"elementor-element elementor-element-641bafa9 e-con-full e-flex e-con e-child\" data-id=\"641bafa9\" data-element_type=\"container\" data-e-type=\"container\">\n\t\t\t\t<div class=\"elementor-element elementor-element-6461834f elementor-widget elementor-widget-text-editor\" data-id=\"6461834f\" data-element_type=\"widget\" data-e-type=\"widget\" data-widget_type=\"text-editor.default\">\n\t\t\t\t<div class=\"elementor-widget-container\">\n\t\t\t\t\t\t\t\t\t<h3>H\u00f8j brudstyrke<\/h3><p>Mirit Glas var den f\u00f8rste danske virksomhed til at fremstille h\u00e6rdet glas i Danmark, og vi er stadig blandt landets f\u00f8rende eksperter p\u00e5 omr\u00e5det.\u00a0I dag tilbyder Mirit Glas ogs\u00e5, som de eneste i Skandinavien,\u00a0<a href=\"https:\/\/miritglas.com\/da\/produkter\/kemisk-haerdet-glas\/\"><span class=\"s2\">kemisk h\u00e6rdet glas<\/span><\/a>.<\/p><p>H\u00e6rdet glas er mange gange st\u00e6rkere end uh\u00e6rdet glas, f.eks. har 5 mm h\u00e6rdet glas samme brudstyrke som 12 mm ubehandlet glas. Glasset er v\u00e6sentligt mere s\u00e5rbart over for tr\u00e6k end tryk, og revner oftest fra overfladen. Da glasset er forsp\u00e6ndt med tryksp\u00e6ndinger i overfladen udskydes det kritiske punkt for tr\u00e6ksp\u00e6ndinger, og dermed skal der st\u00f8rre tryk til for at \u00f8del\u00e6gge glasset.<\/p><h3>H\u00f8j sikkerhed<\/h3><p>Knuses h\u00e6rdet glas granulerer det i sm\u00e5 ufarlige stykker. Derfor kan det med fordel bruges som\u00a0<a href=\"https:\/\/miritglas.com\/da\/produkter\/sikkerhedsglas\/\">sikkerhedsglas<\/a>\u00a0p\u00e5 steder, hvor knusning af almindeligt glas vil medf\u00f8re personfare. Yderligere kan gennemtr\u00e6ngning eller spredning af glas granulater forebygges ved at laminere 2 stykker h\u00e6rdet glas sammen. Efter brud vil laminatet holde glasstykkerne sammen som \u00e9n sammenh\u00e6ngende enhed.<\/p><h3>Glas med termisk modstandsdygtighed<\/h3><p>Glasset t\u00e5ler temperaturforskelle op til ca. 250 grader og er derfor s\u00e6rdeles velegnet, hvor almindeligt glas revner p\u00e5 grund af uens temperaturer. Almindeligt glas t\u00e5ler temperaturforskelle op til ca. 40 grader.<br \/>Mirit Glas leverer ogs\u00e5 glastyper, der t\u00e5ler endnu h\u00f8jere temperaturforskelle.<\/p>\t\t\t\t\t\t\t\t<\/div>\n\t\t\t\t<\/div>\n\t\t\t\t<\/div>\n\t\t<div class=\"elementor-element elementor-element-661b49f e-con-full e-flex e-con e-child\" data-id=\"661b49f\" data-element_type=\"container\" data-e-type=\"container\">\n\t\t\t\t<div class=\"elementor-element elementor-element-4ddae723 elementor-widget elementor-widget-image\" data-id=\"4ddae723\" data-element_type=\"widget\" data-e-type=\"widget\" data-widget_type=\"image.default\">\n\t\t\t\t<div class=\"elementor-widget-container\">\n\t\t\t\t\t\t\t\t\t\t\t\t\t\t\t<img decoding=\"async\" width=\"800\" height=\"572\" src=\"https:\/\/miritglas.com\/wp-content\/uploads\/2023\/08\/haerdet-glas-1024x732.jpg\" class=\"attachment-large size-large wp-image-2003\" alt=\"H\u00e6rdet glas p\u00e5 m\u00e5l og p\u00e5 bestilling.\" srcset=\"https:\/\/miritglas.com\/wp-content\/uploads\/2023\/08\/haerdet-glas-1024x732.jpg 1024w, https:\/\/miritglas.com\/wp-content\/uploads\/2023\/08\/haerdet-glas-300x214.jpg 300w, https:\/\/miritglas.com\/wp-content\/uploads\/2023\/08\/haerdet-glas-768x549.jpg 768w, https:\/\/miritglas.com\/wp-content\/uploads\/2023\/08\/haerdet-glas-1536x1097.jpg 1536w, https:\/\/miritglas.com\/wp-content\/uploads\/2023\/08\/haerdet-glas-2048x1463.jpg 2048w\" sizes=\"(max-width: 800px) 100vw, 800px\" title=\"\">\t\t\t\t\t\t\t\t\t\t\t\t\t\t\t<\/div>\n\t\t\t\t<\/div>\n\t\t\t\t<\/div>\n\t\t\t\t\t<\/div>\n\t\t\t\t<\/div>\n\t\t<div class=\"elementor-element elementor-element-9e87556 e-flex e-con-boxed e-con e-parent\" data-id=\"9e87556\" data-element_type=\"container\" data-e-type=\"container\">\n\t\t\t\t\t<div class=\"e-con-inner\">\n\t\t<div class=\"elementor-element elementor-element-589e8e5 e-con-full e-flex e-con e-child\" data-id=\"589e8e5\" data-element_type=\"container\" data-e-type=\"container\">\n\t\t\t\t<div class=\"elementor-element elementor-element-20bfb00 elementor-widget elementor-widget-image\" data-id=\"20bfb00\" data-element_type=\"widget\" data-e-type=\"widget\" data-widget_type=\"image.default\">\n\t\t\t\t<div class=\"elementor-widget-container\">\n\t\t\t\t\t\t\t\t\t\t\t\t\t\t\t<img decoding=\"async\" width=\"800\" height=\"571\" src=\"https:\/\/miritglas.com\/wp-content\/uploads\/2023\/08\/polariserings_apperat_til_haerdet_glas.jpg\" class=\"attachment-large size-large wp-image-3076\" alt=\"Polariseringsapparat anvendt i industriel kvalitetssikring af h\u00e6rdet glas, bruges til at identificere sp\u00e6ndingsm\u00f8nstre og skjulte fejl i glasstrukturen. Essentielt v\u00e6rkt\u00f8j i produktionen af sikkerhedsglas til erhvervsbyggeri, facadeelementer, glasd\u00f8re og andre arkitektoniske glasinstallationer, hvor n\u00f8jagtighed og holdbarhed er kritisk.\" srcset=\"https:\/\/miritglas.com\/wp-content\/uploads\/2023\/08\/polariserings_apperat_til_haerdet_glas.jpg 1024w, https:\/\/miritglas.com\/wp-content\/uploads\/2023\/08\/polariserings_apperat_til_haerdet_glas-300x214.jpg 300w, https:\/\/miritglas.com\/wp-content\/uploads\/2023\/08\/polariserings_apperat_til_haerdet_glas-768x548.jpg 768w\" sizes=\"(max-width: 800px) 100vw, 800px\" title=\"\">\t\t\t\t\t\t\t\t\t\t\t\t\t\t\t<\/div>\n\t\t\t\t<\/div>\n\t\t\t\t<\/div>\n\t\t<div class=\"elementor-element elementor-element-0abf5ed e-con-full e-flex e-con e-child\" data-id=\"0abf5ed\" data-element_type=\"container\" data-e-type=\"container\">\n\t\t\t\t<div class=\"elementor-element elementor-element-7a1921d elementor-widget elementor-widget-text-editor\" data-id=\"7a1921d\" data-element_type=\"widget\" data-e-type=\"widget\" data-widget_type=\"text-editor.default\">\n\t\t\t\t<div class=\"elementor-widget-container\">\n\t\t\t\t\t\t\t\t\t<h3 class=\"p1\">H\u00e6rdeprocessen<\/h3><p>Al forarbejdning af glasset, s\u00e5 som tilsk\u00e6ring, hulboring, udsk\u00e6ring til beslag og kantbearbejdning, foretages inden h\u00e6rdeprocessen, idet h\u00e6rdet glas ikke kan forarbejdes.<\/p><p>Under h\u00e6rdeprocessen uds\u00e6ttes glasset for meget kraftige p\u00e5virkninger. F\u00f8rst opvarmes glasset til ca. 660\u00b0 C og derefter chockafk\u00f8les det med luft. Herved afk\u00f8les overfladen hurtigere end kernen, og der opst\u00e5r permanente tryksp\u00e6ndinger i overfladen og tr\u00e6ksp\u00e6ndinger i kernen. At glasset er h\u00e6rdet kan ses ved at betragte det i polariseret lys, hvor sp\u00e6ndingsnettet bliver synligt.<\/p><p>Vil du h\u00f8re mere om, hvordan denne glastype kan v\u00e6re den rette l\u00f8sning for dig, er du velkommen til at kontakte os.<\/p>\t\t\t\t\t\t\t\t<\/div>\n\t\t\t\t<\/div>\n\t\t\t\t<div class=\"elementor-element elementor-element-4711746 elementor-widget elementor-widget-button\" data-id=\"4711746\" data-element_type=\"widget\" data-e-type=\"widget\" data-widget_type=\"button.default\">\n\t\t\t\t<div class=\"elementor-widget-container\">\n\t\t\t\t\t\t\t\t\t<div class=\"elementor-button-wrapper\">\n\t\t\t\t\t<a class=\"elementor-button elementor-button-link elementor-size-md\" href=\"https:\/\/miritglas.com\/da\/kontakt-os\/\">\n\t\t\t\t\t\t<span class=\"elementor-button-content-wrapper\">\n\t\t\t\t\t\t\t\t\t<span class=\"elementor-button-text\">Kontakt os i dag<\/span>\n\t\t\t\t\t<\/span>\n\t\t\t\t\t<\/a>\n\t\t\t\t<\/div>\n\t\t\t\t\t\t\t\t<\/div>\n\t\t\t\t<\/div>\n\t\t\t\t<\/div>\n\t\t\t\t\t<\/div>\n\t\t\t\t<\/div>\n\t\t\t\t<\/div>\n\t\t","protected":false},"featured_media":325,"template":"","class_list":["post-296","product","type-product","status-publish","has-post-thumbnail","hentry"],"acf":[],"_links":{"self":[{"href":"https:\/\/miritglas.com\/da\/wp-json\/wp\/v2\/product\/296","targetHints":{"allow":["GET"]}}],"collection":[{"href":"https:\/\/miritglas.com\/da\/wp-json\/wp\/v2\/product"}],"about":[{"href":"https:\/\/miritglas.com\/da\/wp-json\/wp\/v2\/types\/product"}],"version-history":[{"count":37,"href":"https:\/\/miritglas.com\/da\/wp-json\/wp\/v2\/product\/296\/revisions"}],"predecessor-version":[{"id":5854,"href":"https:\/\/miritglas.com\/da\/wp-json\/wp\/v2\/product\/296\/revisions\/5854"}],"wp:featuredmedia":[{"embeddable":true,"href":"https:\/\/miritglas.com\/da\/wp-json\/wp\/v2\/media\/325"}],"wp:attachment":[{"href":"https:\/\/miritglas.com\/da\/wp-json\/wp\/v2\/media?parent=296"}],"curies":[{"name":"wp","href":"https:\/\/api.w.org\/{rel}","templated":true}]}}