{"id":293,"date":"2023-08-09T11:29:21","date_gmt":"2023-08-09T09:29:21","guid":{"rendered":"https:\/\/miritglas.com\/?post_type=product&#038;p=293"},"modified":"2025-12-05T12:59:12","modified_gmt":"2025-12-05T11:59:12","slug":"glasstaenger","status":"publish","type":"product","link":"https:\/\/miritglas.com\/da\/produkter\/glasstaenger\/","title":{"rendered":"Glasst\u00e6nger"},"content":{"rendered":"\t\t<div data-elementor-type=\"wp-post\" data-elementor-id=\"293\" class=\"elementor elementor-293\" data-elementor-post-type=\"product\">\n\t\t\t\t<div class=\"elementor-element elementor-element-32b3c55b e-flex e-con-boxed e-con e-parent\" data-id=\"32b3c55b\" data-element_type=\"container\" data-e-type=\"container\">\n\t\t\t\t\t<div class=\"e-con-inner\">\n\t\t<div class=\"elementor-element elementor-element-6f587ed1 e-con-full e-flex e-con e-parent\" data-id=\"6f587ed1\" data-element_type=\"container\" data-e-type=\"container\">\n\t\t\t\t<div class=\"elementor-element elementor-element-616fffbd elementor-widget elementor-widget-text-editor\" data-id=\"616fffbd\" data-element_type=\"widget\" data-e-type=\"widget\" data-widget_type=\"text-editor.default\">\n\t\t\t\t<div class=\"elementor-widget-container\">\n\t\t\t\t\t\t\t\t\t<h2>Glasst\u00e6nger og glasstave til design og s\u00e6rlige l\u00f8sninger<\/h2><p>Mirit Glas leverer glasst\u00e6nger til design og industri. Vi har et alsidigt og m\u00e5ske det mest velassorterede lager af glasst\u00e6nger i Norden, som vi ogs\u00e5 bearbejder efter kundens \u00f8nsker.<\/p><p>Glasst\u00e6nger er en variant af glas, der mest bruges til design. Der kan ogs\u00e5 v\u00e6re specielle forhold, der g\u00f8r at glasst\u00e6nger er ideelle til at l\u00f8se et problem i industrien. Nogle gange kan det v\u00e6re at en glasstang er mere velegnet til at l\u00f8se et problem end for eksempel et glasr\u00f8r, som ogs\u00e5 ofte bruges til belysning og design.<\/p><p>Vores lager er fokuseret p\u00e5 glasst\u00e6nger i massivt borosilikatglas fra \u00f83 til \u00f830. Boroslikatglas er med sin temperaturbestandighed og resistens over for kemikalier et ideelt og alsidigt glas at bruge i industrien.<\/p><p>I nogle tilf\u00e6lde som n\u00e5r det for eksempel drejer sig om s\u00e6rlige UV-l\u00f8sninger give det mening at bruge glasstave i kvartsglas.<\/p><p>Det er prim\u00e6rt, n\u00e5r det drejer sig om belysning, at der er eftersp\u00f8rgsel efter glasst\u00e6nger eller glasstave.<\/p><p>Vi har leveret glasst\u00e6nger til l\u00f8sninger, hvor de indg\u00e5r i alt fra belysningsl\u00f8sninger til k\u00f8kkener og til varmesystemer.<\/p><p>Hvis glasst\u00e6nger kan v\u00e6re l\u00f8sningen. S\u00e5 kontakt os i dag for at h\u00f8re mere om glasst\u00e6ngers anvendelsesmuligheder.<\/p>\t\t\t\t\t\t\t\t<\/div>\n\t\t\t\t<\/div>\n\t\t\t\t<div class=\"elementor-element elementor-element-7e2f78a elementor-widget elementor-widget-button\" data-id=\"7e2f78a\" data-element_type=\"widget\" data-e-type=\"widget\" data-widget_type=\"button.default\">\n\t\t\t\t<div class=\"elementor-widget-container\">\n\t\t\t\t\t\t\t\t\t<div class=\"elementor-button-wrapper\">\n\t\t\t\t\t<a class=\"elementor-button elementor-button-link elementor-size-md\" href=\"https:\/\/miritglas.com\/da\/kontakt-os\/\">\n\t\t\t\t\t\t<span class=\"elementor-button-content-wrapper\">\n\t\t\t\t\t\t\t\t\t<span class=\"elementor-button-text\">Kontakt os i dag<\/span>\n\t\t\t\t\t<\/span>\n\t\t\t\t\t<\/a>\n\t\t\t\t<\/div>\n\t\t\t\t\t\t\t\t<\/div>\n\t\t\t\t<\/div>\n\t\t\t\t<\/div>\n\t\t<div class=\"elementor-element elementor-element-24e28cf7 e-con-full e-flex e-con e-parent\" data-id=\"24e28cf7\" data-element_type=\"container\" data-e-type=\"container\">\n\t\t\t\t<div class=\"elementor-element elementor-element-7d4614af elementor-absolute elementor-widget elementor-widget-image\" data-id=\"7d4614af\" data-element_type=\"widget\" data-e-type=\"widget\" data-settings=\"{&quot;_position&quot;:&quot;absolute&quot;}\" data-widget_type=\"image.default\">\n\t\t\t\t<div class=\"elementor-widget-container\">\n\t\t\t\t\t\t\t\t\t\t\t\t\t\t\t<img fetchpriority=\"high\" decoding=\"async\" width=\"230\" height=\"230\" src=\"https:\/\/miritglas.com\/wp-content\/uploads\/2023\/08\/logo-icon.png\" class=\"attachment-medium size-medium wp-image-166\" alt=\"Mirit glas logo. Nordens foretrukne glasleverand\u00f8r \u2013 vi fremstiller efter individuelle behov\" srcset=\"https:\/\/miritglas.com\/wp-content\/uploads\/2023\/08\/logo-icon.png 230w, https:\/\/miritglas.com\/wp-content\/uploads\/2023\/08\/logo-icon-150x150.png 150w\" sizes=\"(max-width: 230px) 100vw, 230px\" title=\"\">\t\t\t\t\t\t\t\t\t\t\t\t\t\t\t<\/div>\n\t\t\t\t<\/div>\n\t\t\t\t<div class=\"elementor-element elementor-element-74d6e8b elementor-widget elementor-widget-image\" data-id=\"74d6e8b\" data-element_type=\"widget\" data-e-type=\"widget\" data-widget_type=\"image.default\">\n\t\t\t\t<div class=\"elementor-widget-container\">\n\t\t\t\t\t\t\t\t\t\t\t\t\t\t\t<img decoding=\"async\" width=\"564\" height=\"306\" src=\"https:\/\/miritglas.com\/wp-content\/uploads\/2023\/08\/glasstaenger-low-res.jpg\" class=\"attachment-large size-large wp-image-1987\" alt=\"glasst\u00e6nger og glasstave til design og industri. Glasst\u00e6nger | Cylindrisk massiv glasstang i borosilikat eller kvartsglas med diameter fra ca. \u00f8 3\u201330 mm, med h\u00f8j kemisk- og varmebestandighed, god ridse- og slagstyrke, velegnet til industrielle processer, laboratorieudstyr, belysning, designprojekter og tekniske installationer.\" srcset=\"https:\/\/miritglas.com\/wp-content\/uploads\/2023\/08\/glasstaenger-low-res.jpg 564w, https:\/\/miritglas.com\/wp-content\/uploads\/2023\/08\/glasstaenger-low-res-300x163.jpg 300w\" sizes=\"(max-width: 564px) 100vw, 564px\" title=\"\">\t\t\t\t\t\t\t\t\t\t\t\t\t\t\t<\/div>\n\t\t\t\t<\/div>\n\t\t\t\t<\/div>\n\t\t\t\t\t<\/div>\n\t\t\t\t<\/div>\n\t\t<div class=\"elementor-element elementor-element-6c4c89c6 e-flex e-con-boxed e-con e-parent\" data-id=\"6c4c89c6\" data-element_type=\"container\" data-e-type=\"container\" data-settings=\"{&quot;background_background&quot;:&quot;classic&quot;}\">\n\t\t\t\t\t<div class=\"e-con-inner\">\n\t\t<div class=\"elementor-element elementor-element-3ebf91bc e-con-full e-flex e-con e-parent\" data-id=\"3ebf91bc\" data-element_type=\"container\" data-e-type=\"container\">\n\t\t\t\t<div class=\"elementor-element elementor-element-47ee89c4 elementor-widget elementor-widget-text-editor\" data-id=\"47ee89c4\" data-element_type=\"widget\" data-e-type=\"widget\" data-widget_type=\"text-editor.default\">\n\t\t\t\t<div class=\"elementor-widget-container\">\n\t\t\t\t\t\t\t\t\t<h3>Glasstave og glasst\u00e6nger kun til erhverv<\/h3><p>Vi arbejder prim\u00e6rt med glasst\u00e6nger i borosilikatglas og en gang i mellem kvartsglas. Begge er glastyper, der er egnede til erhvervsl\u00f8sninger.<\/p><p><a href=\"https:\/\/miritglas.com\/da\/produkter\/borosilikatglas\/\">Borosilikatglas<\/a>\u00a0er temperaturbestandigt. I praksis betyder det at glasset t\u00e5ler store temperatursvingninger. Det t\u00e5ler ogs\u00e5 kradse kemikalier og er mere ridsebestandigt end almindeligt glas.\u00a0 I milj\u00f8er, hvor der for eksempel reng\u00f8res med st\u00e6rke reng\u00f8ringsmidler er det derfor praktisk at bruge borosilikatglas.\u00a0 Det g\u00e6lder ogs\u00e5 andre milj\u00f8er, hvor glasset uds\u00e6ttes for kemi, varme\/kulde eller er i risiko for at at blive tilridset for hurtigt.<\/p><p>L\u00e6s mere om vores glasr\u00e5varer\u00a0<a href=\"https:\/\/miritglas.com\/da\/raavarer\/\">her<\/a>.<\/p>\t\t\t\t\t\t\t\t<\/div>\n\t\t\t\t<\/div>\n\t\t\t\t<div class=\"elementor-element elementor-element-565695b1 elementor-widget elementor-widget-button\" data-id=\"565695b1\" data-element_type=\"widget\" data-e-type=\"widget\" data-widget_type=\"button.default\">\n\t\t\t\t<div class=\"elementor-widget-container\">\n\t\t\t\t\t\t\t\t\t<div class=\"elementor-button-wrapper\">\n\t\t\t\t\t<a class=\"elementor-button elementor-button-link elementor-size-md\" href=\"https:\/\/miritglas.com\/da\/kontakt-os\/\">\n\t\t\t\t\t\t<span class=\"elementor-button-content-wrapper\">\n\t\t\t\t\t\t\t\t\t<span class=\"elementor-button-text\">Kontakt os i dag<\/span>\n\t\t\t\t\t<\/span>\n\t\t\t\t\t<\/a>\n\t\t\t\t<\/div>\n\t\t\t\t\t\t\t\t<\/div>\n\t\t\t\t<\/div>\n\t\t\t\t<\/div>\n\t\t\t\t\t<\/div>\n\t\t\t\t<\/div>\n\t\t\t\t<\/div>\n\t\t","protected":false},"featured_media":1987,"template":"","class_list":["post-293","product","type-product","status-publish","has-post-thumbnail","hentry"],"acf":[],"_links":{"self":[{"href":"https:\/\/miritglas.com\/da\/wp-json\/wp\/v2\/product\/293","targetHints":{"allow":["GET"]}}],"collection":[{"href":"https:\/\/miritglas.com\/da\/wp-json\/wp\/v2\/product"}],"about":[{"href":"https:\/\/miritglas.com\/da\/wp-json\/wp\/v2\/types\/product"}],"version-history":[{"count":8,"href":"https:\/\/miritglas.com\/da\/wp-json\/wp\/v2\/product\/293\/revisions"}],"predecessor-version":[{"id":5637,"href":"https:\/\/miritglas.com\/da\/wp-json\/wp\/v2\/product\/293\/revisions\/5637"}],"wp:featuredmedia":[{"embeddable":true,"href":"https:\/\/miritglas.com\/da\/wp-json\/wp\/v2\/media\/1987"}],"wp:attachment":[{"href":"https:\/\/miritglas.com\/da\/wp-json\/wp\/v2\/media?parent=293"}],"curies":[{"name":"wp","href":"https:\/\/api.w.org\/{rel}","templated":true}]}}