{"id":290,"date":"2023-08-09T11:28:58","date_gmt":"2023-08-09T09:28:58","guid":{"rendered":"https:\/\/miritglas.com\/?post_type=product&#038;p=290"},"modified":"2025-12-05T12:53:31","modified_gmt":"2025-12-05T11:53:31","slug":"foedevarekontaktmateriale","status":"publish","type":"product","link":"https:\/\/miritglas.com\/da\/produkter\/foedevarekontaktmateriale\/","title":{"rendered":"F\u00f8devarekontaktmateriale"},"content":{"rendered":"\t\t<div data-elementor-type=\"wp-post\" data-elementor-id=\"290\" class=\"elementor elementor-290\" data-elementor-post-type=\"product\">\n\t\t\t\t<div class=\"elementor-element elementor-element-7ea365f e-flex e-con-boxed e-con e-parent\" data-id=\"7ea365f\" data-element_type=\"container\" data-e-type=\"container\">\n\t\t\t\t\t<div class=\"e-con-inner\">\n\t\t<div class=\"elementor-element elementor-element-7921fd70 e-con-full e-flex e-con e-child\" data-id=\"7921fd70\" data-element_type=\"container\" data-e-type=\"container\">\n\t\t\t\t<div class=\"elementor-element elementor-element-5cf6de0d elementor-widget elementor-widget-text-editor\" data-id=\"5cf6de0d\" data-element_type=\"widget\" data-e-type=\"widget\" data-widget_type=\"text-editor.default\">\n\t\t\t\t<div class=\"elementor-widget-container\">\n\t\t\t\t\t\t\t\t\t<h2 class=\"p1\"><span class=\"s1\">F\u00f8devarekontaktmateriale \u2013 N\u00e5r glas og f\u00f8devarer er i kontakt med hinanden<\/span><\/h2><p class=\"p1\"><span class=\"s1\">Mirit Glas har opn\u00e5et godkendelse fra F\u00f8devarestyrelsen, s\u00e5 virksomheden kan levere glas, der m\u00e5 anvendes til f\u00f8devarekontakt \u2013 I kategorien f\u00f8devarekontaktmateriale (FKM), der overholder de danske samt europ\u00e6iske lovkrav.<\/span><\/p><p>Mirit Glas er leverand\u00f8r af glas p\u00e5 m\u00e5l i hele Skandinavien og n\u00e5r det haster, tilbyder vi ogs\u00e5 levering samme dag.<\/p><p>Vil du h\u00f8re mere om, hvordan f\u00f8devarekontaktmateriale-godkendt glas kan v\u00e6re den rette l\u00f8sning for dig, er du velkommen til at kontakte os.<\/p>\t\t\t\t\t\t\t\t<\/div>\n\t\t\t\t<\/div>\n\t\t\t\t<div class=\"elementor-element elementor-element-255de021 elementor-widget elementor-widget-button\" data-id=\"255de021\" data-element_type=\"widget\" data-e-type=\"widget\" data-widget_type=\"button.default\">\n\t\t\t\t<div class=\"elementor-widget-container\">\n\t\t\t\t\t\t\t\t\t<div class=\"elementor-button-wrapper\">\n\t\t\t\t\t<a class=\"elementor-button elementor-button-link elementor-size-md\" href=\"https:\/\/miritglas.com\/da\/kontakt-os\/\">\n\t\t\t\t\t\t<span class=\"elementor-button-content-wrapper\">\n\t\t\t\t\t\t\t\t\t<span class=\"elementor-button-text\">Kontakt os i dag<\/span>\n\t\t\t\t\t<\/span>\n\t\t\t\t\t<\/a>\n\t\t\t\t<\/div>\n\t\t\t\t\t\t\t\t<\/div>\n\t\t\t\t<\/div>\n\t\t\t\t<\/div>\n\t\t<div class=\"elementor-element elementor-element-6db61a78 e-con-full e-flex e-con e-child\" data-id=\"6db61a78\" data-element_type=\"container\" data-e-type=\"container\">\n\t\t\t\t<div class=\"elementor-element elementor-element-19e9223f elementor-absolute elementor-widget elementor-widget-image\" data-id=\"19e9223f\" data-element_type=\"widget\" data-e-type=\"widget\" data-settings=\"{&quot;_position&quot;:&quot;absolute&quot;}\" data-widget_type=\"image.default\">\n\t\t\t\t<div class=\"elementor-widget-container\">\n\t\t\t\t\t\t\t\t\t\t\t\t\t\t\t<img fetchpriority=\"high\" decoding=\"async\" width=\"230\" height=\"230\" src=\"https:\/\/miritglas.com\/wp-content\/uploads\/2023\/08\/logo-icon.png\" class=\"attachment-medium size-medium wp-image-166\" alt=\"Mirit glas logo. Nordens foretrukne glasleverand\u00f8r \u2013 vi fremstiller efter individuelle behov\" srcset=\"https:\/\/miritglas.com\/wp-content\/uploads\/2023\/08\/logo-icon.png 230w, https:\/\/miritglas.com\/wp-content\/uploads\/2023\/08\/logo-icon-150x150.png 150w\" sizes=\"(max-width: 230px) 100vw, 230px\" title=\"\">\t\t\t\t\t\t\t\t\t\t\t\t\t\t\t<\/div>\n\t\t\t\t<\/div>\n\t\t\t\t<div class=\"elementor-element elementor-element-65a0add7 elementor-widget elementor-widget-image\" data-id=\"65a0add7\" data-element_type=\"widget\" data-e-type=\"widget\" data-widget_type=\"image.default\">\n\t\t\t\t<div class=\"elementor-widget-container\">\n\t\t\t\t\t\t\t\t\t\t\t\t\t\t\t<img decoding=\"async\" width=\"262\" height=\"300\" src=\"https:\/\/miritglas.com\/wp-content\/uploads\/2023\/08\/EU_food_contact_material_symbol_text-262x300.png\" class=\"attachment-medium size-medium wp-image-1955\" alt=\"F\u00f8devarergodkendt glas | Specialglas certificeret til kontakt med f\u00f8devarer, med inert sammens\u00e6tning, h\u00f8j kemisk og fysisk stabilitet, sporbart r\u00e5materiale-ID og leveret med overensstemmelseserkl\u00e6ring, egnet til glasbeholdere, emballage, produktionsudstyr og kontaktflader i f\u00f8devareproduktion.\" srcset=\"https:\/\/miritglas.com\/wp-content\/uploads\/2023\/08\/EU_food_contact_material_symbol_text-262x300.png 262w, https:\/\/miritglas.com\/wp-content\/uploads\/2023\/08\/EU_food_contact_material_symbol_text-894x1024.png 894w, https:\/\/miritglas.com\/wp-content\/uploads\/2023\/08\/EU_food_contact_material_symbol_text-768x879.png 768w, https:\/\/miritglas.com\/wp-content\/uploads\/2023\/08\/EU_food_contact_material_symbol_text-1342x1536.png 1342w, https:\/\/miritglas.com\/wp-content\/uploads\/2023\/08\/EU_food_contact_material_symbol_text-1789x2048.png 1789w, https:\/\/miritglas.com\/wp-content\/uploads\/2023\/08\/EU_food_contact_material_symbol_text.png 2028w\" sizes=\"(max-width: 262px) 100vw, 262px\" title=\"\">\t\t\t\t\t\t\t\t\t\t\t\t\t\t\t<\/div>\n\t\t\t\t<\/div>\n\t\t\t\t<div class=\"elementor-element elementor-element-fa0c502 elementor-widget elementor-widget-image\" data-id=\"fa0c502\" data-element_type=\"widget\" data-e-type=\"widget\" data-widget_type=\"image.default\">\n\t\t\t\t<div class=\"elementor-widget-container\">\n\t\t\t\t\t\t\t\t\t\t\t\t\t\t\t<img decoding=\"async\" src=\"https:\/\/miritglas.com\/wp-content\/uploads\/2023\/08\/smiley.svg\" class=\"attachment-full size-full wp-image-1959\" alt=\"smiley - elite - logo til f\u00f8devarekontaktmateriale\" title=\"\">\t\t\t\t\t\t\t\t\t\t\t\t\t\t\t<\/div>\n\t\t\t\t<\/div>\n\t\t\t\t<\/div>\n\t\t\t\t\t<\/div>\n\t\t\t\t<\/div>\n\t\t<div class=\"elementor-element elementor-element-23c072cf e-flex e-con-boxed e-con e-parent\" data-id=\"23c072cf\" data-element_type=\"container\" data-e-type=\"container\" data-settings=\"{&quot;background_background&quot;:&quot;classic&quot;}\">\n\t\t\t\t\t<div class=\"e-con-inner\">\n\t\t<div class=\"elementor-element elementor-element-d5088e4 e-con-full e-flex e-con e-child\" data-id=\"d5088e4\" data-element_type=\"container\" data-e-type=\"container\">\n\t\t\t\t<div class=\"elementor-element elementor-element-1547ab65 elementor-widget elementor-widget-text-editor\" data-id=\"1547ab65\" data-element_type=\"widget\" data-e-type=\"widget\" data-widget_type=\"text-editor.default\">\n\t\t\t\t<div class=\"elementor-widget-container\">\n\t\t\t\t\t\t\t\t\t<h3 class=\"p1\">Glasl\u00f8sninger til f\u00f8devarekontakt<\/h3><p class=\"p1\"><span class=\"s1\"><a href=\"https:\/\/miritglas.com\/da\/skueglas\/\">Skueglas<\/a><\/span>\u00a0til f\u00f8devarekontakt har v\u00e6ret prim\u00e6re fokus, men der er nu ogs\u00e5 \u00e5bnet mulighed for, at andre glasemner, der skal bruges til direkte eller indirekte kontakt med f\u00f8devarer, kan leveres.<\/p><p class=\"p1\">Vi kan tilbyde emner af\u00a0<a href=\"https:\/\/miritglas.com\/da\/produkter\/floatglas\/\"><span class=\"s2\">Natrium-Kalk-glas<\/span><\/a>\u00a0(almindeligt kaldet\u00a0<a href=\"https:\/\/miritglas.com\/da\/produkter\/floatglas\/\"><span class=\"s2\">float glas<\/span><\/a>\u00a0eller soda lime glas) og af\u00a0<a href=\"https:\/\/miritglas.com\/da\/produkter\/borosilikatglas\/\"><span class=\"s2\">Borosilikat glas<\/span><\/a>.<\/p><p class=\"p1\">Vores\u00a0<a href=\"https:\/\/miritglas.com\/da\/skueglas\/\"><span class=\"s1\">skueglas<\/span><\/a>\u00a0produceret af almindeligt glas stemples iht. DIN 8902 eller DIN 8903. \u00a0<a href=\"https:\/\/miritglas.com\/da\/skueglas\/\"><span class=\"s1\">Skueglas<\/span><\/a>\u00a0i Borosilikatglas stemples iht. DIN 7081 eller DIN 7080. Disse\u00a0<a href=\"https:\/\/miritglas.com\/da\/skueglas\/\"><span class=\"s1\">skueglas<\/span><\/a>\u00a0anvendes i industrien, hvilket er den prim\u00e6re \u00e5rsag til, at vi har s\u00f8gt om FKM-godkendelse.<\/p><p class=\"p1\"><strong>Declaration Of Compliance \u2013 Food Contact Material<\/strong><\/p><p class=\"p1\">Ved leverancer af f\u00f8devarekontaktmaterialer vil ordren indeholde et certifikat \u201dDeclaration Of Compliance \u2013 Food Contact Material\u201d. Dette certifikat indeholder r\u00e5glas-ID oplysninger til kunden om det anvendte r\u00e5glas, s\u00e5ledes at fuld sporbarhed er sikret, hvilket kr\u00e6ves af f\u00f8devarekontaktmaterialer.<\/p><p class=\"p1\">For at sikre denne sporbarhed m\u00e5 kunder notere sig, hvor produkterne fra Mirit Glas A\/S er anvendt, s\u00e5ledes at R\u00e5vare-ID numre kan oplyses i tilf\u00e6lde af reklamationer. Det er s\u00e5ledes vigtigt, at de udstedte certifikater gemmes omhyggeligt.<\/p><p class=\"p1\">Nedenfor er en kopi af kontrolrapport fra f\u00f8devarestyrelsen \u2013 sidste nye kontrolrapport kan downloades her:\u00a0<a target=\"_blank\" href=\"https:\/\/www.findsmiley.dk\/Sider\/Search.aspx?k=mirit%20glas\" rel=\"noopener\"><span class=\"s1\">Link til findsmiley<\/span><\/a><\/p>\t\t\t\t\t\t\t\t<\/div>\n\t\t\t\t<\/div>\n\t\t\t\t<\/div>\n\t\t<div class=\"elementor-element elementor-element-6e300a4c e-con-full e-flex e-con e-child\" data-id=\"6e300a4c\" data-element_type=\"container\" data-e-type=\"container\">\n\t\t\t\t<div class=\"elementor-element elementor-element-5c3cab6e elementor-widget elementor-widget-image\" data-id=\"5c3cab6e\" data-element_type=\"widget\" data-e-type=\"widget\" data-widget_type=\"image.default\">\n\t\t\t\t<div class=\"elementor-widget-container\">\n\t\t\t\t\t\t\t\t\t\t\t\t\t\t\t<img decoding=\"async\" width=\"726\" height=\"1024\" src=\"https:\/\/miritglas.com\/wp-content\/uploads\/2023\/08\/smiley-2025-726x1024.jpg\" class=\"attachment-large size-large wp-image-6152\" alt=\"\" srcset=\"https:\/\/miritglas.com\/wp-content\/uploads\/2023\/08\/smiley-2025-726x1024.jpg 726w, https:\/\/miritglas.com\/wp-content\/uploads\/2023\/08\/smiley-2025-213x300.jpg 213w, https:\/\/miritglas.com\/wp-content\/uploads\/2023\/08\/smiley-2025-768x1084.jpg 768w, https:\/\/miritglas.com\/wp-content\/uploads\/2023\/08\/smiley-2025.jpg 1016w\" sizes=\"(max-width: 726px) 100vw, 726px\" title=\"\">\t\t\t\t\t\t\t\t\t\t\t\t\t\t\t<\/div>\n\t\t\t\t<\/div>\n\t\t\t\t<\/div>\n\t\t\t\t\t<\/div>\n\t\t\t\t<\/div>\n\t\t\t\t<\/div>\n\t\t","protected":false},"featured_media":1955,"template":"","class_list":["post-290","product","type-product","status-publish","has-post-thumbnail","hentry"],"acf":[],"_links":{"self":[{"href":"https:\/\/miritglas.com\/da\/wp-json\/wp\/v2\/product\/290","targetHints":{"allow":["GET"]}}],"collection":[{"href":"https:\/\/miritglas.com\/da\/wp-json\/wp\/v2\/product"}],"about":[{"href":"https:\/\/miritglas.com\/da\/wp-json\/wp\/v2\/types\/product"}],"version-history":[{"count":26,"href":"https:\/\/miritglas.com\/da\/wp-json\/wp\/v2\/product\/290\/revisions"}],"predecessor-version":[{"id":6210,"href":"https:\/\/miritglas.com\/da\/wp-json\/wp\/v2\/product\/290\/revisions\/6210"}],"wp:featuredmedia":[{"embeddable":true,"href":"https:\/\/miritglas.com\/da\/wp-json\/wp\/v2\/media\/1955"}],"wp:attachment":[{"href":"https:\/\/miritglas.com\/da\/wp-json\/wp\/v2\/media?parent=290"}],"curies":[{"name":"wp","href":"https:\/\/api.w.org\/{rel}","templated":true}]}}