{"id":289,"date":"2023-08-09T11:28:51","date_gmt":"2023-08-09T09:28:51","guid":{"rendered":"https:\/\/miritglas.com\/?post_type=product&#038;p=289"},"modified":"2025-12-05T12:52:15","modified_gmt":"2025-12-05T11:52:15","slug":"floatglas","status":"publish","type":"product","link":"https:\/\/miritglas.com\/da\/produkter\/floatglas\/","title":{"rendered":"Floatglas"},"content":{"rendered":"\t\t<div data-elementor-type=\"wp-post\" data-elementor-id=\"289\" class=\"elementor elementor-289\" data-elementor-post-type=\"product\">\n\t\t\t\t<div class=\"elementor-element elementor-element-200210a0 e-flex e-con-boxed e-con e-parent\" data-id=\"200210a0\" data-element_type=\"container\" data-e-type=\"container\">\n\t\t\t\t\t<div class=\"e-con-inner\">\n\t\t<div class=\"elementor-element elementor-element-1e2e2db6 e-con-full e-flex e-con e-child\" data-id=\"1e2e2db6\" data-element_type=\"container\" data-e-type=\"container\">\n\t\t\t\t<div class=\"elementor-element elementor-element-3a774e elementor-widget elementor-widget-text-editor\" data-id=\"3a774e\" data-element_type=\"widget\" data-e-type=\"widget\" data-widget_type=\"text-editor.default\">\n\t\t\t\t<div class=\"elementor-widget-container\">\n\t\t\t\t\t\t\t\t\t<h2>Floatglas \u2013 materialet, der anvendes overalt<\/h2><p>Mirit Glas leverer floatglas til industrien. Glas i float anvendes overalt. Lige fra h\u00e6rdede afsk\u00e6rmningsglas til belysning og designglas.<\/p><p>Navnet floatglas refererer til fremstillingsprocessen. Processen blev opfundet i 1950\u2019erne, hvor man gik fra at \u201drulle\u201d glasset, til at smelte det flydende glas p\u00e5 et underlag af tin. Ved at lade glasset flyde ud p\u00e5 tinnet, hvor det spredes og planes ved hj\u00e6lp af tyngdekraften, kan man skabe en finere og mere ens overflade og tykkelse p\u00e5 glasset.<\/p><p>Hos Mirit Glas er vi er lagerf\u00f8rende i floatglas i tykkelserne 1-6, 8, 10, 12, 15, 19 og 25 mm.<\/p><p>Er du interesseret i at h\u00f8re mere om denne type glas, og hvordan det kan v\u00e6re den rette l\u00f8sning for dig, er du naturligvis velkommen til at kontakte os.<\/p>\t\t\t\t\t\t\t\t<\/div>\n\t\t\t\t<\/div>\n\t\t\t\t<div class=\"elementor-element elementor-element-18d6c51 elementor-widget elementor-widget-button\" data-id=\"18d6c51\" data-element_type=\"widget\" data-e-type=\"widget\" data-widget_type=\"button.default\">\n\t\t\t\t<div class=\"elementor-widget-container\">\n\t\t\t\t\t\t\t\t\t<div class=\"elementor-button-wrapper\">\n\t\t\t\t\t<a class=\"elementor-button elementor-button-link elementor-size-md\" href=\"https:\/\/miritglas.com\/da\/kontakt-os\/\">\n\t\t\t\t\t\t<span class=\"elementor-button-content-wrapper\">\n\t\t\t\t\t\t\t\t\t<span class=\"elementor-button-text\">Kontakt os i dag<\/span>\n\t\t\t\t\t<\/span>\n\t\t\t\t\t<\/a>\n\t\t\t\t<\/div>\n\t\t\t\t\t\t\t\t<\/div>\n\t\t\t\t<\/div>\n\t\t\t\t<\/div>\n\t\t<div class=\"elementor-element elementor-element-6aa3e1e8 e-con-full e-flex e-con e-child\" data-id=\"6aa3e1e8\" data-element_type=\"container\" data-e-type=\"container\">\n\t\t\t\t<div class=\"elementor-element elementor-element-824490 elementor-absolute elementor-widget elementor-widget-image\" data-id=\"824490\" data-element_type=\"widget\" data-e-type=\"widget\" data-settings=\"{&quot;_position&quot;:&quot;absolute&quot;}\" data-widget_type=\"image.default\">\n\t\t\t\t<div class=\"elementor-widget-container\">\n\t\t\t\t\t\t\t\t\t\t\t\t\t\t\t<img fetchpriority=\"high\" decoding=\"async\" width=\"230\" height=\"230\" src=\"https:\/\/miritglas.com\/wp-content\/uploads\/2023\/08\/logo-icon.png\" class=\"attachment-medium size-medium wp-image-166\" alt=\"Mirit glas logo. Nordens foretrukne glasleverand\u00f8r \u2013 vi fremstiller efter individuelle behov\" srcset=\"https:\/\/miritglas.com\/wp-content\/uploads\/2023\/08\/logo-icon.png 230w, https:\/\/miritglas.com\/wp-content\/uploads\/2023\/08\/logo-icon-150x150.png 150w\" sizes=\"(max-width: 230px) 100vw, 230px\" title=\"\">\t\t\t\t\t\t\t\t\t\t\t\t\t\t\t<\/div>\n\t\t\t\t<\/div>\n\t\t\t\t<div class=\"elementor-element elementor-element-4a3f3a13 elementor-widget elementor-widget-video\" data-id=\"4a3f3a13\" data-element_type=\"widget\" data-e-type=\"widget\" data-settings=\"{&quot;youtube_url&quot;:&quot;https:\\\/\\\/www.youtube.com\\\/watch?v=ML5daXPhmPQ&quot;,&quot;show_image_overlay&quot;:&quot;yes&quot;,&quot;image_overlay&quot;:{&quot;url&quot;:&quot;https:\\\/\\\/miritglas.com\\\/wp-content\\\/uploads\\\/2023\\\/08\\\/ML5daXPhmPQ.jpeg&quot;,&quot;id&quot;:1831,&quot;size&quot;:&quot;&quot;,&quot;alt&quot;:&quot;&quot;,&quot;source&quot;:&quot;library&quot;},&quot;video_type&quot;:&quot;youtube&quot;,&quot;controls&quot;:&quot;yes&quot;}\" data-widget_type=\"video.default\">\n\t\t\t\t<div class=\"elementor-widget-container\">\n\t\t\t\t\t\t\t<div class=\"elementor-wrapper elementor-open-inline\">\n\t\t\t<div class=\"elementor-video\"><\/div>\t\t\t\t<div class=\"elementor-custom-embed-image-overlay\" style=\"background-image: url(https:\/\/miritglas.com\/wp-content\/uploads\/2023\/08\/ML5daXPhmPQ.jpeg);\">\n\t\t\t\t\t\t\t\t\t\t\t\t\t\t\t\t<div class=\"elementor-custom-embed-play\" role=\"button\" aria-label=\"Afspil video\" tabindex=\"0\">\n\t\t\t\t\t\t\t<svg aria-hidden=\"true\" class=\"e-font-icon-svg e-eicon-play\" viewBox=\"0 0 1000 1000\" xmlns=\"http:\/\/www.w3.org\/2000\/svg\"><path d=\"M838 162C746 71 633 25 500 25 371 25 258 71 163 162 71 254 25 367 25 500 25 633 71 746 163 837 254 929 367 979 500 979 633 979 746 933 838 837 929 746 975 633 975 500 975 367 929 254 838 162M808 192C892 279 933 379 933 500 933 621 892 725 808 808 725 892 621 938 500 938 379 938 279 896 196 808 113 725 67 621 67 500 67 379 108 279 196 192 279 108 383 62 500 62 621 62 721 108 808 192M438 392V642L642 517 438 392Z\"><\/path><\/svg>\t\t\t\t\t\t<\/div>\n\t\t\t\t\t\t\t\t\t<\/div>\n\t\t\t\t\t<\/div>\n\t\t\t\t\t\t<\/div>\n\t\t\t\t<\/div>\n\t\t\t\t<\/div>\n\t\t\t\t\t<\/div>\n\t\t\t\t<\/div>\n\t\t<div class=\"elementor-element elementor-element-9a7ec9c e-flex e-con-boxed e-con e-parent\" data-id=\"9a7ec9c\" data-element_type=\"container\" data-e-type=\"container\" data-settings=\"{&quot;background_background&quot;:&quot;classic&quot;}\">\n\t\t\t\t\t<div class=\"e-con-inner\">\n\t\t<div class=\"elementor-element elementor-element-1926e67 e-con-full e-flex e-con e-child\" data-id=\"1926e67\" data-element_type=\"container\" data-e-type=\"container\">\n\t\t\t\t<div class=\"elementor-element elementor-element-23cb594 elementor-widget elementor-widget-text-editor\" data-id=\"23cb594\" data-element_type=\"widget\" data-e-type=\"widget\" data-widget_type=\"text-editor.default\">\n\t\t\t\t<div class=\"elementor-widget-container\">\n\t\t\t\t\t\t\t\t\t<h3>De tekniske egenskaber for floatglas<\/h3><p>Floatglas t\u00e5ler kun 40\u00b0 C i temperaturforskel, hvilket ikke er ret meget, n\u00e5r man sammenligner med andre typer af glas. Og n\u00e5r floatglas g\u00e5r itu, splintrer det desuden i spidse og skarpe stykker. Hvis man vil undg\u00e5, at floatglas splintrer ved brud, kan man h\u00e6rde det. En h\u00e6rdning vil medf\u00f8re, at glasset i stedet granulerer, hvis det g\u00e5r i stykker.<\/p><p>Almindeligt floatglas har en karakteristisk gr\u00f8nlig tone. Det har det p\u00e5 grund af floatglassets jernindhold. Den gr\u00f8nlige tone ses mest p\u00e5 kanten og bliver tydeligere, n\u00e5r glassets tykkelse \u00f8ges.<\/p><p>Ved at reducere jernindholdet i glasset kan man \u00e6ndre dets farvetone til et punkt, hvor glasset bliver krystalklart. Denne type glas kaldes ogs\u00e5\u00a0<a href=\"https:\/\/miritglas.com\/da\/produkter\/jernfattigt-glas\/\">jernfattigt glas<\/a>. Det fordyrer dog fremstillingsprocessen og resulterer derfor i en dyrere r\u00e5vare.<\/p>\t\t\t\t\t\t\t\t<\/div>\n\t\t\t\t<\/div>\n\t\t\t\t<\/div>\n\t\t<div class=\"elementor-element elementor-element-7b4af70 e-con-full e-flex e-con e-child\" data-id=\"7b4af70\" data-element_type=\"container\" data-e-type=\"container\">\n\t\t<div class=\"elementor-element elementor-element-5e43167 e-flex e-con-boxed e-con e-child\" data-id=\"5e43167\" data-element_type=\"container\" data-e-type=\"container\" data-settings=\"{&quot;background_background&quot;:&quot;classic&quot;}\">\n\t\t\t\t\t<div class=\"e-con-inner\">\n\t\t\t\t<div class=\"elementor-element elementor-element-d9d771a elementor-widget elementor-widget-text-editor\" data-id=\"d9d771a\" data-element_type=\"widget\" data-e-type=\"widget\" data-widget_type=\"text-editor.default\">\n\t\t\t\t<div class=\"elementor-widget-container\">\n\t\t\t\t\t\t\t\t\t<h4>KALK-SODA-SILIKATGLAS, NATRONKALKGLAS OG SODA-LIMEGLAS<\/h4><p>Floatglas er det udbredte navn for almindeligt glas. Det g\u00e5r ogs\u00e5 under betegnelserne kalk-soda-silikatglas, natronkalkglas og soda-limeglas, men i daglig tale kaldes det floatglas\/float glas \u2013 eller bare almindeligt glas. Floatglas er en j\u00e6vn og forvr\u00e6ngningsfri type af glas, der er g\u00f8r det anvendeligt som materiale i forskellige typer af vinduer. Navnet floatglas stammer som sagt fra den proces, hvorved glasset bliver fremstillet. Her h\u00e6ldes den flydende glasmasse ud p\u00e5 et bad af smeltet tin, der f\u00e5r glasset til at flyde ovenp\u00e5. Hermed fordeler glasset sig selv i en j\u00e6vn masse, der afk\u00f8les meget kontrolleret, inden glasset frig\u00f8res fra badet, og det endelige floatglas er klar. Grunden til, at man bruger tin, er at det er et materiale, der forbliver stabilt i sin flydende form ved den h\u00f8je temperatur, som floatglas produceres ved.<\/p>\t\t\t\t\t\t\t\t<\/div>\n\t\t\t\t<\/div>\n\t\t\t\t\t<\/div>\n\t\t\t\t<\/div>\n\t\t\t\t<\/div>\n\t\t\t\t\t<\/div>\n\t\t\t\t<\/div>\n\t\t<div class=\"elementor-element elementor-element-7ce8b8b e-flex e-con-boxed e-con e-parent\" data-id=\"7ce8b8b\" data-element_type=\"container\" data-e-type=\"container\">\n\t\t\t\t\t<div class=\"e-con-inner\">\n\t\t<div class=\"elementor-element elementor-element-1775f78 e-con-full e-flex e-con e-child\" data-id=\"1775f78\" data-element_type=\"container\" data-e-type=\"container\">\n\t\t\t\t<div class=\"elementor-element elementor-element-4d360c4 elementor-widget elementor-widget-text-editor\" data-id=\"4d360c4\" data-element_type=\"widget\" data-e-type=\"widget\" data-widget_type=\"text-editor.default\">\n\t\t\t\t<div class=\"elementor-widget-container\">\n\t\t\t\t\t\t\t\t\t<h3>Hvilke fordele er der ved at bruge floatglas?<\/h3><p>Floatglas er et meget anvendeligt materiale, som er forholdsvis let at arbejde med, og derfor kan bruges i en lang r\u00e6kke funktioner, der passer til mange forskellige applikationer. Der findes desuden rigtigt mange metoder til efterbehandling af floatglas, som kan s\u00f8rge for, at det f\u00e5r et helt bestemt udseende. Derfor bliver floatglas eksempelvis brugt til display, hvor unikke produkter kan blive fremvist problemfrit gennem ruder af det klare floatglas, hvis \u00e6stetiske muligheder g\u00f8r det til det optimale materiale til denne slags opgaver.<\/p>\t\t\t\t\t\t\t\t<\/div>\n\t\t\t\t<\/div>\n\t\t\t\t<\/div>\n\t\t<div class=\"elementor-element elementor-element-f28df08 e-con-full e-flex e-con e-child\" data-id=\"f28df08\" data-element_type=\"container\" data-e-type=\"container\">\n\t\t\t\t<div class=\"elementor-element elementor-element-d81507a elementor-absolute elementor-widget elementor-widget-image\" data-id=\"d81507a\" data-element_type=\"widget\" data-e-type=\"widget\" data-settings=\"{&quot;_position&quot;:&quot;absolute&quot;}\" data-widget_type=\"image.default\">\n\t\t\t\t<div class=\"elementor-widget-container\">\n\t\t\t\t\t\t\t\t\t\t\t\t\t\t\t<img fetchpriority=\"high\" decoding=\"async\" width=\"230\" height=\"230\" src=\"https:\/\/miritglas.com\/wp-content\/uploads\/2023\/08\/logo-icon.png\" class=\"attachment-medium size-medium wp-image-166\" alt=\"Mirit glas logo. Nordens foretrukne glasleverand\u00f8r \u2013 vi fremstiller efter individuelle behov\" srcset=\"https:\/\/miritglas.com\/wp-content\/uploads\/2023\/08\/logo-icon.png 230w, https:\/\/miritglas.com\/wp-content\/uploads\/2023\/08\/logo-icon-150x150.png 150w\" sizes=\"(max-width: 230px) 100vw, 230px\" title=\"\">\t\t\t\t\t\t\t\t\t\t\t\t\t\t\t<\/div>\n\t\t\t\t<\/div>\n\t\t\t\t<div class=\"elementor-element elementor-element-61af829 elementor-widget elementor-widget-image\" data-id=\"61af829\" data-element_type=\"widget\" data-e-type=\"widget\" data-widget_type=\"image.default\">\n\t\t\t\t<div class=\"elementor-widget-container\">\n\t\t\t\t\t\t\t\t\t\t\t\t\t\t\t<img decoding=\"async\" width=\"779\" height=\"584\" src=\"https:\/\/miritglas.com\/wp-content\/uploads\/2023\/08\/almindeligt-floatglas.jpg\" class=\"attachment-large size-large wp-image-1938\" alt=\"Floatglas | Gennemsigtigt natron-kalk-silikatglas med glat og plan overflade, ensartet tykkelse og h\u00f8j optisk klarhed, basisglas der kan sk\u00e6res, h\u00e6rdes, lamineres, sandbl\u00e6ses eller formes efter m\u00e5l, egnet til vinduer, glasfacader, m\u00f8bler, interi\u00f8rglas, skillev\u00e6gge og byggeri.\" srcset=\"https:\/\/miritglas.com\/wp-content\/uploads\/2023\/08\/almindeligt-floatglas.jpg 779w, https:\/\/miritglas.com\/wp-content\/uploads\/2023\/08\/almindeligt-floatglas-300x225.jpg 300w, https:\/\/miritglas.com\/wp-content\/uploads\/2023\/08\/almindeligt-floatglas-768x576.jpg 768w\" sizes=\"(max-width: 779px) 100vw, 779px\" title=\"\">\t\t\t\t\t\t\t\t\t\t\t\t\t\t\t<\/div>\n\t\t\t\t<\/div>\n\t\t\t\t<\/div>\n\t\t\t\t\t<\/div>\n\t\t\t\t<\/div>\n\t\t<div class=\"elementor-element elementor-element-32610afb e-flex e-con-boxed e-con e-parent\" data-id=\"32610afb\" data-element_type=\"container\" data-e-type=\"container\" data-settings=\"{&quot;background_background&quot;:&quot;classic&quot;}\">\n\t\t\t\t\t<div class=\"e-con-inner\">\n\t\t<div class=\"elementor-element elementor-element-24ecb361 e-con-full e-flex e-con e-child\" data-id=\"24ecb361\" data-element_type=\"container\" data-e-type=\"container\">\n\t\t\t\t<div class=\"elementor-element elementor-element-65128ade elementor-widget elementor-widget-text-editor\" data-id=\"65128ade\" data-element_type=\"widget\" data-e-type=\"widget\" data-widget_type=\"text-editor.default\">\n\t\t\t\t<div class=\"elementor-widget-container\">\n\t\t\t\t\t\t\t\t\t<h3>Det kan Mirit Glas tilbyde jer inden for behandling af floatglas<\/h3><p>Vi kan bearbejde floatglas p\u00e5 en r\u00e6kke forskellige m\u00e5der:<\/p>\t\t\t\t\t\t\t\t<\/div>\n\t\t\t\t<\/div>\n\t\t\t\t<div class=\"elementor-element elementor-element-139e4077 elementor-widget elementor-widget-text-editor\" data-id=\"139e4077\" data-element_type=\"widget\" data-e-type=\"widget\" data-widget_type=\"text-editor.default\">\n\t\t\t\t<div class=\"elementor-widget-container\">\n\t\t\t\t\t\t\t\t\t<ul><li>Facon, huller og hak<\/li><li>Kantbearbejdning<\/li><li>Sandbl\u00e6sning<\/li><li>UV-limning<\/li><li>Maling<\/li><li>Silketryk<\/li><li><a href=\"https:\/\/miritglas.com\/da\/haerdet-glas\/\">Termisk h\u00e6rdning<\/a><\/li><li><a href=\"https:\/\/miritglas.com\/da\/produkter\/kemisk-haerdet-glas\/\">Kemisk h\u00e6rdning<\/a><\/li><li><a href=\"https:\/\/miritglas.com\/da\/produkter\/buet-glas\/\">B\u00f8jning<\/a><\/li><li><a href=\"https:\/\/miritglas.com\/da\/produkter\/lamineret-glas\/\">Laminering<\/a><\/li><li><a href=\"https:\/\/miritglas.com\/da\/produkter\/buet-glas\/\">Buet og h\u00e6rdet floatglas<\/a><\/li><\/ul>\t\t\t\t\t\t\t\t<\/div>\n\t\t\t\t<\/div>\n\t\t\t\t<div class=\"elementor-element elementor-element-3cb6f17d elementor-widget elementor-widget-text-editor\" data-id=\"3cb6f17d\" data-element_type=\"widget\" data-e-type=\"widget\" data-widget_type=\"text-editor.default\">\n\t\t\t\t<div class=\"elementor-widget-container\">\n\t\t\t\t\t\t\t\t\t<p>Vi kan\u00a0<a href=\"https:\/\/miritglas.com\/da\/haerdet-glas\/\">termisk h\u00e6rde floatglas<\/a>\u00a0ned til 3 mm, hvilket betyder, at glasset ikke l\u00e6ngere splintrer i spidse, skarpe stykker, men derimod granulerer i sm\u00e5 uskarpe stykker \u2013 som man f.eks. kender det fra en af de ruder, der sidder i en almindelig personbil.<\/p><p>Det er ogs\u00e5 muligt at\u00a0<a href=\"https:\/\/miritglas.com\/da\/produkter\/kemisk-haerdet-glas\/\">kemisk h\u00e6rde floatglas<\/a>.<\/p><p>Du er velkommen til at kontakte os for flere informationer om floatglas og dets mange anvendelsesmuligheder. Hos Mirit Glas er vi ordreproducerende specialister i blandet andet floatglas med mange \u00e5rs erfaring med at fremstille og levere glas til mange forskellige form\u00e5l. Vi kan derfor levere alt lige store serier af h\u00e6rdet floatglas til afsk\u00e6rmningsform\u00e5l samt glas til belysning og design. Hos os er der ingen produktion, der hverken er for stor eller for lille.<\/p>\t\t\t\t\t\t\t\t<\/div>\n\t\t\t\t<\/div>\n\t\t\t\t<\/div>\n\t\t\t\t\t<\/div>\n\t\t\t\t<\/div>\n\t\t\t\t<\/div>\n\t\t","protected":false},"featured_media":1938,"template":"","class_list":["post-289","product","type-product","status-publish","has-post-thumbnail","hentry"],"acf":[],"_links":{"self":[{"href":"https:\/\/miritglas.com\/da\/wp-json\/wp\/v2\/product\/289","targetHints":{"allow":["GET"]}}],"collection":[{"href":"https:\/\/miritglas.com\/da\/wp-json\/wp\/v2\/product"}],"about":[{"href":"https:\/\/miritglas.com\/da\/wp-json\/wp\/v2\/types\/product"}],"version-history":[{"count":35,"href":"https:\/\/miritglas.com\/da\/wp-json\/wp\/v2\/product\/289\/revisions"}],"predecessor-version":[{"id":5623,"href":"https:\/\/miritglas.com\/da\/wp-json\/wp\/v2\/product\/289\/revisions\/5623"}],"wp:featuredmedia":[{"embeddable":true,"href":"https:\/\/miritglas.com\/da\/wp-json\/wp\/v2\/media\/1938"}],"wp:attachment":[{"href":"https:\/\/miritglas.com\/da\/wp-json\/wp\/v2\/media?parent=289"}],"curies":[{"name":"wp","href":"https:\/\/api.w.org\/{rel}","templated":true}]}}