{"id":287,"date":"2023-08-09T11:28:35","date_gmt":"2023-08-09T09:28:35","guid":{"rendered":"https:\/\/miritglas.com\/?post_type=product&#038;p=287"},"modified":"2025-12-02T15:04:11","modified_gmt":"2025-12-02T14:04:11","slug":"duran-glas","status":"publish","type":"product","link":"https:\/\/miritglas.com\/da\/produkter\/duran-glas\/","title":{"rendered":"Duran-glas"},"content":{"rendered":"\t\t<div data-elementor-type=\"wp-post\" data-elementor-id=\"287\" class=\"elementor elementor-287\" data-elementor-post-type=\"product\">\n\t\t\t\t<div class=\"elementor-element elementor-element-365bb89 e-flex e-con-boxed e-con e-parent\" data-id=\"365bb89\" data-element_type=\"container\" data-e-type=\"container\">\n\t\t\t\t\t<div class=\"e-con-inner\">\n\t\t<div class=\"elementor-element elementor-element-74900272 e-con-full e-flex e-con e-child\" data-id=\"74900272\" data-element_type=\"container\" data-e-type=\"container\">\n\t\t\t\t<div class=\"elementor-element elementor-element-c55f57d elementor-widget elementor-widget-text-editor\" data-id=\"c55f57d\" data-element_type=\"widget\" data-e-type=\"widget\" data-widget_type=\"text-editor.default\">\n\t\t\t\t<div class=\"elementor-widget-container\">\n\t\t\t\t\t\t\t\t\t<h2>Duranglas er modstandsdygtig over for kemikalier og temperaturforskelle<\/h2><p>Duran, Pyrex, Tempax, Simax og\u00a0<a href=\"https:\/\/miritglas.com\/da\/produkter\/borosilikatglas\/\">Borosilikatglas<\/a>. Mange navne for samme produkt. Mirit Glas leverer duran-glas til industrien.<\/p><p>Mirit Glas er lagerf\u00f8rende i plane tavler p\u00e5 0.7mm \u2013 25 mm og i glasr\u00f8r fra \u00f83 mm \u2013 \u00f8400 mm. Glasset anvendes hovedsageligt til mere tekniske applikationer, og findes derfor i flere tykkelser og varianter end almindeligt soda-limeglas.<br \/>Vi tilbyder ogs\u00e5 Duran-glas med coating.<\/p><p>Kontakt Mirit Glas for at h\u00f8re mere om glassets egenskaber, og hvordan det kan v\u00e6re en god l\u00f8sning for dig.<\/p>\t\t\t\t\t\t\t\t<\/div>\n\t\t\t\t<\/div>\n\t\t\t\t<div class=\"elementor-element elementor-element-523a1303 elementor-widget elementor-widget-button\" data-id=\"523a1303\" data-element_type=\"widget\" data-e-type=\"widget\" data-widget_type=\"button.default\">\n\t\t\t\t<div class=\"elementor-widget-container\">\n\t\t\t\t\t\t\t\t\t<div class=\"elementor-button-wrapper\">\n\t\t\t\t\t<a class=\"elementor-button elementor-button-link elementor-size-md\" href=\"https:\/\/miritglas.com\/da\/kontakt-os\/\">\n\t\t\t\t\t\t<span class=\"elementor-button-content-wrapper\">\n\t\t\t\t\t\t\t\t\t<span class=\"elementor-button-text\">Kontakt os i dag<\/span>\n\t\t\t\t\t<\/span>\n\t\t\t\t\t<\/a>\n\t\t\t\t<\/div>\n\t\t\t\t\t\t\t\t<\/div>\n\t\t\t\t<\/div>\n\t\t\t\t<\/div>\n\t\t<div class=\"elementor-element elementor-element-4e1d805e e-con-full e-flex e-con e-child\" data-id=\"4e1d805e\" data-element_type=\"container\" data-e-type=\"container\">\n\t\t\t\t<div class=\"elementor-element elementor-element-410666eb elementor-absolute elementor-widget elementor-widget-image\" data-id=\"410666eb\" data-element_type=\"widget\" data-e-type=\"widget\" data-settings=\"{&quot;_position&quot;:&quot;absolute&quot;}\" data-widget_type=\"image.default\">\n\t\t\t\t<div class=\"elementor-widget-container\">\n\t\t\t\t\t\t\t\t\t\t\t\t\t\t\t<img fetchpriority=\"high\" decoding=\"async\" width=\"230\" height=\"230\" src=\"https:\/\/miritglas.com\/wp-content\/uploads\/2023\/08\/logo-icon.png\" class=\"attachment-medium size-medium wp-image-166\" alt=\"Mirit glas logo. Nordens foretrukne glasleverand\u00f8r \u2013 vi fremstiller efter individuelle behov\" srcset=\"https:\/\/miritglas.com\/wp-content\/uploads\/2023\/08\/logo-icon.png 230w, https:\/\/miritglas.com\/wp-content\/uploads\/2023\/08\/logo-icon-150x150.png 150w\" sizes=\"(max-width: 230px) 100vw, 230px\" title=\"\">\t\t\t\t\t\t\t\t\t\t\t\t\t\t\t<\/div>\n\t\t\t\t<\/div>\n\t\t<div class=\"elementor-element elementor-element-45d1bc08 e-flex e-con-boxed e-con e-child\" data-id=\"45d1bc08\" data-element_type=\"container\" data-e-type=\"container\" data-settings=\"{&quot;background_background&quot;:&quot;classic&quot;}\">\n\t\t\t\t\t<div class=\"e-con-inner\">\n\t\t\t\t<div class=\"elementor-element elementor-element-2167a58a elementor-widget elementor-widget-text-editor\" data-id=\"2167a58a\" data-element_type=\"widget\" data-e-type=\"widget\" data-widget_type=\"text-editor.default\">\n\t\t\t\t<div class=\"elementor-widget-container\">\n\t\t\t\t\t\t\t\t\t<h4>TYPISK BRUG<\/h4><p>Duran anvendes mange steder \u2013 fra\u00a0<a target=\"_blank\" href=\"https:\/\/miritglas.com\/da\/skueglas\/\" rel=\"noopener\">skueglas\u00a0<\/a>og laboratorieudstyr, til\u00a0<a target=\"_blank\" href=\"https:\/\/miritglas.com\/da\/produkter\/belysningsglas\/\" rel=\"noopener\">belysningsglas\u00a0<\/a>og diverse andre industriartikler.<\/p><p>Glassets lave udvidelseskoefficient g\u00f8r, at det klarer store temperaturforskelle og er derfor s\u00e6rdeles velegnet til h\u00f8j varme. Durans h\u00f8je kemiske resistens g\u00f8r det desuden oplagt at bruge i forbindelse med aggressive kemikalier.<\/p>\t\t\t\t\t\t\t\t<\/div>\n\t\t\t\t<\/div>\n\t\t\t\t\t<\/div>\n\t\t\t\t<\/div>\n\t\t\t\t<\/div>\n\t\t\t\t\t<\/div>\n\t\t\t\t<\/div>\n\t\t<div class=\"elementor-element elementor-element-680b60a2 e-flex e-con-boxed e-con e-parent\" data-id=\"680b60a2\" data-element_type=\"container\" data-e-type=\"container\" data-settings=\"{&quot;background_background&quot;:&quot;classic&quot;}\">\n\t\t\t\t\t<div class=\"e-con-inner\">\n\t\t<div class=\"elementor-element elementor-element-4a16feed e-con-full e-flex e-con e-child\" data-id=\"4a16feed\" data-element_type=\"container\" data-e-type=\"container\">\n\t\t\t\t<div class=\"elementor-element elementor-element-54cb305c elementor-widget elementor-widget-text-editor\" data-id=\"54cb305c\" data-element_type=\"widget\" data-e-type=\"widget\" data-widget_type=\"text-editor.default\">\n\t\t\t\t<div class=\"elementor-widget-container\">\n\t\t\t\t\t\t\t\t\t<h3>Glassets egenskaber<\/h3><p>Duran-glas g\u00e5r ogs\u00e5 under navnene Pyrex, Tempax, Simax og Borosilikatglas, og n\u00e5r der er tale om plant Duran-glas, omtales det oftest borofloat.<\/p><p>Det, der g\u00f8r duran-glas til noget specielt, er at glassets er modstandsdygtigt over for h\u00f8je temperatur-forskelle, samt dets holdbarhed over for aggressive kemikalier. Duran-glas har en enest\u00e5ende korrosionsbestandighed og forbliver neutralt \u2013 ogs\u00e5 ved kontakt med meget aggressive kemikalier. Kun f\u00e5 kemikalier, kan give m\u00e6rkbar korrosion i glasoverfladen; flussyre, koncentreret fosforsyre og st\u00e6rke kaustiske opl\u00f8sninger ved h\u00f8je temperaturer (ved stuetemperatur kan det t\u00e5le kaustiske opl\u00f8sningskoncentrationer p\u00e5 op til 30%).<\/p><p>Duran-glas har fin transmission p\u00e5 +90% fra 380nm (synligt lys) til 2000nm (infrar\u00f8dt lys).<\/p>\t\t\t\t\t\t\t\t<\/div>\n\t\t\t\t<\/div>\n\t\t\t\t<\/div>\n\t\t<div class=\"elementor-element elementor-element-7243003d e-con-full e-flex e-con e-child\" data-id=\"7243003d\" data-element_type=\"container\" data-e-type=\"container\">\n\t\t\t\t<div class=\"elementor-element elementor-element-6e74bd04 elementor-widget elementor-widget-image\" data-id=\"6e74bd04\" data-element_type=\"widget\" data-e-type=\"widget\" data-widget_type=\"image.default\">\n\t\t\t\t<div class=\"elementor-widget-container\">\n\t\t\t\t\t\t\t\t\t\t\t\t\t\t\t<img decoding=\"async\" src=\"https:\/\/miritglas.com\/wp-content\/uploads\/elementor\/thumbs\/borosilikatglas_landskab-qbfn2jvec4c1yqi89muxwh1ukl8w5b3gqr0zd2y3ww.jpeg\" title=\"Duran-glas eller Pyrex, Tempax, Simax og Borosilikatglas. Samme type glas, men med flere navne. Duran-glas fra Mirit Glas\" alt=\"Duran-glas eller Pyrex, Tempax, Simax og Borosilikatglas. Samme type glas, men med flere navne. DURAN borosilikatglas fra Mirit Glas anvendt i b\u00e5de laboratorier og industrielle installationer \u2013 klare glasr\u00f8r, plader og beholdere med h\u00f8j kemisk modstand, lav termisk udvidelse og fremragende optisk klarhed. Glasset bruges i pr\u00e6cisionsudstyr, tekniske systemer og applikationer, hvor holdbarhed, temperaturtolerance og sikkerhed er afg\u00f8rende. High-quality DURAN borosilicate glass supplied by Mirit Glas, designed for demanding laboratory and industrial environments. Featuring crystal-clear transparency, exceptional resistance to chemicals and heat, and minimal thermal expansion, this glass is ideal for precision instruments, technical components, and safety-critical applications. Duran-glas | H\u00f8jkvalitets borosilikatglas med lav termisk udvidelseskoefficient, h\u00f8j modstand mod kemikalier og varmechok, klar optisk overflade, tilg\u00e6ngelig i mange tykkelser og former, egnet til laboratorieglas, tekniske komponenter, skueglas, industriel belysning og pr\u00e6cisionsinstallationer.\" loading=\"lazy\" \/>\t\t\t\t\t\t\t\t\t\t\t\t\t\t\t<\/div>\n\t\t\t\t<\/div>\n\t\t\t\t<\/div>\n\t\t\t\t\t<\/div>\n\t\t\t\t<\/div>\n\t\t<div class=\"elementor-element elementor-element-21f9d1a6 e-flex e-con-boxed e-con e-parent\" data-id=\"21f9d1a6\" data-element_type=\"container\" data-e-type=\"container\" data-settings=\"{&quot;background_background&quot;:&quot;classic&quot;}\">\n\t\t\t\t\t<div class=\"e-con-inner\">\n\t\t<div class=\"elementor-element elementor-element-62853c63 e-con-full e-flex e-con e-child\" data-id=\"62853c63\" data-element_type=\"container\" data-e-type=\"container\">\n\t\t\t\t<div class=\"elementor-element elementor-element-40062948 elementor-widget elementor-widget-text-editor\" data-id=\"40062948\" data-element_type=\"widget\" data-e-type=\"widget\" data-widget_type=\"text-editor.default\">\n\t\t\t\t<div class=\"elementor-widget-container\">\n\t\t\t\t\t\t\t\t\t<h3>Mirit Glas tilbyder<\/h3><p>Vi kan bearbejde Duran p\u00e5 f\u00f8lgende m\u00e5der:<\/p>\t\t\t\t\t\t\t\t<\/div>\n\t\t\t\t<\/div>\n\t\t\t\t<div class=\"elementor-element elementor-element-2a1202a4 elementor-widget elementor-widget-text-editor\" data-id=\"2a1202a4\" data-element_type=\"widget\" data-e-type=\"widget\" data-widget_type=\"text-editor.default\">\n\t\t\t\t<div class=\"elementor-widget-container\">\n\t\t\t\t\t\t\t\t\t<ul><li>Facon, huller og hak<\/li><li>Kantbearbejdning<\/li><li>Sandbl\u00e6sning<\/li><li>UV-limning<\/li><li>Maling<\/li><li>Silketryk<\/li><li>Duran-glas kan termisk h\u00e6rdes. H\u00e6rdning giver endnu st\u00f8rre resistens over for temperaturforskelle og st\u00f8rre styrke og sikkerhed ved eventuel br\u00e6kage.<\/li><li>B\u00f8jning<\/li><li>Laminering<\/li><li>Coatning. Det er muligt at p\u00e5virke glassets transmission og refleksion med forskellige overfladebehandlinger (coatning). Derved kan man f.eks. lukke af for det \u201dkolde\u201d lys eller minimere refleksionerne ved en bestemt b\u00f8lgel\u00e6ngde i en defineret vinkel.<\/li><\/ul>\t\t\t\t\t\t\t\t<\/div>\n\t\t\t\t<\/div>\n\t\t\t\t<div class=\"elementor-element elementor-element-4a808729 elementor-widget elementor-widget-text-editor\" data-id=\"4a808729\" data-element_type=\"widget\" data-e-type=\"widget\" data-widget_type=\"text-editor.default\">\n\t\t\t\t<div class=\"elementor-widget-container\">\n\t\t\t\t\t\t\t\t\t<p>Duran-glas kan ikke kemisk h\u00e6rdes, fordi natriumindholdet er for lavt.<\/p><p>Du er meget velkommen til at kontakte os for yderligere oplysninger.<\/p>\t\t\t\t\t\t\t\t<\/div>\n\t\t\t\t<\/div>\n\t\t\t\t<\/div>\n\t\t\t\t\t<\/div>\n\t\t\t\t<\/div>\n\t\t\t\t<\/div>\n\t\t","protected":false},"featured_media":1796,"template":"","class_list":["post-287","product","type-product","status-publish","has-post-thumbnail","hentry"],"acf":[],"_links":{"self":[{"href":"https:\/\/miritglas.com\/da\/wp-json\/wp\/v2\/product\/287","targetHints":{"allow":["GET"]}}],"collection":[{"href":"https:\/\/miritglas.com\/da\/wp-json\/wp\/v2\/product"}],"about":[{"href":"https:\/\/miritglas.com\/da\/wp-json\/wp\/v2\/types\/product"}],"version-history":[{"count":8,"href":"https:\/\/miritglas.com\/da\/wp-json\/wp\/v2\/product\/287\/revisions"}],"predecessor-version":[{"id":5618,"href":"https:\/\/miritglas.com\/da\/wp-json\/wp\/v2\/product\/287\/revisions\/5618"}],"wp:featuredmedia":[{"embeddable":true,"href":"https:\/\/miritglas.com\/da\/wp-json\/wp\/v2\/media\/1796"}],"wp:attachment":[{"href":"https:\/\/miritglas.com\/da\/wp-json\/wp\/v2\/media?parent=287"}],"curies":[{"name":"wp","href":"https:\/\/api.w.org\/{rel}","templated":true}]}}