{"id":286,"date":"2023-08-09T11:28:29","date_gmt":"2023-08-09T09:28:29","guid":{"rendered":"https:\/\/miritglas.com\/?post_type=product&#038;p=286"},"modified":"2025-12-02T14:51:44","modified_gmt":"2025-12-02T13:51:44","slug":"displayglas","status":"publish","type":"product","link":"https:\/\/miritglas.com\/da\/produkter\/displayglas\/","title":{"rendered":"Displayglas"},"content":{"rendered":"\t\t<div data-elementor-type=\"wp-post\" data-elementor-id=\"286\" class=\"elementor elementor-286\" data-elementor-post-type=\"product\">\n\t\t\t\t<div class=\"elementor-element elementor-element-533db2aa e-flex e-con-boxed e-con e-parent\" data-id=\"533db2aa\" data-element_type=\"container\" data-e-type=\"container\">\n\t\t\t\t\t<div class=\"e-con-inner\">\n\t\t<div class=\"elementor-element elementor-element-367a70db e-con-full e-flex e-con e-child\" data-id=\"367a70db\" data-element_type=\"container\" data-e-type=\"container\">\n\t\t\t\t<div class=\"elementor-element elementor-element-80462d9 elementor-widget elementor-widget-text-editor\" data-id=\"80462d9\" data-element_type=\"widget\" data-e-type=\"widget\" data-widget_type=\"text-editor.default\">\n\t\t\t\t<div class=\"elementor-widget-container\">\n\t\t\t\t\t\t\t\t\t<h2>Displayglas til elektroniksk\u00e6rme og touch screens \u2013 med og uden antirefleks glas<\/h2><p>Mirit Glas kan g\u00f8re ultratyndt glas ekstremt st\u00e6rkt og fleksibelt. Vi fremstiller displayglas efter dine behov, og har et bredt udvalg af forskellige glastyper, som alle egner sig godt til displayglas.<\/p><p>Som de eneste i Skandinavien fremstiller Mirit Glas kemisk h\u00e6rdet glas ned til 0,55 mm i tykkelsen (Kemirit\u00a9). Vi kan ogs\u00e5 tilbyde termisk h\u00e6rdet glas fra 3 mm og op.<\/p><p>Kontakt Mirit Glas for at h\u00f8re mere om mulighederne inden for display glas.<\/p>\t\t\t\t\t\t\t\t<\/div>\n\t\t\t\t<\/div>\n\t\t\t\t<div class=\"elementor-element elementor-element-73617df0 elementor-widget elementor-widget-button\" data-id=\"73617df0\" data-element_type=\"widget\" data-e-type=\"widget\" data-widget_type=\"button.default\">\n\t\t\t\t<div class=\"elementor-widget-container\">\n\t\t\t\t\t\t\t\t\t<div class=\"elementor-button-wrapper\">\n\t\t\t\t\t<a class=\"elementor-button elementor-button-link elementor-size-md\" href=\"https:\/\/miritglas.com\/da\/kontakt-os\/\">\n\t\t\t\t\t\t<span class=\"elementor-button-content-wrapper\">\n\t\t\t\t\t\t\t\t\t<span class=\"elementor-button-text\">Kontakt os i dag<\/span>\n\t\t\t\t\t<\/span>\n\t\t\t\t\t<\/a>\n\t\t\t\t<\/div>\n\t\t\t\t\t\t\t\t<\/div>\n\t\t\t\t<\/div>\n\t\t\t\t<\/div>\n\t\t<div class=\"elementor-element elementor-element-5621be4d e-con-full e-flex e-con e-child\" data-id=\"5621be4d\" data-element_type=\"container\" data-e-type=\"container\">\n\t\t\t\t<div class=\"elementor-element elementor-element-d13608d elementor-absolute elementor-widget elementor-widget-global elementor-global-634 elementor-widget-image\" data-id=\"d13608d\" data-element_type=\"widget\" data-e-type=\"widget\" data-settings=\"{&quot;_position&quot;:&quot;absolute&quot;}\" data-widget_type=\"image.default\">\n\t\t\t\t<div class=\"elementor-widget-container\">\n\t\t\t\t\t\t\t\t\t\t\t\t\t\t\t<img fetchpriority=\"high\" decoding=\"async\" width=\"230\" height=\"230\" src=\"https:\/\/miritglas.com\/wp-content\/uploads\/2023\/08\/logo-icon.png\" class=\"attachment-medium size-medium wp-image-166\" alt=\"Mirit glas logo. Nordens foretrukne glasleverand\u00f8r \u2013 vi fremstiller efter individuelle behov\" srcset=\"https:\/\/miritglas.com\/wp-content\/uploads\/2023\/08\/logo-icon.png 230w, https:\/\/miritglas.com\/wp-content\/uploads\/2023\/08\/logo-icon-150x150.png 150w\" sizes=\"(max-width: 230px) 100vw, 230px\" title=\"\">\t\t\t\t\t\t\t\t\t\t\t\t\t\t\t<\/div>\n\t\t\t\t<\/div>\n\t\t\t\t<div class=\"elementor-element elementor-element-4ff9182a elementor-widget elementor-widget-image\" data-id=\"4ff9182a\" data-element_type=\"widget\" data-e-type=\"widget\" data-widget_type=\"image.default\">\n\t\t\t\t<div class=\"elementor-widget-container\">\n\t\t\t\t\t\t\t\t\t\t\t\t\t\t\t<img decoding=\"async\" width=\"650\" height=\"576\" src=\"https:\/\/miritglas.com\/wp-content\/uploads\/2023\/08\/displayglass-2.jpg\" class=\"attachment-large size-large wp-image-1827\" alt=\"\" srcset=\"https:\/\/miritglas.com\/wp-content\/uploads\/2023\/08\/displayglass-2.jpg 650w, https:\/\/miritglas.com\/wp-content\/uploads\/2023\/08\/displayglass-2-300x266.jpg 300w\" sizes=\"(max-width: 650px) 100vw, 650px\" title=\"\">\t\t\t\t\t\t\t\t\t\t\t\t\t\t\t<\/div>\n\t\t\t\t<\/div>\n\t\t\t\t<\/div>\n\t\t\t\t\t<\/div>\n\t\t\t\t<\/div>\n\t\t<div class=\"elementor-element elementor-element-0c8ac7a e-flex e-con-boxed e-con e-parent\" data-id=\"0c8ac7a\" data-element_type=\"container\" data-e-type=\"container\" data-settings=\"{&quot;background_background&quot;:&quot;classic&quot;}\">\n\t\t\t\t\t<div class=\"e-con-inner\">\n\t\t<div class=\"elementor-element elementor-element-3d01cf2 e-con-full e-flex e-con e-child\" data-id=\"3d01cf2\" data-element_type=\"container\" data-e-type=\"container\">\n\t\t\t\t<div class=\"elementor-element elementor-element-473a52e elementor-widget elementor-widget-text-editor\" data-id=\"473a52e\" data-element_type=\"widget\" data-e-type=\"widget\" data-widget_type=\"text-editor.default\">\n\t\t\t\t<div class=\"elementor-widget-container\">\n\t\t\t\t\t\t\t\t\t<h3>Anvendelse for displayglas<\/h3><p>Glas spiller en stadigt stigende rolle i fx elektroniske apparater \u2013 b\u00e5de som elementer indeni og udenp\u00e5.\u00a0\u00a0<\/p><p>Displayglas bruges i mange brancher, bl.a. inden for elektronik, medicinal, transport (biler, b\u00e5de, skibe, fly), sundhed og undervisning.<\/p><p>Displayglas kan t\u00e6nkes ind i produktdesignet fra starten og st\u00e5 alene eller det kan monteres foran eksisterende plastsk\u00e6rme. Dermed kan det indg\u00e5 b\u00e5de ved nyudvikling og videreudvikling og forbedre performance, styrke eller sikkerhed ift. brug af almindeligt glas eller plastic.<\/p><p>Displayglas kaldes ogs\u00e5 displaypanel glas, coverglas, beskyttelsesglas til sk\u00e6rm, instrumentglas, sk\u00e6rmglas, glas til ber\u00f8ringssk\u00e6rm, touchscreen glas, antirefleks glas mm.<\/p>\t\t\t\t\t\t\t\t<\/div>\n\t\t\t\t<\/div>\n\t\t\t\t<div class=\"elementor-element elementor-element-81f0f9f elementor-widget elementor-widget-button\" data-id=\"81f0f9f\" data-element_type=\"widget\" data-e-type=\"widget\" data-widget_type=\"button.default\">\n\t\t\t\t<div class=\"elementor-widget-container\">\n\t\t\t\t\t\t\t\t\t<div class=\"elementor-button-wrapper\">\n\t\t\t\t\t<a class=\"elementor-button elementor-button-link elementor-size-md\" href=\"https:\/\/miritglas.com\/da\/kontakt-os\/\">\n\t\t\t\t\t\t<span class=\"elementor-button-content-wrapper\">\n\t\t\t\t\t\t\t\t\t<span class=\"elementor-button-text\">Kontakt os i dag<\/span>\n\t\t\t\t\t<\/span>\n\t\t\t\t\t<\/a>\n\t\t\t\t<\/div>\n\t\t\t\t\t\t\t\t<\/div>\n\t\t\t\t<\/div>\n\t\t\t\t<\/div>\n\t\t<div class=\"elementor-element elementor-element-43261b0 e-con-full e-flex e-con e-child\" data-id=\"43261b0\" data-element_type=\"container\" data-e-type=\"container\">\n\t\t<div class=\"elementor-element elementor-element-918fd1f e-flex e-con-boxed e-con e-child\" data-id=\"918fd1f\" data-element_type=\"container\" data-e-type=\"container\" data-settings=\"{&quot;background_background&quot;:&quot;classic&quot;}\">\n\t\t\t\t\t<div class=\"e-con-inner\">\n\t\t\t\t<div class=\"elementor-element elementor-element-2d2201c elementor-widget elementor-widget-text-editor\" data-id=\"2d2201c\" data-element_type=\"widget\" data-e-type=\"widget\" data-widget_type=\"text-editor.default\">\n\t\t\t\t<div class=\"elementor-widget-container\">\n\t\t\t\t\t\t\t\t\t<h4>Displayglas bruges typisk til at beskytte elektronik. Fx til:<\/h4><ul><li>Orienteringssk\u00e6rme, infostandere, infosk\u00e6rme<\/li><li>Computersk\u00e6rme og tablets<\/li><li>Sikkerhedsmaskiner, fx identificeringskameraer til \u2019face recognition\u2019 eller h\u00e5ndaftryksscanning<\/li><li>Industrimaskiner, fx moderne mejet\u00e6rskere, som har beskyttelsesglas foran deres kameraer<\/li><li>Navigationssk\u00e6rme til navigationssystemer p\u00e5 fx b\u00e5de og skibe<\/li><li>Diverse touch knapper<\/li><\/ul>\t\t\t\t\t\t\t\t<\/div>\n\t\t\t\t<\/div>\n\t\t\t\t\t<\/div>\n\t\t\t\t<\/div>\n\t\t\t\t<\/div>\n\t\t\t\t\t<\/div>\n\t\t\t\t<\/div>\n\t\t<div class=\"elementor-element elementor-element-18b2039 e-flex e-con-boxed e-con e-parent\" data-id=\"18b2039\" data-element_type=\"container\" data-e-type=\"container\">\n\t\t\t\t\t<div class=\"e-con-inner\">\n\t\t<div class=\"elementor-element elementor-element-1916e9f e-con-full e-flex e-con e-child\" data-id=\"1916e9f\" data-element_type=\"container\" data-e-type=\"container\">\n\t\t\t\t<div class=\"elementor-element elementor-element-2ade6a5 elementor-widget elementor-widget-text-editor\" data-id=\"2ade6a5\" data-element_type=\"widget\" data-e-type=\"widget\" data-widget_type=\"text-editor.default\">\n\t\t\t\t<div class=\"elementor-widget-container\">\n\t\t\t\t\t\t\t\t\t<h3>Mange gode egenskaber<\/h3><p><b>L\u00e6ngere holdbarhed<br \/><\/b>Holder langt bedre end plastl\u00f8sninger og bruges ofte i stedet for plast, som ikke t\u00e5ler kraftige reng\u00f8ringsmidler, let f\u00e5r ridser, ikke t\u00e5ler varme og bliver \u2019spr\u00f8dt\u2019 med tiden.<\/p><p><b>Fleksibelt og b\u00f8jeligt<br \/><\/b>Almindelig glas har en b\u00f8jningsstyrke p\u00e5 40 MPa. Varmh\u00e6rdet glas har en b\u00f8jningsstyrke p\u00e5 120 MPa. Med kemisk h\u00e6rdning kan vi opn\u00e5 b\u00f8jningsstyrker over 650 MPa. Se demonstration.<\/p><p><b>God transmission og farvegengivelse<br \/><\/b>S\u00e6rlige bearbejdninger kan g\u00f8re glasset mere eller mindre mat, give det antirefleks egenskaber og andre egenskaber, der m\u00e5tte \u00f8nskes. Mirit Glas har b\u00e5de coatede (antirefleks) og overflade\u00e6tsede (anti-glare) r\u00e5varer p\u00e5 lager \u2013 begge med h\u00f8j lystransmission og pr\u00e6cis farvegengivelse.<\/p><p><b>Responsivitet<br \/><\/b>Glasset reagerer effektivt ved tryk eller ber\u00f8ring.<\/p><p><b>T\u00e5ler h\u00f8je temperaturer<br \/><\/b>T\u00e5ler op til 250\u00b0 temperaturforskelle.<\/p>\t\t\t\t\t\t\t\t<\/div>\n\t\t\t\t<\/div>\n\t\t\t\t<\/div>\n\t\t<div class=\"elementor-element elementor-element-da15d60 e-con-full e-flex e-con e-child\" data-id=\"da15d60\" data-element_type=\"container\" data-e-type=\"container\">\n\t\t\t\t<div class=\"elementor-element elementor-element-f7bd67b elementor-absolute elementor-widget elementor-widget-global elementor-global-634 elementor-widget-image\" data-id=\"f7bd67b\" data-element_type=\"widget\" data-e-type=\"widget\" data-settings=\"{&quot;_position&quot;:&quot;absolute&quot;}\" data-widget_type=\"image.default\">\n\t\t\t\t<div class=\"elementor-widget-container\">\n\t\t\t\t\t\t\t\t\t\t\t\t\t\t\t<img fetchpriority=\"high\" decoding=\"async\" width=\"230\" height=\"230\" src=\"https:\/\/miritglas.com\/wp-content\/uploads\/2023\/08\/logo-icon.png\" class=\"attachment-medium size-medium wp-image-166\" alt=\"Mirit glas logo. Nordens foretrukne glasleverand\u00f8r \u2013 vi fremstiller efter individuelle behov\" srcset=\"https:\/\/miritglas.com\/wp-content\/uploads\/2023\/08\/logo-icon.png 230w, https:\/\/miritglas.com\/wp-content\/uploads\/2023\/08\/logo-icon-150x150.png 150w\" sizes=\"(max-width: 230px) 100vw, 230px\" title=\"\">\t\t\t\t\t\t\t\t\t\t\t\t\t\t\t<\/div>\n\t\t\t\t<\/div>\n\t\t\t\t<div class=\"elementor-element elementor-element-60a60b8 elementor-widget elementor-widget-video\" data-id=\"60a60b8\" data-element_type=\"widget\" data-e-type=\"widget\" data-settings=\"{&quot;youtube_url&quot;:&quot;https:\\\/\\\/www.youtube.com\\\/watch?v=ML5daXPhmPQ&quot;,&quot;yt_privacy&quot;:&quot;yes&quot;,&quot;lazy_load&quot;:&quot;yes&quot;,&quot;show_image_overlay&quot;:&quot;yes&quot;,&quot;image_overlay&quot;:{&quot;url&quot;:&quot;https:\\\/\\\/miritglas.com\\\/wp-content\\\/uploads\\\/2023\\\/08\\\/ML5daXPhmPQ.jpeg&quot;,&quot;id&quot;:1831,&quot;size&quot;:&quot;&quot;,&quot;alt&quot;:&quot;&quot;,&quot;source&quot;:&quot;library&quot;},&quot;video_type&quot;:&quot;youtube&quot;,&quot;controls&quot;:&quot;yes&quot;}\" data-widget_type=\"video.default\">\n\t\t\t\t<div class=\"elementor-widget-container\">\n\t\t\t\t\t\t\t<div class=\"elementor-wrapper elementor-open-inline\">\n\t\t\t<div class=\"elementor-video\"><\/div>\t\t\t\t<div class=\"elementor-custom-embed-image-overlay\" style=\"background-image: url(https:\/\/miritglas.com\/wp-content\/uploads\/2023\/08\/ML5daXPhmPQ.jpeg);\">\n\t\t\t\t\t\t\t\t\t\t\t\t\t\t\t\t<div class=\"elementor-custom-embed-play\" role=\"button\" aria-label=\"Afspil video\" tabindex=\"0\">\n\t\t\t\t\t\t\t<svg aria-hidden=\"true\" class=\"e-font-icon-svg e-eicon-play\" viewBox=\"0 0 1000 1000\" xmlns=\"http:\/\/www.w3.org\/2000\/svg\"><path d=\"M838 162C746 71 633 25 500 25 371 25 258 71 163 162 71 254 25 367 25 500 25 633 71 746 163 837 254 929 367 979 500 979 633 979 746 933 838 837 929 746 975 633 975 500 975 367 929 254 838 162M808 192C892 279 933 379 933 500 933 621 892 725 808 808 725 892 621 938 500 938 379 938 279 896 196 808 113 725 67 621 67 500 67 379 108 279 196 192 279 108 383 62 500 62 621 62 721 108 808 192M438 392V642L642 517 438 392Z\"><\/path><\/svg>\t\t\t\t\t\t<\/div>\n\t\t\t\t\t\t\t\t\t<\/div>\n\t\t\t\t\t<\/div>\n\t\t\t\t\t\t<\/div>\n\t\t\t\t<\/div>\n\t\t\t\t<\/div>\n\t\t\t\t\t<\/div>\n\t\t\t\t<\/div>\n\t\t\t\t<\/div>\n\t\t","protected":false},"featured_media":317,"template":"","class_list":["post-286","product","type-product","status-publish","has-post-thumbnail","hentry"],"acf":[],"_links":{"self":[{"href":"https:\/\/miritglas.com\/da\/wp-json\/wp\/v2\/product\/286","targetHints":{"allow":["GET"]}}],"collection":[{"href":"https:\/\/miritglas.com\/da\/wp-json\/wp\/v2\/product"}],"about":[{"href":"https:\/\/miritglas.com\/da\/wp-json\/wp\/v2\/types\/product"}],"version-history":[{"count":18,"href":"https:\/\/miritglas.com\/da\/wp-json\/wp\/v2\/product\/286\/revisions"}],"predecessor-version":[{"id":5614,"href":"https:\/\/miritglas.com\/da\/wp-json\/wp\/v2\/product\/286\/revisions\/5614"}],"wp:featuredmedia":[{"embeddable":true,"href":"https:\/\/miritglas.com\/da\/wp-json\/wp\/v2\/media\/317"}],"wp:attachment":[{"href":"https:\/\/miritglas.com\/da\/wp-json\/wp\/v2\/media?parent=286"}],"curies":[{"name":"wp","href":"https:\/\/api.w.org\/{rel}","templated":true}]}}