{"id":285,"date":"2023-08-09T11:28:19","date_gmt":"2023-08-09T09:28:19","guid":{"rendered":"https:\/\/miritglas.com\/?post_type=product&#038;p=285"},"modified":"2025-12-02T14:49:52","modified_gmt":"2025-12-02T13:49:52","slug":"buet-glas","status":"publish","type":"product","link":"https:\/\/miritglas.com\/da\/produkter\/buet-glas\/","title":{"rendered":"Buet glas"},"content":{"rendered":"\t\t<div data-elementor-type=\"wp-post\" data-elementor-id=\"285\" class=\"elementor elementor-285\" data-elementor-post-type=\"product\">\n\t\t\t\t<div class=\"elementor-element elementor-element-365f4f39 e-flex e-con-boxed e-con e-parent\" data-id=\"365f4f39\" data-element_type=\"container\" data-e-type=\"container\">\n\t\t\t\t\t<div class=\"e-con-inner\">\n\t\t<div class=\"elementor-element elementor-element-308e6673 e-con-full e-flex e-con e-child\" data-id=\"308e6673\" data-element_type=\"container\" data-e-type=\"container\">\n\t\t\t\t<div class=\"elementor-element elementor-element-1ae6b27d elementor-widget elementor-widget-text-editor\" data-id=\"1ae6b27d\" data-element_type=\"widget\" data-e-type=\"widget\" data-widget_type=\"text-editor.default\">\n\t\t\t\t<div class=\"elementor-widget-container\">\n\t\t\t\t\t\t\t\t\t<h2>Buet glas og fremstilling af b\u00f8jet h\u00e6rdet glas kr\u00e6ver, at b\u00e5de teknik og udstyr er i orden<\/h2><p>Buet glas involverer opvarmning til 600 grader, s\u00e5 glasset bliver bl\u00f8dt nok til, at tyngdekraften tr\u00e6kker glasset\u00a0 til den \u00f8nskede form eller man ved mekanisk pres kan forme glasset.<\/p><p>Mere styrke kan f\u00e5s ved at laminere to stykker glas sammen, og den maksimale styrke og sikkerhed opn\u00e5s ved ogs\u00e5 at h\u00e6rde glasset.<br \/>Buet glas, buet\u00a0<a href=\"https:\/\/miritglas.com\/da\/haerdet-glas\/\">h\u00e6rdet glas<\/a>\u00a0og buet\u00a0<a href=\"https:\/\/miritglas.com\/da\/produkter\/sikkerhedsglas\/\">h\u00e6rdet\/lamineret<\/a>\u00a0glas kan fremstilles fra enkelt styk til serie produktion.<\/p><p>Typisk bruges h\u00e6rdet glas som sideruder i busser, rude i truck og entrepren\u00f8rmaskiner og i byggeri med s\u00e6rlige vinduesl\u00f8sninger f.eks glasdiske.<\/p><p>Kontakt Mirit Glas i dag, s\u00e5 finder vi den bedste l\u00f8sning til dig.<\/p>\t\t\t\t\t\t\t\t<\/div>\n\t\t\t\t<\/div>\n\t\t\t\t<div class=\"elementor-element elementor-element-18d66902 elementor-widget elementor-widget-button\" data-id=\"18d66902\" data-element_type=\"widget\" data-e-type=\"widget\" data-widget_type=\"button.default\">\n\t\t\t\t<div class=\"elementor-widget-container\">\n\t\t\t\t\t\t\t\t\t<div class=\"elementor-button-wrapper\">\n\t\t\t\t\t<a class=\"elementor-button elementor-button-link elementor-size-md\" href=\"https:\/\/miritglas.com\/da\/kontakt-os\/\">\n\t\t\t\t\t\t<span class=\"elementor-button-content-wrapper\">\n\t\t\t\t\t\t\t\t\t<span class=\"elementor-button-text\">Kontakt os i dag<\/span>\n\t\t\t\t\t<\/span>\n\t\t\t\t\t<\/a>\n\t\t\t\t<\/div>\n\t\t\t\t\t\t\t\t<\/div>\n\t\t\t\t<\/div>\n\t\t\t\t<\/div>\n\t\t<div class=\"elementor-element elementor-element-6f161be0 e-con-full e-flex e-con e-child\" data-id=\"6f161be0\" data-element_type=\"container\" data-e-type=\"container\">\n\t\t\t\t<div class=\"elementor-element elementor-element-7fb28d52 elementor-absolute elementor-widget elementor-widget-global elementor-global-634 elementor-widget-image\" data-id=\"7fb28d52\" data-element_type=\"widget\" data-e-type=\"widget\" data-settings=\"{&quot;_position&quot;:&quot;absolute&quot;}\" data-widget_type=\"image.default\">\n\t\t\t\t<div class=\"elementor-widget-container\">\n\t\t\t\t\t\t\t\t\t\t\t\t\t\t\t<img fetchpriority=\"high\" decoding=\"async\" width=\"230\" height=\"230\" src=\"https:\/\/miritglas.com\/wp-content\/uploads\/2023\/08\/logo-icon.png\" class=\"attachment-medium size-medium wp-image-166\" alt=\"Mirit glas logo. Nordens foretrukne glasleverand\u00f8r \u2013 vi fremstiller efter individuelle behov\" srcset=\"https:\/\/miritglas.com\/wp-content\/uploads\/2023\/08\/logo-icon.png 230w, https:\/\/miritglas.com\/wp-content\/uploads\/2023\/08\/logo-icon-150x150.png 150w\" sizes=\"(max-width: 230px) 100vw, 230px\" title=\"\">\t\t\t\t\t\t\t\t\t\t\t\t\t\t\t<\/div>\n\t\t\t\t<\/div>\n\t\t\t\t<div class=\"elementor-element elementor-element-52c2f830 elementor-widget elementor-widget-image\" data-id=\"52c2f830\" data-element_type=\"widget\" data-e-type=\"widget\" data-widget_type=\"image.default\">\n\t\t\t\t<div class=\"elementor-widget-container\">\n\t\t\t\t\t\t\t\t\t\t\t\t\t\t\t<img decoding=\"async\" width=\"800\" height=\"572\" src=\"https:\/\/miritglas.com\/wp-content\/uploads\/2023\/08\/buet-og-haerdet-glas.png\" class=\"attachment-large size-large wp-image-1811\" alt=\"Curved and toughened glass engineered for windows in buses, trucks, and construction machinery. Designed to withstand mechanical stress, vibrations, and varying weather conditions, offering both safety and durability for demanding transportation and industrial environments. Robust buet og h\u00e6rdet glas til transport- og industrik\u00f8ret\u00f8jer \u2013 hvor styrke, holdbarhed og sikkerhed er afg\u00f8rende. Buet glas | Glaspanel formet under varme for at opn\u00e5 kurvet profil, med mulighed for h\u00e6rdning og\/eller laminering, pr\u00e6cist tilsk\u00e5ret efter m\u00e5l med angivet radius eller korde, egnet til skilte, forruder, arkitekturfacader og industrielle glasl\u00f8sninger.\" srcset=\"https:\/\/miritglas.com\/wp-content\/uploads\/2023\/08\/buet-og-haerdet-glas.png 1000w, https:\/\/miritglas.com\/wp-content\/uploads\/2023\/08\/buet-og-haerdet-glas-300x215.png 300w, https:\/\/miritglas.com\/wp-content\/uploads\/2023\/08\/buet-og-haerdet-glas-768x549.png 768w\" sizes=\"(max-width: 800px) 100vw, 800px\" title=\"\">\t\t\t\t\t\t\t\t\t\t\t\t\t\t\t<\/div>\n\t\t\t\t<\/div>\n\t\t\t\t<\/div>\n\t\t\t\t\t<\/div>\n\t\t\t\t<\/div>\n\t\t<div class=\"elementor-element elementor-element-456568dd e-flex e-con-boxed e-con e-parent\" data-id=\"456568dd\" data-element_type=\"container\" data-e-type=\"container\" data-settings=\"{&quot;background_background&quot;:&quot;classic&quot;}\">\n\t\t\t\t\t<div class=\"e-con-inner\">\n\t\t<div class=\"elementor-element elementor-element-7055ba11 e-con-full e-flex e-con e-child\" data-id=\"7055ba11\" data-element_type=\"container\" data-e-type=\"container\">\n\t\t\t\t<div class=\"elementor-element elementor-element-27995a1d elementor-widget elementor-widget-text-editor\" data-id=\"27995a1d\" data-element_type=\"widget\" data-e-type=\"widget\" data-widget_type=\"text-editor.default\">\n\t\t\t\t<div class=\"elementor-widget-container\">\n\t\t\t\t\t\t\t\t\t<h3>Vi finder den rette l\u00f8sning til dig<\/h3><p>Vi ser l\u00f8sningerne til vores kunder, fordi vi s\u00e6tter os ind i deres specifikke behov. Med solid viden om materialet glas, engagement og kendskab til markedet, er vi en innovativ og kreativ sparringspartner, der sammen med vores kunder finder de optimale l\u00f8sninger.<\/p><p>Vi har brug for f\u00f8lgende m\u00e5l for at kunne beregne glasset:<\/p><ul><li>L\u00e6ngde og glastykkelse<\/li><li>Enten Korde og Radius, Korde og Pilh\u00f8jde eller Radius og Vinkel i grader<\/li><\/ul>\t\t\t\t\t\t\t\t<\/div>\n\t\t\t\t<\/div>\n\t\t\t\t<div class=\"elementor-element elementor-element-1132629f elementor-widget elementor-widget-button\" data-id=\"1132629f\" data-element_type=\"widget\" data-e-type=\"widget\" data-widget_type=\"button.default\">\n\t\t\t\t<div class=\"elementor-widget-container\">\n\t\t\t\t\t\t\t\t\t<div class=\"elementor-button-wrapper\">\n\t\t\t\t\t<a class=\"elementor-button elementor-button-link elementor-size-md\" href=\"https:\/\/miritglas.com\/da\/kontakt-os\/\">\n\t\t\t\t\t\t<span class=\"elementor-button-content-wrapper\">\n\t\t\t\t\t\t\t\t\t<span class=\"elementor-button-text\">Kontakt os i dag<\/span>\n\t\t\t\t\t<\/span>\n\t\t\t\t\t<\/a>\n\t\t\t\t<\/div>\n\t\t\t\t\t\t\t\t<\/div>\n\t\t\t\t<\/div>\n\t\t\t\t<\/div>\n\t\t<div class=\"elementor-element elementor-element-1fb2f1ca e-con-full e-flex e-con e-child\" data-id=\"1fb2f1ca\" data-element_type=\"container\" data-e-type=\"container\">\n\t\t<div class=\"elementor-element elementor-element-78fcaefd e-flex e-con-boxed e-con e-child\" data-id=\"78fcaefd\" data-element_type=\"container\" data-e-type=\"container\" data-settings=\"{&quot;background_background&quot;:&quot;classic&quot;}\">\n\t\t\t\t\t<div class=\"e-con-inner\">\n\t\t\t\t<div class=\"elementor-element elementor-element-9b8e178 elementor-widget elementor-widget-image\" data-id=\"9b8e178\" data-element_type=\"widget\" data-e-type=\"widget\" data-widget_type=\"image.default\">\n\t\t\t\t<div class=\"elementor-widget-container\">\n\t\t\t\t\t\t\t\t\t\t\t\t\t\t\t<img decoding=\"async\" width=\"800\" height=\"806\" src=\"https:\/\/miritglas.com\/wp-content\/uploads\/2023\/08\/bueglasberegning_maalskitse_dansk-1-1016x1024.jpg\" class=\"attachment-large size-large wp-image-1819\" alt=\"Digital beregning og simulering af buet glas til tekniske form\u00e5l, hvor pr\u00e6cise m\u00e5l, radius og belastningsforhold vurderes for at sikre korrekt pasform og strukturel integritet. Anvendes i design og produktion af glas til transportmidler, facader og specialkonstruktioner.\" srcset=\"https:\/\/miritglas.com\/wp-content\/uploads\/2023\/08\/bueglasberegning_maalskitse_dansk-1-1016x1024.jpg 1016w, https:\/\/miritglas.com\/wp-content\/uploads\/2023\/08\/bueglasberegning_maalskitse_dansk-1-298x300.jpg 298w, https:\/\/miritglas.com\/wp-content\/uploads\/2023\/08\/bueglasberegning_maalskitse_dansk-1-150x150.jpg 150w, https:\/\/miritglas.com\/wp-content\/uploads\/2023\/08\/bueglasberegning_maalskitse_dansk-1-768x774.jpg 768w, https:\/\/miritglas.com\/wp-content\/uploads\/2023\/08\/bueglasberegning_maalskitse_dansk-1.jpg 1075w\" sizes=\"(max-width: 800px) 100vw, 800px\" title=\"\">\t\t\t\t\t\t\t\t\t\t\t\t\t\t\t<\/div>\n\t\t\t\t<\/div>\n\t\t\t\t\t<\/div>\n\t\t\t\t<\/div>\n\t\t\t\t<\/div>\n\t\t\t\t\t<\/div>\n\t\t\t\t<\/div>\n\t\t\t\t<\/div>\n\t\t","protected":false},"featured_media":1811,"template":"","class_list":["post-285","product","type-product","status-publish","has-post-thumbnail","hentry"],"acf":[],"_links":{"self":[{"href":"https:\/\/miritglas.com\/da\/wp-json\/wp\/v2\/product\/285","targetHints":{"allow":["GET"]}}],"collection":[{"href":"https:\/\/miritglas.com\/da\/wp-json\/wp\/v2\/product"}],"about":[{"href":"https:\/\/miritglas.com\/da\/wp-json\/wp\/v2\/types\/product"}],"version-history":[{"count":24,"href":"https:\/\/miritglas.com\/da\/wp-json\/wp\/v2\/product\/285\/revisions"}],"predecessor-version":[{"id":5863,"href":"https:\/\/miritglas.com\/da\/wp-json\/wp\/v2\/product\/285\/revisions\/5863"}],"wp:featuredmedia":[{"embeddable":true,"href":"https:\/\/miritglas.com\/da\/wp-json\/wp\/v2\/media\/1811"}],"wp:attachment":[{"href":"https:\/\/miritglas.com\/da\/wp-json\/wp\/v2\/media?parent=285"}],"curies":[{"name":"wp","href":"https:\/\/api.w.org\/{rel}","templated":true}]}}