{"id":283,"date":"2023-08-09T11:27:54","date_gmt":"2023-08-09T09:27:54","guid":{"rendered":"https:\/\/miritglas.com\/?post_type=product&#038;p=283"},"modified":"2025-12-02T14:43:07","modified_gmt":"2025-12-02T13:43:07","slug":"blyglas","status":"publish","type":"product","link":"https:\/\/miritglas.com\/da\/produkter\/blyglas\/","title":{"rendered":"Blyglas"},"content":{"rendered":"\t\t<div data-elementor-type=\"wp-post\" data-elementor-id=\"283\" class=\"elementor elementor-283\" data-elementor-post-type=\"product\">\n\t\t\t\t<div class=\"elementor-element elementor-element-358fe3aa e-flex e-con-boxed e-con e-parent\" data-id=\"358fe3aa\" data-element_type=\"container\" data-e-type=\"container\">\n\t\t\t\t\t<div class=\"e-con-inner\">\n\t\t<div class=\"elementor-element elementor-element-766cb6 e-con-full e-flex e-con e-child\" data-id=\"766cb6\" data-element_type=\"container\" data-e-type=\"container\">\n\t\t\t\t<div class=\"elementor-element elementor-element-f408323 elementor-widget elementor-widget-text-editor\" data-id=\"f408323\" data-element_type=\"widget\" data-e-type=\"widget\" data-widget_type=\"text-editor.default\">\n\t\t\t\t<div class=\"elementor-widget-container\">\n\t\t\t\t\t\t\t\t\t<h2>Blyglas er et materiale, der effektivt stopper radioaktive str\u00e5ler<\/h2><p>Blyglas er s\u00e6rlig anvendeligt, n\u00e5r man har behov for at f\u00f8lge processer, hvor der arbejdes med radioaktive str\u00e5ler. Det g\u00e6lder for eksempel inden for sundhedssektoren og i laboratorier, hvor der arbejdes med radioaktiv str\u00e5ling.<\/p><p>Vi leverer som udgangspunkt blyglas i tykkelser op til 11-13mm med en bly\u00e6kvivalens p\u00e5 3,5 mm ved en r\u00f8ntgensp\u00e6nding p\u00e5 150k V. Det er dog muligt for os at skaffe blyglas, der er tykkere end dette. Hvis dette er n\u00f8dvendigt, skal der dog forventes en l\u00e6ngere leveringstid.<\/p><p>Blyglas kan sk\u00e6res ud efter m\u00e5l, og det er ogs\u00e5 muligt for os at levere blyglasset med diverse huller og faconer. Glasset kan ikke h\u00e6rdes \u2013 hverken kemisk eller termisk. Det er dog muligt at laminere glasset sammen og dermed bruge det til\u00a0<a href=\"https:\/\/miritglas.com\/da\/produkter\/sikkerhedsglas\/\">sikkerhedsglas<\/a>.<\/p><p>Kontakt os i dag for at h\u00f8re mere om blyglas og glassets anvendelsesmuligheder.<\/p>\t\t\t\t\t\t\t\t<\/div>\n\t\t\t\t<\/div>\n\t\t\t\t<div class=\"elementor-element elementor-element-6f672d7c elementor-widget elementor-widget-button\" data-id=\"6f672d7c\" data-element_type=\"widget\" data-e-type=\"widget\" data-widget_type=\"button.default\">\n\t\t\t\t<div class=\"elementor-widget-container\">\n\t\t\t\t\t\t\t\t\t<div class=\"elementor-button-wrapper\">\n\t\t\t\t\t<a class=\"elementor-button elementor-button-link elementor-size-md\" href=\"https:\/\/miritglas.com\/da\/kontakt-os\/\">\n\t\t\t\t\t\t<span class=\"elementor-button-content-wrapper\">\n\t\t\t\t\t\t\t\t\t<span class=\"elementor-button-text\">Kontakt os i dag<\/span>\n\t\t\t\t\t<\/span>\n\t\t\t\t\t<\/a>\n\t\t\t\t<\/div>\n\t\t\t\t\t\t\t\t<\/div>\n\t\t\t\t<\/div>\n\t\t\t\t<\/div>\n\t\t<div class=\"elementor-element elementor-element-65efb9e1 e-con-full e-flex e-con e-child\" data-id=\"65efb9e1\" data-element_type=\"container\" data-e-type=\"container\">\n\t\t\t\t<div class=\"elementor-element elementor-element-5764eb53 elementor-absolute elementor-widget elementor-widget-global elementor-global-634 elementor-widget-image\" data-id=\"5764eb53\" data-element_type=\"widget\" data-e-type=\"widget\" data-settings=\"{&quot;_position&quot;:&quot;absolute&quot;}\" data-widget_type=\"image.default\">\n\t\t\t\t<div class=\"elementor-widget-container\">\n\t\t\t\t\t\t\t\t\t\t\t\t\t\t\t<img fetchpriority=\"high\" decoding=\"async\" width=\"230\" height=\"230\" src=\"https:\/\/miritglas.com\/wp-content\/uploads\/2023\/08\/logo-icon.png\" class=\"attachment-medium size-medium wp-image-166\" alt=\"Mirit glas logo. Nordens foretrukne glasleverand\u00f8r \u2013 vi fremstiller efter individuelle behov\" srcset=\"https:\/\/miritglas.com\/wp-content\/uploads\/2023\/08\/logo-icon.png 230w, https:\/\/miritglas.com\/wp-content\/uploads\/2023\/08\/logo-icon-150x150.png 150w\" sizes=\"(max-width: 230px) 100vw, 230px\" title=\"\">\t\t\t\t\t\t\t\t\t\t\t\t\t\t\t<\/div>\n\t\t\t\t<\/div>\n\t\t<div class=\"elementor-element elementor-element-e64d233 e-flex e-con-boxed e-con e-child\" data-id=\"e64d233\" data-element_type=\"container\" data-e-type=\"container\" data-settings=\"{&quot;background_background&quot;:&quot;classic&quot;}\">\n\t\t\t\t\t<div class=\"e-con-inner\">\n\t\t\t\t<div class=\"elementor-element elementor-element-bfccf7a elementor-widget elementor-widget-text-editor\" data-id=\"bfccf7a\" data-element_type=\"widget\" data-e-type=\"widget\" data-widget_type=\"text-editor.default\">\n\t\t\t\t<div class=\"elementor-widget-container\">\n\t\t\t\t\t\t\t\t\t<h4>KORT OG GODT OM BLYGLAS<\/h4><ul><li class=\"p1\">Beskytter mod skadelige radioaktive str\u00e5ler<\/li><li class=\"p1\">Har en svag gullig farvetone (som er afh\u00e6ngig af glassets tykkelse)<\/li><li class=\"p1\">Kan sk\u00e6res ud efter m\u00e5l og leveres med huller eller i faconer<\/li><li class=\"p1\">Kan ogs\u00e5 bruges som sikkerhedsglas ved hj\u00e6lp af laminering<\/li><li class=\"p1\">Hurtig levering p\u00e5 tykkelser op til 13 mm<\/li><\/ul>\t\t\t\t\t\t\t\t<\/div>\n\t\t\t\t<\/div>\n\t\t\t\t\t<\/div>\n\t\t\t\t<\/div>\n\t\t\t\t<\/div>\n\t\t\t\t\t<\/div>\n\t\t\t\t<\/div>\n\t\t<div class=\"elementor-element elementor-element-738feb7 e-flex e-con-boxed e-con e-parent\" data-id=\"738feb7\" data-element_type=\"container\" data-e-type=\"container\" data-settings=\"{&quot;background_background&quot;:&quot;classic&quot;}\">\n\t\t\t\t\t<div class=\"e-con-inner\">\n\t\t<div class=\"elementor-element elementor-element-c872010 e-con-full e-flex e-con e-child\" data-id=\"c872010\" data-element_type=\"container\" data-e-type=\"container\">\n\t\t\t\t<div class=\"elementor-element elementor-element-a08e9a3 elementor-widget elementor-widget-text-editor\" data-id=\"a08e9a3\" data-element_type=\"widget\" data-e-type=\"widget\" data-widget_type=\"text-editor.default\">\n\t\t\t\t<div class=\"elementor-widget-container\">\n\t\t\t\t\t\t\t\t\t<h3>S\u00e6rlige egenskaber og funktioner for blyglas<\/h3><p>Blyglas beskytter mod radioaktive str\u00e5ler. Afh\u00e6ngigt af r\u00e5glassets tykkelse kan man opn\u00e5 forskellige beskyttelsesniveauer.<\/p><p>Grundet de tekniske egenskaber for blyglas er det anvendeligt til en r\u00e6kke af opgaver, der er s\u00e6rligt kr\u00e6vende, n\u00e5r der skal beskyttes mod radioaktive str\u00e5ler.<\/p><p>Nogle konkrete eksempler p\u00e5 dette er for eksempel inden for det medicinske og forskningsm\u00e6ssige omr\u00e5de, hvor det er vigtigt at kunne observere forskellige essentielle processer, der involverer skadelig str\u00e5ling. Her kan blyglas levere den samme beskyttelse som de omgivende v\u00e6gge \u2013 samtidig med at det er muligt at betragte processen igennem det s\u00e6rlige glas, der er beriget med bly.<\/p><p>Et genkendeligt eksempel p\u00e5 dette er r\u00f8ntgenfotografering. Her kan en r\u00f8ntgenfotograf styre en proces uden selv at v\u00e6re til stede i lokalet, hvor fotograferingen ved hj\u00e6lp af str\u00e5ling foreg\u00e5r, ved hj\u00e6lp af glasset, der giver udsyn til patienten. Det g\u00f8r det ligeledes til et anvendeligt materiale i forskningsmilj\u00f8er.<\/p><p>Det g\u00e6lder naturligvis s\u00e6rligt i laboratorier, hvor der eksperimenteres med str\u00e5ling.<\/p>\t\t\t\t\t\t\t\t<\/div>\n\t\t\t\t<\/div>\n\t\t\t\t<\/div>\n\t\t\t\t\t<\/div>\n\t\t\t\t<\/div>\n\t\t<div class=\"elementor-element elementor-element-04c9ab3 e-flex e-con-boxed e-con e-parent\" data-id=\"04c9ab3\" data-element_type=\"container\" data-e-type=\"container\">\n\t\t\t\t\t<div class=\"e-con-inner\">\n\t\t<div class=\"elementor-element elementor-element-4419495 e-con-full e-flex e-con e-child\" data-id=\"4419495\" data-element_type=\"container\" data-e-type=\"container\">\n\t\t\t\t<div class=\"elementor-element elementor-element-6de2165 elementor-widget elementor-widget-text-editor\" data-id=\"6de2165\" data-element_type=\"widget\" data-e-type=\"widget\" data-widget_type=\"text-editor.default\">\n\t\t\t\t<div class=\"elementor-widget-container\">\n\t\t\t\t\t\t\t\t\t<h3>Derfor er blyglas et vigtigt materiale<\/h3><p>Selvom str\u00e5ling bruges til at diagnosticere og behandle forskellige former for sygdomme, er en vedvarende eksponering for r\u00f8ntgenstr\u00e5ler ikke ufarlig for mennesker. For almindelige patienter, der blot uds\u00e6ttes for denne form for str\u00e5ling, de f\u00e5 gange de m\u00e5ske bliver r\u00f8ntgenfotograferet i deres liv, er problemet ikke s\u00e5 stort. Men for en r\u00f8ntgenfotograf eller en forsker, der arbejder med str\u00e5ling i sit daglige arbejde, er der naturligvis langt st\u00f8rre risiko for at vedkommende f\u00e5r varige skader i v\u00e6vet. Derfor er det vigtigt, at disse mennesker beskyttes beh\u00f8rigt med blyglas og andre tekniske foranstaltninger.<\/p><p>S\u00e6rligt \u00f8jnene, der er blandt de mest udsatte organer p\u00e5 kroppen, er vigtige at beskytte. Og selvom str\u00e5lingen ikke umiddelbart kan m\u00e6rkes p\u00e5 nogen m\u00e5de, betyder det ikke, at der ikke sker nogle uhensigtsm\u00e6ssige ting for kroppen. Den str\u00e5ling, som finder sted via r\u00f8ntgenfotografering, er st\u00e6rk nok til at p\u00e5virke atomers stabilitet. Og derfor er det netop vigtigt at sikre sig mod p\u00e5virkningen af str\u00e5ler gennem nogle ruder af blyglas og\/eller s\u00e6rlige former for briller, selvom man naturligvis fors\u00f8ger at mindske str\u00e5lingens spredning i denne form for processer.<\/p>\t\t\t\t\t\t\t\t<\/div>\n\t\t\t\t<\/div>\n\t\t\t\t<div class=\"elementor-element elementor-element-d7cccbf elementor-widget elementor-widget-button\" data-id=\"d7cccbf\" data-element_type=\"widget\" data-e-type=\"widget\" data-widget_type=\"button.default\">\n\t\t\t\t<div class=\"elementor-widget-container\">\n\t\t\t\t\t\t\t\t\t<div class=\"elementor-button-wrapper\">\n\t\t\t\t\t<a class=\"elementor-button elementor-button-link elementor-size-md\" href=\"https:\/\/miritglas.com\/da\/kontakt-os\/\">\n\t\t\t\t\t\t<span class=\"elementor-button-content-wrapper\">\n\t\t\t\t\t\t\t\t\t<span class=\"elementor-button-text\">Kontakt os i dag<\/span>\n\t\t\t\t\t<\/span>\n\t\t\t\t\t<\/a>\n\t\t\t\t<\/div>\n\t\t\t\t\t\t\t\t<\/div>\n\t\t\t\t<\/div>\n\t\t\t\t<\/div>\n\t\t<div class=\"elementor-element elementor-element-fcc42c8 e-con-full e-flex e-con e-child\" data-id=\"fcc42c8\" data-element_type=\"container\" data-e-type=\"container\">\n\t\t\t\t<div class=\"elementor-element elementor-element-d06ae9f elementor-absolute elementor-widget elementor-widget-global elementor-global-634 elementor-widget-image\" data-id=\"d06ae9f\" data-element_type=\"widget\" data-e-type=\"widget\" data-settings=\"{&quot;_position&quot;:&quot;absolute&quot;}\" data-widget_type=\"image.default\">\n\t\t\t\t<div class=\"elementor-widget-container\">\n\t\t\t\t\t\t\t\t\t\t\t\t\t\t\t<img fetchpriority=\"high\" decoding=\"async\" width=\"230\" height=\"230\" src=\"https:\/\/miritglas.com\/wp-content\/uploads\/2023\/08\/logo-icon.png\" class=\"attachment-medium size-medium wp-image-166\" alt=\"Mirit glas logo. Nordens foretrukne glasleverand\u00f8r \u2013 vi fremstiller efter individuelle behov\" srcset=\"https:\/\/miritglas.com\/wp-content\/uploads\/2023\/08\/logo-icon.png 230w, https:\/\/miritglas.com\/wp-content\/uploads\/2023\/08\/logo-icon-150x150.png 150w\" sizes=\"(max-width: 230px) 100vw, 230px\" title=\"\">\t\t\t\t\t\t\t\t\t\t\t\t\t\t\t<\/div>\n\t\t\t\t<\/div>\n\t\t<div class=\"elementor-element elementor-element-a915ff0 e-flex e-con-boxed e-con e-child\" data-id=\"a915ff0\" data-element_type=\"container\" data-e-type=\"container\" data-settings=\"{&quot;background_background&quot;:&quot;classic&quot;}\">\n\t\t\t\t\t<div class=\"e-con-inner\">\n\t\t\t\t<div class=\"elementor-element elementor-element-262cf8b elementor-widget elementor-widget-text-editor\" data-id=\"262cf8b\" data-element_type=\"widget\" data-e-type=\"widget\" data-widget_type=\"text-editor.default\">\n\t\t\t\t<div class=\"elementor-widget-container\">\n\t\t\t\t\t\t\t\t\t<h4>Bly\u00e6kvivalens er evnen til at beskytte mennesker mod skadelig str\u00e5ling<\/h4><p>Blyglas indeholder ca. 48 % bly. Glasset er transparent, men har dog en svag gullig tone, der \u00f8ges med glassets tykkelse. Jo tykkere glas, des mindre gennemsigtighed er der i glasset.<\/p><p>Glassets evne til at beskytte mod str\u00e5ling kaldes bly\u00e6kvivalens og henviser til tykkelsen p\u00e5 en blyplade med tilsvarende beskyttelse. Jo h\u00f8jere bly\u00e6kvivalens, des mere beskyttelse giver glasset. Bly\u00e6kvivalensen p\u00e5virkes af sp\u00e6ndingen p\u00e5 r\u00f8ntgenstr\u00e5lerne, s\u00e5 det kan v\u00e6re n\u00f8dvendigt at \u00f8ge tykkelsen p\u00e5 glasset for at opn\u00e5 den \u00f8nskede beskyttelse.<\/p><p>Eksempelvis vil et blyglas med tykkelsen 7-8,5 mm have en bly\u00e6kvivalens p\u00e5 2,1 mm ved en r\u00f8ntgensp\u00e6nding p\u00e5 150k V. Hvis sp\u00e6ndingen \u00f8ges, falder bly\u00e6kvivalensen.<\/p>\t\t\t\t\t\t\t\t<\/div>\n\t\t\t\t<\/div>\n\t\t\t\t\t<\/div>\n\t\t\t\t<\/div>\n\t\t\t\t<\/div>\n\t\t\t\t\t<\/div>\n\t\t\t\t<\/div>\n\t\t\t\t<\/div>\n\t\t","protected":false},"featured_media":0,"template":"","class_list":["post-283","product","type-product","status-publish","hentry"],"acf":[],"_links":{"self":[{"href":"https:\/\/miritglas.com\/da\/wp-json\/wp\/v2\/product\/283","targetHints":{"allow":["GET"]}}],"collection":[{"href":"https:\/\/miritglas.com\/da\/wp-json\/wp\/v2\/product"}],"about":[{"href":"https:\/\/miritglas.com\/da\/wp-json\/wp\/v2\/types\/product"}],"version-history":[{"count":20,"href":"https:\/\/miritglas.com\/da\/wp-json\/wp\/v2\/product\/283\/revisions"}],"predecessor-version":[{"id":5609,"href":"https:\/\/miritglas.com\/da\/wp-json\/wp\/v2\/product\/283\/revisions\/5609"}],"wp:attachment":[{"href":"https:\/\/miritglas.com\/da\/wp-json\/wp\/v2\/media?parent=283"}],"curies":[{"name":"wp","href":"https:\/\/api.w.org\/{rel}","templated":true}]}}