{"id":282,"date":"2023-08-09T11:27:45","date_gmt":"2023-08-09T09:27:45","guid":{"rendered":"https:\/\/miritglas.com\/?post_type=product&#038;p=282"},"modified":"2025-12-02T14:34:18","modified_gmt":"2025-12-02T13:34:18","slug":"beskyttelsesglas","status":"publish","type":"product","link":"https:\/\/miritglas.com\/da\/produkter\/beskyttelsesglas\/","title":{"rendered":"Beskyttelsesglas &#8211; lasersvejsning"},"content":{"rendered":"\t\t<div data-elementor-type=\"wp-post\" data-elementor-id=\"282\" class=\"elementor elementor-282\" data-elementor-post-type=\"product\">\n\t\t\t\t<div class=\"elementor-element elementor-element-2c362744 e-flex e-con-boxed e-con e-parent\" data-id=\"2c362744\" data-element_type=\"container\" data-e-type=\"container\">\n\t\t\t\t\t<div class=\"e-con-inner\">\n\t\t<div class=\"elementor-element elementor-element-5e15fee6 e-con-full e-flex e-con e-child\" data-id=\"5e15fee6\" data-element_type=\"container\" data-e-type=\"container\">\n\t\t\t\t<div class=\"elementor-element elementor-element-5c07262d elementor-widget elementor-widget-text-editor\" data-id=\"5c07262d\" data-element_type=\"widget\" data-e-type=\"widget\" data-widget_type=\"text-editor.default\">\n\t\t\t\t<div class=\"elementor-widget-container\">\n\t\t\t\t\t\t\t\t\t<h2>Beskyttelsesglas til lasersvejsning<\/h2><p>Beskyttelsesglas kan benyttes som filterglas for laserlinsen ved lasersvejsning \u2013 beskyt laserlinsen med et filterglas fra Mirit Glas.<\/p><p>Mirit Glas fremstiller beskyttelsesglas i individuelle st\u00f8rrelser til lasersvejsning. Vores filterglas til lasersvejsning er optimeret til 1064nm og t\u00e5ler en effekt op til 900 Watt.<\/p><p>Er du interesseret i at h\u00f8re mere om glasset og hvordan det kan v\u00e6re den rette l\u00f8sning for dig, er du velkommen til at kontakte os. Kontakt os i dag, s\u00e5 fremstiller vi jeres nye lasersvejsnings-beskyttelsesglas.<\/p>\t\t\t\t\t\t\t\t<\/div>\n\t\t\t\t<\/div>\n\t\t\t\t<div class=\"elementor-element elementor-element-2c8607b elementor-widget elementor-widget-button\" data-id=\"2c8607b\" data-element_type=\"widget\" data-e-type=\"widget\" data-widget_type=\"button.default\">\n\t\t\t\t<div class=\"elementor-widget-container\">\n\t\t\t\t\t\t\t\t\t<div class=\"elementor-button-wrapper\">\n\t\t\t\t\t<a class=\"elementor-button elementor-button-link elementor-size-md\" href=\"https:\/\/miritglas.com\/da\/kontakt-os\/\">\n\t\t\t\t\t\t<span class=\"elementor-button-content-wrapper\">\n\t\t\t\t\t\t\t\t\t<span class=\"elementor-button-text\">Kontakt os i dag<\/span>\n\t\t\t\t\t<\/span>\n\t\t\t\t\t<\/a>\n\t\t\t\t<\/div>\n\t\t\t\t\t\t\t\t<\/div>\n\t\t\t\t<\/div>\n\t\t\t\t<\/div>\n\t\t<div class=\"elementor-element elementor-element-46c5a2ef e-con-full e-flex e-con e-child\" data-id=\"46c5a2ef\" data-element_type=\"container\" data-e-type=\"container\">\n\t\t\t\t<div class=\"elementor-element elementor-element-367eecd2 elementor-absolute elementor-widget elementor-widget-image\" data-id=\"367eecd2\" data-element_type=\"widget\" data-e-type=\"widget\" data-settings=\"{&quot;_position&quot;:&quot;absolute&quot;}\" data-widget_type=\"image.default\">\n\t\t\t\t<div class=\"elementor-widget-container\">\n\t\t\t\t\t\t\t\t\t\t\t\t\t\t\t<img fetchpriority=\"high\" decoding=\"async\" width=\"230\" height=\"230\" src=\"https:\/\/miritglas.com\/wp-content\/uploads\/2023\/08\/logo-icon.png\" class=\"attachment-medium size-medium wp-image-166\" alt=\"Mirit glas logo. Nordens foretrukne glasleverand\u00f8r \u2013 vi fremstiller efter individuelle behov\" srcset=\"https:\/\/miritglas.com\/wp-content\/uploads\/2023\/08\/logo-icon.png 230w, https:\/\/miritglas.com\/wp-content\/uploads\/2023\/08\/logo-icon-150x150.png 150w\" sizes=\"(max-width: 230px) 100vw, 230px\" title=\"\">\t\t\t\t\t\t\t\t\t\t\t\t\t\t\t<\/div>\n\t\t\t\t<\/div>\n\t\t\t\t<div class=\"elementor-element elementor-element-7b2fa90 elementor-widget elementor-widget-video\" data-id=\"7b2fa90\" data-element_type=\"widget\" data-e-type=\"widget\" data-settings=\"{&quot;youtube_url&quot;:&quot;https:\\\/\\\/www.youtube.com\\\/watch?v=yiulr69YeH4&quot;,&quot;show_image_overlay&quot;:&quot;yes&quot;,&quot;image_overlay&quot;:{&quot;url&quot;:&quot;https:\\\/\\\/miritglas.com\\\/wp-content\\\/uploads\\\/2023\\\/08\\\/yiulr69YeH4.png&quot;,&quot;id&quot;:1768,&quot;size&quot;:&quot;&quot;,&quot;alt&quot;:&quot;&quot;,&quot;source&quot;:&quot;library&quot;},&quot;video_type&quot;:&quot;youtube&quot;,&quot;controls&quot;:&quot;yes&quot;}\" data-widget_type=\"video.default\">\n\t\t\t\t<div class=\"elementor-widget-container\">\n\t\t\t\t\t\t\t<div class=\"elementor-wrapper elementor-open-inline\">\n\t\t\t<div class=\"elementor-video\"><\/div>\t\t\t\t<div class=\"elementor-custom-embed-image-overlay\" style=\"background-image: url(https:\/\/miritglas.com\/wp-content\/uploads\/2023\/08\/yiulr69YeH4.png);\">\n\t\t\t\t\t\t\t\t\t\t\t\t\t\t\t\t<div class=\"elementor-custom-embed-play\" role=\"button\" aria-label=\"Afspil video\" tabindex=\"0\">\n\t\t\t\t\t\t\t<svg aria-hidden=\"true\" class=\"e-font-icon-svg e-eicon-play\" viewBox=\"0 0 1000 1000\" xmlns=\"http:\/\/www.w3.org\/2000\/svg\"><path d=\"M838 162C746 71 633 25 500 25 371 25 258 71 163 162 71 254 25 367 25 500 25 633 71 746 163 837 254 929 367 979 500 979 633 979 746 933 838 837 929 746 975 633 975 500 975 367 929 254 838 162M808 192C892 279 933 379 933 500 933 621 892 725 808 808 725 892 621 938 500 938 379 938 279 896 196 808 113 725 67 621 67 500 67 379 108 279 196 192 279 108 383 62 500 62 621 62 721 108 808 192M438 392V642L642 517 438 392Z\"><\/path><\/svg>\t\t\t\t\t\t<\/div>\n\t\t\t\t\t\t\t\t\t<\/div>\n\t\t\t\t\t<\/div>\n\t\t\t\t\t\t<\/div>\n\t\t\t\t<\/div>\n\t\t\t\t<\/div>\n\t\t\t\t\t<\/div>\n\t\t\t\t<\/div>\n\t\t<div class=\"elementor-element elementor-element-452000b e-flex e-con-boxed e-con e-parent\" data-id=\"452000b\" data-element_type=\"container\" data-e-type=\"container\" data-settings=\"{&quot;background_background&quot;:&quot;classic&quot;}\">\n\t\t\t\t\t<div class=\"e-con-inner\">\n\t\t<div class=\"elementor-element elementor-element-718951e e-con-full e-flex e-con e-child\" data-id=\"718951e\" data-element_type=\"container\" data-e-type=\"container\">\n\t\t\t\t<div class=\"elementor-element elementor-element-49f87cf elementor-widget elementor-widget-text-editor\" data-id=\"49f87cf\" data-element_type=\"widget\" data-e-type=\"widget\" data-widget_type=\"text-editor.default\">\n\t\t\t\t<div class=\"elementor-widget-container\">\n\t\t\t\t\t\t\t\t\t<h3>Glassets egenskaber<\/h3><p>Glasset, der beskytter linsen foran laseren, bliver snavset efter et stykke tid og lader dermed mindre laserlys tr\u00e6nge igennem. Noget af snavset kan vaskes af, mens andet \u2013 s\u00e5som svejsest\u00e6nk \u2013 br\u00e6nder sig ind i glasset. Dette neds\u00e6tter med tiden laserens effekt. Glasset, der beskytter laserlinsen, b\u00f8r derfor udskiftes j\u00e6vnligt.<\/p><p>Nedenst\u00e5ende foto viser et beskyttelsesglas til lasersvejsning. Glasset vil have en svag farverefleksion fra den coatning, som er p\u00e5lagt glasset for at optimere laserlysets transmission ved 1064 nm.<\/p>\t\t\t\t\t\t\t\t<\/div>\n\t\t\t\t<\/div>\n\t\t\t\t<\/div>\n\t\t<div class=\"elementor-element elementor-element-0af9271 e-con-full e-flex e-con e-child\" data-id=\"0af9271\" data-element_type=\"container\" data-e-type=\"container\">\n\t\t\t\t<div class=\"elementor-element elementor-element-99891c3 elementor-widget elementor-widget-image\" data-id=\"99891c3\" data-element_type=\"widget\" data-e-type=\"widget\" data-widget_type=\"image.default\">\n\t\t\t\t<div class=\"elementor-widget-container\">\n\t\t\t\t\t\t\t\t\t\t\t\t\t\t\t<img decoding=\"async\" width=\"800\" height=\"600\" src=\"https:\/\/miritglas.com\/wp-content\/uploads\/2023\/08\/beskyttelsesglas-til-lasersvejsning.jpeg\" class=\"attachment-large size-large wp-image-1776\" alt=\"Beskyttelsesglas til lasersvejsning. filterglas til laserlinser. Beskyttelsesglas til lasersvejsning | Specialfremstillet filterglas til laserlinsen ved 1064 nm, t\u00e5ler op til 900 W effekt, designet til lasersvejsning, med coating optimeret til pr\u00e6cis lasertransmission og robust overflade mod svejsest\u00e6nk og termisk belastning.\" srcset=\"https:\/\/miritglas.com\/wp-content\/uploads\/2023\/08\/beskyttelsesglas-til-lasersvejsning.jpeg 1024w, https:\/\/miritglas.com\/wp-content\/uploads\/2023\/08\/beskyttelsesglas-til-lasersvejsning-300x225.jpeg 300w, https:\/\/miritglas.com\/wp-content\/uploads\/2023\/08\/beskyttelsesglas-til-lasersvejsning-768x576.jpeg 768w\" sizes=\"(max-width: 800px) 100vw, 800px\" title=\"\">\t\t\t\t\t\t\t\t\t\t\t\t\t\t\t<\/div>\n\t\t\t\t<\/div>\n\t\t\t\t<\/div>\n\t\t\t\t\t<\/div>\n\t\t\t\t<\/div>\n\t\t\t\t<\/div>\n\t\t","protected":false},"featured_media":1776,"template":"","class_list":["post-282","product","type-product","status-publish","has-post-thumbnail","hentry"],"acf":[],"_links":{"self":[{"href":"https:\/\/miritglas.com\/da\/wp-json\/wp\/v2\/product\/282","targetHints":{"allow":["GET"]}}],"collection":[{"href":"https:\/\/miritglas.com\/da\/wp-json\/wp\/v2\/product"}],"about":[{"href":"https:\/\/miritglas.com\/da\/wp-json\/wp\/v2\/types\/product"}],"version-history":[{"count":15,"href":"https:\/\/miritglas.com\/da\/wp-json\/wp\/v2\/product\/282\/revisions"}],"predecessor-version":[{"id":5608,"href":"https:\/\/miritglas.com\/da\/wp-json\/wp\/v2\/product\/282\/revisions\/5608"}],"wp:featuredmedia":[{"embeddable":true,"href":"https:\/\/miritglas.com\/da\/wp-json\/wp\/v2\/media\/1776"}],"wp:attachment":[{"href":"https:\/\/miritglas.com\/da\/wp-json\/wp\/v2\/media?parent=282"}],"curies":[{"name":"wp","href":"https:\/\/api.w.org\/{rel}","templated":true}]}}