{"id":281,"date":"2023-08-09T11:27:36","date_gmt":"2023-08-09T09:27:36","guid":{"rendered":"https:\/\/miritglas.com\/?post_type=product&#038;p=281"},"modified":"2025-12-02T14:32:10","modified_gmt":"2025-12-02T13:32:10","slug":"belysningsglas","status":"publish","type":"product","link":"https:\/\/miritglas.com\/da\/produkter\/belysningsglas\/","title":{"rendered":"Belysningsglas"},"content":{"rendered":"\t\t<div data-elementor-type=\"wp-post\" data-elementor-id=\"281\" class=\"elementor elementor-281\" data-elementor-post-type=\"product\">\n\t\t\t\t<div class=\"elementor-element elementor-element-17a2d0d2 e-flex e-con-boxed e-con e-parent\" data-id=\"17a2d0d2\" data-element_type=\"container\" data-e-type=\"container\">\n\t\t\t\t\t<div class=\"e-con-inner\">\n\t\t<div class=\"elementor-element elementor-element-4e58ef9f e-con-full e-flex e-con e-child\" data-id=\"4e58ef9f\" data-element_type=\"container\" data-e-type=\"container\">\n\t\t\t\t<div class=\"elementor-element elementor-element-31569cad elementor-widget elementor-widget-text-editor\" data-id=\"31569cad\" data-element_type=\"widget\" data-e-type=\"widget\" data-widget_type=\"text-editor.default\">\n\t\t\t\t<div class=\"elementor-widget-container\">\n\t\t\t\t\t\t\t\t\t<h2>Belysningsglas der fuldender designet og underst\u00f8tter funktionerne<\/h2><p>Mirit Glas er eksperter i glasl\u00f8sninger til belysning, og leverer lampeglas og belysningsglas til b\u00e5de sm\u00e5 og store lampefabrikanter i Danmark og udlandet.<\/p><p>Kontakt os for at h\u00f8re n\u00e6rmere om muligheder, og hvordan belysningsglas kan v\u00e6re en god l\u00f8sning til jeres lamper.<\/p>\t\t\t\t\t\t\t\t<\/div>\n\t\t\t\t<\/div>\n\t\t\t\t<div class=\"elementor-element elementor-element-5166fe0c elementor-widget elementor-widget-button\" data-id=\"5166fe0c\" data-element_type=\"widget\" data-e-type=\"widget\" data-widget_type=\"button.default\">\n\t\t\t\t<div class=\"elementor-widget-container\">\n\t\t\t\t\t\t\t\t\t<div class=\"elementor-button-wrapper\">\n\t\t\t\t\t<a class=\"elementor-button elementor-button-link elementor-size-md\" href=\"https:\/\/miritglas.com\/da\/kontakt-os\/\">\n\t\t\t\t\t\t<span class=\"elementor-button-content-wrapper\">\n\t\t\t\t\t\t\t\t\t<span class=\"elementor-button-text\">Kontakt os i dag<\/span>\n\t\t\t\t\t<\/span>\n\t\t\t\t\t<\/a>\n\t\t\t\t<\/div>\n\t\t\t\t\t\t\t\t<\/div>\n\t\t\t\t<\/div>\n\t\t\t\t<\/div>\n\t\t<div class=\"elementor-element elementor-element-5cd505e e-con-full e-flex e-con e-child\" data-id=\"5cd505e\" data-element_type=\"container\" data-e-type=\"container\">\n\t\t\t\t<div class=\"elementor-element elementor-element-350752b elementor-absolute elementor-widget elementor-widget-global elementor-global-634 elementor-widget-image\" data-id=\"350752b\" data-element_type=\"widget\" data-e-type=\"widget\" data-settings=\"{&quot;_position&quot;:&quot;absolute&quot;}\" data-widget_type=\"image.default\">\n\t\t\t\t<div class=\"elementor-widget-container\">\n\t\t\t\t\t\t\t\t\t\t\t\t\t\t\t<img fetchpriority=\"high\" decoding=\"async\" width=\"230\" height=\"230\" src=\"https:\/\/miritglas.com\/wp-content\/uploads\/2023\/08\/logo-icon.png\" class=\"attachment-medium size-medium wp-image-166\" alt=\"Mirit glas logo. Nordens foretrukne glasleverand\u00f8r \u2013 vi fremstiller efter individuelle behov\" srcset=\"https:\/\/miritglas.com\/wp-content\/uploads\/2023\/08\/logo-icon.png 230w, https:\/\/miritglas.com\/wp-content\/uploads\/2023\/08\/logo-icon-150x150.png 150w\" sizes=\"(max-width: 230px) 100vw, 230px\" title=\"\">\t\t\t\t\t\t\t\t\t\t\t\t\t\t\t<\/div>\n\t\t\t\t<\/div>\n\t\t<div class=\"elementor-element elementor-element-52a94511 e-flex e-con-boxed e-con e-child\" data-id=\"52a94511\" data-element_type=\"container\" data-e-type=\"container\" data-settings=\"{&quot;background_background&quot;:&quot;classic&quot;}\">\n\t\t\t\t\t<div class=\"e-con-inner\">\n\t\t\t\t<div class=\"elementor-element elementor-element-5947b8f2 elementor-widget elementor-widget-text-editor\" data-id=\"5947b8f2\" data-element_type=\"widget\" data-e-type=\"widget\" data-widget_type=\"text-editor.default\">\n\t\t\t\t<div class=\"elementor-widget-container\">\n\t\t\t\t\t\t\t\t\t<h4>Belysningsglas tilpasset jeres behov<\/h4><ul><li>Farvet glas<\/li><li>Diffuseret glas<\/li><li>H\u00f8j lystransmission<\/li><li>Glas der t\u00e5ler h\u00f8je temperaturforskelle<\/li><li>Belysningsglas til f\u00f8devarer<\/li><li>Filtrering af b\u00f8lgel\u00e6ngder<\/li><li>Mundbl\u00e6st glas<\/li><li>Belysningsglas til udend\u00f8rs brug<\/li><\/ul>\t\t\t\t\t\t\t\t<\/div>\n\t\t\t\t<\/div>\n\t\t\t\t\t<\/div>\n\t\t\t\t<\/div>\n\t\t\t\t<\/div>\n\t\t\t\t\t<\/div>\n\t\t\t\t<\/div>\n\t\t<div class=\"elementor-element elementor-element-fd463de e-con-full e-flex e-con e-parent\" data-id=\"fd463de\" data-element_type=\"container\" data-e-type=\"container\" data-settings=\"{&quot;background_background&quot;:&quot;classic&quot;}\">\n\t\t<div class=\"elementor-element elementor-element-1c3f503 e-flex e-con-boxed e-con e-child\" data-id=\"1c3f503\" data-element_type=\"container\" data-e-type=\"container\">\n\t\t\t\t\t<div class=\"e-con-inner\">\n\t\t\t\t<div class=\"elementor-element elementor-element-6b7013e elementor-widget elementor-widget-text-editor\" data-id=\"6b7013e\" data-element_type=\"widget\" data-e-type=\"widget\" data-widget_type=\"text-editor.default\">\n\t\t\t\t<div class=\"elementor-widget-container\">\n\t\t\t\t\t\t\t\t\t<h3>Eksempler p\u00e5 belysningsglas &amp; lampeglas fra Mirit Glas:<\/h3><h4>Diffuseret eller farvet glas<\/h4><p>Kan b\u00e5de v\u00e6re et stilistisk sp\u00f8rgsm\u00e5l eller en funktionalitet. Glasset kan matteres ved \u00e6tsning eller sandbl\u00e6sning, s\u00e5 lyskilder skjules, og\/eller lyset spredes.<br \/>Der findes forskellige typer farvet glas, og hvis en speciel farve \u00f8nskes, er det muligt at trykke glasset med en semi-transparent farve.<\/p><h4>H\u00f8j lystransmission i belysningsglas<\/h4><p>Glasset beskytter lyskilden og forhindrer utilsigtet ber\u00f8ring samtidig tillader den en maksimal transmission af synligt lys.<\/p><h4>H\u00e6rdning af belysningsglas<\/h4><p>H\u00e6rdet glas er et godt valg, n\u00e5r sikkerheden prioriteres.\u00a0<a target=\"_blank\" href=\"https:\/\/miritglas.com\/da\/produkter\/haerdet-glas\/\" rel=\"noopener\">H\u00e6rdet glas<\/a>\u00a0t\u00e5ler ogs\u00e5 store temperaturforskelle og er v\u00e6sentligt st\u00e6rkere end uh\u00e6rdet.<\/p><h4>Filtrering af b\u00f8lgel\u00e6ngder<\/h4><p>Behandling af glasset, der enten begr\u00e6nser eller stopper bestemte b\u00f8lgel\u00e6ngder i lyset. F.eks. UV-str\u00e5ler for at hindre, at materialer falmer eller f\u00f8devarer ford\u00e6rves hurtigt.<br \/>Coatning af glasset kan fremh\u00e6ve eller nedtone visse b\u00f8lgel\u00e6ngder for at fremh\u00e6ve bestemte farver.<\/p><h4>Mundbl\u00e6st glas<\/h4><p>Vi har samarbejde med forskellige firmaer som mundbl\u00e6ser glas. Afh\u00e6ngig af opgaven v\u00e6lger vi den bedst egnede samarbejdspartner.<\/p><h4>Coatet varmerude \/ varmeglas<\/h4><p>I forbindelse med tidens udskiftning af gl\u00f8dep\u00e6rer med LED-lyskilder i is\u00e6r udend\u00f8rs belysning, vil der kunne opst\u00e5 perioder, hvor is, sne, dug og lignende vil p\u00e5virke lysets gennemtr\u00e6ngelighed. Dette problem vil kunne afhj\u00e6lpes ved anvendelse af\u00a0<a href=\"https:\/\/miritglas.com\/da\/produkter\/el-varmeruder\/\">varmeruder\/varmeglas fremstillet med coatet glas<\/a>.<\/p>\t\t\t\t\t\t\t\t<\/div>\n\t\t\t\t<\/div>\n\t\t\t\t\t<\/div>\n\t\t\t\t<\/div>\n\t\t\t\t<\/div>\n\t\t<div class=\"elementor-element elementor-element-2e7dc697 e-flex e-con-boxed e-con e-parent\" data-id=\"2e7dc697\" data-element_type=\"container\" data-e-type=\"container\">\n\t\t\t\t\t<div class=\"e-con-inner\">\n\t\t<div class=\"elementor-element elementor-element-4577fddd e-con-full e-flex e-con e-child\" data-id=\"4577fddd\" data-element_type=\"container\" data-e-type=\"container\">\n\t\t\t\t<div class=\"elementor-element elementor-element-12e049f elementor-widget elementor-widget-text-editor\" data-id=\"12e049f\" data-element_type=\"widget\" data-e-type=\"widget\" data-widget_type=\"text-editor.default\">\n\t\t\t\t<div class=\"elementor-widget-container\">\n\t\t\t\t\t\t\t\t\t<h3>Den rette l\u00f8sning til det specifikke behov<\/h3><p>Belysningsglas kan b\u00e5de fungere som en del af en lampens design eller have egenskaber, der giver lampen en s\u00e6rlig funktion. Mirit Glas leverer alle former for specialiseret belysningsglas og lampeglas, og vi s\u00f8rger for, at vores kunder f\u00e5r den l\u00f8sning, der giver det \u00f8nskede slutprodukt.<\/p><p>N\u00e5r kravet til belysningsglasset er andet og mere end blot den stilistiske udformning, findes der en r\u00e6kke forskellige muligheder. Mirit Glas leverer naturligvis faglig r\u00e5dgivning i tvivlsp\u00f8rgsm\u00e5l omkring lampeglas.<\/p><p>Vil du h\u00f8re mere om, hvordan denne glastype kan v\u00e6re den rette l\u00f8sning for dig, er du velkommen til at kontakte os.<\/p>\t\t\t\t\t\t\t\t<\/div>\n\t\t\t\t<\/div>\n\t\t\t\t<div class=\"elementor-element elementor-element-60e50a98 elementor-widget elementor-widget-button\" data-id=\"60e50a98\" data-element_type=\"widget\" data-e-type=\"widget\" data-widget_type=\"button.default\">\n\t\t\t\t<div class=\"elementor-widget-container\">\n\t\t\t\t\t\t\t\t\t<div class=\"elementor-button-wrapper\">\n\t\t\t\t\t<a class=\"elementor-button elementor-button-link elementor-size-md\" href=\"https:\/\/miritglas.com\/da\/kontakt-os\/\">\n\t\t\t\t\t\t<span class=\"elementor-button-content-wrapper\">\n\t\t\t\t\t\t\t\t\t<span class=\"elementor-button-text\">Kontakt os i dag<\/span>\n\t\t\t\t\t<\/span>\n\t\t\t\t\t<\/a>\n\t\t\t\t<\/div>\n\t\t\t\t\t\t\t\t<\/div>\n\t\t\t\t<\/div>\n\t\t\t\t<\/div>\n\t\t<div class=\"elementor-element elementor-element-5ee9813 e-con-full e-flex e-con e-child\" data-id=\"5ee9813\" data-element_type=\"container\" data-e-type=\"container\">\n\t\t\t\t<div class=\"elementor-element elementor-element-3b14492 elementor-widget elementor-widget-image\" data-id=\"3b14492\" data-element_type=\"widget\" data-e-type=\"widget\" data-widget_type=\"image.default\">\n\t\t\t\t<div class=\"elementor-widget-container\">\n\t\t\t\t\t\t\t\t\t\t\t\t\t\t\t<img decoding=\"async\" width=\"800\" height=\"572\" src=\"https:\/\/miritglas.com\/wp-content\/uploads\/2023\/08\/beslysningsglas.png\" class=\"attachment-large size-large wp-image-1758\" alt=\"belysningsglas og lampeglas til pragmatisk design der underst\u00f8tter erhvervs- og inustrifuntioner. Lighting glass and lamp glass are essential elements in pragmatic design that support both commercial and industrial functions. By combining durability with functionality, these specialized glass solutions ensure optimal light distribution, energy efficiency, and long-lasting performance in demanding environments. For businesses and industries, lighting glass and lamp glass are more than just design features \u2013 they are tools that enhance productivity, safety, and atmosphere. Whether used in offices, factories, warehouses, or public spaces, the right glass can provide glare control, high resistance to heat, and a professional appearance that aligns with practical requirements. With tailored options in shape, clarity, and coating, lighting glass and lamp glass offer versatile solutions that seamlessly integrate into modern design concepts while meeting the strict functional needs of commercial and industrial applications. Belysningsglas | Glas til belysning med h\u00f8j lystransmission, varme- og UV-bestandig overflade, egnet til lamper, industriel belysning, diffuseret eller farvet glas med mulighed for filtrering af b\u00f8lgel\u00e6ngder og designtilpasning.\" srcset=\"https:\/\/miritglas.com\/wp-content\/uploads\/2023\/08\/beslysningsglas.png 1000w, https:\/\/miritglas.com\/wp-content\/uploads\/2023\/08\/beslysningsglas-300x215.png 300w, https:\/\/miritglas.com\/wp-content\/uploads\/2023\/08\/beslysningsglas-768x549.png 768w\" sizes=\"(max-width: 800px) 100vw, 800px\" title=\"\">\t\t\t\t\t\t\t\t\t\t\t\t\t\t\t<\/div>\n\t\t\t\t<\/div>\n\t\t\t\t<\/div>\n\t\t\t\t\t<\/div>\n\t\t\t\t<\/div>\n\t\t\t\t<\/div>\n\t\t","protected":false},"featured_media":1758,"template":"","class_list":["post-281","product","type-product","status-publish","has-post-thumbnail","hentry"],"acf":[],"_links":{"self":[{"href":"https:\/\/miritglas.com\/da\/wp-json\/wp\/v2\/product\/281","targetHints":{"allow":["GET"]}}],"collection":[{"href":"https:\/\/miritglas.com\/da\/wp-json\/wp\/v2\/product"}],"about":[{"href":"https:\/\/miritglas.com\/da\/wp-json\/wp\/v2\/types\/product"}],"version-history":[{"count":32,"href":"https:\/\/miritglas.com\/da\/wp-json\/wp\/v2\/product\/281\/revisions"}],"predecessor-version":[{"id":5603,"href":"https:\/\/miritglas.com\/da\/wp-json\/wp\/v2\/product\/281\/revisions\/5603"}],"wp:featuredmedia":[{"embeddable":true,"href":"https:\/\/miritglas.com\/da\/wp-json\/wp\/v2\/media\/1758"}],"wp:attachment":[{"href":"https:\/\/miritglas.com\/da\/wp-json\/wp\/v2\/media?parent=281"}],"curies":[{"name":"wp","href":"https:\/\/api.w.org\/{rel}","templated":true}]}}