{"id":280,"date":"2023-08-09T11:27:26","date_gmt":"2023-08-09T09:27:26","guid":{"rendered":"https:\/\/miritglas.com\/?post_type=product&#038;p=280"},"modified":"2025-12-02T14:27:39","modified_gmt":"2025-12-02T13:27:39","slug":"antirefleksglas","status":"publish","type":"product","link":"https:\/\/miritglas.com\/da\/produkter\/antirefleksglas\/","title":{"rendered":"Antirefleks glas"},"content":{"rendered":"\t\t<div data-elementor-type=\"wp-post\" data-elementor-id=\"280\" class=\"elementor elementor-280\" data-elementor-post-type=\"product\">\n\t\t\t\t<div class=\"elementor-element elementor-element-79a606c1 e-flex e-con-boxed e-con e-parent\" data-id=\"79a606c1\" data-element_type=\"container\" data-e-type=\"container\">\n\t\t\t\t\t<div class=\"e-con-inner\">\n\t\t<div class=\"elementor-element elementor-element-4876576b e-con-full e-flex e-con e-child\" data-id=\"4876576b\" data-element_type=\"container\" data-e-type=\"container\">\n\t\t\t\t<div class=\"elementor-element elementor-element-5bcbc1a1 elementor-widget elementor-widget-text-editor\" data-id=\"5bcbc1a1\" data-element_type=\"widget\" data-e-type=\"widget\" data-widget_type=\"text-editor.default\">\n\t\t\t\t<div class=\"elementor-widget-container\">\n\t\t\t\t\t\t\t\t\t<h2>Anti reflekterende glas \u2013 N\u00e5r reflekserne driller<\/h2><p><strong>Anti-refleks glas eller anti-glare glas er l\u00f8sningen for kunder, hvor genskin i glasset er et problem. Lige fra virksomheder, der arbejder med sk\u00e6rme i milj\u00f8er, hvor genskin eller reflekser forstyrrer arbejdet, til museer, der skal have glas, som b\u00e5de beskytter, men ogs\u00e5 giver de bes\u00f8gende mulighed for at se v\u00e6rkerne.<\/strong><\/p><p>Alt efter form\u00e5let bruges to forskellige teknologier til at fjerne lysreflekser i glas. Anti-refleks glas reducerer lysgenskin ved at coate glasset, mens anti-glare-teknologien er baseret p\u00e5, at \u00e6tse glasset ganske fint, s\u00e5 det ikke kan reflektere lys eller omgivelser.<\/p><p>Typisk n\u00e5r erhvervslivet eller industrien har brug for glas, er det glas med et praktisk form\u00e5l. Og hvor det kan v\u00e6re sk\u00f8nt med solskin og v\u00e6re et formidabelt pittoresk syn, at se travl produktion med lyset fra projekt\u00f8rer og svejseprocesser, s\u00e5 er det en helt anden problematik, at skulle arbejde ved en sk\u00e6rm eller et betjeningspanel i de omgivelser. Her er anti-refleks glas eller anti-glare glas l\u00f8sningen.<\/p>\t\t\t\t\t\t\t\t<\/div>\n\t\t\t\t<\/div>\n\t\t\t\t<div class=\"elementor-element elementor-element-702deae6 elementor-widget elementor-widget-button\" data-id=\"702deae6\" data-element_type=\"widget\" data-e-type=\"widget\" data-widget_type=\"button.default\">\n\t\t\t\t<div class=\"elementor-widget-container\">\n\t\t\t\t\t\t\t\t\t<div class=\"elementor-button-wrapper\">\n\t\t\t\t\t<a class=\"elementor-button elementor-button-link elementor-size-md\" href=\"https:\/\/miritglas.com\/da\/kontakt-os\/\">\n\t\t\t\t\t\t<span class=\"elementor-button-content-wrapper\">\n\t\t\t\t\t\t\t\t\t<span class=\"elementor-button-text\">Kontakt os i dag<\/span>\n\t\t\t\t\t<\/span>\n\t\t\t\t\t<\/a>\n\t\t\t\t<\/div>\n\t\t\t\t\t\t\t\t<\/div>\n\t\t\t\t<\/div>\n\t\t\t\t<\/div>\n\t\t<div class=\"elementor-element elementor-element-47655b0 e-con-full e-flex e-con e-child\" data-id=\"47655b0\" data-element_type=\"container\" data-e-type=\"container\">\n\t\t\t\t<div class=\"elementor-element elementor-element-6924ab9e elementor-absolute elementor-widget elementor-widget-global elementor-global-634 elementor-widget-image\" data-id=\"6924ab9e\" data-element_type=\"widget\" data-e-type=\"widget\" data-settings=\"{&quot;_position&quot;:&quot;absolute&quot;}\" data-widget_type=\"image.default\">\n\t\t\t\t<div class=\"elementor-widget-container\">\n\t\t\t\t\t\t\t\t\t\t\t\t\t\t\t<img fetchpriority=\"high\" decoding=\"async\" width=\"230\" height=\"230\" src=\"https:\/\/miritglas.com\/wp-content\/uploads\/2023\/08\/logo-icon.png\" class=\"attachment-medium size-medium wp-image-166\" alt=\"Mirit glas logo. Nordens foretrukne glasleverand\u00f8r \u2013 vi fremstiller efter individuelle behov\" srcset=\"https:\/\/miritglas.com\/wp-content\/uploads\/2023\/08\/logo-icon.png 230w, https:\/\/miritglas.com\/wp-content\/uploads\/2023\/08\/logo-icon-150x150.png 150w\" sizes=\"(max-width: 230px) 100vw, 230px\" title=\"\">\t\t\t\t\t\t\t\t\t\t\t\t\t\t\t<\/div>\n\t\t\t\t<\/div>\n\t\t\t\t<div class=\"elementor-element elementor-element-2e6e901 elementor-widget elementor-widget-image\" data-id=\"2e6e901\" data-element_type=\"widget\" data-e-type=\"widget\" data-widget_type=\"image.default\">\n\t\t\t\t<div class=\"elementor-widget-container\">\n\t\t\t\t\t\t\t\t\t\t\t\t\t\t\t<img decoding=\"async\" width=\"800\" height=\"294\" src=\"https:\/\/miritglas.com\/wp-content\/uploads\/2023\/08\/anti-refleks-vs-alm-glas-1024x376.jpg\" class=\"attachment-large size-large wp-image-1717\" alt=\"\" srcset=\"https:\/\/miritglas.com\/wp-content\/uploads\/2023\/08\/anti-refleks-vs-alm-glas-1024x376.jpg 1024w, https:\/\/miritglas.com\/wp-content\/uploads\/2023\/08\/anti-refleks-vs-alm-glas-300x110.jpg 300w, https:\/\/miritglas.com\/wp-content\/uploads\/2023\/08\/anti-refleks-vs-alm-glas-768x282.jpg 768w, https:\/\/miritglas.com\/wp-content\/uploads\/2023\/08\/anti-refleks-vs-alm-glas.jpg 1200w\" sizes=\"(max-width: 800px) 100vw, 800px\" title=\"\">\t\t\t\t\t\t\t\t\t\t\t\t\t\t\t<\/div>\n\t\t\t\t<\/div>\n\t\t<div class=\"elementor-element elementor-element-17a60355 e-flex e-con-boxed e-con e-child\" data-id=\"17a60355\" data-element_type=\"container\" data-e-type=\"container\" data-settings=\"{&quot;background_background&quot;:&quot;classic&quot;}\">\n\t\t\t\t\t<div class=\"e-con-inner\">\n\t\t\t\t<div class=\"elementor-element elementor-element-6358e56c elementor-widget elementor-widget-text-editor\" data-id=\"6358e56c\" data-element_type=\"widget\" data-e-type=\"widget\" data-widget_type=\"text-editor.default\">\n\t\t\t\t<div class=\"elementor-widget-container\">\n\t\t\t\t\t\t\t\t\t<p>Anti-glare og anti-refleks glas er den fornuftige forretningsm\u00e6ssige l\u00f8sning, som b\u00e5de sikrer og g\u00f8r produktionen mere effektiv. Brugen af det rigtige glas kan forbedre arbejdsmilj\u00f8et dramatisk, fordi det kan sikre at produktionslederen har fuldt overblik og kan kvalitetsoverv\u00e5ge produktionen p\u00e5 sin sk\u00e6rm. Det rigtige glas uden forstyrrende refleksioner i sk\u00e6rmen, betyder at en medarbejder kan betjene en maskine b\u00e5de bedre og mere effektivt.<\/p><p>Vi kender alle problematikken fra vores pc-sk\u00e6rme, n\u00e5r reflekterende lys g\u00f8r det sv\u00e6rt se ordentlig p\u00e5 sk\u00e6rmen og holde produktiviteten oppe. Det rigtige glas kan g\u00f8re en forskel og reducere genen fra refleksioner fra sk\u00e6rmen.<\/p><p>I den anden ende af skalaen ligger museer og luksusbutikker, der har brug for at glasset b\u00e5de sikrer kunstv\u00e6rkerne eller luksusgenstandene, og samtidig g\u00f8r det muligt for g\u00e6sterne at f\u00e5 ordentligt refleksfrit blik p\u00e5 dem. Det ideelle glas p\u00e5 et museum kan ikke ses og er fri for forstyrrende refleksioner, der \u00f8del\u00e6gger museumsoplevelse. Derfor bruger mange museer coated anti-refleks glas, som b\u00e5de fjerner refleksioner, bortfiltrer skadeligt UV-lys og sikrer kunstgenstandene. Det er glas, hvor coatningen b\u00e5de sikrer en utrolig god lysgennemstr\u00f8mning, og samtidig sikrer at man b\u00e5de p\u00e5 kort og lang afstand kan se igennem glasset uden at blive forstyrret af refleksioner.<\/p>\t\t\t\t\t\t\t\t<\/div>\n\t\t\t\t<\/div>\n\t\t\t\t\t<\/div>\n\t\t\t\t<\/div>\n\t\t\t\t<\/div>\n\t\t\t\t\t<\/div>\n\t\t\t\t<\/div>\n\t\t<div class=\"elementor-element elementor-element-914fd19 e-flex e-con-boxed e-con e-parent\" data-id=\"914fd19\" data-element_type=\"container\" data-e-type=\"container\" data-settings=\"{&quot;background_background&quot;:&quot;classic&quot;}\">\n\t\t\t\t\t<div class=\"e-con-inner\">\n\t\t<div class=\"elementor-element elementor-element-71935b5 e-flex e-con-boxed e-con e-child\" data-id=\"71935b5\" data-element_type=\"container\" data-e-type=\"container\">\n\t\t\t\t\t<div class=\"e-con-inner\">\n\t\t\t\t<div class=\"elementor-element elementor-element-60bc839 elementor-widget elementor-widget-text-editor\" data-id=\"60bc839\" data-element_type=\"widget\" data-e-type=\"widget\" data-widget_type=\"text-editor.default\">\n\t\t\t\t<div class=\"elementor-widget-container\">\n\t\t\t\t\t\t\t\t\t<h3>L\u00f8sningen skal passe til opgaven<\/h3><p>En glasl\u00f8sning skal altid tilpasses problemet. N\u00e5r det g\u00e6lder anti-glare og anti-refleks glas er der tale om forskellige glas med forskellige egenskaber, hvor opgaven ofte v\u00e6lger glasset.<\/p><p>Hos Mirit Glas har vi lang erfaring at forarbejde anti-glare glas eller anti-refleks glas, der passer til form\u00e5let. Det kan v\u00e6re glas til for eksempel infostandere eller betjeningssk\u00e6rme, der skal kunne betjenes i udfordrende omgivelser.<\/p><p>Det kan ogs\u00e5 v\u00e6re glas, der skal bruges til at udstille genstande, og i mange tilf\u00e6lde ogs\u00e5 beskytte disse genstande mod UV-lys. Eller det kan v\u00e6re glas som skal kunne fungere foran kamera eller andre former for optiske sensorer.<\/p><p>Derfor kan der v\u00e6re forskellige bud p\u00e5, hvilken type glas, der v\u00e6lges for at l\u00f8se problemet.<\/p><p>Overordnet set skelner vi mellem to glastyper, n\u00e5r vi skal bearbejder glas, hvor refleksion skal undg\u00e5s. De to typer glas fremstilles forskelligt og har forskellige fordele og ulemper.<\/p><p>De to glastyper er grundl\u00e6ggende forskellige n\u00e5r det g\u00e6lder hvilken teknologi, der bruges til at fjerne genskin og refleksioner. Den ene metode g\u00e5r ud p\u00e5 at reducere genskin ved at coate glasset, mens den anden teknologi handler om, at \u00e6tse glasset ganske fint, s\u00e5 der ikke er nogle plane flader, der kan reflektere lys eller omgivelser. En markant forskel p\u00e5 det typer er, at det \u00e6tsede anti-glare er sv\u00e6rere at ridse end det coatede anti-refleks.<\/p><p>Samtidig findes mange varianter indenfor de to typer glas. Derfor er det vigtigt at se p\u00e5 form\u00e5let.<\/p>\t\t\t\t\t\t\t\t<\/div>\n\t\t\t\t<\/div>\n\t\t\t\t\t<\/div>\n\t\t\t\t<\/div>\n\t\t\t\t\t<\/div>\n\t\t\t\t<\/div>\n\t\t<div class=\"elementor-element elementor-element-36efb70 e-flex e-con-boxed e-con e-parent\" data-id=\"36efb70\" data-element_type=\"container\" data-e-type=\"container\">\n\t\t\t\t\t<div class=\"e-con-inner\">\n\t\t<div class=\"elementor-element elementor-element-a6f080c e-con-full e-flex e-con e-child\" data-id=\"a6f080c\" data-element_type=\"container\" data-e-type=\"container\">\n\t\t\t\t<div class=\"elementor-element elementor-element-843176e elementor-widget elementor-widget-image\" data-id=\"843176e\" data-element_type=\"widget\" data-e-type=\"widget\" data-widget_type=\"image.default\">\n\t\t\t\t<div class=\"elementor-widget-container\">\n\t\t\t\t\t\t\t\t\t\t\t\t\t\t\t<img decoding=\"async\" width=\"800\" height=\"571\" src=\"https:\/\/miritglas.com\/wp-content\/uploads\/2023\/08\/anti-refleks-foto-1024x731.jpg\" class=\"attachment-large size-large wp-image-1730\" alt=\"anti-refleks glas. Coatet til behovet. Antirefleks glas | Specialbehandlet glas med antireflekterende coating, h\u00f8j lysgennemstr\u00f8mning og reduceret genskin, velegnet til sk\u00e6rme, displays, udstillingsl\u00f8sninger og tekniske milj\u00f8er.\" srcset=\"https:\/\/miritglas.com\/wp-content\/uploads\/2023\/08\/anti-refleks-foto-1024x731.jpg 1024w, https:\/\/miritglas.com\/wp-content\/uploads\/2023\/08\/anti-refleks-foto-300x214.jpg 300w, https:\/\/miritglas.com\/wp-content\/uploads\/2023\/08\/anti-refleks-foto-768x549.jpg 768w, https:\/\/miritglas.com\/wp-content\/uploads\/2023\/08\/anti-refleks-foto-1536x1097.jpg 1536w, https:\/\/miritglas.com\/wp-content\/uploads\/2023\/08\/anti-refleks-foto-2048x1463.jpg 2048w\" sizes=\"(max-width: 800px) 100vw, 800px\" title=\"\">\t\t\t\t\t\t\t\t\t\t\t\t\t\t\t<\/div>\n\t\t\t\t<\/div>\n\t\t\t\t<div class=\"elementor-element elementor-element-c465170 elementor-widget elementor-widget-text-editor\" data-id=\"c465170\" data-element_type=\"widget\" data-e-type=\"widget\" data-widget_type=\"text-editor.default\">\n\t\t\t\t<div class=\"elementor-widget-container\">\n\t\t\t\t\t\t\t\t\t<h3>Anti-refleks glas<\/h3><p><strong>Taler man om anti-refleks glas, s\u00e5 er det en egenskab, der opn\u00e5s ved at coate glasset. Det vil sige, at der ovenp\u00e5 glasset er p\u00e5f\u00f8rt en antireflekterende bel\u00e6gning, som reducerer refleksioner og overfladebl\u00e6nding. Bel\u00e6gningen kan ogs\u00e5 filtrere visse b\u00f8lgel\u00e6ngder. Ofte best\u00e5r coatningen af flere lag, hvor tykkelsen m\u00e5les i nanometer.<\/strong><\/p><p>Ideen bag at coate et glas med en tynd film opstod i 1886 hos den engelske fysiker og nobelpristager Lord Rayleigh, der under sine eksperimenter og unders\u00f8gelser af, hvordan lys opf\u00f8rer sig, opdagede at en beskidt bel\u00e6gning ovenp\u00e5 et glas reducerede reflekserne, samtidig med at en st\u00f8rre m\u00e6ngde lys passerede igennem glasset. Det f\u00f8rte til en r\u00e6kke teorier om optik, som sidenhen er blevet sofistikeret og har f\u00f8rt til, at man i dag kan lave glas med utrolige egenskaber ved at coate dem.<\/p><p>En coatning kan forbedre glassets egenskaber og \u00f8ge for eksempel lysgennemstr\u00f8mingen op til mere end 98 %. Glasset vil virke n\u00e6rmest usynligt.<br \/>Anti-refleks glas er typisk coated p\u00e5 to sider, fordi det er nemmest at coate glas ved at dyppe glastavlen i v\u00e6ske. Men i nogle tilf\u00e6lde bruger man et vakuum-kammer til kun at coate den ene side, eller til at coate glasset med en forskellig coatning p\u00e5 hver sin side af glasset \u2013 hvilket giver mulighed for at tilf\u00f8je glasset nogle mere sofistikerede og m\u00e5lrettede egenskaber.<\/p><p>Mange varianter af coated glas kaldes museumsglas, men \u2013 i hvert fald i forhold til mange af Mirit Glas\u2019 kunder \u2013 giver det et lidt misvisende billede af, hvilke kunder, der kan f\u00e5 gavn af glasset.<\/p><p>Fordi vi hos Mirit Glas har specialiseret os i at levere skr\u00e6ddersyede l\u00f8sninger til industri og erhverv, har vi en r\u00e6kke kunder, der har brug for anti-refleks glas af helt andre \u00e5rsager end udstilling og fremvisning af kunstv\u00e6rker og produkter.<\/p><p>For selv om det er rigtigt, at netop museer og butikker med dyre luksusprodukter bruger anti-refleks glas til at skabe den bedste oplevelse af kunstv\u00e6rker, smykker og andre produkter, s\u00e5 bliver anti-refleks glas ogs\u00e5 ganske ofte brugt i industri- og erhvervs-l\u00f8sninger. Og her er coatningen hyppigt mere kompleks og tilpasset et praktisk form\u00e5l.<\/p><p>Et eksempel kan v\u00e6re visuelle systemer, hvor anti-refleks glas er alfa og omega for at billedkvaliteten er h\u00f8j nok til at forhindre fejlproduktion eller forkerte m\u00e5linger. Anti-refleks bruges ikke kun i industrielle systemer, men ogs\u00e5 i enkeltst\u00e5ende kamera-l\u00f8sninger, hvor der er krav til stor lysf\u00f8lsomhed og i nogle situationer endda kombineret med sekund\u00e6re coatninger, som blokerer bestemte dele af lysspektret.<\/p><p>Et lignede segment af kunder bruger ogs\u00e5 anti-refleks glas til beskyttelse af sk\u00e6rme, hvor der er h\u00f8je krav til opl\u00f8sning, farvespektrum og kontraster. Det kan v\u00e6re i medicinske, tekniske og medie-milj\u00f8er, som har brug for de bedst mulige betingelser for at kunne udf\u00f8re deres arbejde.<\/p><p>Der findes ogs\u00e5 kunder, der har brug for at opgradere traditionelle sk\u00e6rm- og infostander- l\u00f8sninger, for at de kan fungere gnidningsfrit i udfordrende milj\u00f8er. Det kan for eksempel v\u00e6re touchssk\u00e6rme, hvor de normalt gode l\u00f8sninger bare ikke er gode nok.<\/p><p>En mere almindelig brug af anti-refleks glas er simple eller avancerede billedrammer til museer, som \u00f8nsker at beskytte malerier og \u00e6ldre kunst- eller kulturgenstande \u2013 ofte krydret med en coatning, der blokerer \u00f8del\u00e6ggende UV-lys. Det samme form\u00e5l har guldsmede, luksusbutikker eller andre, som har et behov for at vise varer frem i et milj\u00f8, hvor glasset ikke skal forstyrre.<\/p><p>N\u00e5r Mirit Glas\u2019 kunder v\u00e6lger en l\u00f8sning med anti-refleks glas, er det ofte fordi de kan se en forretningsm\u00e6ssig fordel. Det er professionelle kunder, som enten af praktisk eller videnskabelige grunde har brug for den helt specifikke kvalitet, eller kunder som ser en konkurrencefordel, der klart modsvares af investeringen i at f\u00e5 anti-refleks glas, der m\u00e5ske endda har en dobbelt coating, som giver glasset yderligere tilpassede egenskaber. Det kunne v\u00e6re bortfiltreringen af UV, men det kan ogs\u00e5 v\u00e6re andre specifikke egenskaber, s\u00e5som optimering af visse b\u00f8lgel\u00e6ngder i det synlige omr\u00e5de eller s\u00e5gar i det infrar\u00f8de lysrum (IR).<\/p><p>Anti-refleks glas er glasset for den kr\u00e6vende kunde.<\/p>\t\t\t\t\t\t\t\t<\/div>\n\t\t\t\t<\/div>\n\t\t\t\t<\/div>\n\t\t<div class=\"elementor-element elementor-element-0412243 e-con-full e-flex e-con e-child\" data-id=\"0412243\" data-element_type=\"container\" data-e-type=\"container\">\n\t\t\t\t<div class=\"elementor-element elementor-element-55922f6 elementor-widget elementor-widget-image\" data-id=\"55922f6\" data-element_type=\"widget\" data-e-type=\"widget\" data-widget_type=\"image.default\">\n\t\t\t\t<div class=\"elementor-widget-container\">\n\t\t\t\t\t\t\t\t\t\t\t\t\t\t\t<img loading=\"lazy\" decoding=\"async\" width=\"800\" height=\"571\" src=\"https:\/\/miritglas.com\/wp-content\/uploads\/2023\/08\/anti-glare-foto-1024x731.jpg\" class=\"attachment-large size-large wp-image-1737\" alt=\"\" srcset=\"https:\/\/miritglas.com\/wp-content\/uploads\/2023\/08\/anti-glare-foto-1024x731.jpg 1024w, https:\/\/miritglas.com\/wp-content\/uploads\/2023\/08\/anti-glare-foto-300x214.jpg 300w, https:\/\/miritglas.com\/wp-content\/uploads\/2023\/08\/anti-glare-foto-768x549.jpg 768w, https:\/\/miritglas.com\/wp-content\/uploads\/2023\/08\/anti-glare-foto-1536x1097.jpg 1536w, https:\/\/miritglas.com\/wp-content\/uploads\/2023\/08\/anti-glare-foto-2048x1463.jpg 2048w\" sizes=\"(max-width: 800px) 100vw, 800px\" title=\"\">\t\t\t\t\t\t\t\t\t\t\t\t\t\t\t<\/div>\n\t\t\t\t<\/div>\n\t\t\t\t<div class=\"elementor-element elementor-element-dea9771 elementor-widget elementor-widget-text-editor\" data-id=\"dea9771\" data-element_type=\"widget\" data-e-type=\"widget\" data-widget_type=\"text-editor.default\">\n\t\t\t\t<div class=\"elementor-widget-container\">\n\t\t\t\t\t\t\t\t\t<h3>Anti-glare glas<\/h3><p><strong>Hvor Anti-refleks glas bruger en coatning til at fjerne reflekser, s\u00e5 er teknologien bag anti-glare glas helt anderledes. For at fjerne refleksionerne bruger anti-glare glas ikke coatning, glasset er i stedet \u00e6tset let i overfladen.<\/strong><\/p><p>\u00c6tsningen af glasset skaber bittesm\u00e5 forskelle i glassets overflade, som betyder, at der ikke er en plan overflade, som kan reflektere lys, dog uden at det g\u00e5r ud over glasset transmissionsevne. Anti-glare glasset lader typisk den samme m\u00e6ngde lys igennem, som et almindeligt glas, hvilket vil sige omkring 92%.<\/p><p>Ligesom anti-refleks glas, s\u00e5 findes \u00e6tset anti-glare glas i mange varianter med forskellige egenskaber, som er tilpasset forskellige form\u00e5l.<\/p><p>I erhvervssammenh\u00e6ng er anti-glare glas generelt en langt mere terr\u00e6ng\u00e5ende l\u00f8sning p\u00e5 lysrefleksions-problematikken end anti-refleks glas, fordi glasset kan bruges i mange flere sammenh\u00e6nge \u2013 ogs\u00e5 i produktionsmilj\u00f8er, hvor der kan komme oliefingre p\u00e5 glasset. Samtidig er anti-glare glasset typisk mere resistent overfor ridser i glasset i forhold til et coatet anti-refleks glas.<\/p><p>Typisk v\u00e6lger kunden \u00e6tset anti-glare, n\u00e5r man skal lave touch-l\u00f8sninger i et produktionsmilj\u00f8, hvor man ikke kan undg\u00e5 snavs og ber\u00f8ring med beskidte fingre. I s\u00e5danne milj\u00f8er er der ogs\u00e5 typisk mange forskellige ukontrollerbare lyskilder, ligesom glasset kan risikerer at blive ridset.<\/p><p>Anti-glare glas bruges ikke kun til at beskytte sk\u00e6rme. Det bruges for eksempel ogs\u00e5 i forbindelse med lysl\u00f8sninger. Det \u00e6tsede anti-glare glas kan nemlig ogs\u00e5 bruges til at diffusere lys. Det kan monteres, s\u00e5 det sk\u00e6rmer en lampe af og i nogle l\u00f8sninger direkte bruges som lampeglas. Anti-glare glas produceres i mange forskellige kvaliteter alt efter, hvad glasset skal bruges til. Skal glasset bruges til en lampe, s\u00e5 betyder det ikke noget at gennemsigtigheden er lav, s\u00e5 l\u00e6nge, at s\u00e5 meget lys som muligt transmitteres gennem glasset.<\/p><p>Skal glasset til geng\u00e6ld bruges til at beskytte en touch-sk\u00e6rm i et produktionsmilj\u00f8, s\u00e5 bruges et \u00e6tset glas, der ved t\u00e6t kontakt til sk\u00e6rmen har en stor gennemsigtighed og gengiver farver klart og tydeligt.<\/p><p>Ruheden i \u00e6tsningen har ofte betydning for, hvordan glasset bruges bedst. Jo grovere \u00e6tsning (st\u00f8rre ruhed) jo mere diffus bliver lysgennemtr\u00e6ngningen. Derfor arbejder Mirit Glas altid med forskellige kategorier af \u201druhed\u201d, n\u00e5r vi v\u00e6lger det glas, der passer til vores kunders l\u00f8sning.<\/p><p><strong>Derfor v\u00e6lger industrikunder typisk Anti-glare glas<\/strong>.<\/p><p>Anti-glare glas har universelle anvendelsesmuligheder. Typisk anvendes anti-glare glas foran sk\u00e6rme, til displays, medicinske instrumenter eller touch sk\u00e6rme. Det kan ogs\u00e5 bruges til arkade spillemaskiner og sm\u00e5 led-displays.<br \/>Ogs\u00e5 udend\u00f8rs er anti-glare glas et popul\u00e6rt valg, n\u00e5r man \u00f8nsker at beskyttefor eksempel monitorer og infostande. Simpelthen fordi anti-glare glas er den praktiske, fornuftige og ofte \u00f8konomisk bedste l\u00f8sning.<\/p>\t\t\t\t\t\t\t\t<\/div>\n\t\t\t\t<\/div>\n\t\t\t\t<\/div>\n\t\t\t\t\t<\/div>\n\t\t\t\t<\/div>\n\t\t<div class=\"elementor-element elementor-element-5614700 e-flex e-con-boxed e-con e-parent\" data-id=\"5614700\" data-element_type=\"container\" data-e-type=\"container\" data-settings=\"{&quot;background_background&quot;:&quot;classic&quot;}\">\n\t\t\t\t\t<div class=\"e-con-inner\">\n\t\t<div class=\"elementor-element elementor-element-34ffd5b e-con-full e-flex e-con e-child\" data-id=\"34ffd5b\" data-element_type=\"container\" data-e-type=\"container\">\n\t\t\t\t<div class=\"elementor-element elementor-element-decc9f7 elementor-widget elementor-widget-image\" data-id=\"decc9f7\" data-element_type=\"widget\" data-e-type=\"widget\" data-widget_type=\"image.default\">\n\t\t\t\t<div class=\"elementor-widget-container\">\n\t\t\t\t\t\t\t\t\t\t\t\t\t\t\t<img loading=\"lazy\" decoding=\"async\" width=\"270\" height=\"300\" src=\"https:\/\/miritglas.com\/wp-content\/uploads\/2023\/08\/antiglare-270x300.png\" class=\"attachment-medium size-medium wp-image-1744\" alt=\"\" srcset=\"https:\/\/miritglas.com\/wp-content\/uploads\/2023\/08\/antiglare-270x300.png 270w, https:\/\/miritglas.com\/wp-content\/uploads\/2023\/08\/antiglare-921x1024.png 921w, https:\/\/miritglas.com\/wp-content\/uploads\/2023\/08\/antiglare-768x853.png 768w, https:\/\/miritglas.com\/wp-content\/uploads\/2023\/08\/antiglare.png 1060w\" sizes=\"(max-width: 270px) 100vw, 270px\" title=\"\">\t\t\t\t\t\t\t\t\t\t\t\t\t\t\t<\/div>\n\t\t\t\t<\/div>\n\t\t\t\t<div class=\"elementor-element elementor-element-eec7a40 elementor-widget elementor-widget-text-editor\" data-id=\"eec7a40\" data-element_type=\"widget\" data-e-type=\"widget\" data-widget_type=\"text-editor.default\">\n\t\t\t\t<div class=\"elementor-widget-container\">\n\t\t\t\t\t\t\t\t\t<p>Anti-glare glas modvirker reflekser og genskin p\u00e5 grund af en overflader, der er \u00e6tset let. \u00c6tsningen fra ganske let til grov. Som tommelfingerregel g\u00e6lder det dog, at omkring 92% af alt lys kommer igennem. Det er det samme som almindeligt vinduesglas. Det vil sige at omkring 8 % af lyset reflekteret diffuseret og mindre en 1% absorberes af glasset.<\/p>\t\t\t\t\t\t\t\t<\/div>\n\t\t\t\t<\/div>\n\t\t\t\t<\/div>\n\t\t<div class=\"elementor-element elementor-element-ed922cf e-con-full e-flex e-con e-child\" data-id=\"ed922cf\" data-element_type=\"container\" data-e-type=\"container\">\n\t\t\t\t<div class=\"elementor-element elementor-element-38697f4 elementor-widget elementor-widget-image\" data-id=\"38697f4\" data-element_type=\"widget\" data-e-type=\"widget\" data-widget_type=\"image.default\">\n\t\t\t\t<div class=\"elementor-widget-container\">\n\t\t\t\t\t\t\t\t\t\t\t\t\t\t\t<img loading=\"lazy\" decoding=\"async\" width=\"270\" height=\"300\" src=\"https:\/\/miritglas.com\/wp-content\/uploads\/2025\/03\/Unknown-1-270x300.png\" class=\"attachment-medium size-medium wp-image-5513\" alt=\"DA: Teknisk pr\u00e6sentation af anti-refleks glas med op til over 99% lystransmission.\" srcset=\"https:\/\/miritglas.com\/wp-content\/uploads\/2025\/03\/Unknown-1-270x300.png 270w, https:\/\/miritglas.com\/wp-content\/uploads\/2025\/03\/Unknown-1.png 578w\" sizes=\"(max-width: 270px) 100vw, 270px\" title=\"\">\t\t\t\t\t\t\t\t\t\t\t\t\t\t\t<\/div>\n\t\t\t\t<\/div>\n\t\t\t\t<div class=\"elementor-element elementor-element-a55336b elementor-widget elementor-widget-text-editor\" data-id=\"a55336b\" data-element_type=\"widget\" data-e-type=\"widget\" data-widget_type=\"text-editor.default\">\n\t\t\t\t<div class=\"elementor-widget-container\">\n\t\t\t\t\t\t\t\t\t<p>Anti-refleks glas er glas, der er coated med en tynd film, som s\u00f8rger for at lyset ikke reflekterer tilbage fra glasset, men i stedet str\u00f8mmer igennem glasset. Det betyder at anti-refleks glas lader mere end 98 procent af lyset passere igennem glasset, og med s\u00e6rlige coatninger op til mere end 99%.<\/p>\t\t\t\t\t\t\t\t<\/div>\n\t\t\t\t<\/div>\n\t\t\t\t<\/div>\n\t\t\t\t\t<\/div>\n\t\t\t\t<\/div>\n\t\t\t\t<\/div>\n\t\t","protected":false},"featured_media":1730,"template":"","class_list":["post-280","product","type-product","status-publish","has-post-thumbnail","hentry"],"acf":[],"_links":{"self":[{"href":"https:\/\/miritglas.com\/da\/wp-json\/wp\/v2\/product\/280","targetHints":{"allow":["GET"]}}],"collection":[{"href":"https:\/\/miritglas.com\/da\/wp-json\/wp\/v2\/product"}],"about":[{"href":"https:\/\/miritglas.com\/da\/wp-json\/wp\/v2\/types\/product"}],"version-history":[{"count":47,"href":"https:\/\/miritglas.com\/da\/wp-json\/wp\/v2\/product\/280\/revisions"}],"predecessor-version":[{"id":5528,"href":"https:\/\/miritglas.com\/da\/wp-json\/wp\/v2\/product\/280\/revisions\/5528"}],"wp:featuredmedia":[{"embeddable":true,"href":"https:\/\/miritglas.com\/da\/wp-json\/wp\/v2\/media\/1730"}],"wp:attachment":[{"href":"https:\/\/miritglas.com\/da\/wp-json\/wp\/v2\/media?parent=280"}],"curies":[{"name":"wp","href":"https:\/\/api.w.org\/{rel}","templated":true}]}}