{"id":990,"date":"2023-08-22T16:41:42","date_gmt":"2023-08-22T14:41:42","guid":{"rendered":"https:\/\/miritglas.com\/?page_id=990"},"modified":"2025-12-09T13:38:34","modified_gmt":"2025-12-09T12:38:34","slug":"iso-9001-certificering","status":"publish","type":"page","link":"https:\/\/miritglas.com\/da\/iso-9001-certificering\/","title":{"rendered":"ISO 9001-certificering"},"content":{"rendered":"\t\t<div data-elementor-type=\"wp-page\" data-elementor-id=\"990\" class=\"elementor elementor-990\" data-elementor-post-type=\"page\">\n\t\t\t\t<div class=\"elementor-element elementor-element-3dd3e960 e-flex e-con-boxed e-con e-parent\" data-id=\"3dd3e960\" data-element_type=\"container\" data-e-type=\"container\">\n\t\t\t\t\t<div class=\"e-con-inner\">\n\t\t<div class=\"elementor-element elementor-element-5318f1fa e-con-full e-flex e-con e-child\" data-id=\"5318f1fa\" data-element_type=\"container\" data-e-type=\"container\">\n\t\t\t\t<div class=\"elementor-element elementor-element-397027eb elementor-widget elementor-widget-text-editor\" data-id=\"397027eb\" data-element_type=\"widget\" data-e-type=\"widget\" data-widget_type=\"text-editor.default\">\n\t\t\t\t<div class=\"elementor-widget-container\">\n\t\t\t\t\t\t\t\t\t<h2>Mirit Glas er ISO 9001:2015-certificeret<\/h2><p><strong>Vi lever op til nutidens standarder, s\u00e5 vi kan levere de rigtige glas, der g\u00f8r vores kunder konkurrencedygtige.<\/strong><\/p><p>Den moderne verden kr\u00e6ver at der er fokus p\u00e5 kvalitet og kvalitetsstyring. Derfor har Mirit Glas taget skridtet til at blive <a target=\"_blank\" href=\"https:\/\/www.intertek.com\/assurance\/iso-9001\/\" rel=\"noopener\">ISO 9001:2015-certificere<\/a>t.<\/p><p>Vores kunder vil have l\u00f8sninger, der er specielt tilpasset til dem, og her kan Mirit Glas g\u00f8re en forskel.<\/p><p>N\u00e5r vores konsulenter taler med kunderne, s\u00e5 er der ofte tale om, at kunderne har brug for specialglas. Derfor skal vi have afklaret pr\u00e6cis i hvilken situation glasset skal bruges. Skal glasset kunne modst\u00e5 store temperaturforskelle? Skal det kunne modst\u00e5 st\u00e6rk kemi? Skal de b\u00f8jes eller tilsk\u00e6res i en s\u00e6rlig form?<\/p><p>N\u00e5r den ene ordre er er meget forskellig fra den foreg\u00e5ende, giver det god mening at have fokus p\u00e5 kvalitetsstyring. Det hj\u00e6lper vores ISO-certificering med.<\/p>\t\t\t\t\t\t\t\t<\/div>\n\t\t\t\t<\/div>\n\t\t\t\t<div class=\"elementor-element elementor-element-4a8fc65 elementor-widget elementor-widget-text-editor\" data-id=\"4a8fc65\" data-element_type=\"widget\" data-e-type=\"widget\" data-widget_type=\"text-editor.default\">\n\t\t\t\t<div class=\"elementor-widget-container\">\n\t\t\t\t\t\t\t\t\t<h3>Pr\u00e6cise specifikationer<\/h3><p>I f\u00f8rste r\u00e6kke har vores konsulenter, i samarbejde med kunderne, fokus p\u00e5, at afklaret pr\u00e6cis hvilket glas kunden har brug for. Alts\u00e5 hvilke dimensioner og egenskaber glasset skal have. Mange gange kr\u00e6ver det en grundig dialog, fordi et glas ikke altid bare er et glas. Nogle gange skal et skueglas samtidig v\u00e6re en varmerude, for at forhindre dug. Andre glas kr\u00e6ver en pr\u00e6cis forarbejdning for at passe ind i kundens l\u00f8sning. Flere og flere glas skal ogs\u00e5 leveres med et certifikat, der dokumenterer hvad glasset kan holde til.<\/p><p>Vores kvalitetssikring handler ogs\u00e5 om produktionen. For n\u00e5r konsulenternes dialog med kunderne er f\u00e6rdig, s\u00e5 tager produktionen over for at fremstille glassene. De skal som oftest enten sk\u00e6res ud,\u00a0<a href=\"https:\/\/miritglas.com\/da\/produkter\/haerdet-glas\/\">h\u00e6rdes<\/a>, <a href=\"https:\/\/miritglas.com\/da\/produkter\/lamineret-glas\/\">lamineres<\/a>,\u00a0<a href=\"https:\/\/miritglas.com\/da\/produkter\/buet-glas\/\">b\u00f8jes<\/a>\u00a0eller forarbejdes p\u00e5 mere end en m\u00e5de. I produktionen arbejdes vi med b\u00e5de store ordrer, hvor mange skal glas forarbejdes helt ens, og med sm\u00e5 ordrer, hvor glas typisk skal specialforarbejdes efter ganske s\u00e6rlige krav om form og holdbarhed.<\/p>\t\t\t\t\t\t\t\t<\/div>\n\t\t\t\t<\/div>\n\t\t\t\t<div class=\"elementor-element elementor-element-132d6c0 elementor-widget elementor-widget-image\" data-id=\"132d6c0\" data-element_type=\"widget\" data-e-type=\"widget\" data-widget_type=\"image.default\">\n\t\t\t\t<div class=\"elementor-widget-container\">\n\t\t\t\t\t\t\t\t\t\t\t\t\t\t\t<img fetchpriority=\"high\" decoding=\"async\" width=\"800\" height=\"450\" src=\"https:\/\/miritglas.com\/wp-content\/uploads\/2023\/08\/keld-ISO-web-1024x576.jpg\" class=\"attachment-large size-large wp-image-1013\" alt=\"\" srcset=\"https:\/\/miritglas.com\/wp-content\/uploads\/2023\/08\/keld-ISO-web-1024x576.jpg 1024w, https:\/\/miritglas.com\/wp-content\/uploads\/2023\/08\/keld-ISO-web-300x169.jpg 300w, https:\/\/miritglas.com\/wp-content\/uploads\/2023\/08\/keld-ISO-web-768x432.jpg 768w, https:\/\/miritglas.com\/wp-content\/uploads\/2023\/08\/keld-ISO-web-1536x864.jpg 1536w, https:\/\/miritglas.com\/wp-content\/uploads\/2023\/08\/keld-ISO-web-2048x1152.jpg 2048w\" sizes=\"(max-width: 800px) 100vw, 800px\" title=\"\">\t\t\t\t\t\t\t\t\t\t\t\t\t\t\t<\/div>\n\t\t\t\t<\/div>\n\t\t\t\t<div class=\"elementor-element elementor-element-052117f elementor-widget elementor-widget-text-editor\" data-id=\"052117f\" data-element_type=\"widget\" data-e-type=\"widget\" data-widget_type=\"text-editor.default\">\n\t\t\t\t<div class=\"elementor-widget-container\">\n\t\t\t\t\t\t\t\t\t<h3>Kvalitet i alle led<\/h3><p>Med ISO 9001:2015-certificeringen kan vi overfor \u2013 b\u00e5de kunderne og os selv \u2013 dokumentere, at vi har styr p\u00e5 vores kvalitet. B\u00e5de i produktion og salg. Certificeringen viser vi har styr p\u00e5 vores processer og rutiner, og at vi kan levere glas i den kvalitet, som vores kunder eftersp\u00f8rger. Om det er kemisk h\u00e6rdet, granet, b\u00f8jet eller lamineret, s\u00e5 har vi kvalitetssikret vores processer, s\u00e5 vi kan levere glas til vores kunder, der ligesom os, operer i en moderne verden, hvor vi agilt skal tilpasse vores produktion efter behov.<\/p>\t\t\t\t\t\t\t\t<\/div>\n\t\t\t\t<\/div>\n\t\t\t\t<div class=\"elementor-element elementor-element-431481d9 elementor-widget elementor-widget-button\" data-id=\"431481d9\" data-element_type=\"widget\" data-e-type=\"widget\" data-widget_type=\"button.default\">\n\t\t\t\t<div class=\"elementor-widget-container\">\n\t\t\t\t\t\t\t\t\t<div class=\"elementor-button-wrapper\">\n\t\t\t\t\t<a class=\"elementor-button elementor-button-link elementor-size-md\" href=\"https:\/\/miritglas.com\/da\/kontakt-os\/\">\n\t\t\t\t\t\t<span class=\"elementor-button-content-wrapper\">\n\t\t\t\t\t\t\t\t\t<span class=\"elementor-button-text\">Kontakt os i dag<\/span>\n\t\t\t\t\t<\/span>\n\t\t\t\t\t<\/a>\n\t\t\t\t<\/div>\n\t\t\t\t\t\t\t\t<\/div>\n\t\t\t\t<\/div>\n\t\t\t\t<\/div>\n\t\t<div class=\"elementor-element elementor-element-228a44f8 e-con-full e-flex e-con e-child\" data-id=\"228a44f8\" data-element_type=\"container\" data-e-type=\"container\">\n\t\t\t\t<div class=\"elementor-element elementor-element-3a6727de elementor-absolute elementor-widget elementor-widget-global elementor-global-634 elementor-widget-image\" data-id=\"3a6727de\" data-element_type=\"widget\" data-e-type=\"widget\" data-settings=\"{&quot;_position&quot;:&quot;absolute&quot;}\" data-widget_type=\"image.default\">\n\t\t\t\t<div class=\"elementor-widget-container\">\n\t\t\t\t\t\t\t\t\t\t\t\t\t\t\t<img decoding=\"async\" width=\"230\" height=\"230\" src=\"https:\/\/miritglas.com\/wp-content\/uploads\/2023\/08\/logo-icon.png\" class=\"attachment-medium size-medium wp-image-166\" alt=\"Mirit glas logo. Nordens foretrukne glasleverand\u00f8r \u2013 vi fremstiller efter individuelle behov\" srcset=\"https:\/\/miritglas.com\/wp-content\/uploads\/2023\/08\/logo-icon.png 230w, https:\/\/miritglas.com\/wp-content\/uploads\/2023\/08\/logo-icon-150x150.png 150w\" sizes=\"(max-width: 230px) 100vw, 230px\" title=\"\">\t\t\t\t\t\t\t\t\t\t\t\t\t\t\t<\/div>\n\t\t\t\t<\/div>\n\t\t\t\t<div class=\"elementor-element elementor-element-63d7eef elementor-widget elementor-widget-image\" data-id=\"63d7eef\" data-element_type=\"widget\" data-e-type=\"widget\" data-widget_type=\"image.default\">\n\t\t\t\t<div class=\"elementor-widget-container\">\n\t\t\t\t\t\t\t\t\t\t\t\t\t\t\t<img decoding=\"async\" width=\"768\" height=\"576\" src=\"https:\/\/miritglas.com\/wp-content\/uploads\/2023\/08\/miriam-jens-iso-certicifikat-768x576.jpeg\" class=\"attachment-medium_large size-medium_large wp-image-998\" alt=\"\" srcset=\"https:\/\/miritglas.com\/wp-content\/uploads\/2023\/08\/miriam-jens-iso-certicifikat-768x576.jpeg 768w, https:\/\/miritglas.com\/wp-content\/uploads\/2023\/08\/miriam-jens-iso-certicifikat-300x225.jpeg 300w, https:\/\/miritglas.com\/wp-content\/uploads\/2023\/08\/miriam-jens-iso-certicifikat-1024x768.jpeg 1024w, https:\/\/miritglas.com\/wp-content\/uploads\/2023\/08\/miriam-jens-iso-certicifikat-1536x1152.jpeg 1536w, https:\/\/miritglas.com\/wp-content\/uploads\/2023\/08\/miriam-jens-iso-certicifikat.jpeg 2016w\" sizes=\"(max-width: 768px) 100vw, 768px\" title=\"\">\t\t\t\t\t\t\t\t\t\t\t\t\t\t\t<\/div>\n\t\t\t\t<\/div>\n\t\t<div class=\"elementor-element elementor-element-3ccc7952 e-flex e-con-boxed e-con e-child\" data-id=\"3ccc7952\" data-element_type=\"container\" data-e-type=\"container\" data-settings=\"{&quot;background_background&quot;:&quot;classic&quot;}\">\n\t\t\t\t\t<div class=\"e-con-inner\">\n\t\t\t\t<div class=\"elementor-element elementor-element-4d67d598 elementor-widget elementor-widget-text-editor\" data-id=\"4d67d598\" data-element_type=\"widget\" data-e-type=\"widget\" data-widget_type=\"text-editor.default\">\n\t\t\t\t<div class=\"elementor-widget-container\">\n\t\t\t\t\t\t\t\t\t<h4>Vores kunder skal kunne stole p\u00e5 os<\/h4><p>Direkt\u00f8r Jens Milbrat har sammen med teknisk assistent Miriam Hartmann arbejdet h\u00e5rdt p\u00e5 at f\u00e5 Mirit Glas ISO 9001:015-certificeret. Frugten af arbejdet kommer vores kunder til gode. ISO-certificeringen sikrer at vi forts\u00e6tter med at forbedre vores rutiner og procedurer, s\u00e5 vi kan fastholde leveringssikkerhed og kvalitet.<\/p><p>\u201dCertificeringen sikrer, at vi l\u00f8bende forbedrer os. Vi har et \u00f8nske om, at v\u00e6re en p\u00e5lidelig partner overfor vores kunder. Vi skal levere til den aftalte tid og den aftalte kvalitet. Samtidig kan vi med vores ISO-certificering nu ogs\u00e5 levere til en r\u00e6kke kunder, der kr\u00e6ver at deres leverand\u00f8rer er ISO-certificerede,\u201d forklarer direkt\u00f8r Jens Milbrat.<\/p><p>Som specialiseret glasleverand\u00f8r til erhvervslivet, skal Mirit kunne levere de glasl\u00f8sninger, der g\u00f8r en forskel hos kunderne. Arbejdet med ISO-certificeringen betyder at Mirit Glas nu har f\u00e5et et endnu st\u00f8rre overblik over produktionen, og kan arbejde endnu mere rationelt fremover.<\/p><p>Helt konkret handler det blandt andet om, at validere den voksende maskinpark, s\u00e5 vi sikrer at vores CNC-styrede maskiner og robotter bliver ved med at kunne levere glasprodukter af en ensartet h\u00f8j kvalitet. Sammen med overblikket over hele vores proces fra salg til produktion, g\u00f8r det os til en trov\u00e6rdig og stabil partner.<\/p><p>Certificeringen er sammen den nylige\u00a0<a href=\"https:\/\/miritglas.com\/da\/produkter\/foedevarekontaktmateriale\/\">F\u00f8devare Kontakt Materiale (FKM) godkendelse<\/a>, et led i vores bestr\u00e6belser p\u00e5, at kunne levere de produkter, den dokumentation og den kvalitet kunderne eftersp\u00f8rger.<\/p>\t\t\t\t\t\t\t\t<\/div>\n\t\t\t\t<\/div>\n\t\t\t\t<div class=\"elementor-element elementor-element-efa1a0b elementor-widget elementor-widget-image\" data-id=\"efa1a0b\" data-element_type=\"widget\" data-e-type=\"widget\" data-widget_type=\"image.default\">\n\t\t\t\t<div class=\"elementor-widget-container\">\n\t\t\t\t\t\t\t\t\t\t\t\t<figure class=\"wp-caption\">\n\t\t\t\t\t\t\t\t\t\t\t<a href=\"https:\/\/miritglas.com\/wp-content\/uploads\/2023\/12\/2023-Certifikat-ISO-9001-DK-Mirit-Glas-AS.jpg\" data-elementor-open-lightbox=\"yes\" data-e-action-hash=\"#elementor-action%3Aaction%3Dlightbox%26settings%3DeyJpZCI6NDE3MywidXJsIjoiaHR0cHM6XC9cL21pcml0Z2xhcy5jb21cL3dwLWNvbnRlbnRcL3VwbG9hZHNcLzIwMjNcLzEyXC8yMDIzLUNlcnRpZmlrYXQtSVNPLTkwMDEtREstTWlyaXQtR2xhcy1BUy5qcGcifQ%3D%3D\">\n\t\t\t\t\t\t\t<img loading=\"lazy\" decoding=\"async\" width=\"212\" height=\"300\" src=\"https:\/\/miritglas.com\/wp-content\/uploads\/2023\/12\/2023-Certifikat-ISO-9001-DK-Mirit-Glas-AS-212x300.jpg\" class=\"attachment-medium size-medium wp-image-4173\" alt=\"Mirit Glas A\/S dansk ISO 9001-2015-certifikat\" srcset=\"https:\/\/miritglas.com\/wp-content\/uploads\/2023\/12\/2023-Certifikat-ISO-9001-DK-Mirit-Glas-AS-212x300.jpg 212w, https:\/\/miritglas.com\/wp-content\/uploads\/2023\/12\/2023-Certifikat-ISO-9001-DK-Mirit-Glas-AS-722x1024.jpg 722w, https:\/\/miritglas.com\/wp-content\/uploads\/2023\/12\/2023-Certifikat-ISO-9001-DK-Mirit-Glas-AS-768x1089.jpg 768w, https:\/\/miritglas.com\/wp-content\/uploads\/2023\/12\/2023-Certifikat-ISO-9001-DK-Mirit-Glas-AS-1084x1536.jpg 1084w, https:\/\/miritglas.com\/wp-content\/uploads\/2023\/12\/2023-Certifikat-ISO-9001-DK-Mirit-Glas-AS-1445x2048.jpg 1445w, https:\/\/miritglas.com\/wp-content\/uploads\/2023\/12\/2023-Certifikat-ISO-9001-DK-Mirit-Glas-AS.jpg 1806w\" sizes=\"(max-width: 212px) 100vw, 212px\" title=\"\">\t\t\t\t\t\t\t\t<\/a>\n\t\t\t\t\t\t\t\t\t\t\t<figcaption class=\"widget-image-caption wp-caption-text\">Klik for st\u00f8rre billede<\/figcaption>\n\t\t\t\t\t\t\t\t\t\t<\/figure>\n\t\t\t\t\t\t\t\t\t<\/div>\n\t\t\t\t<\/div>\n\t\t\t\t\t<\/div>\n\t\t\t\t<\/div>\n\t\t\t\t<\/div>\n\t\t\t\t\t<\/div>\n\t\t\t\t<\/div>\n\t\t<div class=\"elementor-element elementor-element-2c59809e e-flex e-con-boxed e-con e-parent\" data-id=\"2c59809e\" data-element_type=\"container\" data-e-type=\"container\" data-settings=\"{&quot;background_background&quot;:&quot;classic&quot;}\">\n\t\t\t\t\t<div class=\"e-con-inner\">\n\t\t<div class=\"elementor-element elementor-element-3d001d75 e-flex e-con-boxed e-con e-child\" data-id=\"3d001d75\" data-element_type=\"container\" data-e-type=\"container\">\n\t\t\t\t\t<div class=\"e-con-inner\">\n\t\t\t\t<div class=\"elementor-element elementor-element-0bb14a5 elementor-widget elementor-widget-image\" data-id=\"0bb14a5\" data-element_type=\"widget\" data-e-type=\"widget\" data-widget_type=\"image.default\">\n\t\t\t\t<div class=\"elementor-widget-container\">\n\t\t\t\t\t\t\t\t\t\t\t\t\t\t\t<img loading=\"lazy\" decoding=\"async\" width=\"1536\" height=\"807\" src=\"https:\/\/miritglas.com\/wp-content\/uploads\/2023\/08\/mirit-iso-i-glas-1536x807.jpeg\" class=\"attachment-1536x1536 size-1536x1536 wp-image-1020\" alt=\"Mirit Glas er ISO 9001:2015-certificeret. Mirit Glas kvalitetsstyring | Glasproduktion med ISO 9001 certificeret kvalitetsledelsessystem, processtyring, dokumentation, levering og kontrol sikret, symboliseret ved certificeringsdokument og produktion p\u00e5 fabrik, som viser virksomhedens fokus p\u00e5 kvalitet, konsistens og trov\u00e6rdighed.\" srcset=\"https:\/\/miritglas.com\/wp-content\/uploads\/2023\/08\/mirit-iso-i-glas-1536x807.jpeg 1536w, https:\/\/miritglas.com\/wp-content\/uploads\/2023\/08\/mirit-iso-i-glas-300x158.jpeg 300w, https:\/\/miritglas.com\/wp-content\/uploads\/2023\/08\/mirit-iso-i-glas-1024x538.jpeg 1024w, https:\/\/miritglas.com\/wp-content\/uploads\/2023\/08\/mirit-iso-i-glas-768x403.jpeg 768w, https:\/\/miritglas.com\/wp-content\/uploads\/2023\/08\/mirit-iso-i-glas-2048x1076.jpeg 2048w\" sizes=\"(max-width: 1536px) 100vw, 1536px\" title=\"\">\t\t\t\t\t\t\t\t\t\t\t\t\t\t\t<\/div>\n\t\t\t\t<\/div>\n\t\t\t\t<div class=\"elementor-element elementor-element-2fb8132b elementor-widget elementor-widget-text-editor\" data-id=\"2fb8132b\" data-element_type=\"widget\" data-e-type=\"widget\" data-widget_type=\"text-editor.default\">\n\t\t\t\t<div class=\"elementor-widget-container\">\n\t\t\t\t\t\t\t\t\t<h3>S\u00e5dan kommer forbedringerne kunder til gode<\/h3><p>Som alsidig og specialiseret leverand\u00f8r af glas-l\u00f8sninger, er ISO-certificeringen et naturligt skridt for Mirit Glas. Den skal sikre at vi ogs\u00e5 fremover forsyner vores kunder med den bedste kvalitet \u2013 b\u00e5de n\u00e5r det g\u00e6lder forarbejdning, men ogs\u00e5 n\u00e5r det g\u00e6lder leveringshastighed og leveringssikkerhed.<\/p><p>Sammen med <a target=\"_blank\" href=\"https:\/\/www.intertek.dk\/\" rel=\"noopener\">certificeringsspecialisten Intertek<\/a>, har Mirit Glas kortlagt rutiner og procedurer, for at sikre at vi kan blive ved med at holde fokus p\u00e5 kvalitet, n\u00e5r vi skal levere glas til vores kunder.<\/p><p>I praksis betyder det, at fra den f\u00f8rste dialog med kunderne til de endelige glas bliver leveret, s\u00e5 har vi overblik over processen.<\/p><p><strong>Vi h\u00e5ndterer standarder og hasteleveringer<\/strong><\/p><p>N\u00e5r en kunde skal have leveret<a href=\"https:\/\/miritglas.com\/da\/produkter\/skueglas\/\">\u00a0skueglas<\/a>, der lever op til en DIN-norm eller en ISO-standard, s\u00e5 ved alle i hele k\u00e6den, hvordan en s\u00e5dan ordre skal effektueres.<\/p><p>Derfor har vi muligheden for at lave hasteordrer, hvis uheldet er ude, og en virksomhed er tvunget til at holde en produktion stoppet indtil de f\u00e5r et s\u00e6rligt skueglas, der er centralt for produktionen.<\/p><p>Overblikket betyder ogs\u00e5, at vi i produktionen gnidningsfrit kan skifte fra at lave skueglas til at levere\u00a0<a href=\"https:\/\/miritglas.com\/da\/produkter\/sikkerhedsglas\/\">sikkerhedsglas<\/a>\u00a0til redningsb\u00e5de eller\u00a0<a href=\"https:\/\/miritglas.com\/da\/produkter\/kemisk-haerdet-glas\/\">kemisk h\u00e6rdet glas<\/a>, der skal bruges til infostandere eller andre digital signage-l\u00f8sninger hos vores kunder.<\/p><p>Vores konsulenter s\u00f8rger for, at f\u00e5 de n\u00f8dvendige specifikationer, og i produktionen betyder valideringen af vores maskinpark, sammen med de fastlagte rutiner, at vi rationelt kan producere og levere glas til alle former for erhvervsl\u00f8sninger.<\/p>\t\t\t\t\t\t\t\t<\/div>\n\t\t\t\t<\/div>\n\t\t\t\t\t<\/div>\n\t\t\t\t<\/div>\n\t\t\t\t\t<\/div>\n\t\t\t\t<\/div>\n\t\t\t\t<\/div>\n\t\t","protected":false},"excerpt":{"rendered":"<p>Mirit Glas er ISO 9001:2015-certificeret Vi lever op til nutidens standarder, s\u00e5 vi kan levere de rigtige glas, der g\u00f8r vores kunder konkurrencedygtige. Den moderne verden kr\u00e6ver at der er fokus p\u00e5 kvalitet og kvalitetsstyring. Derfor har Mirit Glas taget skridtet til at blive ISO 9001:2015-certificeret. Vores kunder vil have l\u00f8sninger, der er specielt tilpasset [&hellip;]<\/p>\n","protected":false},"author":1,"featured_media":1020,"parent":0,"menu_order":0,"comment_status":"closed","ping_status":"closed","template":"","meta":{"_acf_changed":false,"footnotes":""},"class_list":["post-990","page","type-page","status-publish","has-post-thumbnail","hentry"],"acf":[],"_links":{"self":[{"href":"https:\/\/miritglas.com\/da\/wp-json\/wp\/v2\/pages\/990","targetHints":{"allow":["GET"]}}],"collection":[{"href":"https:\/\/miritglas.com\/da\/wp-json\/wp\/v2\/pages"}],"about":[{"href":"https:\/\/miritglas.com\/da\/wp-json\/wp\/v2\/types\/page"}],"author":[{"embeddable":true,"href":"https:\/\/miritglas.com\/da\/wp-json\/wp\/v2\/users\/1"}],"replies":[{"embeddable":true,"href":"https:\/\/miritglas.com\/da\/wp-json\/wp\/v2\/comments?post=990"}],"version-history":[{"count":45,"href":"https:\/\/miritglas.com\/da\/wp-json\/wp\/v2\/pages\/990\/revisions"}],"predecessor-version":[{"id":5835,"href":"https:\/\/miritglas.com\/da\/wp-json\/wp\/v2\/pages\/990\/revisions\/5835"}],"wp:featuredmedia":[{"embeddable":true,"href":"https:\/\/miritglas.com\/da\/wp-json\/wp\/v2\/media\/1020"}],"wp:attachment":[{"href":"https:\/\/miritglas.com\/da\/wp-json\/wp\/v2\/media?parent=990"}],"curies":[{"name":"wp","href":"https:\/\/api.w.org\/{rel}","templated":true}]}}