{"id":980,"date":"2023-08-22T16:31:23","date_gmt":"2023-08-22T14:31:23","guid":{"rendered":"https:\/\/miritglas.com\/?page_id=980"},"modified":"2025-12-09T13:37:20","modified_gmt":"2025-12-09T12:37:20","slug":"hastelevering","status":"publish","type":"page","link":"https:\/\/miritglas.com\/da\/hastelevering\/","title":{"rendered":"Hastelevering"},"content":{"rendered":"\t\t<div data-elementor-type=\"wp-page\" data-elementor-id=\"980\" class=\"elementor elementor-980\" data-elementor-post-type=\"page\">\n\t\t\t\t<div class=\"elementor-element elementor-element-31d985f2 e-flex e-con-boxed e-con e-parent\" data-id=\"31d985f2\" data-element_type=\"container\" data-e-type=\"container\">\n\t\t\t\t\t<div class=\"e-con-inner\">\n\t\t<div class=\"elementor-element elementor-element-2a5e2725 e-con-full e-flex e-con e-parent\" data-id=\"2a5e2725\" data-element_type=\"container\" data-e-type=\"container\">\n\t\t\t\t<div class=\"elementor-element elementor-element-6c4edc84 elementor-widget elementor-widget-text-editor\" data-id=\"6c4edc84\" data-element_type=\"widget\" data-e-type=\"widget\" data-widget_type=\"text-editor.default\">\n\t\t\t\t<div class=\"elementor-widget-container\">\n\t\t\t\t\t\t\t\t\t<h2>Hastelevering &#8211; n\u00e5r det br\u00e6nder p\u00e5<\/h2>\n<p>Vi oplever j\u00e6vnligt at vores kunder st\u00e5r i akut n\u00f8d for et s\u00e6rlig glas \u2013 enten p\u00e5 grund af nedbrud eller af andre \u00e5rsager. Hos Mirit Glas s\u00e6tter vi en \u00e6re i at hj\u00e6lpe vores kunder, og stiller ogs\u00e5 op til en hastelevering, hvis, der opst\u00e5r et pludseligt behov hos vores kunder.<\/p>\n<p>P\u00e5 grund af vores velassorterede r\u00e5varelagre, mange \u00e5rs erfaring og vores fleksible produktionsapparat har vi mulighed for at tilbyde hasteleverancer p\u00e5 mange typer opgaver.<br>Derfor har vi i mange \u00e5r v\u00e6ret en foretrukken leverand\u00f8r, n\u00e5r der opst\u00e5r et pludseligt behov for en hastelevering.<\/p>\t\t\t\t\t\t\t\t<\/div>\n\t\t\t\t<\/div>\n\t\t\t\t<div class=\"elementor-element elementor-element-1244bd94 elementor-widget elementor-widget-button\" data-id=\"1244bd94\" data-element_type=\"widget\" data-e-type=\"widget\" data-widget_type=\"button.default\">\n\t\t\t\t<div class=\"elementor-widget-container\">\n\t\t\t\t\t\t\t\t\t<div class=\"elementor-button-wrapper\">\n\t\t\t\t\t<a class=\"elementor-button elementor-button-link elementor-size-md\" href=\"https:\/\/miritglas.com\/da\/kontakt-os\/\">\n\t\t\t\t\t\t<span class=\"elementor-button-content-wrapper\">\n\t\t\t\t\t\t\t\t\t<span class=\"elementor-button-text\">Kontakt os i dag<\/span>\n\t\t\t\t\t<\/span>\n\t\t\t\t\t<\/a>\n\t\t\t\t<\/div>\n\t\t\t\t\t\t\t\t<\/div>\n\t\t\t\t<\/div>\n\t\t\t\t<\/div>\n\t\t<div class=\"elementor-element elementor-element-25ab9234 e-con-full e-flex e-con e-parent\" data-id=\"25ab9234\" data-element_type=\"container\" data-e-type=\"container\">\n\t\t\t\t<div class=\"elementor-element elementor-element-5ca076f6 elementor-absolute elementor-widget elementor-widget-global elementor-global-634 elementor-widget-image\" data-id=\"5ca076f6\" data-element_type=\"widget\" data-e-type=\"widget\" data-settings=\"{&quot;_position&quot;:&quot;absolute&quot;}\" data-widget_type=\"image.default\">\n\t\t\t\t<div class=\"elementor-widget-container\">\n\t\t\t\t\t\t\t\t\t\t\t\t\t\t\t<img fetchpriority=\"high\" decoding=\"async\" width=\"230\" height=\"230\" src=\"https:\/\/miritglas.com\/wp-content\/uploads\/2023\/08\/logo-icon.png\" class=\"attachment-medium size-medium wp-image-166\" alt=\"Mirit glas logo. Nordens foretrukne glasleverand\u00f8r \u2013 vi fremstiller efter individuelle behov\" srcset=\"https:\/\/miritglas.com\/wp-content\/uploads\/2023\/08\/logo-icon.png 230w, https:\/\/miritglas.com\/wp-content\/uploads\/2023\/08\/logo-icon-150x150.png 150w\" sizes=\"(max-width: 230px) 100vw, 230px\" title=\"\">\t\t\t\t\t\t\t\t\t\t\t\t\t\t\t<\/div>\n\t\t\t\t<\/div>\n\t\t<div class=\"elementor-element elementor-element-4f22b3d6 e-flex e-con-boxed e-con e-parent\" data-id=\"4f22b3d6\" data-element_type=\"container\" data-e-type=\"container\" data-settings=\"{&quot;background_background&quot;:&quot;classic&quot;}\">\n\t\t\t\t\t<div class=\"e-con-inner\">\n\t\t\t\t<div class=\"elementor-element elementor-element-4d8e619 elementor-widget elementor-widget-image\" data-id=\"4d8e619\" data-element_type=\"widget\" data-e-type=\"widget\" data-widget_type=\"image.default\">\n\t\t\t\t<div class=\"elementor-widget-container\">\n\t\t\t\t\t\t\t\t\t\t\t\t\t\t\t<img decoding=\"async\" width=\"300\" height=\"254\" src=\"https:\/\/miritglas.com\/wp-content\/uploads\/2023\/08\/mirit-haste-kanin-300x254.jpeg\" class=\"attachment-medium size-medium wp-image-982\" alt=\"Hastelevering glas | Glasproducentens ekspres-service for hurtig produktion og levering af specialglas efter ordre med kort varsel, designet til akutte projektbehov, kunder med deadlines eller hasteopgaver hvor standard leveringstid ikke er tilstr\u00e6kkelig.\" srcset=\"https:\/\/miritglas.com\/wp-content\/uploads\/2023\/08\/mirit-haste-kanin-300x254.jpeg 300w, https:\/\/miritglas.com\/wp-content\/uploads\/2023\/08\/mirit-haste-kanin.jpeg 709w\" sizes=\"(max-width: 300px) 100vw, 300px\" title=\"\">\t\t\t\t\t\t\t\t\t\t\t\t\t\t\t<\/div>\n\t\t\t\t<\/div>\n\t\t\t\t<div class=\"elementor-element elementor-element-46ecd19d elementor-widget elementor-widget-text-editor\" data-id=\"46ecd19d\" data-element_type=\"widget\" data-e-type=\"widget\" data-widget_type=\"text-editor.default\">\n\t\t\t\t<div class=\"elementor-widget-container\">\n\t\t\t\t\t\t\t\t\t<p>Speedy glas kalder vi det n\u00e5r tingene skal g\u00e5 st\u00e6rkt. Kontakt os s\u00e5 s\u00f8rger vi for hasteleveringen af glas.<\/p>\t\t\t\t\t\t\t\t<\/div>\n\t\t\t\t<\/div>\n\t\t\t\t\t<\/div>\n\t\t\t\t<\/div>\n\t\t\t\t<\/div>\n\t\t\t\t\t<\/div>\n\t\t\t\t<\/div>\n\t\t\t\t<\/div>\n\t\t","protected":false},"excerpt":{"rendered":"<p>Hastelevering &#8211; n\u00e5r det br\u00e6nder p\u00e5 Vi oplever j\u00e6vnligt at vores kunder st\u00e5r i akut n\u00f8d for et s\u00e6rlig glas \u2013 enten p\u00e5 grund af nedbrud eller af andre \u00e5rsager. Hos Mirit Glas s\u00e6tter vi en \u00e6re i at hj\u00e6lpe vores kunder, og stiller ogs\u00e5 op til en hastelevering, hvis, der opst\u00e5r et pludseligt behov [&hellip;]<\/p>\n","protected":false},"author":1,"featured_media":982,"parent":0,"menu_order":0,"comment_status":"closed","ping_status":"closed","template":"","meta":{"_acf_changed":false,"footnotes":""},"class_list":["post-980","page","type-page","status-publish","has-post-thumbnail","hentry"],"acf":[],"_links":{"self":[{"href":"https:\/\/miritglas.com\/da\/wp-json\/wp\/v2\/pages\/980","targetHints":{"allow":["GET"]}}],"collection":[{"href":"https:\/\/miritglas.com\/da\/wp-json\/wp\/v2\/pages"}],"about":[{"href":"https:\/\/miritglas.com\/da\/wp-json\/wp\/v2\/types\/page"}],"author":[{"embeddable":true,"href":"https:\/\/miritglas.com\/da\/wp-json\/wp\/v2\/users\/1"}],"replies":[{"embeddable":true,"href":"https:\/\/miritglas.com\/da\/wp-json\/wp\/v2\/comments?post=980"}],"version-history":[{"count":18,"href":"https:\/\/miritglas.com\/da\/wp-json\/wp\/v2\/pages\/980\/revisions"}],"predecessor-version":[{"id":3443,"href":"https:\/\/miritglas.com\/da\/wp-json\/wp\/v2\/pages\/980\/revisions\/3443"}],"wp:featuredmedia":[{"embeddable":true,"href":"https:\/\/miritglas.com\/da\/wp-json\/wp\/v2\/media\/982"}],"wp:attachment":[{"href":"https:\/\/miritglas.com\/da\/wp-json\/wp\/v2\/media?parent=980"}],"curies":[{"name":"wp","href":"https:\/\/api.w.org\/{rel}","templated":true}]}}