{"id":914,"date":"2023-08-22T15:26:19","date_gmt":"2023-08-22T13:26:19","guid":{"rendered":"https:\/\/miritglas.com\/?page_id=914"},"modified":"2023-09-19T08:06:58","modified_gmt":"2023-09-19T06:06:58","slug":"salgs-og-leveringsvilkaar","status":"publish","type":"page","link":"https:\/\/miritglas.com\/da\/salgs-og-leveringsvilkaar\/","title":{"rendered":"Salgs- og leveringsvilk\u00e5r"},"content":{"rendered":"\t\t<div data-elementor-type=\"wp-page\" data-elementor-id=\"914\" class=\"elementor elementor-914\" data-elementor-post-type=\"page\">\n\t\t\t\t<div class=\"elementor-element elementor-element-f8fa624 e-flex e-con-boxed e-con e-parent\" data-id=\"f8fa624\" data-element_type=\"container\" data-e-type=\"container\">\n\t\t\t\t\t<div class=\"e-con-inner\">\n\t\t<div class=\"elementor-element elementor-element-dac0d1b e-con-full e-flex e-con e-parent\" data-id=\"dac0d1b\" data-element_type=\"container\" data-e-type=\"container\">\n\t\t\t\t<div class=\"elementor-element elementor-element-1301dc6 elementor-widget elementor-widget-text-editor\" data-id=\"1301dc6\" data-element_type=\"widget\" data-e-type=\"widget\" data-widget_type=\"text-editor.default\">\n\t\t\t\t<div class=\"elementor-widget-container\">\n\t\t\t\t\t\t\t\t\t<p><strong>1. Aftalens omfang<\/strong><\/p><p>N\u00e6rv\u00e6rende salgs- og leveringbetingelser g\u00e6lder, sammen med ordrebekr\u00e6ftelsen, alle aftaler indg\u00e5et mellem<\/p><p>Mirit Glas A\/S (\u201dMirit\u201d) og Kunden (i f\u00e6llesskab ben\u00e6vnt \u201dParterne\u201d), medmindre andet udtrykkeligt er skriftligt aftalt mellem Parterne.<\/p><p><strong>2. Aftalens indg\u00e5else<\/strong><\/p><p>Tilbud afgivet af Mirit er bindende i 30 dage fra tilbuddets datering, medmindre andet er udtrykkeligt anf\u00f8rt. Der er f\u00f8rst indg\u00e5et bindende aftale mellem Parterne, n\u00e5r Kunden har modtaget ordrebekr\u00e6ftelse fra Mirit.<\/p><p>\u00c6ndringer i eller till\u00e6g til aftalen skal ske skriftligt (fx i et dokument underskrevet af Parterne, eller ved brev, telefax, elektronisk mail eller p\u00e5 anden m\u00e5de aftalt mellem Parterne).<\/p><p><strong>3. Specifikationer<\/strong><\/p><p>Alle informationer om dimensioner, tekniske specifikationer og andre oplysninger anf\u00f8rt i kataloger og tryksager i\u00f8vrigt er omtrentlige og uden forbindende for Mirit, medmindre der udtrykkeligt er henvist til dem i Aftalen.<\/p><p>Eventuelle varepr\u00f8ver er at betragte som typepr\u00f8ver, hvorfor kunden ikke kan g\u00f8re indsigelser g\u00e6ldende, s\u00e5fremt den leverede vare ikke er identisk med varepr\u00f8ven.<\/p><p>Specifikationer leveret af Kunden er Kundens ansvar.<\/p><p><strong>4. Tegninger og tekniske dokumenter<\/strong><\/p><p>Alle tegninger og tekniske dokumenter vedr\u00f8rende varen eller dens fremstilling, som en part har leveret til den anden f\u00f8r eller efter indg\u00e5elsen af aftalen, forbliver leverand\u00f8rens ejendom.<\/p><p>Tegninger, tekniske dokumenter eller anden teknisk information modtaget af en af Parterne m\u00e5 ikke uden den andens samtykke bruges til andet end det form\u00e5l, informationen er leveret til. Uden godkendelse af den leverende part m\u00e5 informationen ikke benyttes, kopieres, reproduceres, videregives eller kommunikeres til tredjemand.<\/p><p><strong>5. Priser mv.<\/strong><\/p><p>Alle priser, herunder de af Mirit udarbejdede prislister, er dagspriser ekskl. emballage, told og andre afgifter, herunder milj\u00f8till\u00e6g og energitill\u00e6g. Mirit forbeholder sig retten til, til enhver tid, at \u00e6ndre prislister og andet trykt materiale.<\/p><p>Alle tilbud er med forbehold for senere lov\u00e6ndringer. Skatter, toldafgifter og lignende vil blive opkr\u00e6vet i overensstemmelse med de takster, der g\u00e6lder p\u00e5 anvendelsestidspunktet.<\/p><p><strong>6. Emballage<\/strong><\/p><p>Medmindre andet er udtrykkeligt aftalt, vil Mirit fakturere Kunden for emballageomkostninger.<\/p><p><strong>7. Levering, risikoovergang og transportforsikring<\/strong><\/p><p>Alle leveringsbetingelser skal fortolkes i overensstemmelse med INCOTERMS som g\u00e6ldende p\u00e5 tidspunktet for indg\u00e5elsen af aftalen.<\/p><p>Medmindre andet udtrykkeligt er aftalt, sker levering ab fabrik (EXW), hvilket indeb\u00e6rer, at leveringen sker, og risikoen overg\u00e5r til Kunden, n\u00e5r varen er stillet til Kundens r\u00e5dighed p\u00e5 Mirits lager.<\/p><p>Hvis det er aftalt, at Mirit s\u00f8rger for forsendelsen til en destination anvist af Kunden, afholdes omkostningerne ved forsendelsen af Kunden, og Kunden b\u00e6rer risikoen for varen under transporten. Transportforsikring tegnes for Kundens regning af Mirit.<\/p><p><strong>8. Betaling og ejendomsforhold<\/strong><\/p><p>Betalingsbetingelserne fremg\u00e5r af ordrebekr\u00e6ftelsen, og betalingsinstruktion fremg\u00e5r af fakturaen. Ved betaling efter forfaldstid beregnes morarenter og rykkergebyrer i henhold til Rentelovens bestemmelser herom.<\/p><p>Det leverede forbliver Mirits ejendom, indtil den fulde k\u00f8besum er betalt, og k\u00f8besummen uigenkaldeligt er krediteret Mirits konto. P\u00e5 Mirits beg\u00e6ring skal Kunden bist\u00e5 med at tr\u00e6ffe alle foranstaltninger, der er n\u00f8dvendige for at beskytte Mirits ejendomsret i det p\u00e5g\u00e6ldende land.<\/p><p><strong>9. Leveringstid og forsinkelse<\/strong><\/p><p>Leveringstider oplyst i tilbud og ordrebekr\u00e6ftelser er kun omtrentlige, medmindre andet er udtrykkeligt skriftligt aftalt.<\/p><p>Leveringsfrister g\u00e6lder tidligst fra det tidspunkt, hvor samtlige oplysninger, der er n\u00f8dvendige for ordrens p\u00e5begyndelse, er stillet til r\u00e5dighed for Mirit. Ved beregning af evt. forsinkelse ses bort fra s\u00f8n- og helligdage samt ferielukning hos Mirit.<\/p><p>Mirit fraskriver sig ethvert ansvar for forsinkelse, der skyldes forhold, som Mirit ikke har indflydelse p\u00e5, herunder force majeure, leveringssvigt af enhver art fra underleverand\u00f8rer (uanset \u00e5rsag), import-\/eksport restriktioner, strejke, lockout, krig, brand samt for \u00e5rstiden us\u00e6dvanlige naturbegivenheder.<\/p><p>Sker der forsinkelse som f\u00f8lge af et s\u00e5dant forhold, udskydes leveringstidspunktet med en periode, der er rimelig i forhold til alle omst\u00e6ndighederne i sagen. Dette g\u00e6lder, uanset om begivenhederne indtr\u00e6ffer f\u00f8r eller efter det aftalte leveringstidspunkt, og udskydelsen giver s\u00e5ledes ikke kunden ret til at g\u00f8re misligholdelsesbef\u00f8jelser g\u00e6ldende.<\/p><p>Ved forsinkelse, som Mirit er ansvarlig for, kan kunden kr\u00e6ve erstatning efter dansk rets almindelige erstatningsregler, idet kunden dog aldrig kan kr\u00e6ve erstatning for tidstab, driftstab, oms\u00e6tningstab, tab af avance eller andre direkte eller indirekte tab. Et eventuelt erstatningskrav kan aldrig overstige den aftalte pris for varen.<\/p><p><strong>10. Mangler, unders\u00f8gelsespligt og reklamation<\/strong><\/p><p>I overensstemmelse med disse Salgs- og leveringsbetingelser og dansk ret skal Mirit udbedre de konstaterede mangler, som Mirit er ansvarlig for.<\/p><p>Kunden skal ved varens modtagelse foretage en omhyggelig unders\u00f8gelse af denne og kan ikke efterf\u00f8lgende p\u00e5ber\u00e5be sig fejl og mangler ved varen, som kunne have v\u00e6ret opdaget ved en s\u00e5dan unders\u00f8gelse. Hvis Kunden konstaterer en mangel, skal der straks reklameres skriftligt til Mirit med beh\u00f8rig dokumentation.<\/p><p>Kvittering for varens modtagelse uden forbehold betragtes som Kundens bekr\u00e6ftelse p\u00e5, at varen er mangelfri og i overensstemmelse med Parternes aftale.<\/p><p>Konstaterer Kunden efter varens modtagelse fejl og mangler, som ikke kunne eller burde have v\u00e6ret opdaget ved modtagelsen, er Kunden forpligtet til at reklamere straks efter det tidspunkt, hvor Kunden burde have opdaget den p\u00e5ber\u00e5bte mangel. Reklamationen skal indeholde en dokumenteret beskrivelse af manglen.<\/p><p>Reklamation skal dog ske senest 6 m\u00e5neder efter at levering har fundet sted. Ved overskridelse af denne frist fortaber Kunden enhver ret til at g\u00f8re mangelsindsigelser g\u00e6ldende.<\/p><p>N\u00e5r en mangel er udbedret, er Mirit ansvarlig for de reparerede eller udskiftede dele p\u00e5 samme betingelser, som er g\u00e6ldende for den originale vare.<\/p><p>Reklamationer berettiger ikke Kunden til at tilbageholde betalingen for den leverede vare.<\/p><p>Ved berettigede reklamationer har Mirit ret til at foretage omlevering eller udbedring. Ved korrekt udbedring kan Kunden ikke g\u00f8re yderligere misligholdelsesbef\u00f8jelser g\u00e6ldende over for Mirit.<\/p><p>Ved mangler, som ikke udbedres, og som Mirit er ansvarlig for, kan Kunden kr\u00e6ve erstatning efter dansk rets almindelige erstatningsregler. Kunden dog aldrig kan kr\u00e6ve erstatning for tidstab, driftstab, oms\u00e6tningstab, tab af avance eller andre direkte eller indirekte tab. Et eventuelt erstatningskrav kan aldrig overstige den aftalte pris for varen.<\/p><p>Hvis der efter levering fremkommer nye lovbestemmelser, som kr\u00e6ver \u00e6ndringer af det leverede, er dette Mirit uvedkommende i enhver henseende, ogs\u00e5 selvom dette m\u00e5tte ske i reklamationsperioden. Sker der lov\u00e6ndringer inden levering, forbeholder Mirit sig ret til at \u00e6ndre i prisen og leveringstidspunktet.<\/p><p><strong>11. Produktansvar og fordelingen heraf mellem Parterne<\/strong><\/p><p>For produktansvar g\u00e6lder de til enhver tid g\u00e6ldende regler i Produktansvarsloven.<\/p><p>Medmindre andet f\u00f8lger af ufravigelig lovgivning, kan Mirit kan ikke g\u00f8res ansvarlig for skade p\u00e5 fast ejendom eller l\u00f8s\u00f8re, som indtr\u00e6der efter levering, og mens varen er i Kundens besiddelse, ligesom Mirit ikke kan g\u00f8res ansvarlig for skade p\u00e5 varer, som er fremstillet af Kunden, og hvori den af Mirit leverede vare indg\u00e5r.<\/p><p>Mirit kan aldrig g\u00f8res ansvarlig for tidstab, driftstab, oms\u00e6tningstab, avancetab eller andre direkte eller indirekte tab, medmindre det f\u00f8lger af ufravigelig lovgivning.<\/p><p>Mirits ansvar for tingsskade kan aldrig overstige DKK 1.000.000,00 pr. skade.<\/p><p>Kunden er forpligtet til at fraskrive sig produktansvar i det omfang, det er juridisk muligt, og dermed afspejle de begr\u00e6nsninger, der er g\u00e6ldende i denne Aftale. Kunden er endvidere forpligtet til at tegne produktansvarsforsikring omfattende ethvert produktansvar, som m\u00e5tte blive gjort g\u00e6ldende over for kunden.<\/p><p>I tilf\u00e6lde af, at Mirit bliver p\u00e5lagt ansvar, som r\u00e6kker ud over det ovenn\u00e6vnte ansvar i henhold til denne Aftale, er Kunden forpligtet til at holde Mirit skadesl\u00f8s herfor.<\/p><p>S\u00e5fremt der rejses produktansvarskrav over for en af Parterne, skal denne straks underrette den anden Part skriftligt. Parterne er gensidigt forpligtet til at give m\u00f8de for den ret eller voldgiftsinstitution, hvor sagen om det p\u00e5st\u00e5ede ansvar behandles. Fordelingen af ansvaret mellem Parterne skal altid foretages i overensstemmelse med denne Aftale.<\/p><p><strong>12. Tvister<\/strong><\/p><p>Enhver tvist, som m\u00e5tte opst\u00e5 i forbindelse med denne Aftale, herunder tvister vedr\u00f8rende Aftalens eksistens eller gyldighed \u2013 og som ikke kan l\u00f8ses ved forhandling \u2013 skal s\u00f8ges bilagt ved mediation ved Voldgiftsinstituttet efter de af Voldgiftsinstituttet vedtagne regler herom, som er g\u00e6ldende ved indgivelsen af anmodningen om mediation.<\/p><p>Hvis mediationen afsluttes, uden at tvisten er l\u00f8st, skal tvisten afg\u00f8res ved voldgift ved Voldgiftsinstituttet efter de af Voldgiftsinstituttet vedtagne regler herom, som er g\u00e6ldende ved indledningen af voldgiftssagen.<\/p><p>Voldgiftsretten neds\u00e6ttes med tre voldgiftsm\u00e6nd. Voldgiften afholdes i K\u00f8benhavn. Retssproget er dansk, medmindre andet skriftligt aftales mellem Parterne.<\/p><p><strong>12. Lovvalg<\/strong><\/p><p>Aftalen er undergivet dansk ret.<\/p><p><em>Rev. 4 &#8211; 14.02.2020<\/em><\/p>\t\t\t\t\t\t\t\t<\/div>\n\t\t\t\t<\/div>\n\t\t\t\t<\/div>\n\t\t\t\t\t<\/div>\n\t\t\t\t<\/div>\n\t\t\t\t<\/div>\n\t\t","protected":false},"excerpt":{"rendered":"<p>1. Aftalens omfang N\u00e6rv\u00e6rende salgs- og leveringbetingelser g\u00e6lder, sammen med ordrebekr\u00e6ftelsen, alle aftaler indg\u00e5et mellem Mirit Glas A\/S (\u201dMirit\u201d) og Kunden (i f\u00e6llesskab ben\u00e6vnt \u201dParterne\u201d), medmindre andet udtrykkeligt er skriftligt aftalt mellem Parterne. 2. Aftalens indg\u00e5else Tilbud afgivet af Mirit er bindende i 30 dage fra tilbuddets datering, medmindre andet er udtrykkeligt anf\u00f8rt. Der er [&hellip;]<\/p>\n","protected":false},"author":1,"featured_media":0,"parent":0,"menu_order":0,"comment_status":"closed","ping_status":"closed","template":"","meta":{"_acf_changed":false,"footnotes":""},"class_list":["post-914","page","type-page","status-publish","hentry"],"acf":[],"_links":{"self":[{"href":"https:\/\/miritglas.com\/da\/wp-json\/wp\/v2\/pages\/914","targetHints":{"allow":["GET"]}}],"collection":[{"href":"https:\/\/miritglas.com\/da\/wp-json\/wp\/v2\/pages"}],"about":[{"href":"https:\/\/miritglas.com\/da\/wp-json\/wp\/v2\/types\/page"}],"author":[{"embeddable":true,"href":"https:\/\/miritglas.com\/da\/wp-json\/wp\/v2\/users\/1"}],"replies":[{"embeddable":true,"href":"https:\/\/miritglas.com\/da\/wp-json\/wp\/v2\/comments?post=914"}],"version-history":[{"count":14,"href":"https:\/\/miritglas.com\/da\/wp-json\/wp\/v2\/pages\/914\/revisions"}],"predecessor-version":[{"id":3140,"href":"https:\/\/miritglas.com\/da\/wp-json\/wp\/v2\/pages\/914\/revisions\/3140"}],"wp:attachment":[{"href":"https:\/\/miritglas.com\/da\/wp-json\/wp\/v2\/media?parent=914"}],"curies":[{"name":"wp","href":"https:\/\/api.w.org\/{rel}","templated":true}]}}