{"id":889,"date":"2023-08-22T14:56:45","date_gmt":"2023-08-22T12:56:45","guid":{"rendered":"https:\/\/miritglas.com\/?page_id=889"},"modified":"2023-09-19T08:06:57","modified_gmt":"2023-09-19T06:06:57","slug":"om-mirit","status":"publish","type":"page","link":"https:\/\/miritglas.com\/da\/om-mirit\/","title":{"rendered":"Om Mirit"},"content":{"rendered":"\t\t<div data-elementor-type=\"wp-page\" data-elementor-id=\"889\" class=\"elementor elementor-889\" data-elementor-post-type=\"page\">\n\t\t\t\t<div class=\"elementor-element elementor-element-107b2d3 e-flex e-con-boxed e-con e-parent\" data-id=\"107b2d3\" data-element_type=\"container\" data-e-type=\"container\">\n\t\t\t\t\t<div class=\"e-con-inner\">\n\t\t<div class=\"elementor-element elementor-element-5c0d2dc8 e-con-full e-flex e-con e-parent\" data-id=\"5c0d2dc8\" data-element_type=\"container\" data-e-type=\"container\">\n\t\t\t\t<div class=\"elementor-element elementor-element-7b22229e elementor-widget elementor-widget-text-editor\" data-id=\"7b22229e\" data-element_type=\"widget\" data-e-type=\"widget\" data-widget_type=\"text-editor.default\">\n\t\t\t\t<div class=\"elementor-widget-container\">\n\t\t\t\t\t\t\t\t\t<h2>Vi vil v\u00e6re det professionelle markeds foretrukne leverand\u00f8r af individuelle glasl\u00f8sninger<\/h2>\n<p>Mirit Glas er mere end en traditionel produktionsvirksomhed: Vi er en ordreproducerende service- og handelsvirksomhed, der b\u00e5de leverer store serier og meget sm\u00e5 enkelte stykker.<\/p>\n<p>Vi leverer en bred vifte af glasprodukter, som alle bliver fremstillet efter ordre. Samtidig har vi ogs\u00e5 et af Danmarks mest velassorterede r\u00e5varelagre.<\/p>\n<p>Vil du vide mere om, hvad Mirit Glas kan g\u00f8re for dig? S\u00e5 kontakt os her.<\/p>\t\t\t\t\t\t\t\t<\/div>\n\t\t\t\t<\/div>\n\t\t\t\t<div class=\"elementor-element elementor-element-33b68f42 elementor-widget elementor-widget-button\" data-id=\"33b68f42\" data-element_type=\"widget\" data-e-type=\"widget\" data-widget_type=\"button.default\">\n\t\t\t\t<div class=\"elementor-widget-container\">\n\t\t\t\t\t\t\t\t\t<div class=\"elementor-button-wrapper\">\n\t\t\t\t\t<a class=\"elementor-button elementor-button-link elementor-size-md\" href=\"https:\/\/miritglas.com\/da\/kontakt-os\/\">\n\t\t\t\t\t\t<span class=\"elementor-button-content-wrapper\">\n\t\t\t\t\t\t\t\t\t<span class=\"elementor-button-text\">Kontakt os i dag<\/span>\n\t\t\t\t\t<\/span>\n\t\t\t\t\t<\/a>\n\t\t\t\t<\/div>\n\t\t\t\t\t\t\t\t<\/div>\n\t\t\t\t<\/div>\n\t\t\t\t<\/div>\n\t\t<div class=\"elementor-element elementor-element-50c2d220 e-con-full e-flex e-con e-parent\" data-id=\"50c2d220\" data-element_type=\"container\" data-e-type=\"container\">\n\t\t\t\t<div class=\"elementor-element elementor-element-5dca73bd elementor-absolute elementor-widget elementor-widget-global elementor-global-634 elementor-widget-image\" data-id=\"5dca73bd\" data-element_type=\"widget\" data-e-type=\"widget\" data-settings=\"{&quot;_position&quot;:&quot;absolute&quot;}\" data-widget_type=\"image.default\">\n\t\t\t\t<div class=\"elementor-widget-container\">\n\t\t\t\t\t\t\t\t\t\t\t\t\t\t\t<img fetchpriority=\"high\" decoding=\"async\" width=\"230\" height=\"230\" src=\"https:\/\/miritglas.com\/wp-content\/uploads\/2023\/08\/logo-icon.png\" class=\"attachment-medium size-medium wp-image-166\" alt=\"Mirit glas logo. Nordens foretrukne glasleverand\u00f8r \u2013 vi fremstiller efter individuelle behov\" srcset=\"https:\/\/miritglas.com\/wp-content\/uploads\/2023\/08\/logo-icon.png 230w, https:\/\/miritglas.com\/wp-content\/uploads\/2023\/08\/logo-icon-150x150.png 150w\" sizes=\"(max-width: 230px) 100vw, 230px\" title=\"\">\t\t\t\t\t\t\t\t\t\t\t\t\t\t\t<\/div>\n\t\t\t\t<\/div>\n\t\t\t\t<div class=\"elementor-element elementor-element-b45dc29 elementor-widget elementor-widget-video\" data-id=\"b45dc29\" data-element_type=\"widget\" data-e-type=\"widget\" data-settings=\"{&quot;youtube_url&quot;:&quot;https:\\\/\\\/www.youtube.com\\\/watch?v=nERL-dPnT0U&quot;,&quot;yt_privacy&quot;:&quot;yes&quot;,&quot;lazy_load&quot;:&quot;yes&quot;,&quot;show_image_overlay&quot;:&quot;yes&quot;,&quot;image_overlay&quot;:{&quot;url&quot;:&quot;https:\\\/\\\/miritglas.com\\\/wp-content\\\/uploads\\\/2023\\\/08\\\/VIDEO-Mirit-Glas-\\u2013-Skandinaviens-foretrukne-glasleverandoer.jpg&quot;,&quot;id&quot;:891,&quot;size&quot;:&quot;&quot;,&quot;alt&quot;:&quot;&quot;,&quot;source&quot;:&quot;library&quot;},&quot;video_type&quot;:&quot;youtube&quot;,&quot;controls&quot;:&quot;yes&quot;}\" data-widget_type=\"video.default\">\n\t\t\t\t<div class=\"elementor-widget-container\">\n\t\t\t\t\t\t\t<div class=\"elementor-wrapper elementor-open-inline\">\n\t\t\t<div class=\"elementor-video\"><\/div>\t\t\t\t<div class=\"elementor-custom-embed-image-overlay\" style=\"background-image: url(https:\/\/miritglas.com\/wp-content\/uploads\/2023\/08\/VIDEO-Mirit-Glas-\u2013-Skandinaviens-foretrukne-glasleverandoer.jpg);\">\n\t\t\t\t\t\t\t\t\t\t\t\t\t\t\t\t<div class=\"elementor-custom-embed-play\" role=\"button\" aria-label=\"Afspil video\" tabindex=\"0\">\n\t\t\t\t\t\t\t<svg aria-hidden=\"true\" class=\"e-font-icon-svg e-eicon-play\" viewBox=\"0 0 1000 1000\" xmlns=\"http:\/\/www.w3.org\/2000\/svg\"><path d=\"M838 162C746 71 633 25 500 25 371 25 258 71 163 162 71 254 25 367 25 500 25 633 71 746 163 837 254 929 367 979 500 979 633 979 746 933 838 837 929 746 975 633 975 500 975 367 929 254 838 162M808 192C892 279 933 379 933 500 933 621 892 725 808 808 725 892 621 938 500 938 379 938 279 896 196 808 113 725 67 621 67 500 67 379 108 279 196 192 279 108 383 62 500 62 621 62 721 108 808 192M438 392V642L642 517 438 392Z\"><\/path><\/svg>\t\t\t\t\t\t<\/div>\n\t\t\t\t\t\t\t\t\t<\/div>\n\t\t\t\t\t<\/div>\n\t\t\t\t\t\t<\/div>\n\t\t\t\t<\/div>\n\t\t\t\t<\/div>\n\t\t\t\t\t<\/div>\n\t\t\t\t<\/div>\n\t\t<div class=\"elementor-element elementor-element-28e195ed e-flex e-con-boxed e-con e-parent\" data-id=\"28e195ed\" data-element_type=\"container\" data-e-type=\"container\" data-settings=\"{&quot;background_background&quot;:&quot;classic&quot;}\">\n\t\t\t\t\t<div class=\"e-con-inner\">\n\t\t<div class=\"elementor-element elementor-element-a04c800 e-flex e-con-boxed e-con e-parent\" data-id=\"a04c800\" data-element_type=\"container\" data-e-type=\"container\">\n\t\t\t\t\t<div class=\"e-con-inner\">\n\t\t\t\t<div class=\"elementor-element elementor-element-1f29247 elementor-widget elementor-widget-text-editor\" data-id=\"1f29247\" data-element_type=\"widget\" data-e-type=\"widget\" data-widget_type=\"text-editor.default\">\n\t\t\t\t<div class=\"elementor-widget-container\">\n\t\t\t\t\t\t\t\t\t<p><strong>L\u00f8sningsorienteret<\/strong><br \/>Vi ser l\u00f8sningerne til vores kunder, fordi vi s\u00e6tter os ind i deres specifikke behov. Med solid viden om materialet glas, engagement og kendskab til markedet, er vi en innovativ og kreativ sparringspartner, der sammen med vores kunder finder de optimale l\u00f8sninger. Skulle det ske, at vi ikke selv kan fremstille en specifik opgave, kender vi nogen, der kan. Derfor g\u00e5r vores kunder aldrig forg\u00e6ves.<\/p><p><strong>Fleksibilitet<\/strong><br \/>Som ordreproducerende leverand\u00f8r til hele det skandinaviske marked ved vi, at fleksibilitet er vigtig. Det g\u00e6lder b\u00e5de selve ordrens udformning og leveringstiden; vi er ikke bundet af faste standarder, \u00a0men finder sammen med vores kunder det, der passer bedst.<\/p><p>Vores CNC-styrede maskinpark har kapacitet til at producere store serier og samtidig st\u00f8rrelser og antal, der er for sm\u00e5 til traditionelle virksomheder inden for glasbearbejdning.<br \/>Desuden bliver en del af vores produktionsapparat friholdt til hasteleveringer.<\/p><p><strong>Leveringssikkerhed<\/strong><br \/>Vi holder, hvad vi lover. Vi leverer den aftalte l\u00f8sning, til den aftalte pris og p\u00e5 det aftalte tidspunkt. Vores mange \u00e5rs erfaring med hastleveringer, g\u00f8r virksomheden gennemsyret af viljen til at leverer til aftalt tid.<\/p><p><strong>Gennem tre generationer<\/strong><br \/>Mirit Glas er en 100 % privatejet virksomhed og blev som\u00a0<a href=\"https:\/\/miritglas.com\/da\/det-gamle-arkiv\/\">Danmarks f\u00f8rste glash\u00e6rderi etableret i 1953<\/a>. I dag har vi hovedkontor i K\u00f8benhavn og produktion i S\u00f8nderjylland.<\/p><p>I vores produktion benytter vi fuldautomatiske CNC-styrede maskiner. Dog altid med respekt for h\u00e5ndv\u00e6rket. Vi kender glassets fysiologi og anvendelsesmuligheder. Det er den h\u00e5ndv\u00e6rksm\u00e6ssige tradition, de kompetencer og de erfaringer, der gennem tre generationer har givet Mirit Glas sit renomm\u00e9 som den foretrukne underleverand\u00f8r af individuelle glasl\u00f8sninger til det professionelle marked.<\/p>\t\t\t\t\t\t\t\t<\/div>\n\t\t\t\t<\/div>\n\t\t\t\t\t<\/div>\n\t\t\t\t<\/div>\n\t\t\t\t\t<\/div>\n\t\t\t\t<\/div>\n\t\t<div class=\"elementor-element elementor-element-2e2752a e-flex e-con-boxed e-con e-parent\" data-id=\"2e2752a\" data-element_type=\"container\" data-e-type=\"container\">\n\t\t\t\t\t<div class=\"e-con-inner\">\n\t\t<div class=\"elementor-element elementor-element-10b7059 e-con-full e-flex e-con e-parent\" data-id=\"10b7059\" data-element_type=\"container\" data-e-type=\"container\">\n\t\t\t\t<div class=\"elementor-element elementor-element-7793609 elementor-widget elementor-widget-text-editor\" data-id=\"7793609\" data-element_type=\"widget\" data-e-type=\"widget\" data-widget_type=\"text-editor.default\">\n\t\t\t\t<div class=\"elementor-widget-container\">\n\t\t\t\t\t\t\t\t\t<h3>Mirit Glas er ISO-certificeret<\/h3><p>Vi arbejder hele tiden p\u00e5 at forbedre vores processer, v\u00e6rdier og procedurer. I forl\u00e6ngelse heraf, er\u00a0<a href=\"https:\/\/miritglas.com\/da\/iso-9001-certificering\/\">Mirit Glas blevet ISO 9001-certificeret<\/a>.<\/p><p>ISO 9001 er en er en international standard for kvalitetsledelse. Den anvendes til at implementere, vedligeholde og udvikle et kvalitetsledelsessystem til at styre virksomheden og sikre at kvaliteten er i overensstemmelse med de specificerede krav.<\/p><p>ISO 9001-certificeringem skal blandt andet v\u00e6re med til at sikre en effektiv styring samt struktureret kundedialog, s\u00e5 vi kan yde den bedste service overfor vores kunder.<\/p><p>Vil du vide mere om, hvad Mirit Glas kan g\u00f8re for dig? S\u00e5 kontakt os her.<\/p>\t\t\t\t\t\t\t\t<\/div>\n\t\t\t\t<\/div>\n\t\t\t\t<div class=\"elementor-element elementor-element-959d3fe elementor-widget elementor-widget-button\" data-id=\"959d3fe\" data-element_type=\"widget\" data-e-type=\"widget\" data-widget_type=\"button.default\">\n\t\t\t\t<div class=\"elementor-widget-container\">\n\t\t\t\t\t\t\t\t\t<div class=\"elementor-button-wrapper\">\n\t\t\t\t\t<a class=\"elementor-button elementor-button-link elementor-size-md\" href=\"https:\/\/miritglas.com\/da\/kontakt-os\/\">\n\t\t\t\t\t\t<span class=\"elementor-button-content-wrapper\">\n\t\t\t\t\t\t\t\t\t<span class=\"elementor-button-text\">Kontakt os i dag<\/span>\n\t\t\t\t\t<\/span>\n\t\t\t\t\t<\/a>\n\t\t\t\t<\/div>\n\t\t\t\t\t\t\t\t<\/div>\n\t\t\t\t<\/div>\n\t\t\t\t<\/div>\n\t\t<div class=\"elementor-element elementor-element-52111d6 e-con-full e-flex e-con e-parent\" data-id=\"52111d6\" data-element_type=\"container\" data-e-type=\"container\">\n\t\t\t\t<div class=\"elementor-element elementor-element-bef9070 elementor-widget elementor-widget-video\" data-id=\"bef9070\" data-element_type=\"widget\" data-e-type=\"widget\" data-settings=\"{&quot;youtube_url&quot;:&quot;https:\\\/\\\/www.youtube.com\\\/watch?v=nERL-dPnT0U&quot;,&quot;yt_privacy&quot;:&quot;yes&quot;,&quot;lazy_load&quot;:&quot;yes&quot;,&quot;show_image_overlay&quot;:&quot;yes&quot;,&quot;image_overlay&quot;:{&quot;url&quot;:&quot;https:\\\/\\\/miritglas.com\\\/wp-content\\\/uploads\\\/2023\\\/08\\\/VIDEO-Mirit-Glas-\\u2013-Skandinaviens-foretrukne-glasleverandoer.jpg&quot;,&quot;id&quot;:891,&quot;size&quot;:&quot;&quot;,&quot;alt&quot;:&quot;&quot;,&quot;source&quot;:&quot;library&quot;},&quot;video_type&quot;:&quot;youtube&quot;,&quot;controls&quot;:&quot;yes&quot;}\" data-widget_type=\"video.default\">\n\t\t\t\t<div class=\"elementor-widget-container\">\n\t\t\t\t\t\t\t<div class=\"elementor-wrapper elementor-open-inline\">\n\t\t\t<div class=\"elementor-video\"><\/div>\t\t\t\t<div class=\"elementor-custom-embed-image-overlay\" style=\"background-image: url(https:\/\/miritglas.com\/wp-content\/uploads\/2023\/08\/VIDEO-Mirit-Glas-\u2013-Skandinaviens-foretrukne-glasleverandoer.jpg);\">\n\t\t\t\t\t\t\t\t\t\t\t\t\t\t\t\t<div class=\"elementor-custom-embed-play\" role=\"button\" aria-label=\"Afspil video\" tabindex=\"0\">\n\t\t\t\t\t\t\t<svg aria-hidden=\"true\" class=\"e-font-icon-svg e-eicon-play\" viewBox=\"0 0 1000 1000\" xmlns=\"http:\/\/www.w3.org\/2000\/svg\"><path d=\"M838 162C746 71 633 25 500 25 371 25 258 71 163 162 71 254 25 367 25 500 25 633 71 746 163 837 254 929 367 979 500 979 633 979 746 933 838 837 929 746 975 633 975 500 975 367 929 254 838 162M808 192C892 279 933 379 933 500 933 621 892 725 808 808 725 892 621 938 500 938 379 938 279 896 196 808 113 725 67 621 67 500 67 379 108 279 196 192 279 108 383 62 500 62 621 62 721 108 808 192M438 392V642L642 517 438 392Z\"><\/path><\/svg>\t\t\t\t\t\t<\/div>\n\t\t\t\t\t\t\t\t\t<\/div>\n\t\t\t\t\t<\/div>\n\t\t\t\t\t\t<\/div>\n\t\t\t\t<\/div>\n\t\t\t\t<\/div>\n\t\t\t\t\t<\/div>\n\t\t\t\t<\/div>\n\t\t\t\t<\/div>\n\t\t","protected":false},"excerpt":{"rendered":"<p>Vi vil v\u00e6re det professionelle markeds foretrukne leverand\u00f8r af individuelle glasl\u00f8sninger Mirit Glas er mere end en traditionel produktionsvirksomhed: Vi er en ordreproducerende service- og handelsvirksomhed, der b\u00e5de leverer store serier og meget sm\u00e5 enkelte stykker. Vi leverer en bred vifte af glasprodukter, som alle bliver fremstillet efter ordre. Samtidig har vi ogs\u00e5 et af [&hellip;]<\/p>\n","protected":false},"author":1,"featured_media":0,"parent":0,"menu_order":0,"comment_status":"closed","ping_status":"closed","template":"","meta":{"_acf_changed":false,"footnotes":""},"class_list":["post-889","page","type-page","status-publish","hentry"],"acf":[],"_links":{"self":[{"href":"https:\/\/miritglas.com\/da\/wp-json\/wp\/v2\/pages\/889","targetHints":{"allow":["GET"]}}],"collection":[{"href":"https:\/\/miritglas.com\/da\/wp-json\/wp\/v2\/pages"}],"about":[{"href":"https:\/\/miritglas.com\/da\/wp-json\/wp\/v2\/types\/page"}],"author":[{"embeddable":true,"href":"https:\/\/miritglas.com\/da\/wp-json\/wp\/v2\/users\/1"}],"replies":[{"embeddable":true,"href":"https:\/\/miritglas.com\/da\/wp-json\/wp\/v2\/comments?post=889"}],"version-history":[{"count":29,"href":"https:\/\/miritglas.com\/da\/wp-json\/wp\/v2\/pages\/889\/revisions"}],"predecessor-version":[{"id":3317,"href":"https:\/\/miritglas.com\/da\/wp-json\/wp\/v2\/pages\/889\/revisions\/3317"}],"wp:attachment":[{"href":"https:\/\/miritglas.com\/da\/wp-json\/wp\/v2\/media?parent=889"}],"curies":[{"name":"wp","href":"https:\/\/api.w.org\/{rel}","templated":true}]}}