{"id":847,"date":"2024-08-11T15:38:38","date_gmt":"2024-08-11T13:38:38","guid":{"rendered":"https:\/\/miritglas.com\/?page_id=847"},"modified":"2025-12-09T13:13:14","modified_gmt":"2025-12-09T12:13:14","slug":"produktion","status":"publish","type":"page","link":"https:\/\/miritglas.com\/da\/produktion\/","title":{"rendered":"Produktion"},"content":{"rendered":"\t\t<div data-elementor-type=\"wp-page\" data-elementor-id=\"847\" class=\"elementor elementor-847\" data-elementor-post-type=\"page\">\n\t\t\t\t<div class=\"elementor-element elementor-element-64ed7c2d e-flex e-con-boxed e-con e-parent\" data-id=\"64ed7c2d\" data-element_type=\"container\" data-e-type=\"container\">\n\t\t\t\t\t<div class=\"e-con-inner\">\n\t\t<div class=\"elementor-element elementor-element-53da2df1 e-con-full e-flex e-con e-child\" data-id=\"53da2df1\" data-element_type=\"container\" data-e-type=\"container\">\n\t\t\t\t<div class=\"elementor-element elementor-element-c733da8 elementor-widget elementor-widget-text-editor\" data-id=\"c733da8\" data-element_type=\"widget\" data-e-type=\"widget\" data-widget_type=\"text-editor.default\">\n\t\t\t\t<div class=\"elementor-widget-container\">\n\t\t\t\t\t\t\t\t\t<h2>Glasproduktion og bearbejdning af glas<\/h2>\n<p><strong>Mirit Glas er specialister inden for glasproduktion og bearbejdning af glas<\/strong><br>\nHos Mirit Glas er vi specialister inden for produktion af glas (Glasproduktion) og bearbejdningen af det. Vi leverer b\u00e5de enkeltstykker med s\u00e6rlige specifikationer og hele serier p\u00e5 flere tusinde enheder. Vores fabrik r\u00e5der over mandskab og CNC-maskiner, der er enest\u00e5ende i Danmark.<\/p>\n\t\t\t\t\t\t\t\t<\/div>\n\t\t\t\t<\/div>\n\t\t\t\t<div class=\"elementor-element elementor-element-380dc46a elementor-widget elementor-widget-button\" data-id=\"380dc46a\" data-element_type=\"widget\" data-e-type=\"widget\" data-widget_type=\"button.default\">\n\t\t\t\t<div class=\"elementor-widget-container\">\n\t\t\t\t\t\t\t\t\t<div class=\"elementor-button-wrapper\">\n\t\t\t\t\t<a class=\"elementor-button elementor-button-link elementor-size-md\" href=\"https:\/\/miritglas.com\/da\/kontakt-os\/\">\n\t\t\t\t\t\t<span class=\"elementor-button-content-wrapper\">\n\t\t\t\t\t\t\t\t\t<span class=\"elementor-button-text\">Kontakt os i dag<\/span>\n\t\t\t\t\t<\/span>\n\t\t\t\t\t<\/a>\n\t\t\t\t<\/div>\n\t\t\t\t\t\t\t\t<\/div>\n\t\t\t\t<\/div>\n\t\t\t\t<\/div>\n\t\t<div class=\"elementor-element elementor-element-464b207d e-con-full e-flex e-con e-child\" data-id=\"464b207d\" data-element_type=\"container\" data-e-type=\"container\">\n\t\t\t\t<div class=\"elementor-element elementor-element-20299609 elementor-absolute elementor-widget elementor-widget-global elementor-global-634 elementor-widget-image\" data-id=\"20299609\" data-element_type=\"widget\" data-e-type=\"widget\" data-settings=\"{&quot;_position&quot;:&quot;absolute&quot;}\" data-widget_type=\"image.default\">\n\t\t\t\t<div class=\"elementor-widget-container\">\n\t\t\t\t\t\t\t\t\t\t\t\t\t\t\t<img fetchpriority=\"high\" decoding=\"async\" width=\"230\" height=\"230\" src=\"https:\/\/miritglas.com\/wp-content\/uploads\/2023\/08\/logo-icon.png\" class=\"attachment-medium size-medium wp-image-166\" alt=\"Mirit glas logo. Nordens foretrukne glasleverand\u00f8r \u2013 vi fremstiller efter individuelle behov\" srcset=\"https:\/\/miritglas.com\/wp-content\/uploads\/2023\/08\/logo-icon.png 230w, https:\/\/miritglas.com\/wp-content\/uploads\/2023\/08\/logo-icon-150x150.png 150w\" sizes=\"(max-width: 230px) 100vw, 230px\" title=\"\">\t\t\t\t\t\t\t\t\t\t\t\t\t\t\t<\/div>\n\t\t\t\t<\/div>\n\t\t\t\t<div class=\"elementor-element elementor-element-4b55fe0 elementor-widget elementor-widget-video\" data-id=\"4b55fe0\" data-element_type=\"widget\" data-e-type=\"widget\" data-settings=\"{&quot;youtube_url&quot;:&quot;https:\\\/\\\/www.youtube.com\\\/watch?v=jijRh9D983Y&quot;,&quot;yt_privacy&quot;:&quot;yes&quot;,&quot;lazy_load&quot;:&quot;yes&quot;,&quot;show_image_overlay&quot;:&quot;yes&quot;,&quot;image_overlay&quot;:{&quot;url&quot;:&quot;https:\\\/\\\/miritglas.com\\\/wp-content\\\/uploads\\\/2023\\\/08\\\/mirit-video-produktion.jpeg&quot;,&quot;id&quot;:904,&quot;size&quot;:&quot;&quot;,&quot;alt&quot;:&quot;&quot;,&quot;source&quot;:&quot;library&quot;},&quot;video_type&quot;:&quot;youtube&quot;,&quot;controls&quot;:&quot;yes&quot;}\" data-widget_type=\"video.default\">\n\t\t\t\t<div class=\"elementor-widget-container\">\n\t\t\t\t\t\t\t<div class=\"elementor-wrapper elementor-open-inline\">\n\t\t\t<div class=\"elementor-video\"><\/div>\t\t\t\t<div class=\"elementor-custom-embed-image-overlay\" style=\"background-image: url(https:\/\/miritglas.com\/wp-content\/uploads\/2023\/08\/mirit-video-produktion.jpeg);\">\n\t\t\t\t\t\t\t\t\t\t\t\t\t\t\t\t<div class=\"elementor-custom-embed-play\" role=\"button\" aria-label=\"Afspil video\" tabindex=\"0\">\n\t\t\t\t\t\t\t<svg aria-hidden=\"true\" class=\"e-font-icon-svg e-eicon-play\" viewBox=\"0 0 1000 1000\" xmlns=\"http:\/\/www.w3.org\/2000\/svg\"><path d=\"M838 162C746 71 633 25 500 25 371 25 258 71 163 162 71 254 25 367 25 500 25 633 71 746 163 837 254 929 367 979 500 979 633 979 746 933 838 837 929 746 975 633 975 500 975 367 929 254 838 162M808 192C892 279 933 379 933 500 933 621 892 725 808 808 725 892 621 938 500 938 379 938 279 896 196 808 113 725 67 621 67 500 67 379 108 279 196 192 279 108 383 62 500 62 621 62 721 108 808 192M438 392V642L642 517 438 392Z\"><\/path><\/svg>\t\t\t\t\t\t<\/div>\n\t\t\t\t\t\t\t\t\t<\/div>\n\t\t\t\t\t<\/div>\n\t\t\t\t\t\t<\/div>\n\t\t\t\t<\/div>\n\t\t<div class=\"elementor-element elementor-element-65b3b053 e-flex e-con-boxed e-con e-child\" data-id=\"65b3b053\" data-element_type=\"container\" data-e-type=\"container\" data-settings=\"{&quot;background_background&quot;:&quot;classic&quot;}\">\n\t\t\t\t\t<div class=\"e-con-inner\">\n\t\t\t\t<div class=\"elementor-element elementor-element-5d21a812 elementor-widget elementor-widget-text-editor\" data-id=\"5d21a812\" data-element_type=\"widget\" data-e-type=\"widget\" data-widget_type=\"text-editor.default\">\n\t\t\t\t<div class=\"elementor-widget-container\">\n\t\t\t\t\t\t\t\t\t<p>Det er et mantra for Mirit Glas, at vi hele tiden s\u00f8ger at forbedre vores produktion, s\u00e5dan at vi kan leve op til de krav vores kunder stiller. Et eksempel er vores kollaborative robot, som vi sammen med\u00a0<a class=\"bodyLink\" title=\"Cobot Lab\" href=\"https:\/\/cobotlab.dk\/\" target=\"_blank\" rel=\"noopener\">Cobot Knowledge Lab<\/a>\u00a0har gjort endnu bedre.<\/p>\t\t\t\t\t\t\t\t<\/div>\n\t\t\t\t<\/div>\n\t\t\t\t\t<\/div>\n\t\t\t\t<\/div>\n\t\t\t\t<\/div>\n\t\t\t\t\t<\/div>\n\t\t\t\t<\/div>\n\t\t<div class=\"elementor-element elementor-element-63bbb5 e-flex e-con-boxed e-con e-parent\" data-id=\"63bbb5\" data-element_type=\"container\" data-e-type=\"container\" data-settings=\"{&quot;background_background&quot;:&quot;classic&quot;}\">\n\t\t\t\t\t<div class=\"e-con-inner\">\n\t\t<div class=\"elementor-element elementor-element-616e936 e-flex e-con-boxed e-con e-child\" data-id=\"616e936\" data-element_type=\"container\" data-e-type=\"container\">\n\t\t\t\t\t<div class=\"e-con-inner\">\n\t\t\t\t<div class=\"elementor-element elementor-element-7f7cd2cf elementor-widget elementor-widget-text-editor\" data-id=\"7f7cd2cf\" data-element_type=\"widget\" data-e-type=\"widget\" data-widget_type=\"text-editor.default\">\n\t\t\t\t<div class=\"elementor-widget-container\">\n\t\t\t\t\t\t\t\t\t<h3>Fremtidsparat produktion<\/h3><p>Vores arbejde med glasproduktion kendetegnes ved solid faglig viden kombineret med de nyeste tekniske muligheder. Vi kender glassets fysiologi og vi ved, hvad der skal til, for at du \u2013 som kunde \u2013 f\u00e5r det optimale resultat. Uanset hvad du har behov for, finder vi en l\u00f8sning.<\/p><p>Vi leverer en bred vifte af glasprodukter, som alle bliver fremstillet efter ordre. Samtidig har vi ogs\u00e5 et af Danmarks mest velassorterede r\u00e5varelagre.<\/p><p>Vil du vide mere om, hvad Mirit Glas kan g\u00f8re for dig? Kontakt os og f\u00e5 et tilbud p\u00e5 glasproduktion eller bearbejdning af glas.<\/p>\t\t\t\t\t\t\t\t<\/div>\n\t\t\t\t<\/div>\n\t\t\t\t<div class=\"elementor-element elementor-element-393ce2d elementor-widget elementor-widget-image\" data-id=\"393ce2d\" data-element_type=\"widget\" data-e-type=\"widget\" data-widget_type=\"image.default\">\n\t\t\t\t<div class=\"elementor-widget-container\">\n\t\t\t\t\t\t\t\t\t\t\t\t\t\t\t<img decoding=\"async\" width=\"1410\" height=\"792\" src=\"https:\/\/miritglas.com\/wp-content\/uploads\/2023\/08\/skaermbillede.png\" class=\"attachment-1536x1536 size-1536x1536 wp-image-2431\" alt=\"Mirit glas er glasproducent og kan det meste indenfor glasproduktion. Bearbejdning af glas er vores speciale og st\u00e5r klar til sp\u00e6ndende opgaver og nye udfordringer i vores fremtidsklare produktion. Produktionsfaciliteter hos Mirit Glas, hvor specialglas bearbejdes med h\u00f8j pr\u00e6cision. Moderne maskiner og h\u00e5ndv\u00e6rk kombineres for at sk\u00e6re, slibe, polere og forme glas til tekniske form\u00e5l. Processerne sikrer ensartet kvalitet, n\u00f8jagtige tolerancer og skr\u00e6ddersyede l\u00f8sninger til b\u00e5de industri, design og medicotekniske applikationer. State-of-the-art glass production at Mirit Glas, combining craftsmanship with advanced technology to shape and refine custom glass components. Each process\u2014from cutting and polishing to precision forming\u2014ensures consistent quality and performance for industrial, design, and medical applications. Mirit Glas produktion | Industrielt glasproduktion og bearbejdning i stor skala med CNC-maskiner, robotter og manuelle processer, herunder sk\u00e6ring med diamant og vandstr\u00e5le, faconbearbejdning, kantbearbejdning, b\u00f8je- og lamineringsprocesser, termisk og kemisk h\u00e6rdning \u2014 fleksibel produktion af glas efter kundespecifikation, fra enkeltstykker til store serier.\" srcset=\"https:\/\/miritglas.com\/wp-content\/uploads\/2023\/08\/skaermbillede.png 1410w, https:\/\/miritglas.com\/wp-content\/uploads\/2023\/08\/skaermbillede-300x169.png 300w, https:\/\/miritglas.com\/wp-content\/uploads\/2023\/08\/skaermbillede-1024x575.png 1024w, https:\/\/miritglas.com\/wp-content\/uploads\/2023\/08\/skaermbillede-768x431.png 768w\" sizes=\"(max-width: 1410px) 100vw, 1410px\" title=\"\">\t\t\t\t\t\t\t\t\t\t\t\t\t\t\t<\/div>\n\t\t\t\t<\/div>\n\t\t\t\t\t<\/div>\n\t\t\t\t<\/div>\n\t\t\t\t\t<\/div>\n\t\t\t\t<\/div>\n\t\t<div class=\"elementor-element elementor-element-247e4cba e-flex e-con-boxed e-con e-parent\" data-id=\"247e4cba\" data-element_type=\"container\" data-e-type=\"container\" data-settings=\"{&quot;background_background&quot;:&quot;classic&quot;}\">\n\t\t\t\t\t<div class=\"e-con-inner\">\n\t\t<div class=\"elementor-element elementor-element-7a9fcf82 e-con-full e-flex e-con e-child\" data-id=\"7a9fcf82\" data-element_type=\"container\" data-e-type=\"container\">\n\t\t\t\t<div class=\"elementor-element elementor-element-42d7b9fd elementor-widget elementor-widget-text-editor\" data-id=\"42d7b9fd\" data-element_type=\"widget\" data-e-type=\"widget\" data-widget_type=\"text-editor.default\">\n\t\t\t\t<div class=\"elementor-widget-container\">\n\t\t\t\t\t\t\t\t\t<h3>Eksempler p\u00e5 tilsk\u00e6rings-muligheder og typer af bearbejdning<\/h3><p><strong>Tilsk\u00e6ring af glas:<\/strong><\/p>\t\t\t\t\t\t\t\t<\/div>\n\t\t\t\t<\/div>\n\t\t\t\t<div class=\"elementor-element elementor-element-21d0d183 elementor-widget elementor-widget-text-editor\" data-id=\"21d0d183\" data-element_type=\"widget\" data-e-type=\"widget\" data-widget_type=\"text-editor.default\">\n\t\t\t\t<div class=\"elementor-widget-container\">\n\t\t\t\t\t\t\t\t\t<ul><li>Sk\u00e6rehjul<\/li><li>Diamantsav<\/li><li>CNC-sk\u00e6rebord<\/li><li>Vandstr\u00e5lesk\u00e6ring<\/li><li>Varmespr\u00e6ngning<\/li><\/ul>\t\t\t\t\t\t\t\t<\/div>\n\t\t\t\t<\/div>\n\t\t\t\t<div class=\"elementor-element elementor-element-50ff9248 elementor-widget elementor-widget-text-editor\" data-id=\"50ff9248\" data-element_type=\"widget\" data-e-type=\"widget\" data-widget_type=\"text-editor.default\">\n\t\t\t\t<div class=\"elementor-widget-container\">\n\t\t\t\t\t\t\t\t\t<p>Tilsk\u00e6ring sp\u00e6nder fra manuelle sk\u00e6ringer til CNC-styrede sk\u00e6ringer.<\/p><p><strong>Bearbejdning af glas:<\/strong><\/p>\t\t\t\t\t\t\t\t<\/div>\n\t\t\t\t<\/div>\n\t\t\t\t<div class=\"elementor-element elementor-element-da0418e elementor-widget elementor-widget-text-editor\" data-id=\"da0418e\" data-element_type=\"widget\" data-e-type=\"widget\" data-widget_type=\"text-editor.default\">\n\t\t\t\t<div class=\"elementor-widget-container\">\n\t\t\t\t\t\t\t\t\t<ul><li>I facon samt huller og hak efter \u00f8nske<\/li><li>Kantbearbejdninger\u00a0(snit, granede, matte og polerede)<\/li><li>Sandbl\u00e6sning<\/li><li>UV-limning<\/li><li>Maling<\/li><li>Silketryk<\/li><li><a href=\"https:\/\/miritglas.com\/da\/produkter\/haerdet-glas\/\">Termisk h\u00e6rdning<\/a><\/li><li><a href=\"https:\/\/miritglas.com\/da\/produkter\/kemisk-haerdet-glas\/\">Kemisk h\u00e6rdning<\/a><\/li><li><a href=\"https:\/\/miritglas.com\/da\/produkter\/buet-glas\/\">B\u00f8jning af glas<\/a><\/li><li><a href=\"https:\/\/miritglas.com\/da\/produkter\/sikkerhedsglas\/\">Laminering<\/a><\/li><li><a href=\"https:\/\/miritglas.com\/da\/produkter\/el-varmeruder\/\">Konstruktion af varmeruder<\/a><\/li><li><a href=\"https:\/\/miritglas.com\/da\/produkter\/buet-glas\/\">Buet glas<\/a><\/li><li><a href=\"https:\/\/miritglas.com\/da\/produkter\/haerdet-glas\/\">Buet h\u00e6rdet glas<\/a><\/li><\/ul>\t\t\t\t\t\t\t\t<\/div>\n\t\t\t\t<\/div>\n\t\t\t\t<\/div>\n\t\t\t\t\t<\/div>\n\t\t\t\t<\/div>\n\t\t\t\t<\/div>\n\t\t","protected":false},"excerpt":{"rendered":"<p>Glasproduktion og bearbejdning af glas Mirit Glas er specialister inden for glasproduktion og bearbejdning af glas Hos Mirit Glas er vi specialister inden for produktion af glas (Glasproduktion) og bearbejdningen af det. Vi leverer b\u00e5de enkeltstykker med s\u00e6rlige specifikationer og hele serier p\u00e5 flere tusinde enheder. Vores fabrik r\u00e5der over mandskab og CNC-maskiner, der er [&hellip;]<\/p>\n","protected":false},"author":1,"featured_media":2431,"parent":0,"menu_order":0,"comment_status":"closed","ping_status":"closed","template":"","meta":{"_acf_changed":false,"footnotes":""},"class_list":["post-847","page","type-page","status-publish","has-post-thumbnail","hentry"],"acf":[],"_links":{"self":[{"href":"https:\/\/miritglas.com\/da\/wp-json\/wp\/v2\/pages\/847","targetHints":{"allow":["GET"]}}],"collection":[{"href":"https:\/\/miritglas.com\/da\/wp-json\/wp\/v2\/pages"}],"about":[{"href":"https:\/\/miritglas.com\/da\/wp-json\/wp\/v2\/types\/page"}],"author":[{"embeddable":true,"href":"https:\/\/miritglas.com\/da\/wp-json\/wp\/v2\/users\/1"}],"replies":[{"embeddable":true,"href":"https:\/\/miritglas.com\/da\/wp-json\/wp\/v2\/comments?post=847"}],"version-history":[{"count":47,"href":"https:\/\/miritglas.com\/da\/wp-json\/wp\/v2\/pages\/847\/revisions"}],"predecessor-version":[{"id":5689,"href":"https:\/\/miritglas.com\/da\/wp-json\/wp\/v2\/pages\/847\/revisions\/5689"}],"wp:featuredmedia":[{"embeddable":true,"href":"https:\/\/miritglas.com\/da\/wp-json\/wp\/v2\/media\/2431"}],"wp:attachment":[{"href":"https:\/\/miritglas.com\/da\/wp-json\/wp\/v2\/media?parent=847"}],"curies":[{"name":"wp","href":"https:\/\/api.w.org\/{rel}","templated":true}]}}