{"id":560,"date":"2023-08-10T13:12:27","date_gmt":"2023-08-10T11:12:27","guid":{"rendered":"https:\/\/miritglas.com\/?page_id=560"},"modified":"2025-12-09T13:11:26","modified_gmt":"2025-12-09T12:11:26","slug":"raavarer","status":"publish","type":"page","link":"https:\/\/miritglas.com\/da\/raavarer\/","title":{"rendered":"R\u00e5varer"},"content":{"rendered":"\t\t<div data-elementor-type=\"wp-page\" data-elementor-id=\"560\" class=\"elementor elementor-560\" data-elementor-post-type=\"page\">\n\t\t\t\t<div class=\"elementor-element elementor-element-5c11e32 e-flex e-con-boxed e-con e-parent\" data-id=\"5c11e32\" data-element_type=\"container\" data-e-type=\"container\">\n\t\t\t\t\t<div class=\"e-con-inner\">\n\t\t<div class=\"elementor-element elementor-element-1c02148 e-con-full e-flex e-con e-child\" data-id=\"1c02148\" data-element_type=\"container\" data-e-type=\"container\">\n\t\t\t\t<div class=\"elementor-element elementor-element-cff4f83 elementor-widget elementor-widget-text-editor\" data-id=\"cff4f83\" data-element_type=\"widget\" data-e-type=\"widget\" data-widget_type=\"text-editor.default\">\n\t\t\t\t<div class=\"elementor-widget-container\">\n\t\t\t\t\t\t\t\t\t<h2>Velassorteret r\u00e5varelager og internationale underleverand\u00f8rer af glasr\u00e5varer<\/h2><p>Mirit Glas har et af landets mest velassorterede glasr\u00e5vare lagre med et bredt udvalg af forskellige glastyper \u2013 og i tykkelser fra 0,1 mm til 40 mm. Vi har ogs\u00e5 <a href=\"https:\/\/miritglas.com\/da\/produkter\/glasroer\/\">glasr\u00f8r<\/a>\u00a0og glasst\u00e6nger i mange forskellige dimensioner og i forskellige glastyper.<\/p><p>Kontakt Mirit Glas, hvis du vil h\u00f8re mere om, hvad vi kan tilbyde dig.<\/p><h4><strong>Mirit Glas \u2013 Vi hj\u00e6lper dig<\/strong><\/h4><p>Udover vores omfattende r\u00e5varelager, har vi et veletableret netv\u00e6rk best\u00e5ende at internationale underleverand\u00f8rer og producenter. De hj\u00e6lper os med at skaffe det, som vi ikke allerede har p\u00e5 lager.<\/p>\t\t\t\t\t\t\t\t<\/div>\n\t\t\t\t<\/div>\n\t\t\t\t<div class=\"elementor-element elementor-element-d19b35b elementor-widget elementor-widget-button\" data-id=\"d19b35b\" data-element_type=\"widget\" data-e-type=\"widget\" data-widget_type=\"button.default\">\n\t\t\t\t<div class=\"elementor-widget-container\">\n\t\t\t\t\t\t\t\t\t<div class=\"elementor-button-wrapper\">\n\t\t\t\t\t<a class=\"elementor-button elementor-button-link elementor-size-md\" href=\"https:\/\/miritglas.com\/da\/kontakt-os\/\">\n\t\t\t\t\t\t<span class=\"elementor-button-content-wrapper\">\n\t\t\t\t\t\t\t\t\t<span class=\"elementor-button-text\">Kontakt os i dag<\/span>\n\t\t\t\t\t<\/span>\n\t\t\t\t\t<\/a>\n\t\t\t\t<\/div>\n\t\t\t\t\t\t\t\t<\/div>\n\t\t\t\t<\/div>\n\t\t\t\t<\/div>\n\t\t<div class=\"elementor-element elementor-element-c9f1af1 e-con-full e-flex e-con e-child\" data-id=\"c9f1af1\" data-element_type=\"container\" data-e-type=\"container\">\n\t\t\t\t<div class=\"elementor-element elementor-element-634 elementor-absolute elementor-widget elementor-widget-global elementor-global-634 elementor-widget-image\" data-id=\"634\" data-element_type=\"widget\" data-e-type=\"widget\" data-settings=\"{&quot;_position&quot;:&quot;absolute&quot;}\" data-widget_type=\"image.default\">\n\t\t\t\t<div class=\"elementor-widget-container\">\n\t\t\t\t\t\t\t\t\t\t\t\t\t\t\t<img fetchpriority=\"high\" decoding=\"async\" width=\"230\" height=\"230\" src=\"https:\/\/miritglas.com\/wp-content\/uploads\/2023\/08\/logo-icon.png\" class=\"attachment-medium size-medium wp-image-166\" alt=\"Mirit glas logo. Nordens foretrukne glasleverand\u00f8r \u2013 vi fremstiller efter individuelle behov\" srcset=\"https:\/\/miritglas.com\/wp-content\/uploads\/2023\/08\/logo-icon.png 230w, https:\/\/miritglas.com\/wp-content\/uploads\/2023\/08\/logo-icon-150x150.png 150w\" sizes=\"(max-width: 230px) 100vw, 230px\" title=\"\">\t\t\t\t\t\t\t\t\t\t\t\t\t\t\t<\/div>\n\t\t\t\t<\/div>\n\t\t<div class=\"elementor-element elementor-element-a30e2ba e-flex e-con-boxed e-con e-child\" data-id=\"a30e2ba\" data-element_type=\"container\" data-e-type=\"container\" data-settings=\"{&quot;background_background&quot;:&quot;classic&quot;}\">\n\t\t\t\t\t<div class=\"e-con-inner\">\n\t\t\t\t<div class=\"elementor-element elementor-element-188e648 elementor-widget elementor-widget-text-editor\" data-id=\"188e648\" data-element_type=\"widget\" data-e-type=\"widget\" data-widget_type=\"text-editor.default\">\n\t\t\t\t<div class=\"elementor-widget-container\">\n\t\t\t\t\t\t\t\t\t<p>Kombinationen af vores store r\u00e5varelager, vores mange\u00e5rige samarbejde med dygtige underleverand\u00f8rer og vores muligheder for at tilbyde unikke bearbejdninger betyder, at vi kan levere individuelle l\u00f8sninger p\u00e5 snart sagt enhver type af opgaver. Og kan vi ikke selv levere den rigtige l\u00f8sning, finder vi nogen, der kan.<\/p><p>Uanset hvad du har behov for, g\u00e5r du aldrig forg\u00e6ves.<\/p><p>L\u00e6s mere om vores forskellige former for bearbejdning\u00a0<a href=\"https:\/\/miritglas.com\/da\/produktion\/\">her<\/a>.<\/p>\t\t\t\t\t\t\t\t<\/div>\n\t\t\t\t<\/div>\n\t\t\t\t\t<\/div>\n\t\t\t\t<\/div>\n\t\t\t\t<\/div>\n\t\t\t\t\t<\/div>\n\t\t\t\t<\/div>\n\t\t<div class=\"elementor-element elementor-element-07f7f9b e-flex e-con-boxed e-con e-parent\" data-id=\"07f7f9b\" data-element_type=\"container\" data-e-type=\"container\" data-settings=\"{&quot;background_background&quot;:&quot;classic&quot;}\">\n\t\t\t\t\t<div class=\"e-con-inner\">\n\t\t<div class=\"elementor-element elementor-element-c2d4338 e-flex e-con-boxed e-con e-child\" data-id=\"c2d4338\" data-element_type=\"container\" data-e-type=\"container\">\n\t\t\t\t\t<div class=\"e-con-inner\">\n\t\t\t\t<div class=\"elementor-element elementor-element-3c90766 elementor-widget elementor-widget-text-editor\" data-id=\"3c90766\" data-element_type=\"widget\" data-e-type=\"widget\" data-widget_type=\"text-editor.default\">\n\t\t\t\t<div class=\"elementor-widget-container\">\n\t\t\t\t\t\t\t\t\t<h2>Eksempler p\u00e5 r\u00e5varelageret<\/h2>\t\t\t\t\t\t\t\t<\/div>\n\t\t\t\t<\/div>\n\t\t\t\t<div class=\"elementor-element elementor-element-4cd13f1 elementor-widget elementor-widget-text-editor\" data-id=\"4cd13f1\" data-element_type=\"widget\" data-e-type=\"widget\" data-widget_type=\"text-editor.default\">\n\t\t\t\t<div class=\"elementor-widget-container\">\n\t\t\t\t\t\t\t\t\t<ul><li>Glastykkelser fra 0,1 mm til 40 mm<\/li><li><a href=\"https:\/\/miritglas.com\/da\/produkter\/floatglas\/\">Floatglas<\/a><\/li><li>Varmebestandigt glas<\/li><li><a href=\"https:\/\/miritglas.com\/da\/produkter\/borosilikatglas\/\">Borosilikatglas<\/a><\/li><li><a href=\"https:\/\/miritglas.com\/da\/produkter\/duran-glas\/\">Duranglas<\/a><\/li><li><a href=\"https:\/\/miritglas.com\/da\/produkter\/keramisk-glas\/\">Keramisk glas<\/a><\/li><li><a href=\"https:\/\/miritglas.com\/da\/produkter\/kvartsglas\/\">Kvartsglas<\/a><\/li><li>Farvet glas (transparent)<\/li><li>Sort glas<\/li><li>Opalglas<\/li><li><a href=\"https:\/\/miritglas.com\/da\/produkter\/jernfattigt-glas\/\">Jernfattigt glas<\/a><\/li><li>Filterglas<\/li><li><a href=\"https:\/\/miritglas.com\/da\/produkter\/germanium-glas\/\">Germanium<\/a><\/li><li><a href=\"https:\/\/miritglas.com\/da\/produkter\/blyglas\/\">Blyglas<\/a><\/li><li>Spejl<\/li><li>Ornamentglas<\/li><li>Tr\u00e5dglas<\/li><li>Coatet glas<\/li><li>\u00c6tset glas\/mat glas<\/li><li><a href=\"https:\/\/miritglas.com\/da\/produkter\/glasroer\/\">Glasr\u00f8r<\/a><\/li><li>Div. plastmaterialer (PC og PMMA)<\/li><li><a href=\"https:\/\/miritglas.com\/da\/produkter\/lamineret-glas\/\">Lamineret glas<\/a><\/li><li><a href=\"https:\/\/miritglas.com\/da\/produkter\/safirglas\/\">Safirglas<\/a><\/li><\/ul>\t\t\t\t\t\t\t\t<\/div>\n\t\t\t\t<\/div>\n\t\t\t\t\t<\/div>\n\t\t\t\t<\/div>\n\t\t\t\t\t<\/div>\n\t\t\t\t<\/div>\n\t\t\t\t<\/div>\n\t\t","protected":false},"excerpt":{"rendered":"<p>Velassorteret r\u00e5varelager og internationale underleverand\u00f8rer af glasr\u00e5varer Mirit Glas har et af landets mest velassorterede glasr\u00e5vare lagre med et bredt udvalg af forskellige glastyper \u2013 og i tykkelser fra 0,1 mm til 40 mm. Vi har ogs\u00e5 glasr\u00f8r\u00a0og glasst\u00e6nger i mange forskellige dimensioner og i forskellige glastyper. Kontakt Mirit Glas, hvis du vil h\u00f8re mere [&hellip;]<\/p>\n","protected":false},"author":1,"featured_media":891,"parent":0,"menu_order":0,"comment_status":"closed","ping_status":"closed","template":"","meta":{"_acf_changed":false,"footnotes":""},"class_list":["post-560","page","type-page","status-publish","has-post-thumbnail","hentry"],"acf":[],"_links":{"self":[{"href":"https:\/\/miritglas.com\/da\/wp-json\/wp\/v2\/pages\/560","targetHints":{"allow":["GET"]}}],"collection":[{"href":"https:\/\/miritglas.com\/da\/wp-json\/wp\/v2\/pages"}],"about":[{"href":"https:\/\/miritglas.com\/da\/wp-json\/wp\/v2\/types\/page"}],"author":[{"embeddable":true,"href":"https:\/\/miritglas.com\/da\/wp-json\/wp\/v2\/users\/1"}],"replies":[{"embeddable":true,"href":"https:\/\/miritglas.com\/da\/wp-json\/wp\/v2\/comments?post=560"}],"version-history":[{"count":51,"href":"https:\/\/miritglas.com\/da\/wp-json\/wp\/v2\/pages\/560\/revisions"}],"predecessor-version":[{"id":6205,"href":"https:\/\/miritglas.com\/da\/wp-json\/wp\/v2\/pages\/560\/revisions\/6205"}],"wp:featuredmedia":[{"embeddable":true,"href":"https:\/\/miritglas.com\/da\/wp-json\/wp\/v2\/media\/891"}],"wp:attachment":[{"href":"https:\/\/miritglas.com\/da\/wp-json\/wp\/v2\/media?parent=560"}],"curies":[{"name":"wp","href":"https:\/\/api.w.org\/{rel}","templated":true}]}}