{"id":5568,"date":"2025-04-04T14:28:07","date_gmt":"2025-04-04T12:28:07","guid":{"rendered":"https:\/\/miritglas.com\/?page_id=5568"},"modified":"2025-12-09T13:41:18","modified_gmt":"2025-12-09T12:41:18","slug":"klimarapport","status":"publish","type":"page","link":"https:\/\/miritglas.com\/da\/klimarapport\/","title":{"rendered":"Klimarapport"},"content":{"rendered":"\t\t<div data-elementor-type=\"wp-page\" data-elementor-id=\"5568\" class=\"elementor elementor-5568\" data-elementor-post-type=\"page\">\n\t\t\t\t<div class=\"elementor-element elementor-element-df06ad5 e-flex e-con-boxed e-con e-parent\" data-id=\"df06ad5\" data-element_type=\"container\" data-e-type=\"container\">\n\t\t\t\t\t<div class=\"e-con-inner\">\n\t\t<div class=\"elementor-element elementor-element-58d7daf e-con-full e-flex e-con e-child\" data-id=\"58d7daf\" data-element_type=\"container\" data-e-type=\"container\">\n\t\t\t\t<div class=\"elementor-element elementor-element-aa1efad elementor-widget__width-initial elementor-widget elementor-widget-text-editor\" data-id=\"aa1efad\" data-element_type=\"widget\" data-e-type=\"widget\" data-widget_type=\"text-editor.default\">\n\t\t\t\t<div class=\"elementor-widget-container\">\n\t\t\t\t\t\t\t\t\t<p style=\"font-weight: 400;\"><strong>Oplev vores klimarapport:<br \/><\/strong><strong> En indsigt i vores <\/strong>CO2-reducerende<strong> initiativer<\/strong><\/p><p style=\"font-weight: 400;\">Hos Mirit Glas er vi dedikeret til at skabe en gr\u00f8nnere fremtid. Som en f\u00f8rende leverand\u00f8r af glasl\u00f8sninger til industrien tager vi vores ansvar for klimaet alvorligt. Vi arbejder m\u00e5lrettet p\u00e5 at reducere vores CO2-aftryk og optimere vores produktion for at sikre, at vi bidrager positivt til b\u00e5de samfundet og milj\u00f8et.<\/p><p style=\"font-weight: 400;\">Vores klimarapport giver indblik i, hvordan vi arbejder for at minimere milj\u00f8p\u00e5virkningen gennem hele vores v\u00e6rdik\u00e6de. Rapporten indeholder informationer om vores energiforbrug, de initiativer vi har implementeret for at reducere affald og forbrug af ressourcer, samt de konkrete resultater, vi har opn\u00e5et.<\/p><p style=\"font-weight: 400;\"><strong>Hent vores klimarapporter her og f\u00e5 indsigt i, hvordan vi arbejder for en gr\u00f8nnere fremtid.<\/strong><\/p>\t\t\t\t\t\t\t\t<\/div>\n\t\t\t\t<\/div>\n\t\t\t\t<\/div>\n\t\t<div class=\"elementor-element elementor-element-c551ee8 e-con-full e-flex e-con e-child\" data-id=\"c551ee8\" data-element_type=\"container\" data-e-type=\"container\">\n\t\t\t\t<div class=\"elementor-element elementor-element-daae26e elementor-widget elementor-widget-image\" data-id=\"daae26e\" data-element_type=\"widget\" data-e-type=\"widget\" data-widget_type=\"image.default\">\n\t\t\t\t<div class=\"elementor-widget-container\">\n\t\t\t\t\t\t\t\t\t\t\t\t\t\t\t<img fetchpriority=\"high\" decoding=\"async\" width=\"800\" height=\"510\" src=\"https:\/\/miritglas.com\/wp-content\/uploads\/2025\/09\/climatereport-dk-1024x653.jpg\" class=\"attachment-large size-large wp-image-6015\" alt=\"\" srcset=\"https:\/\/miritglas.com\/wp-content\/uploads\/2025\/09\/climatereport-dk-1024x653.jpg 1024w, https:\/\/miritglas.com\/wp-content\/uploads\/2025\/09\/climatereport-dk-300x191.jpg 300w, https:\/\/miritglas.com\/wp-content\/uploads\/2025\/09\/climatereport-dk-768x490.jpg 768w, https:\/\/miritglas.com\/wp-content\/uploads\/2025\/09\/climatereport-dk-1536x980.jpg 1536w, https:\/\/miritglas.com\/wp-content\/uploads\/2025\/09\/climatereport-dk-2048x1307.jpg 2048w\" sizes=\"(max-width: 800px) 100vw, 800px\" title=\"\">\t\t\t\t\t\t\t\t\t\t\t\t\t\t\t<\/div>\n\t\t\t\t<\/div>\n\t\t\t\t<\/div>\n\t\t\t\t\t<\/div>\n\t\t\t\t<\/div>\n\t\t<div class=\"elementor-element elementor-element-9d8e9ba e-grid e-con-boxed e-con e-parent\" data-id=\"9d8e9ba\" data-element_type=\"container\" data-e-type=\"container\">\n\t\t\t\t\t<div class=\"e-con-inner\">\n\t\t\t\t<div class=\"elementor-element elementor-element-e722d10 elementor-widget__width-initial elementor-widget elementor-widget-text-editor\" data-id=\"e722d10\" data-element_type=\"widget\" data-e-type=\"widget\" data-widget_type=\"text-editor.default\">\n\t\t\t\t<div class=\"elementor-widget-container\">\n\t\t\t\t\t\t\t\t\t<h3><strong>Klimarapport 2024<\/strong><\/h3>\t\t\t\t\t\t\t\t<\/div>\n\t\t\t\t<\/div>\n\t\t\t\t<div class=\"elementor-element elementor-element-769b7a9 elementor-widget__width-initial elementor-widget elementor-widget-text-editor\" data-id=\"769b7a9\" data-element_type=\"widget\" data-e-type=\"widget\" data-widget_type=\"text-editor.default\">\n\t\t\t\t<div class=\"elementor-widget-container\">\n\t\t\t\t\t\t\t\t\t<h3><strong>Klimarapport 2023<\/strong><\/h3>\t\t\t\t\t\t\t\t<\/div>\n\t\t\t\t<\/div>\n\t\t\t\t<div class=\"elementor-element elementor-element-724fc1d elementor-align-left elementor-widget elementor-widget-button\" data-id=\"724fc1d\" data-element_type=\"widget\" data-e-type=\"widget\" data-widget_type=\"button.default\">\n\t\t\t\t<div class=\"elementor-widget-container\">\n\t\t\t\t\t\t\t\t\t<div class=\"elementor-button-wrapper\">\n\t\t\t\t\t<a class=\"elementor-button elementor-button-link elementor-size-sm\" href=\"https:\/\/miritglas.com\/wp-content\/uploads\/2025\/09\/Vores-Ansvar_2024_Mirit-Glas.pdf\">\n\t\t\t\t\t\t<span class=\"elementor-button-content-wrapper\">\n\t\t\t\t\t\t<span class=\"elementor-button-icon\">\n\t\t\t\t<svg aria-hidden=\"true\" class=\"e-font-icon-svg e-fas-arrow-circle-down\" viewBox=\"0 0 512 512\" xmlns=\"http:\/\/www.w3.org\/2000\/svg\"><path d=\"M504 256c0 137-111 248-248 248S8 393 8 256 119 8 256 8s248 111 248 248zm-143.6-28.9L288 302.6V120c0-13.3-10.7-24-24-24h-16c-13.3 0-24 10.7-24 24v182.6l-72.4-75.5c-9.3-9.7-24.8-9.9-34.3-.4l-10.9 11c-9.4 9.4-9.4 24.6 0 33.9L239 404.3c9.4 9.4 24.6 9.4 33.9 0l132.7-132.7c9.4-9.4 9.4-24.6 0-33.9l-10.9-11c-9.5-9.5-25-9.3-34.3.4z\"><\/path><\/svg>\t\t\t<\/span>\n\t\t\t\t\t\t\t\t\t<span class=\"elementor-button-text\">Hent Klimarapport 2024 (50 mb)<\/span>\n\t\t\t\t\t<\/span>\n\t\t\t\t\t<\/a>\n\t\t\t\t<\/div>\n\t\t\t\t\t\t\t\t<\/div>\n\t\t\t\t<\/div>\n\t\t\t\t<div class=\"elementor-element elementor-element-cfbec4a elementor-align-left elementor-widget elementor-widget-button\" data-id=\"cfbec4a\" data-element_type=\"widget\" data-e-type=\"widget\" data-widget_type=\"button.default\">\n\t\t\t\t<div class=\"elementor-widget-container\">\n\t\t\t\t\t\t\t\t\t<div class=\"elementor-button-wrapper\">\n\t\t\t\t\t<a class=\"elementor-button elementor-button-link elementor-size-sm\" href=\"https:\/\/miritglas.com\/wp-content\/uploads\/2025\/04\/Klimaregnskab-2023-Mirit-Glas.pdf\">\n\t\t\t\t\t\t<span class=\"elementor-button-content-wrapper\">\n\t\t\t\t\t\t<span class=\"elementor-button-icon\">\n\t\t\t\t<svg aria-hidden=\"true\" class=\"e-font-icon-svg e-fas-arrow-circle-down\" viewBox=\"0 0 512 512\" xmlns=\"http:\/\/www.w3.org\/2000\/svg\"><path d=\"M504 256c0 137-111 248-248 248S8 393 8 256 119 8 256 8s248 111 248 248zm-143.6-28.9L288 302.6V120c0-13.3-10.7-24-24-24h-16c-13.3 0-24 10.7-24 24v182.6l-72.4-75.5c-9.3-9.7-24.8-9.9-34.3-.4l-10.9 11c-9.4 9.4-9.4 24.6 0 33.9L239 404.3c9.4 9.4 24.6 9.4 33.9 0l132.7-132.7c9.4-9.4 9.4-24.6 0-33.9l-10.9-11c-9.5-9.5-25-9.3-34.3.4z\"><\/path><\/svg>\t\t\t<\/span>\n\t\t\t\t\t\t\t\t\t<span class=\"elementor-button-text\">Hent Klimarapport 2023 (9 mb)<\/span>\n\t\t\t\t\t<\/span>\n\t\t\t\t\t<\/a>\n\t\t\t\t<\/div>\n\t\t\t\t\t\t\t\t<\/div>\n\t\t\t\t<\/div>\n\t\t\t\t\t<\/div>\n\t\t\t\t<\/div>\n\t\t\t\t<\/div>\n\t\t","protected":false},"excerpt":{"rendered":"<p>Oplev vores klimarapport: En indsigt i vores CO2-reducerende initiativer Hos Mirit Glas er vi dedikeret til at skabe en gr\u00f8nnere fremtid. Som en f\u00f8rende leverand\u00f8r af glasl\u00f8sninger til industrien tager vi vores ansvar for klimaet alvorligt. Vi arbejder m\u00e5lrettet p\u00e5 at reducere vores CO2-aftryk og optimere vores produktion for at sikre, at vi bidrager positivt [&hellip;]<\/p>\n","protected":false},"author":1,"featured_media":5720,"parent":0,"menu_order":0,"comment_status":"closed","ping_status":"closed","template":"","meta":{"_acf_changed":false,"footnotes":""},"class_list":["post-5568","page","type-page","status-publish","has-post-thumbnail","hentry"],"acf":[],"_links":{"self":[{"href":"https:\/\/miritglas.com\/da\/wp-json\/wp\/v2\/pages\/5568","targetHints":{"allow":["GET"]}}],"collection":[{"href":"https:\/\/miritglas.com\/da\/wp-json\/wp\/v2\/pages"}],"about":[{"href":"https:\/\/miritglas.com\/da\/wp-json\/wp\/v2\/types\/page"}],"author":[{"embeddable":true,"href":"https:\/\/miritglas.com\/da\/wp-json\/wp\/v2\/users\/1"}],"replies":[{"embeddable":true,"href":"https:\/\/miritglas.com\/da\/wp-json\/wp\/v2\/comments?post=5568"}],"version-history":[{"count":51,"href":"https:\/\/miritglas.com\/da\/wp-json\/wp\/v2\/pages\/5568\/revisions"}],"predecessor-version":[{"id":6221,"href":"https:\/\/miritglas.com\/da\/wp-json\/wp\/v2\/pages\/5568\/revisions\/6221"}],"wp:featuredmedia":[{"embeddable":true,"href":"https:\/\/miritglas.com\/da\/wp-json\/wp\/v2\/media\/5720"}],"wp:attachment":[{"href":"https:\/\/miritglas.com\/da\/wp-json\/wp\/v2\/media?parent=5568"}],"curies":[{"name":"wp","href":"https:\/\/api.w.org\/{rel}","templated":true}]}}