{"id":5260,"date":"2025-01-30T11:49:25","date_gmt":"2025-01-30T10:49:25","guid":{"rendered":"https:\/\/miritglas.com\/?page_id=5260"},"modified":"2025-04-28T15:33:46","modified_gmt":"2025-04-28T13:33:46","slug":"glas-og-varme","status":"publish","type":"page","link":"https:\/\/miritglas.com\/da\/glas-og-varme\/","title":{"rendered":"Glas og varme"},"content":{"rendered":"\t\t<div data-elementor-type=\"wp-page\" data-elementor-id=\"5260\" class=\"elementor elementor-5260\" data-elementor-post-type=\"page\">\n\t\t\t\t<div class=\"elementor-element elementor-element-17ea6ab6 e-flex e-con-boxed e-con e-parent\" data-id=\"17ea6ab6\" data-element_type=\"container\" data-e-type=\"container\">\n\t\t\t\t\t<div class=\"e-con-inner\">\n\t\t<div class=\"elementor-element elementor-element-453a7cfe e-con-full e-flex e-con e-child\" data-id=\"453a7cfe\" data-element_type=\"container\" data-e-type=\"container\">\n\t\t\t\t<div class=\"elementor-element elementor-element-24fa4285 elementor-widget elementor-widget-button\" data-id=\"24fa4285\" data-element_type=\"widget\" data-e-type=\"widget\" data-widget_type=\"button.default\">\n\t\t\t\t<div class=\"elementor-widget-container\">\n\t\t\t\t\t\t\t\t\t<div class=\"elementor-button-wrapper\">\n\t\t\t\t\t<a class=\"elementor-button elementor-button-link elementor-size-md\" href=\"https:\/\/miritglas.com\/da\/kontakt-os\/\">\n\t\t\t\t\t\t<span class=\"elementor-button-content-wrapper\">\n\t\t\t\t\t\t\t\t\t<span class=\"elementor-button-text\">Kontakt os i dag<\/span>\n\t\t\t\t\t<\/span>\n\t\t\t\t\t<\/a>\n\t\t\t\t<\/div>\n\t\t\t\t\t\t\t\t<\/div>\n\t\t\t\t<\/div>\n\t\t\t\t<div class=\"elementor-element elementor-element-10541205 elementor-widget elementor-widget-text-editor\" data-id=\"10541205\" data-element_type=\"widget\" data-e-type=\"widget\" data-widget_type=\"text-editor.default\">\n\t\t\t\t<div class=\"elementor-widget-container\">\n\t\t\t\t\t\t\t\t\t<h2><strong>Glas vs. temperaturer<\/strong><\/h2><p>Hvordan forholder forskellige glastyper sig til varme? Det kan v\u00e6re et afg\u00f8rende sp\u00f8rgsm\u00e5l for mange, der skal bruge glas i deres produkter eller produktionsanl\u00e6g. Hos Mirit Glas har vi specialiseret os i professionelle glasl\u00f8sninger siden 1953 og har stor erfaring med at r\u00e5dgive vores kunder om netop den slags problematikker.<br \/>Det er vigtigt at overveje, om det glas, man skal bruge, kan modst\u00e5 ekstreme temperaturer og klare store temperaturforskelle. Hvad enten du har brug for glas til industrielle ovne, belysningsapplikationer eller IR-l\u00f8sninger, tilbyder vi forskellige glastyper med unikke egenskaber, der g\u00f8r dem s\u00e6rligt egnede til kr\u00e6vende milj\u00f8er. L\u00e6s mere om, hvordan vores glasl\u00f8sninger kan im\u00f8dekomme dine behov.<\/p><p>Her er en oversigt over forskellige glastyper, der typisk benyttes, n\u00e5r man arbejder med h\u00f8je temperaturer og store temperaturforskelle:<\/p><p><a href=\"https:\/\/miritglas.com\/da\/produkter\/borosilikatglas\/\"><strong>Borosilikatglas<\/strong><\/a><\/p><p>Borosilikatglas er et typisk glasvalg for industrien. Det bruges ofte i professionelle sammenh\u00e6nge, hvor temperaturbestandighed og kemisk resistens er n\u00f8dvendige. Med en lav udvidelseskoefficient kan dette glas klare store temperaturudsving uden at revne eller deformere. N\u00e5r det g\u00e6lder varme, er borosilikatglas formidabelt til at klare store temperaturforskelle. Som en tommelfingerregel t\u00e5ler borosilikatglas temperaturer p\u00e5 op til 450 grader i 10 timer. Under ti timer t\u00e5ler det temperaturer op til 500 grader.<\/p><p>Borosilikatglas er s\u00e6rligt velegnet til:<\/p><ul><li><a href=\"https:\/\/miritglas.com\/da\/produkter\/skueglas\/\">Skueglas<\/a> og laboratorieudstyr<\/li><li>Belysningsapplikationer<\/li><li>Industrielle l\u00f8sninger, hvor b\u00e5de kemisk og termisk stabilitet er afg\u00f8rende<\/li><\/ul><p><a href=\"https:\/\/miritglas.com\/da\/produkter\/keramisk-glas\/\"><strong>Keramisk Glas<\/strong><\/a><\/p><p>N\u00e5r temperaturen skal v\u00e6re endnu h\u00f8jere, er keramisk glas ofte det rette valg. Keramisk glas anvendes i blandt andet br\u00e6ndeovne, industriovne og ovne, hvor glassets evne til at modst\u00e5 varme i lange perioder er afg\u00f8rende. Keramisk glas kan klare temperaturer p\u00e5 op til 825\u00b0C i korte perioder. Ved 5000 timers brug kan keramisk glas konstant modst\u00e5 til en temperatur p\u00e5 560<span style=\"color: var( --e-global-color-text ); font-weight: var( --e-global-typography-text-font-weight ); text-align: var(--text-align);\">\u00b0C.<\/span><span style=\"color: var( --e-global-color-text ); font-weight: var( --e-global-typography-text-font-weight ); text-align: var(--text-align);\">\u00a0<\/span><\/p><p>Anvendelse:<\/p><ul><li>Forbr\u00e6ndinger\/Forbr\u00e6ndings anl\u00e6g<\/li><li>Ovn- og industriglas<\/li><li>Andet udstyr, hvor h\u00f8je temperaturer er et krav<\/li><\/ul><div><p><a href=\"https:\/\/miritglas.com\/da\/produkter\/kvartsglas\/\"><strong>Kvartsglas<\/strong><\/a> <br \/>Kvartsglas er et utroligt rent glas, der lukker stort set hele lysspektret igennem. Det er ogs\u00e5 i mange tilf\u00e6lde et godt valg, hvis man arbejder med h\u00f8je temperaturer. Som en tommelfingerregel kan kvartsglas t\u00e5le op til 1600\u00b0C ved kortvarig eksponering og 1100\u00b0C ved kontinuerlig brug. Kvartsglas bruges ofte i h\u00f8jteknologiske applikationer, hvor en kombination af h\u00f8j temperaturbestandighed og renhed er afg\u00f8rende.<\/p><p><a href=\"https:\/\/miritglas.com\/da\/produkter\/safirglas\/\"><strong>Safirglas<\/strong><\/a> <br \/>Safirglas bruges ogs\u00e5, n\u00e5r der er brug for, at glas kan holde til h\u00f8je temperaturer. Det er dog et dyrt glas, som prim\u00e6rt er kendt for sin styrke og modstandsdygtighed over for b\u00e5de ridser og ekstreme temperaturer. P\u00e5 Mohs\u2019 h\u00e5rdhedsskala ligger safirglas lige under diamant, hvilket g\u00f8r det yderst robust. Safirglas er ogs\u00e5 kemisk resistent over for b\u00e5de syrer og baser, og kan bruges ved temperaturer op til 2000\u00b0C, hvilket g\u00f8r det til et fremragende valg for optiske og IR-l\u00f8sninger, hvor h\u00f8j renhed og bred optisk transmission er n\u00f8dvendig.<br \/>Anvendelse:<\/p><ul><li>Optisk glas i h\u00f8je temperaturer<\/li><li>IR-l\u00f8sninger med krav til h\u00f8j transmission og modstandsdygtighed<\/li><li>Laboratorieudstyr med kemisk eksponering<\/li><\/ul><p><a href=\"https:\/\/miritglas.com\/da\/produkter\/haerdet-glas\/\"><strong>H\u00e6rdet Glas<\/strong><\/a> <br \/>N\u00e5r styrke og varmebestandighed er vigtigt, kan h\u00e6rdet glas v\u00e6re l\u00f8sningen. Vi tilbyder b\u00e5de termisk og kemisk h\u00e6rdet glas, som begge kan modst\u00e5 temperaturforskelle. Som en tommelfingerregel kan h\u00e6rdet glas holde til temperaturer op til 280\u00b0C. Dog anbefaler vi, at det ikke uds\u00e6ttes for mere end 250\u00b0C i l\u00e6ngere perioder for at bevare sin holdbarhed.<\/p><\/div>\t\t\t\t\t\t\t\t<\/div>\n\t\t\t\t<\/div>\n\t\t\t\t<\/div>\n\t\t<div class=\"elementor-element elementor-element-6a6d3cd9 e-con-full e-flex e-con e-child\" data-id=\"6a6d3cd9\" data-element_type=\"container\" data-e-type=\"container\">\n\t\t\t\t<div class=\"elementor-element elementor-element-60a4358b elementor-absolute elementor-widget elementor-widget-image\" data-id=\"60a4358b\" data-element_type=\"widget\" data-e-type=\"widget\" data-settings=\"{&quot;_position&quot;:&quot;absolute&quot;}\" data-widget_type=\"image.default\">\n\t\t\t\t<div class=\"elementor-widget-container\">\n\t\t\t\t\t\t\t\t\t\t\t\t\t\t\t<img fetchpriority=\"high\" decoding=\"async\" width=\"230\" height=\"230\" src=\"https:\/\/miritglas.com\/wp-content\/uploads\/2023\/08\/logo-icon.png\" class=\"attachment-medium size-medium wp-image-166\" alt=\"Mirit glas logo. Nordens foretrukne glasleverand\u00f8r \u2013 vi fremstiller efter individuelle behov\" srcset=\"https:\/\/miritglas.com\/wp-content\/uploads\/2023\/08\/logo-icon.png 230w, https:\/\/miritglas.com\/wp-content\/uploads\/2023\/08\/logo-icon-150x150.png 150w\" sizes=\"(max-width: 230px) 100vw, 230px\" title=\"\">\t\t\t\t\t\t\t\t\t\t\t\t\t\t\t<\/div>\n\t\t\t\t<\/div>\n\t\t\t\t<div class=\"elementor-element elementor-element-1d4b6e70 elementor-widget elementor-widget-image\" data-id=\"1d4b6e70\" data-element_type=\"widget\" data-e-type=\"widget\" data-widget_type=\"image.default\">\n\t\t\t\t<div class=\"elementor-widget-container\">\n\t\t\t\t\t\t\t\t\t\t\t\t\t\t\t<img decoding=\"async\" src=\"https:\/\/miritglas.com\/wp-content\/uploads\/elementor\/thumbs\/IMG_6944-qxa9gg0v69rubhrgkl4lplyr8ml675s6zsz01nn5b4.jpg\" title=\"IMG_6944\" alt=\"Forskellige glastyper reagerer forskelligt p\u00e5 varme og temperaturforskelle\" loading=\"lazy\" \/>\t\t\t\t\t\t\t\t\t\t\t\t\t\t\t<\/div>\n\t\t\t\t<\/div>\n\t\t\t\t<div class=\"elementor-element elementor-element-31a69f5e elementor-widget elementor-widget-text-editor\" data-id=\"31a69f5e\" data-element_type=\"widget\" data-e-type=\"widget\" data-widget_type=\"text-editor.default\">\n\t\t\t\t<div class=\"elementor-widget-container\">\n\t\t\t\t\t\t\t\t\t<h2>Hvad er vigtigt at vide om glas og varme?<\/h2><p>Glas er et specielt materiale, der har egenskaber, der ikke helt ligner andre materialer. Almindeligt glas kan i princippet ved ensartet temperatur udholde en temperatur p\u00e5 600 grader f\u00f8r det begynder at deformere. Men det er kun hvis opvarmningen er sket langsomt og temperaturen er ensartet over hele overfladen. I praksis er det en anden sag. Her skal man se p\u00e5 to faktorer:<\/p><ol><li>For det f\u00f8rste skal man se p\u00e5, hvilken temperaturforskel glasset uds\u00e6ttes for. Almindeligt glas (ogs\u00e5 kaldet <a href=\"https:\/\/miritglas.com\/da\/produkter\/floatglas\/\">floatglas<\/a>) kan som tommelfingerregel h\u00e5ndtere op til 40 graders temperaturforskel. N\u00e5r vi taler om temperaturforskel, g\u00e6lder reglen b\u00e5de ved hurtige temperaturskift og n\u00e5r der er forskellige temperaturer p\u00e5 hver sin side af glasset.<\/li><li>Hvor h\u00f8je temperaturer glasset uds\u00e6ttes for \u2013 og i hvor lang tid. N\u00e5r glas bliver udsat for h\u00f8je temperaturer enten i kortere tid eller lang tid, er man allerede ude i et scenarie, hvor man som tommelfingerregel ikke kan bruge almindeligt glas. En af \u00e5rsagerne til, at <a href=\"https:\/\/miritglas.com\/da\/produkter\/borosilikatglas\/\">borosilikatglas<\/a> er popul\u00e6rt i industrien og til robuste l\u00f8sninger, er, at dette glas er meget modstandsdygtigt over for b\u00e5de store temperaturforskelle og kan holde til temperaturer over 400 grader i lang tid ad gangen.<\/li><\/ol><p><strong>De rigtige glasr\u00f8r kan ogs\u00e5 holde til varme<\/strong> <br \/>N\u00e5r man skal bruge glasr\u00f8r i enten produkter eller produktionsanl\u00e6g, bruger man n\u00e6sten altid glasr\u00f8r i borosilikatglas eller i sj\u00e6ldnere tilf\u00e6lde kvartsglas eller endda safirglas. Det gode ved disse glastyper er, at de alle tre er gode til at modst\u00e5 varme. Borosilikatglasr\u00f8r er industristandarden, som bruges i st\u00f8rstedelen af l\u00f8sningerne. Specielle krav og forhold betyder dog, at kunder i nogle tilf\u00e6lde v\u00e6lger de dyrere r\u00f8r i kvartsglas og i sj\u00e6ldne tilf\u00e6lde safirglas.<\/p><p><strong>Glas i forbindelse med infrar\u00f8de (IR) l\u00f8sninger.<\/strong><\/p><p>I nogle tilf\u00e6lde er glas en del af infrar\u00f8de l\u00f8sninger \u2013 ofte industril\u00f8sninger. Her er det ofte ikke glassets evne til at modst\u00e5 temperaturer, der er vigtigt \u2013 og dog. Der findes glastyper som germaniumglas og zinkselenidglas, der ofte bruges foran infrar\u00f8de kameraer, som skal m\u00e5le temperaturer i for eksempel en f\u00f8devareproduktion. <a href=\"https:\/\/miritglas.com\/da\/produkter\/germanium-glas\/\">Germaniumglas<\/a> og zinkselenidglas er glastyper, der under de rette forhold filtrerer alt andet lys end det infrar\u00f8de spektrum bort. Derfor bruges glastyperne ogs\u00e5 til at g\u00f8re de infrar\u00f8de l\u00f8sninger mere fejlsikre. Men is\u00e6r germaniumglas fungerer kun optimalt ved stuetemperatur. Det er s\u00e5 en helt anden temperaturproblematik.<\/p>\t\t\t\t\t\t\t\t<\/div>\n\t\t\t\t<\/div>\n\t\t\t\t<\/div>\n\t\t\t\t\t<\/div>\n\t\t\t\t<\/div>\n\t\t<div class=\"elementor-element elementor-element-1e32ea34 e-flex e-con-boxed e-con e-parent\" data-id=\"1e32ea34\" data-element_type=\"container\" data-e-type=\"container\">\n\t\t\t\t\t<div class=\"e-con-inner\">\n\t\t\t\t<div class=\"elementor-element elementor-element-11cf484a elementor-widget elementor-widget-text-editor\" data-id=\"11cf484a\" data-element_type=\"widget\" data-e-type=\"widget\" data-widget_type=\"text-editor.default\">\n\t\t\t\t<div class=\"elementor-widget-container\">\n\t\t\t\t\t\t\t\t\t<h3><strong>Kontakt Os<\/strong><\/h3><p>Er du klar til at tage det n\u00e6ste skridt i udviklingen af dine elektroniske l\u00f8sninger og har brug for det rigtige glas? Kontakt os i dag for en dialog om, hvordan vi \u2013 med vores viden og erfaring &#8211; kan hj\u00e6lpe dig med at f\u00e5 det rigtige glas til din l\u00f8sning.<\/p><p>L\u00e6s mere om:<\/p><ul><li><a href=\"https:\/\/miritglas.com\/da\/produkter\/displayglas\/\"><strong>Displayglas<\/strong><\/a><\/li><li><a href=\"https:\/\/miritglas.com\/da\/produkter\/kemisk-haerdet-glas\/\"><strong>Kemirit (kemisk h\u00e6rdet glas)<\/strong><\/a><\/li><li><a href=\"https:\/\/miritglas.com\/da\/produkter\/teknisk-glas\/\"><strong>Teknisk glas<\/strong><\/a><\/li><\/ul>\t\t\t\t\t\t\t\t<\/div>\n\t\t\t\t<\/div>\n\t\t\t\t\t<\/div>\n\t\t\t\t<\/div>\n\t\t\t\t<\/div>\n\t\t","protected":false},"excerpt":{"rendered":"<p>Kontakt os i dag Glas vs. temperaturer Hvordan forholder forskellige glastyper sig til varme? Det kan v\u00e6re et afg\u00f8rende sp\u00f8rgsm\u00e5l for mange, der skal bruge glas i deres produkter eller produktionsanl\u00e6g. Hos Mirit Glas har vi specialiseret os i professionelle glasl\u00f8sninger siden 1953 og har stor erfaring med at r\u00e5dgive vores kunder om netop den [&hellip;]<\/p>\n","protected":false},"author":4,"featured_media":0,"parent":0,"menu_order":0,"comment_status":"closed","ping_status":"closed","template":"","meta":{"_acf_changed":false,"footnotes":""},"class_list":["post-5260","page","type-page","status-publish","hentry"],"acf":[],"_links":{"self":[{"href":"https:\/\/miritglas.com\/da\/wp-json\/wp\/v2\/pages\/5260","targetHints":{"allow":["GET"]}}],"collection":[{"href":"https:\/\/miritglas.com\/da\/wp-json\/wp\/v2\/pages"}],"about":[{"href":"https:\/\/miritglas.com\/da\/wp-json\/wp\/v2\/types\/page"}],"author":[{"embeddable":true,"href":"https:\/\/miritglas.com\/da\/wp-json\/wp\/v2\/users\/4"}],"replies":[{"embeddable":true,"href":"https:\/\/miritglas.com\/da\/wp-json\/wp\/v2\/comments?post=5260"}],"version-history":[{"count":25,"href":"https:\/\/miritglas.com\/da\/wp-json\/wp\/v2\/pages\/5260\/revisions"}],"predecessor-version":[{"id":5748,"href":"https:\/\/miritglas.com\/da\/wp-json\/wp\/v2\/pages\/5260\/revisions\/5748"}],"wp:attachment":[{"href":"https:\/\/miritglas.com\/da\/wp-json\/wp\/v2\/media?parent=5260"}],"curies":[{"name":"wp","href":"https:\/\/api.w.org\/{rel}","templated":true}]}}