{"id":5019,"date":"2024-07-11T13:02:19","date_gmt":"2024-07-11T11:02:19","guid":{"rendered":"https:\/\/miritglas.com\/?page_id=5019"},"modified":"2025-11-26T12:52:12","modified_gmt":"2025-11-26T11:52:12","slug":"elektronik","status":"publish","type":"page","link":"https:\/\/miritglas.com\/da\/elektronik\/","title":{"rendered":"Glas til elektronik"},"content":{"rendered":"\t\t<div data-elementor-type=\"wp-page\" data-elementor-id=\"5019\" class=\"elementor elementor-5019\" data-elementor-post-type=\"page\">\n\t\t\t\t<div class=\"elementor-element elementor-element-44748d5b e-flex e-con-boxed e-con e-parent\" data-id=\"44748d5b\" data-element_type=\"container\" data-e-type=\"container\">\n\t\t\t\t\t<div class=\"e-con-inner\">\n\t\t<div class=\"elementor-element elementor-element-e5c9988 e-con-full e-flex e-con e-child\" data-id=\"e5c9988\" data-element_type=\"container\" data-e-type=\"container\">\n\t\t\t\t<div class=\"elementor-element elementor-element-7555925e elementor-widget elementor-widget-text-editor\" data-id=\"7555925e\" data-element_type=\"widget\" data-e-type=\"widget\" data-widget_type=\"text-editor.default\">\n\t\t\t\t<div class=\"elementor-widget-container\">\n\t\t\t\t\t\t\t\t\t<h2>Glas til elektronik<\/h2><p>Mirit Glas har arbejdet med elektronikindustrien siden 1953. Vi tilbyder derfor stor erfaring, viden og et bredt udvalg af glasl\u00f8sninger designet til elektronikindustrien, herunder:<\/p><ul><li><strong>Kameraglas og sensorbeskyttelse:<\/strong> Robuste glasl\u00f8sninger, der beskytter og optimerer ydeevnen af dine kameraer og sensorer. Det kan v\u00e6re IR-glas og andre tilpassede glas.<\/li><li><strong>Displayglas:<\/strong> Holdbart og ridsefast glas til beskyttelse af sk\u00e6rme i alle st\u00f8rrelser og typer. Kan med fordel v\u00e6re Kemisk h\u00e6rdet glas m\u00e5ske endda den ekstra st\u00e6rke variant Kemirit.<\/li><li><strong>Touchsk\u00e6rmglas:<\/strong> Tilpasset glas med den styrke og de egenskaber der skal til for at skabe fejlfri brugeroplevelse p\u00e5 dine touch-enheder.<\/li><li><strong>Filterglas:<\/strong> Specialglas med specifikke optiske egenskaber til forskellige filtreringsbehov. Det kan v\u00e6re germanium glas til IR-l\u00f8sninger, Kvartsglas til UV-l\u00f8sninger eller blyglas for at sk\u00e6rme mod radioaktivitet.<\/li><li><strong>Coated glas:<\/strong> Med coatninger kan man b\u00e5de reducere reflekser, g\u00f8re glas vandskyende eller p\u00e5 andre m\u00e5der forbedre egenskaber i den glasl\u00f8sning, der passer til dit behov. For forskellige bel\u00e6gninger kan forbedre ydeevnen under specielle betingelser.<\/li><li><strong>Kemisk h\u00e6rdet glas:<\/strong> Ekstra st\u00e6rkt og tyndt glas, der ofte bruges til elektronikl\u00f8sninger, fordi det kan fungere i h\u00e5rdere milj\u00f8er og alligevel v\u00e6re en del af en elegant l\u00f8sning.<\/li><\/ul>\t\t\t\t\t\t\t\t<\/div>\n\t\t\t\t<\/div>\n\t\t\t\t<div class=\"elementor-element elementor-element-420e9878 elementor-widget elementor-widget-button\" data-id=\"420e9878\" data-element_type=\"widget\" data-e-type=\"widget\" data-widget_type=\"button.default\">\n\t\t\t\t<div class=\"elementor-widget-container\">\n\t\t\t\t\t\t\t\t\t<div class=\"elementor-button-wrapper\">\n\t\t\t\t\t<a class=\"elementor-button elementor-button-link elementor-size-md\" href=\"https:\/\/miritglas.com\/da\/kontakt-os\/\">\n\t\t\t\t\t\t<span class=\"elementor-button-content-wrapper\">\n\t\t\t\t\t\t\t\t\t<span class=\"elementor-button-text\">Kontakt os i dag<\/span>\n\t\t\t\t\t<\/span>\n\t\t\t\t\t<\/a>\n\t\t\t\t<\/div>\n\t\t\t\t\t\t\t\t<\/div>\n\t\t\t\t<\/div>\n\t\t\t\t<\/div>\n\t\t<div class=\"elementor-element elementor-element-34b18ac6 e-con-full e-flex e-con e-child\" data-id=\"34b18ac6\" data-element_type=\"container\" data-e-type=\"container\">\n\t\t\t\t<div class=\"elementor-element elementor-element-91c2e18 elementor-absolute elementor-widget elementor-widget-image\" data-id=\"91c2e18\" data-element_type=\"widget\" data-e-type=\"widget\" data-settings=\"{&quot;_position&quot;:&quot;absolute&quot;}\" data-widget_type=\"image.default\">\n\t\t\t\t<div class=\"elementor-widget-container\">\n\t\t\t\t\t\t\t\t\t\t\t\t\t\t\t<img fetchpriority=\"high\" decoding=\"async\" width=\"230\" height=\"230\" src=\"https:\/\/miritglas.com\/wp-content\/uploads\/2023\/08\/logo-icon.png\" class=\"attachment-medium size-medium wp-image-166\" alt=\"Mirit glas logo. Nordens foretrukne glasleverand\u00f8r \u2013 vi fremstiller efter individuelle behov\" srcset=\"https:\/\/miritglas.com\/wp-content\/uploads\/2023\/08\/logo-icon.png 230w, https:\/\/miritglas.com\/wp-content\/uploads\/2023\/08\/logo-icon-150x150.png 150w\" sizes=\"(max-width: 230px) 100vw, 230px\" title=\"\">\t\t\t\t\t\t\t\t\t\t\t\t\t\t\t<\/div>\n\t\t\t\t<\/div>\n\t\t\t\t<div class=\"elementor-element elementor-element-17d227fe elementor-widget elementor-widget-image\" data-id=\"17d227fe\" data-element_type=\"widget\" data-e-type=\"widget\" data-widget_type=\"image.default\">\n\t\t\t\t<div class=\"elementor-widget-container\">\n\t\t\t\t\t\t\t\t\t\t\t\t<figure class=\"wp-caption\">\n\t\t\t\t\t\t\t\t\t\t<img decoding=\"async\" src=\"https:\/\/miritglas.com\/wp-content\/uploads\/elementor\/thumbs\/finslibing-af-sensorglas-qquqwe354k3034hp3w6hjojvpdjdlxorfmdw3xyaao.jpg\" title=\"finslibing af sensorglas\" alt=\"Robotcelle til slibning af glas kontrolleres\" loading=\"lazy\" \/>\t\t\t\t\t\t\t\t\t\t\t<figcaption class=\"widget-image-caption wp-caption-text\">Robot-ingeni\u00f8r Lasse og  produktionsmedarbejder Jan finpudser programmering af  Mirit Glas' robotcelle, der finsliber sm\u00e5 sensor- og kamerabeskyttelsesglas<\/figcaption>\n\t\t\t\t\t\t\t\t\t\t<\/figure>\n\t\t\t\t\t\t\t\t\t<\/div>\n\t\t\t\t<\/div>\n\t\t\t\t<div class=\"elementor-element elementor-element-7ededa3 elementor-widget elementor-widget-text-editor\" data-id=\"7ededa3\" data-element_type=\"widget\" data-e-type=\"widget\" data-widget_type=\"text-editor.default\">\n\t\t\t\t<div class=\"elementor-widget-container\">\n\t\t\t\t\t\t\t\t\t<p>\u00a0<\/p><p><strong>Hvorfor V\u00e6lge Mirit Glas?<\/strong><\/p><ul><li><strong>Avanceret Teknologi:<\/strong> Vi har en teknologisk opgraderet produktion med robotceller og avancerede CNC-maskiner, til at sikre pr\u00e6cise og ensartede produkter. Vi startede godt nok i 1953 \u2013 men vores produktionsapparat er moderne, fremsynet og tilpasset tidens behov.<\/li><li><strong>Tilpassede L\u00f8sninger:<\/strong> Hver l\u00f8sning skr\u00e6ddersyes efter kundernes specifikationer og krav, hvilket sikrer, at du f\u00e5r den bedste l\u00f8sning til dine behov.<\/li><li><strong>ISO 9001 Certificering:<\/strong> Vores produkter og produktion lever op til de h\u00f8jeste standarder for kvalitet og p\u00e5lidelighed.<\/li><li><strong>B\u00e6redygtighed:<\/strong> For at sige det som det er, s\u00e5 er det energikr\u00e6vende at fremstille og bearbejde glas. Derfor arbejder vi ogs\u00e5 med at g\u00f8re vores produktion s\u00e5 klimavenlig som mulig \u2013 Vi har netop installeret solceller p\u00e5 taget af vores fabrik. Vi er engagerede i mere b\u00e6redygtige fremstillingsprocesser og arbejder aktivt med FN\u2019s 17 Verdensm\u00e5l \u2013 blandt andet for at minimere vores milj\u00f8p\u00e5virkning.<\/li><\/ul>\t\t\t\t\t\t\t\t<\/div>\n\t\t\t\t<\/div>\n\t\t\t\t<\/div>\n\t\t\t\t\t<\/div>\n\t\t\t\t<\/div>\n\t\t<div class=\"elementor-element elementor-element-4909bf4 e-flex e-con-boxed e-con e-parent\" data-id=\"4909bf4\" data-element_type=\"container\" data-e-type=\"container\">\n\t\t\t\t\t<div class=\"e-con-inner\">\n\t\t\t\t<div class=\"elementor-element elementor-element-b89a37a elementor-widget elementor-widget-text-editor\" data-id=\"b89a37a\" data-element_type=\"widget\" data-e-type=\"widget\" data-widget_type=\"text-editor.default\">\n\t\t\t\t<div class=\"elementor-widget-container\">\n\t\t\t\t\t\t\t\t\t<h3><strong>Kontakt Os<\/strong><\/h3><p>Er du klar til at tage det n\u00e6ste skridt i udviklingen af dine elektroniske l\u00f8sninger og har brug for det rigtige glas? Kontakt os i dag for en dialog om, hvordan vi \u2013 med vores viden og erfaring &#8211; kan hj\u00e6lpe dig med at f\u00e5 det rigtige glas til din l\u00f8sning.<\/p><p>L\u00e6s mere om:<\/p><ul><li><a href=\"https:\/\/miritglas.com\/da\/produkter\/displayglas\/\"><strong>Displayglas<\/strong><\/a><\/li><li><a href=\"https:\/\/miritglas.com\/da\/produkter\/kemisk-haerdet-glas\/\"><strong>Kemirit (kemisk h\u00e6rdet glas)<\/strong><\/a><\/li><li><a href=\"https:\/\/miritglas.com\/da\/produkter\/teknisk-glas\/\"><strong>Teknisk glas<\/strong><\/a><\/li><\/ul>\t\t\t\t\t\t\t\t<\/div>\n\t\t\t\t<\/div>\n\t\t\t\t\t<\/div>\n\t\t\t\t<\/div>\n\t\t\t\t<\/div>\n\t\t","protected":false},"excerpt":{"rendered":"<p>Glas til elektronik Mirit Glas har arbejdet med elektronikindustrien siden 1953. Vi tilbyder derfor stor erfaring, viden og et bredt udvalg af glasl\u00f8sninger designet til elektronikindustrien, herunder: Kameraglas og sensorbeskyttelse: Robuste glasl\u00f8sninger, der beskytter og optimerer ydeevnen af dine kameraer og sensorer. Det kan v\u00e6re IR-glas og andre tilpassede glas. Displayglas: Holdbart og ridsefast glas [&hellip;]<\/p>\n","protected":false},"author":4,"featured_media":5194,"parent":0,"menu_order":0,"comment_status":"closed","ping_status":"closed","template":"","meta":{"_acf_changed":false,"footnotes":""},"class_list":["post-5019","page","type-page","status-publish","has-post-thumbnail","hentry"],"acf":[],"_links":{"self":[{"href":"https:\/\/miritglas.com\/da\/wp-json\/wp\/v2\/pages\/5019","targetHints":{"allow":["GET"]}}],"collection":[{"href":"https:\/\/miritglas.com\/da\/wp-json\/wp\/v2\/pages"}],"about":[{"href":"https:\/\/miritglas.com\/da\/wp-json\/wp\/v2\/types\/page"}],"author":[{"embeddable":true,"href":"https:\/\/miritglas.com\/da\/wp-json\/wp\/v2\/users\/4"}],"replies":[{"embeddable":true,"href":"https:\/\/miritglas.com\/da\/wp-json\/wp\/v2\/comments?post=5019"}],"version-history":[{"count":16,"href":"https:\/\/miritglas.com\/da\/wp-json\/wp\/v2\/pages\/5019\/revisions"}],"predecessor-version":[{"id":5749,"href":"https:\/\/miritglas.com\/da\/wp-json\/wp\/v2\/pages\/5019\/revisions\/5749"}],"wp:featuredmedia":[{"embeddable":true,"href":"https:\/\/miritglas.com\/da\/wp-json\/wp\/v2\/media\/5194"}],"wp:attachment":[{"href":"https:\/\/miritglas.com\/da\/wp-json\/wp\/v2\/media?parent=5019"}],"curies":[{"name":"wp","href":"https:\/\/api.w.org\/{rel}","templated":true}]}}