{"id":5003,"date":"2024-07-02T13:34:57","date_gmt":"2024-07-02T11:34:57","guid":{"rendered":"https:\/\/miritglas.com\/?page_id=5003"},"modified":"2025-04-28T15:35:22","modified_gmt":"2025-04-28T13:35:22","slug":"kvartsroer","status":"publish","type":"page","link":"https:\/\/miritglas.com\/da\/kvartsroer\/","title":{"rendered":"Kvartsr\u00f8r"},"content":{"rendered":"\t\t<div data-elementor-type=\"wp-page\" data-elementor-id=\"5003\" class=\"elementor elementor-5003\" data-elementor-post-type=\"page\">\n\t\t\t\t<div class=\"elementor-element elementor-element-b7e17d5 e-flex e-con-boxed e-con e-parent\" data-id=\"b7e17d5\" data-element_type=\"container\" data-e-type=\"container\">\n\t\t\t\t\t<div class=\"e-con-inner\">\n\t\t<div class=\"elementor-element elementor-element-58a65b60 e-con-full e-flex e-con e-child\" data-id=\"58a65b60\" data-element_type=\"container\" data-e-type=\"container\">\n\t\t\t\t<div class=\"elementor-element elementor-element-2ca4974 elementor-widget elementor-widget-text-editor\" data-id=\"2ca4974\" data-element_type=\"widget\" data-e-type=\"widget\" data-widget_type=\"text-editor.default\">\n\t\t\t\t<div class=\"elementor-widget-container\">\n\t\t\t\t\t\t\t\t\t<h2>Kvartsr\u00f8r fra Mirit Glas<\/h2><p>Skal du bruge kvartsr\u00f8r til at l\u00f8se dit problem? Mirit Glas bearbejder glasr\u00f8r, der passer til din l\u00f8sning. Vi har over 70 \u00e5rs erfaring med at tilpasse glas, s\u00e5 det passer til vores kunders l\u00f8sninger. Vores udvalg af kvartsr\u00f8r er bredt: kvartsglas har nogle egenskaber, der g\u00f8r glasset ideel til for eksempel UV-l\u00f8sninger eller milj\u00f8er, hvor der arbejdes med h\u00f8je temperaturer. Vi tilbyder kvartsr\u00f8r i mange forskellige st\u00f8rrelser og afsk\u00e6ringer, tilpasset dine behov.<\/p><p><strong>Hvorfor V\u00e6lge Kvartsr\u00f8r?<\/strong> <br \/>Kvartsr\u00f8r nogle ekstra gode egenskaber i forhold til almindelige glasr\u00f8r: kvartsglas giver optimal UV-gennemtr\u00e6ngning, s\u00e5 f.eks. vand og andre materialer effektivt kan renses med UV-str\u00e5ler. Kvarts har en h\u00f8j modstandsdygtighed over for ekstreme temperaturer (op til 1300 \u00b0C kontinuerligt og 1600 \u00b0C periodevis, hvilket g\u00f8r kvartsr\u00f8r effektive til varmeintensive milj\u00f8er. Er Kvartsr\u00f8r ikke den rigtige l\u00f8sning kan vi ogs\u00e5 levere borosilikatr\u00f8r eller hj\u00e6lpe med til at finde en anden l\u00f8sning.<\/p><p><strong>Glas og glasr\u00f8r til dine l\u00f8sninger<\/strong><br \/>Mirit Glas fremstiller glasr\u00f8r med fokus p\u00e5 pr\u00e6cision og funktion. Med vores ISO 9001-certificering sikrer vi den h\u00f8jeste kvalitet og pr\u00e6cision i hvert produkt. Lad os hj\u00e6lpe med dit n\u00e6ste projekt fra prototype til masseproduktion. Mirit Glas har leveret alle typer glasl\u00f8sninger til industri og erhverv i mere end 70 \u00e5r.<\/p><p><strong>Kontakt os i dag<\/strong><\/p><p>Er du klar til at finde det rigtige kvartsr\u00f8r til dit projekt? Kontakt vores erfarne team for professionel r\u00e5dgivning og et uforpligtende tilbud.<\/p><p>Eller er du interesseret i at l\u00e6se mere om glasr\u00f8r generelt, kvartsglas eller borosilikatglas?<\/p>\t\t\t\t\t\t\t\t<\/div>\n\t\t\t\t<\/div>\n\t\t\t\t<div class=\"elementor-element elementor-element-31c4109f elementor-widget elementor-widget-button\" data-id=\"31c4109f\" data-element_type=\"widget\" data-e-type=\"widget\" data-widget_type=\"button.default\">\n\t\t\t\t<div class=\"elementor-widget-container\">\n\t\t\t\t\t\t\t\t\t<div class=\"elementor-button-wrapper\">\n\t\t\t\t\t<a class=\"elementor-button elementor-button-link elementor-size-md\" href=\"https:\/\/miritglas.com\/da\/kontakt-os\/\">\n\t\t\t\t\t\t<span class=\"elementor-button-content-wrapper\">\n\t\t\t\t\t\t\t\t\t<span class=\"elementor-button-text\">Kontakt os i dag<\/span>\n\t\t\t\t\t<\/span>\n\t\t\t\t\t<\/a>\n\t\t\t\t<\/div>\n\t\t\t\t\t\t\t\t<\/div>\n\t\t\t\t<\/div>\n\t\t\t\t<\/div>\n\t\t<div class=\"elementor-element elementor-element-77b7fd86 e-con-full e-flex e-con e-child\" data-id=\"77b7fd86\" data-element_type=\"container\" data-e-type=\"container\">\n\t\t\t\t<div class=\"elementor-element elementor-element-2e9b0be6 elementor-absolute elementor-widget elementor-widget-image\" data-id=\"2e9b0be6\" data-element_type=\"widget\" data-e-type=\"widget\" data-settings=\"{&quot;_position&quot;:&quot;absolute&quot;}\" data-widget_type=\"image.default\">\n\t\t\t\t<div class=\"elementor-widget-container\">\n\t\t\t\t\t\t\t\t\t\t\t\t\t\t\t<img fetchpriority=\"high\" decoding=\"async\" width=\"230\" height=\"230\" src=\"https:\/\/miritglas.com\/wp-content\/uploads\/2023\/08\/logo-icon.png\" class=\"attachment-medium size-medium wp-image-166\" alt=\"Mirit glas logo. Nordens foretrukne glasleverand\u00f8r \u2013 vi fremstiller efter individuelle behov\" srcset=\"https:\/\/miritglas.com\/wp-content\/uploads\/2023\/08\/logo-icon.png 230w, https:\/\/miritglas.com\/wp-content\/uploads\/2023\/08\/logo-icon-150x150.png 150w\" sizes=\"(max-width: 230px) 100vw, 230px\" title=\"\">\t\t\t\t\t\t\t\t\t\t\t\t\t\t\t<\/div>\n\t\t\t\t<\/div>\n\t\t\t\t<div class=\"elementor-element elementor-element-41f9ab11 elementor-widget elementor-widget-image\" data-id=\"41f9ab11\" data-element_type=\"widget\" data-e-type=\"widget\" data-widget_type=\"image.default\">\n\t\t\t\t<div class=\"elementor-widget-container\">\n\t\t\t\t\t\t\t\t\t\t\t\t<figure class=\"wp-caption\">\n\t\t\t\t\t\t\t\t\t\t<img decoding=\"async\" src=\"https:\/\/miritglas.com\/wp-content\/uploads\/elementor\/thumbs\/uv-lys-some-qbhdh17a6pm01r8mv1qterm56pdwk21xcl8qtnae7k.jpeg\" title=\"UV-glas fra Mirit Glas\" alt=\"uv-glas. B\u00e5de til mest muligt uv-lys komme igennem eller til at holde mest muligt UV-lys inde UV glass can be specially designed either to allow the maximum amount of UV light to pass through or to block and contain UV light as effectively as possible. Depending on the application, UV glass offers tailored solutions for industries, laboratories, and specialized environments. When the goal is to let in as much UV radiation as possible, UV-transmitting glass is ideal for processes such as curing, sterilization, photolithography, or scientific experiments that rely on controlled UV exposure. On the other hand, UV-blocking glass is essential for safety and protection, ensuring that UV light stays contained where it is needed\u2014preventing harmful exposure to people or sensitive materials. This makes it valuable for use in research facilities, medical equipment, cleanrooms, and industrial production. With the right UV glass solution, businesses can achieve both maximum efficiency and reliable protection, tailored to their specific needs. UV-glas fra Mirit Glas med pr\u00e6cis UV-filtrering og h\u00f8j optisk klarhed, designet til brug i tekniske installationer og arkitektoniske l\u00f8sninger. Glasset beskytter mod skadelige UV-str\u00e5ler samtidig med, at det tillader synligt lys at passere, og produceres skr\u00e6ddersyet til applikationer som vinduer, d\u00e6kglas og filtermoduler. Special UV-filter glass created by Mirit Glas, offering clear visibility while blocking harmful ultraviolet rays. Engineered for technical installations and architectural uses, this glass serves as a protective yet transparent element in windows, filters, and cover modules. UV-glas | Specialfremstillet glas til UV-lys-applikationer, med optiske egenskaber der enten filtrerer ultraviolet str\u00e5ling eller tillader UV-transmission (100\u2013400 nm), velegnet til UV-desinfektion, UV-belysning, laboratorie- og industriudstyr, optiske systemer og specielle glasl\u00f8sninger med krav til UV-styring.\" loading=\"lazy\" \/>\t\t\t\t\t\t\t\t\t\t\t<figcaption class=\"widget-image-caption wp-caption-text\">Kvartsr\u00f8r bruges blandt andet til UV-l\u00f8sninger, hvor det beskytter UV-lyskilderne.<\/figcaption>\n\t\t\t\t\t\t\t\t\t\t<\/figure>\n\t\t\t\t\t\t\t\t\t<\/div>\n\t\t\t\t<\/div>\n\t\t\t\t<\/div>\n\t\t\t\t\t<\/div>\n\t\t\t\t<\/div>\n\t\t\t\t<\/div>\n\t\t","protected":false},"excerpt":{"rendered":"<p>Kvartsr\u00f8r fra Mirit Glas Skal du bruge kvartsr\u00f8r til at l\u00f8se dit problem? Mirit Glas bearbejder glasr\u00f8r, der passer til din l\u00f8sning. Vi har over 70 \u00e5rs erfaring med at tilpasse glas, s\u00e5 det passer til vores kunders l\u00f8sninger. Vores udvalg af kvartsr\u00f8r er bredt: kvartsglas har nogle egenskaber, der g\u00f8r glasset ideel til for [&hellip;]<\/p>\n","protected":false},"author":4,"featured_media":0,"parent":0,"menu_order":0,"comment_status":"closed","ping_status":"closed","template":"","meta":{"_acf_changed":false,"footnotes":""},"class_list":["post-5003","page","type-page","status-publish","hentry"],"acf":[],"_links":{"self":[{"href":"https:\/\/miritglas.com\/da\/wp-json\/wp\/v2\/pages\/5003","targetHints":{"allow":["GET"]}}],"collection":[{"href":"https:\/\/miritglas.com\/da\/wp-json\/wp\/v2\/pages"}],"about":[{"href":"https:\/\/miritglas.com\/da\/wp-json\/wp\/v2\/types\/page"}],"author":[{"embeddable":true,"href":"https:\/\/miritglas.com\/da\/wp-json\/wp\/v2\/users\/4"}],"replies":[{"embeddable":true,"href":"https:\/\/miritglas.com\/da\/wp-json\/wp\/v2\/comments?post=5003"}],"version-history":[{"count":8,"href":"https:\/\/miritglas.com\/da\/wp-json\/wp\/v2\/pages\/5003\/revisions"}],"predecessor-version":[{"id":5751,"href":"https:\/\/miritglas.com\/da\/wp-json\/wp\/v2\/pages\/5003\/revisions\/5751"}],"wp:attachment":[{"href":"https:\/\/miritglas.com\/da\/wp-json\/wp\/v2\/media?parent=5003"}],"curies":[{"name":"wp","href":"https:\/\/api.w.org\/{rel}","templated":true}]}}