{"id":3141,"date":"2023-09-18T13:07:54","date_gmt":"2023-09-18T11:07:54","guid":{"rendered":"https:\/\/miritglas.com\/?page_id=3141"},"modified":"2025-12-09T13:40:10","modified_gmt":"2025-12-09T12:40:10","slug":"mirit-glas-og-fns-17-verdensmal","status":"publish","type":"page","link":"https:\/\/miritglas.com\/da\/mirit-glas-og-fns-17-verdensmal\/","title":{"rendered":"Mirit Glas og FN\u2019s 17 verdensm\u00e5l"},"content":{"rendered":"\t\t<div data-elementor-type=\"wp-page\" data-elementor-id=\"3141\" class=\"elementor elementor-3141\" data-elementor-post-type=\"page\">\n\t\t\t\t<div class=\"elementor-element elementor-element-5311baa3 e-flex e-con-boxed e-con e-parent\" data-id=\"5311baa3\" data-element_type=\"container\" data-e-type=\"container\">\n\t\t\t\t\t<div class=\"e-con-inner\">\n\t\t<div class=\"elementor-element elementor-element-9067925 e-con-full e-flex e-con e-parent\" data-id=\"9067925\" data-element_type=\"container\" data-e-type=\"container\">\n\t\t\t\t<div class=\"elementor-element elementor-element-3950e7ca elementor-widget elementor-widget-text-editor\" data-id=\"3950e7ca\" data-element_type=\"widget\" data-e-type=\"widget\" data-widget_type=\"text-editor.default\">\n\t\t\t\t<div class=\"elementor-widget-container\">\n\t\t\t\t\t\t\t\t\t<h2>Mirit Glas og FN\u2019s 17 verdensm\u00e5l<\/h2><p><strong>Bag vores fabrik i Vojens blomstrer den fri natur. Fordi Mirit Glas st\u00f8tter op omkring FN\u2019s 17 verdensm\u00e5l har vi valgt at lade naturen f\u00e5 frie t\u00f8jler bag fabrikken, for at st\u00f8tte op om biodiversitet.<\/strong><\/p><p>28. april kom 6.c fra Bregnbjergskolen forbi og s\u00e5ede en masse vilde fr\u00f8 p\u00e5 grundstykket bag Mirit Glas\u2019 fabrik i Vojens.<\/p><p>Arrangementet var et led i Mirit Glas\u2019 arbejde med FN\u2019s 17 verdensm\u00e5l, som vi startede p\u00e5 i sommeren 2020.<\/p><p>Vi arbejder ud fra devisen, at verdensm\u00e5l skal g\u00f8res til hverdagsm\u00e5l.<\/p><p><strong>L\u00e6s vores nyheder om projektet her:<\/strong><\/p><ul><li><a href=\"https:\/\/miritglas.com\/dk\/6-klasse-forvandler-mirit-glas-fabriksgrund-til-vild-natur\/\">Skoleelever forvandler Mirit Glas&#8217; fabriksgrund til vild natur<\/a><\/li><li><a href=\"https:\/\/miritglas.com\/dk\/mirit-glas-goer-verdensmaal-til-dagligdagsmaal\/\">Mirit Glas g\u00f8r verdensm\u00e5l til dagligdagsm\u00e5l<\/a><\/li><\/ul>\t\t\t\t\t\t\t\t<\/div>\n\t\t\t\t<\/div>\n\t\t\t\t<\/div>\n\t\t<div class=\"elementor-element elementor-element-2aa45b04 e-con-full e-flex e-con e-parent\" data-id=\"2aa45b04\" data-element_type=\"container\" data-e-type=\"container\">\n\t\t\t\t<div class=\"elementor-element elementor-element-1e8971bd elementor-absolute elementor-widget elementor-widget-image\" data-id=\"1e8971bd\" data-element_type=\"widget\" data-e-type=\"widget\" data-settings=\"{&quot;_position&quot;:&quot;absolute&quot;}\" data-widget_type=\"image.default\">\n\t\t\t\t<div class=\"elementor-widget-container\">\n\t\t\t\t\t\t\t\t\t\t\t\t\t\t\t<img fetchpriority=\"high\" decoding=\"async\" width=\"230\" height=\"230\" src=\"https:\/\/miritglas.com\/wp-content\/uploads\/2023\/08\/logo-icon.png\" class=\"attachment-medium size-medium wp-image-166\" alt=\"Mirit glas logo. Nordens foretrukne glasleverand\u00f8r \u2013 vi fremstiller efter individuelle behov\" srcset=\"https:\/\/miritglas.com\/wp-content\/uploads\/2023\/08\/logo-icon.png 230w, https:\/\/miritglas.com\/wp-content\/uploads\/2023\/08\/logo-icon-150x150.png 150w\" sizes=\"(max-width: 230px) 100vw, 230px\" title=\"\">\t\t\t\t\t\t\t\t\t\t\t\t\t\t\t<\/div>\n\t\t\t\t<\/div>\n\t\t\t\t<div class=\"elementor-element elementor-element-125a2994 elementor-widget elementor-widget-image\" data-id=\"125a2994\" data-element_type=\"widget\" data-e-type=\"widget\" data-widget_type=\"image.default\">\n\t\t\t\t<div class=\"elementor-widget-container\">\n\t\t\t\t\t\t\t\t\t\t\t\t<figure class=\"wp-caption\">\n\t\t\t\t\t\t\t\t\t\t<img decoding=\"async\" width=\"800\" height=\"534\" src=\"https:\/\/miritglas.com\/wp-content\/uploads\/2023\/09\/miritmark-med-skilte-1024x683.jpg\" class=\"attachment-large size-large wp-image-3143\" alt=\"Mirit Glas &amp; FN\u2019s 17 verdensm\u00e5l | Oversigtsfoto af Mirit Glas\u2019 fabrik og n\u00e6rliggende natur \u2014 med vild blomstereng bag produktionen som symbol p\u00e5 biodiversitet, gr\u00f8n omstilling og virksomhedens arbejde med b\u00e6redygtighed i praksis.\" srcset=\"https:\/\/miritglas.com\/wp-content\/uploads\/2023\/09\/miritmark-med-skilte-1024x683.jpg 1024w, https:\/\/miritglas.com\/wp-content\/uploads\/2023\/09\/miritmark-med-skilte-300x200.jpg 300w, https:\/\/miritglas.com\/wp-content\/uploads\/2023\/09\/miritmark-med-skilte-768x512.jpg 768w, https:\/\/miritglas.com\/wp-content\/uploads\/2023\/09\/miritmark-med-skilte-1536x1024.jpg 1536w, https:\/\/miritglas.com\/wp-content\/uploads\/2023\/09\/miritmark-med-skilte-2048x1365.jpg 2048w\" sizes=\"(max-width: 800px) 100vw, 800px\" title=\"\">\t\t\t\t\t\t\t\t\t\t\t<figcaption class=\"widget-image-caption wp-caption-text\">Verdensm\u00e5lsmarken bag Mirit Glas st\u00e5r i fuldt flor efter 6. c. fra Bregnbjergskolen 18. april 2021 s\u00e5ede vilde planter. Op ad muren har eleverne sat skilte op, der fort\u00e6ller om de 17 verdensm\u00e5l.<\/figcaption>\n\t\t\t\t\t\t\t\t\t\t<\/figure>\n\t\t\t\t\t\t\t\t\t<\/div>\n\t\t\t\t<\/div>\n\t\t\t\t<\/div>\n\t\t\t\t\t<\/div>\n\t\t\t\t<\/div>\n\t\t\t\t<\/div>\n\t\t","protected":false},"excerpt":{"rendered":"<p>Mirit Glas og FN\u2019s 17 verdensm\u00e5l Bag vores fabrik i Vojens blomstrer den fri natur. Fordi Mirit Glas st\u00f8tter op omkring FN\u2019s 17 verdensm\u00e5l har vi valgt at lade naturen f\u00e5 frie t\u00f8jler bag fabrikken, for at st\u00f8tte op om biodiversitet. 28. april kom 6.c fra Bregnbjergskolen forbi og s\u00e5ede en masse vilde fr\u00f8 p\u00e5 [&hellip;]<\/p>\n","protected":false},"author":1,"featured_media":3143,"parent":0,"menu_order":0,"comment_status":"closed","ping_status":"closed","template":"","meta":{"_acf_changed":false,"footnotes":""},"class_list":["post-3141","page","type-page","status-publish","has-post-thumbnail","hentry"],"acf":[],"_links":{"self":[{"href":"https:\/\/miritglas.com\/da\/wp-json\/wp\/v2\/pages\/3141","targetHints":{"allow":["GET"]}}],"collection":[{"href":"https:\/\/miritglas.com\/da\/wp-json\/wp\/v2\/pages"}],"about":[{"href":"https:\/\/miritglas.com\/da\/wp-json\/wp\/v2\/types\/page"}],"author":[{"embeddable":true,"href":"https:\/\/miritglas.com\/da\/wp-json\/wp\/v2\/users\/1"}],"replies":[{"embeddable":true,"href":"https:\/\/miritglas.com\/da\/wp-json\/wp\/v2\/comments?post=3141"}],"version-history":[{"count":6,"href":"https:\/\/miritglas.com\/da\/wp-json\/wp\/v2\/pages\/3141\/revisions"}],"predecessor-version":[{"id":3294,"href":"https:\/\/miritglas.com\/da\/wp-json\/wp\/v2\/pages\/3141\/revisions\/3294"}],"wp:featuredmedia":[{"embeddable":true,"href":"https:\/\/miritglas.com\/da\/wp-json\/wp\/v2\/media\/3143"}],"wp:attachment":[{"href":"https:\/\/miritglas.com\/da\/wp-json\/wp\/v2\/media?parent=3141"}],"curies":[{"name":"wp","href":"https:\/\/api.w.org\/{rel}","templated":true}]}}