{"id":1340,"date":"2023-08-23T16:20:49","date_gmt":"2023-08-23T14:20:49","guid":{"rendered":"https:\/\/miritglas.com\/?page_id=1340"},"modified":"2023-09-19T08:06:59","modified_gmt":"2023-09-19T06:06:59","slug":"det-gamle-arkiv","status":"publish","type":"page","link":"https:\/\/miritglas.com\/da\/det-gamle-arkiv\/","title":{"rendered":"Det gamle arkiv"},"content":{"rendered":"\t\t<div data-elementor-type=\"wp-page\" data-elementor-id=\"1340\" class=\"elementor elementor-1340\" data-elementor-post-type=\"page\">\n\t\t\t\t<div class=\"elementor-element elementor-element-158e4cd e-flex e-con-boxed e-con e-parent\" data-id=\"158e4cd\" data-element_type=\"container\" data-e-type=\"container\">\n\t\t\t\t\t<div class=\"e-con-inner\">\n\t\t<div class=\"elementor-element elementor-element-2de5a10 e-flex e-con-boxed e-con e-parent\" data-id=\"2de5a10\" data-element_type=\"container\" data-e-type=\"container\">\n\t\t\t\t\t<div class=\"e-con-inner\">\n\t\t\t\t<div class=\"elementor-element elementor-element-42525ef elementor-widget elementor-widget-text-editor\" data-id=\"42525ef\" data-element_type=\"widget\" data-e-type=\"widget\" data-widget_type=\"text-editor.default\">\n\t\t\t\t<div class=\"elementor-widget-container\">\n\t\t\t\t\t\t\t\t\t<h2>Vores historie<\/h2><p>Her, i\u00a0det gamle arkiv, kan\u00a0du l\u00e6se om Mirit Glas gennem tiden. Klik p\u00e5 billederne for at se de gamle tidsskrifter.<\/p><p>Mirit Glas blev stiftet i 1953 af ingeni\u00f8ren Annard Michelsen. Dengang var Mirit Glas Danmarks f\u00f8rste glash\u00e6rderi, og blandt hovedprodukterne i den f\u00f8rste tid var h\u00e6rdet glas til at s\u00e6tte foran billedr\u00f8r i datidens tv-apparater.<\/p><p>I dag er Mirit Glas nordens f\u00f8rende virksomhed indenfor fremstilling af teknisk glas til industri og erhverv. Vi producerer efter ordre og leverer til en lang r\u00e6kke forskellige industrier fra offshore til medico.<\/p>\t\t\t\t\t\t\t\t<\/div>\n\t\t\t\t<\/div>\n\t\t\t\t<div class=\"elementor-element elementor-element-7950e1c elementor-widget elementor-widget-button\" data-id=\"7950e1c\" data-element_type=\"widget\" data-e-type=\"widget\" data-widget_type=\"button.default\">\n\t\t\t\t<div class=\"elementor-widget-container\">\n\t\t\t\t\t\t\t\t\t<div class=\"elementor-button-wrapper\">\n\t\t\t\t\t<a class=\"elementor-button elementor-button-link elementor-size-md\" href=\"https:\/\/miritglas.com\/da\/kontakt-os\/\">\n\t\t\t\t\t\t<span class=\"elementor-button-content-wrapper\">\n\t\t\t\t\t\t\t\t\t<span class=\"elementor-button-text\">Kontakt os i dag<\/span>\n\t\t\t\t\t<\/span>\n\t\t\t\t\t<\/a>\n\t\t\t\t<\/div>\n\t\t\t\t\t\t\t\t<\/div>\n\t\t\t\t<\/div>\n\t\t\t\t\t<\/div>\n\t\t\t\t<\/div>\n\t\t\t\t\t<\/div>\n\t\t\t\t<\/div>\n\t\t<div class=\"elementor-element elementor-element-681e277 e-flex e-con-boxed e-con e-parent\" data-id=\"681e277\" data-element_type=\"container\" data-e-type=\"container\" data-settings=\"{&quot;background_background&quot;:&quot;classic&quot;}\">\n\t\t\t\t\t<div class=\"e-con-inner\">\n\t\t<div class=\"elementor-element elementor-element-4093190 e-con-full e-flex e-con e-parent\" data-id=\"4093190\" data-element_type=\"container\" data-e-type=\"container\">\n\t\t\t\t<div class=\"elementor-element elementor-element-d7b272a elementor-widget elementor-widget-text-editor\" data-id=\"d7b272a\" data-element_type=\"widget\" data-e-type=\"widget\" data-widget_type=\"text-editor.default\">\n\t\t\t\t<div class=\"elementor-widget-container\">\n\t\t\t\t\t\t\t\t\t<h3><strong>Ved MIRIT processen uds\u00e6ttes glasset for meget kraftige p\u00e5virkninger.<\/strong><\/h3>\n<p>En gammel pjece fra dengang hvor de seks cifre&nbsp;&nbsp;<strong>94 44 49<\/strong>&nbsp;var tilstr\u00e6kkelig til at komme i kontakt med \u201c<strong>MIRIT-FABRIKEN<\/strong>\u201c:<\/p>\n<p><em>\u201cF\u00f8rst opvarmning til n\u00e6r glassets kritiske temperatur og derp\u00e5 en trykluftnedk\u00f8ling der \u201dlynfryser\u201d glasset.<\/em><\/p>\n<p><em>Herved \u201dgennemv\u00e6ves\u201d glasset af en r\u00e6kke st\u00e6rke sp\u00e6ndinger \u2013 det bliver forsp\u00e6ndt \u2013 der for\u00f8ger glassets brudstyrke op til 3-10 gange den oprindelige. At glasset har gennemg\u00e5et MIRITprocessen kan kontrolleres ved at betragte det i polariseret lys, hvor sp\u00e6ndingsnettet bliver synligt\u2026\u201d<\/em><\/p>\t\t\t\t\t\t\t\t<\/div>\n\t\t\t\t<\/div>\n\t\t\t\t<\/div>\n\t\t<div class=\"elementor-element elementor-element-ad694ab e-con-full e-flex e-con e-parent\" data-id=\"ad694ab\" data-element_type=\"container\" data-e-type=\"container\">\n\t\t\t\t<div class=\"elementor-element elementor-element-2aada4b elementor-widget elementor-widget-image\" data-id=\"2aada4b\" data-element_type=\"widget\" data-e-type=\"widget\" data-widget_type=\"image.default\">\n\t\t\t\t<div class=\"elementor-widget-container\">\n\t\t\t\t\t\t\t\t\t\t\t\t\t\t\t\t<a href=\"https:\/\/miritglas.com\/wp-content\/uploads\/2023\/08\/brochure-Mirit.pdf\">\n\t\t\t\t\t\t\t<img fetchpriority=\"high\" decoding=\"async\" width=\"210\" height=\"300\" src=\"https:\/\/miritglas.com\/wp-content\/uploads\/2023\/08\/arkiv-1-210x300.jpg\" class=\"attachment-medium size-medium wp-image-1351\" alt=\"\" srcset=\"https:\/\/miritglas.com\/wp-content\/uploads\/2023\/08\/arkiv-1-210x300.jpg 210w, https:\/\/miritglas.com\/wp-content\/uploads\/2023\/08\/arkiv-1.jpg 717w\" sizes=\"(max-width: 210px) 100vw, 210px\" title=\"\">\t\t\t\t\t\t\t\t<\/a>\n\t\t\t\t\t\t\t\t\t\t\t\t\t\t\t<\/div>\n\t\t\t\t<\/div>\n\t\t\t\t<\/div>\n\t\t\t\t\t<\/div>\n\t\t\t\t<\/div>\n\t\t<div class=\"elementor-element elementor-element-8711f66 e-flex e-con-boxed e-con e-parent\" data-id=\"8711f66\" data-element_type=\"container\" data-e-type=\"container\">\n\t\t\t\t\t<div class=\"e-con-inner\">\n\t\t<div class=\"elementor-element elementor-element-b65aa59 e-con-full e-flex e-con e-parent\" data-id=\"b65aa59\" data-element_type=\"container\" data-e-type=\"container\">\n\t\t\t\t<div class=\"elementor-element elementor-element-64d394a elementor-widget elementor-widget-text-editor\" data-id=\"64d394a\" data-element_type=\"widget\" data-e-type=\"widget\" data-widget_type=\"text-editor.default\">\n\t\t\t\t<div class=\"elementor-widget-container\">\n\t\t\t\t\t\t\t\t\t<h3><strong>Danmarks f\u00f8rste glash\u00e6rderi<\/strong><\/h3><p>Artikel i Dansk Teknisk Tidsskrift 1955:<\/p><p><em>\u201cBes\u00f8g p\u00e5 en lille industrivirksomhed, der kan st\u00e5 som et smukt symbol p\u00e5 \u00f8nskerne for dansk industri og dens m\u00e6nd i 1955 Hvorledes almindeligt glas ved hj\u00e6lp af el-varme og kold luft omdannes og h\u00e6rdes\u2026\u201d<\/em><\/p>\t\t\t\t\t\t\t\t<\/div>\n\t\t\t\t<\/div>\n\t\t\t\t<\/div>\n\t\t<div class=\"elementor-element elementor-element-b251e8c e-con-full e-flex e-con e-parent\" data-id=\"b251e8c\" data-element_type=\"container\" data-e-type=\"container\">\n\t\t\t\t<div class=\"elementor-element elementor-element-857284a elementor-widget elementor-widget-image\" data-id=\"857284a\" data-element_type=\"widget\" data-e-type=\"widget\" data-widget_type=\"image.default\">\n\t\t\t\t<div class=\"elementor-widget-container\">\n\t\t\t\t\t\t\t\t\t\t\t\t\t\t\t\t<a href=\"https:\/\/miritglas.com\/wp-content\/uploads\/2023\/08\/2_Dansk_Teknisk_Tidsskrift_1955-1.pdf\">\n\t\t\t\t\t\t\t<img decoding=\"async\" width=\"210\" height=\"300\" src=\"https:\/\/miritglas.com\/wp-content\/uploads\/2023\/08\/arkiv-2-210x300.jpg\" class=\"attachment-medium size-medium wp-image-1358\" alt=\"\" srcset=\"https:\/\/miritglas.com\/wp-content\/uploads\/2023\/08\/arkiv-2-210x300.jpg 210w, https:\/\/miritglas.com\/wp-content\/uploads\/2023\/08\/arkiv-2.jpg 717w\" sizes=\"(max-width: 210px) 100vw, 210px\" title=\"\">\t\t\t\t\t\t\t\t<\/a>\n\t\t\t\t\t\t\t\t\t\t\t\t\t\t\t<\/div>\n\t\t\t\t<\/div>\n\t\t\t\t<\/div>\n\t\t\t\t\t<\/div>\n\t\t\t\t<\/div>\n\t\t<div class=\"elementor-element elementor-element-da2a4f3 e-flex e-con-boxed e-con e-parent\" data-id=\"da2a4f3\" data-element_type=\"container\" data-e-type=\"container\" data-settings=\"{&quot;background_background&quot;:&quot;classic&quot;}\">\n\t\t\t\t\t<div class=\"e-con-inner\">\n\t\t<div class=\"elementor-element elementor-element-20ca59a e-con-full e-flex e-con e-parent\" data-id=\"20ca59a\" data-element_type=\"container\" data-e-type=\"container\">\n\t\t\t\t<div class=\"elementor-element elementor-element-e1c42be elementor-widget elementor-widget-text-editor\" data-id=\"e1c42be\" data-element_type=\"widget\" data-e-type=\"widget\" data-widget_type=\"text-editor.default\">\n\t\t\t\t<div class=\"elementor-widget-container\">\n\t\t\t\t\t\t\t\t\t<h3><strong>MIRIT GLAS<\/strong><\/h3><p>Artikel i Glarmestersvenden 1955:<\/p><p><em>\u201cI vort fagblad for september 1955 omtaltes Danmarks f\u00f8rste glash\u00e6rderi, der under beskedne forhold blev startet i h\u00e5ndv\u00e6rkerbyen i Valby af civiling. Annard Michelsen. N\u00e5r fabrikken omtales igen, er det fordi den ved flytningen til sin egen bygning i Herlev for godt et \u00e5r siden har for\u00f8get sin kapacitet ganske betydeligt\u2026\u201d<\/em><\/p>\t\t\t\t\t\t\t\t<\/div>\n\t\t\t\t<\/div>\n\t\t\t\t<\/div>\n\t\t<div class=\"elementor-element elementor-element-5ffd533 e-con-full e-flex e-con e-parent\" data-id=\"5ffd533\" data-element_type=\"container\" data-e-type=\"container\">\n\t\t\t\t<div class=\"elementor-element elementor-element-f3908a9 elementor-widget elementor-widget-image\" data-id=\"f3908a9\" data-element_type=\"widget\" data-e-type=\"widget\" data-widget_type=\"image.default\">\n\t\t\t\t<div class=\"elementor-widget-container\">\n\t\t\t\t\t\t\t\t\t\t\t\t\t\t\t\t<a href=\"https:\/\/miritglas.com\/wp-content\/uploads\/2023\/08\/2_Glarmestersvenden_1958-1.pdf\">\n\t\t\t\t\t\t\t<img decoding=\"async\" width=\"210\" height=\"300\" src=\"https:\/\/miritglas.com\/wp-content\/uploads\/2023\/08\/arkiv-3-210x300.jpg\" class=\"attachment-medium size-medium wp-image-1362\" alt=\"\" srcset=\"https:\/\/miritglas.com\/wp-content\/uploads\/2023\/08\/arkiv-3-210x300.jpg 210w, https:\/\/miritglas.com\/wp-content\/uploads\/2023\/08\/arkiv-3.jpg 717w\" sizes=\"(max-width: 210px) 100vw, 210px\" title=\"\">\t\t\t\t\t\t\t\t<\/a>\n\t\t\t\t\t\t\t\t\t\t\t\t\t\t\t<\/div>\n\t\t\t\t<\/div>\n\t\t\t\t<\/div>\n\t\t\t\t\t<\/div>\n\t\t\t\t<\/div>\n\t\t\t\t<\/div>\n\t\t","protected":false},"excerpt":{"rendered":"<p>Vores historie Her, i\u00a0det gamle arkiv, kan\u00a0du l\u00e6se om Mirit Glas gennem tiden. Klik p\u00e5 billederne for at se de gamle tidsskrifter. Mirit Glas blev stiftet i 1953 af ingeni\u00f8ren Annard Michelsen. Dengang var Mirit Glas Danmarks f\u00f8rste glash\u00e6rderi, og blandt hovedprodukterne i den f\u00f8rste tid var h\u00e6rdet glas til at s\u00e6tte foran billedr\u00f8r i [&hellip;]<\/p>\n","protected":false},"author":1,"featured_media":0,"parent":0,"menu_order":0,"comment_status":"closed","ping_status":"closed","template":"","meta":{"_acf_changed":false,"footnotes":""},"class_list":["post-1340","page","type-page","status-publish","hentry"],"acf":[],"_links":{"self":[{"href":"https:\/\/miritglas.com\/da\/wp-json\/wp\/v2\/pages\/1340","targetHints":{"allow":["GET"]}}],"collection":[{"href":"https:\/\/miritglas.com\/da\/wp-json\/wp\/v2\/pages"}],"about":[{"href":"https:\/\/miritglas.com\/da\/wp-json\/wp\/v2\/types\/page"}],"author":[{"embeddable":true,"href":"https:\/\/miritglas.com\/da\/wp-json\/wp\/v2\/users\/1"}],"replies":[{"embeddable":true,"href":"https:\/\/miritglas.com\/da\/wp-json\/wp\/v2\/comments?post=1340"}],"version-history":[{"count":29,"href":"https:\/\/miritglas.com\/da\/wp-json\/wp\/v2\/pages\/1340\/revisions"}],"predecessor-version":[{"id":3318,"href":"https:\/\/miritglas.com\/da\/wp-json\/wp\/v2\/pages\/1340\/revisions\/3318"}],"wp:attachment":[{"href":"https:\/\/miritglas.com\/da\/wp-json\/wp\/v2\/media?parent=1340"}],"curies":[{"name":"wp","href":"https:\/\/api.w.org\/{rel}","templated":true}]}}